{"id":979,"date":"2017-11-29T13:58:30","date_gmt":"2017-11-29T12:58:30","guid":{"rendered":"https:\/\/www.fluimucil-erkaeltungshusten.ch\/?page_id=979"},"modified":"2017-12-14T16:55:30","modified_gmt":"2017-12-14T15:55:30","slug":"terza-eta-e-affezioni-respiratorie-come-tutelare-le-vie-aeree","status":"publish","type":"page","link":"https:\/\/www.fluimucil-erkaeltungshusten.ch\/it\/per-saperne-di-piu\/senior\/terza-eta-e-affezioni-respiratorie-come-tutelare-le-vie-aeree\/","title":{"rendered":"Terza et\u00e0 e affezioni respiratorie: come tutelare le vie aeree"},"content":{"rendered":"<div class=\"wpb-content-wrapper\">[mk_page_section vertical_align=&#8221;center&#8221; bg_image=&#8221;https:\/\/www.fluimucil-erkaeltungshusten.ch\/wp-content\/uploads\/2017\/11\/teaser_senior.jpg&#8221; bg_position=&#8221;center bottom&#8221; bg_repeat=&#8221;no-repeat&#8221; min_height=&#8221;575&#8243; padding_top=&#8221;120&#8243; padding_bottom=&#8221;0&#8243; sidebar=&#8221;sidebar-1&#8243;][vc_column][\/vc_column][\/mk_page_section][vc_row css=&#8221;.vc_custom_1511795486415{padding-top: 20px !important;padding-left: 10px !important;}&#8221;][vc_column width=&#8221;2\/3&#8243;][mk_fancy_title tag_name=&#8221;span&#8221; color=&#8221;#005982&#8243; size=&#8221;22&#8243; font_weight=&#8221;bold&#8221; letter_spacing=&#8221;1&#8243; font_family=&#8221;none&#8221;]SENIOR[\/mk_fancy_title][mk_fancy_title tag_name=&#8221;h1&#8243; color=&#8221;#005982&#8243; size=&#8221;20&#8243; line_height=&#8221;125&#8243; font_weight=&#8221;bold&#8221; font_family=&#8221;none&#8221;]Terza et\u00e0 e affezioni respiratorie: come tutelare le vie aeree[\/mk_fancy_title][vc_single_image source=&#8221;featured_image&#8221; img_size=&#8221;full&#8221;][vc_column_text css=&#8221;.vc_custom_1511960194035{margin-bottom: 0px !important;}&#8221;]La terza et\u00e0 porta con s\u00e9 un naturale calo della funzionalit\u00e0 dell\u2019intero organismo. Questo si traduce in un aumento della vulnerabilit\u00e0 nei confronti delle patologie. Nel caso dell\u2019<a href=\"https:\/\/www.fluimucil-erkaeltungshusten.ch\/it\/Faq\/Glossario#a\" target=\"_self\">apparato respiratorio<\/a>, questo fisiologico calo implica un accrescimento nei fattori di rischio legati ai malanni di stagione e a complicazioni come la polmonite batterica.<\/p>\n<p>Per tutelare le vie aeree ed evitare spiacevoli situazioni potenzialmente pericolose, la prevenzione assume un ruolo cruciale al fianco dei meccanismi di difesa immunitaria. Ecco alcuni semplici consigli da seguire per tutelare la propria salute e mantenere funzionali le\u00a0<a href=\"https:\/\/www.fluimucil-erkaeltungshusten.ch\/it\/Faq\/Glossario#d\" target=\"_self\">difese immunitarie<\/a>\u00a0in caso di malattia, anche quando l\u2019et\u00e0 avanza.<\/p>\n<ul>\n<li>Un\u2019alimentazione leggera e nutriente, che predilige ad esempio frutta e verdura fresche, garantir\u00e0 il giusto apporto di minerali e vitamine, importanti nel mantenimento del sistema immunitario.<\/li>\n<li>Svolgere un\u2019attivit\u00e0 fisica anche leggera purch\u00e9 regolare, per garantirsi un organismo sano e funzionale anche in et\u00e0 avanzata.<\/li>\n<li>La vaccinazione rimane fortemente consigliata per le persone anziane.<\/li>\n<li>L\u2019utilizzo indiscriminato di antibiotici \u00e8 da evitare, a meno che non siano ritenuti necessari dal medico curante.<\/li>\n<\/ul>\n<p>Per maggiori informazioni rivolgersi allo specialista.[\/vc_column_text][mk_button dimension=&#8221;flat&#8221; corner_style=&#8221;full_rounded&#8221; size=&#8221;medium&#8221; url=&#8221;\/it\/per-saperne-di-piu\/senior&#8221; margin_top=&#8221;30&#8243; margin_right=&#8221;0&#8243; bg_color=&#8221;#00768e&#8221; btn_hover_bg=&#8221;rgba(0,118,142,0.75)&#8221;]Torna indietro[\/mk_button][\/vc_column][vc_column width=&#8221;1\/12&#8243;][\/vc_column][vc_column width=&#8221;1\/4&#8243;][vc_wp_custommenu nav_menu=&#8221;14&#8243;][mk_icon_box icon=&#8221;mk-moon-temperature&#8221; title=&#8221;SINTOMI E DISTURBI&#8221; text_size=&#8221;13&#8243; read_more_txt=&#8221;Vai alla sezione&#8221; read_more_url=&#8221;\/it\/Sintomi-e-Disturbi\/Tosse-grassa&#8221; style=&#8221;boxed&#8221; icon_location=&#8221;top&#8221; icon_color=&#8221;#075985&#8243; icon_circle_color=&#8221;&#8221; title_color=&#8221;#075985&#8243; txt_color=&#8221;#00768e&#8221; el_class=&#8221;side-icon-box&#8221;]Ulteriori informazioni sui malanni di stagione.[\/mk_icon_box][\/vc_column][\/vc_row]\n<\/div>","protected":false},"excerpt":{"rendered":"<p>La terza et\u00e0 porta con s\u00e9 un naturale calo della funzionalit\u00e0 dell\u2019intero organismo&#8230;<\/p>\n","protected":false},"author":2,"featured_media":980,"parent":968,"menu_order":0,"comment_status":"closed","ping_status":"closed","template":"","meta":{"_monsterinsights_skip_tracking":false,"_monsterinsights_sitenote_active":false,"_monsterinsights_sitenote_note":"","_monsterinsights_sitenote_category":0,"footnotes":""},"categories":[15],"tags":[],"yst_prominent_words":[],"class_list":["post-979","page","type-page","status-publish","has-post-thumbnail","hentry","category-senior"],"_links":{"self":[{"href":"https:\/\/www.fluimucil-erkaeltungshusten.ch\/it\/wp-json\/wp\/v2\/pages\/979","targetHints":{"allow":["GET"]}}],"collection":[{"href":"https:\/\/www.fluimucil-erkaeltungshusten.ch\/it\/wp-json\/wp\/v2\/pages"}],"about":[{"href":"https:\/\/www.fluimucil-erkaeltungshusten.ch\/it\/wp-json\/wp\/v2\/types\/page"}],"author":[{"embeddable":true,"href":"https:\/\/www.fluimucil-erkaeltungshusten.ch\/it\/wp-json\/wp\/v2\/users\/2"}],"replies":[{"embeddable":true,"href":"https:\/\/www.fluimucil-erkaeltungshusten.ch\/it\/wp-json\/wp\/v2\/comments?post=979"}],"version-history":[{"count":0,"href":"https:\/\/www.fluimucil-erkaeltungshusten.ch\/it\/wp-json\/wp\/v2\/pages\/979\/revisions"}],"up":[{"embeddable":true,"href":"https:\/\/www.fluimucil-erkaeltungshusten.ch\/it\/wp-json\/wp\/v2\/pages\/968"}],"wp:featuredmedia":[{"embeddable":true,"href":"https:\/\/www.fluimucil-erkaeltungshusten.ch\/it\/wp-json\/wp\/v2\/media\/980"}],"wp:attachment":[{"href":"https:\/\/www.fluimucil-erkaeltungshusten.ch\/it\/wp-json\/wp\/v2\/media?parent=979"}],"wp:term":[{"taxonomy":"category","embeddable":true,"href":"https:\/\/www.fluimucil-erkaeltungshusten.ch\/it\/wp-json\/wp\/v2\/categories?post=979"},{"taxonomy":"post_tag","embeddable":true,"href":"https:\/\/www.fluimucil-erkaeltungshusten.ch\/it\/wp-json\/wp\/v2\/tags?post=979"},{"taxonomy":"yst_prominent_words","embeddable":true,"href":"https:\/\/www.fluimucil-erkaeltungshusten.ch\/it\/wp-json\/wp\/v2\/yst_prominent_words?post=979"}],"curies":[{"name":"wp","href":"https:\/\/api.w.org\/{rel}","templated":true}]}}