{"id":972,"date":"2017-11-29T11:57:24","date_gmt":"2017-11-29T10:57:24","guid":{"rendered":"https:\/\/www.fluimucil-erkaeltungshusten.ch\/?page_id=972"},"modified":"2017-12-14T16:55:30","modified_gmt":"2017-12-14T15:55:30","slug":"influenza-quando-vaccinarsi","status":"publish","type":"page","link":"https:\/\/www.fluimucil-erkaeltungshusten.ch\/it\/per-saperne-di-piu\/senior\/influenza-quando-vaccinarsi\/","title":{"rendered":"Influenza: quando vaccinarsi?"},"content":{"rendered":"<div class=\"wpb-content-wrapper\">[mk_page_section vertical_align=&#8221;center&#8221; bg_image=&#8221;https:\/\/www.fluimucil-erkaeltungshusten.ch\/wp-content\/uploads\/2017\/11\/teaser_senior.jpg&#8221; bg_position=&#8221;center bottom&#8221; bg_repeat=&#8221;no-repeat&#8221; min_height=&#8221;575&#8243; padding_top=&#8221;120&#8243; padding_bottom=&#8221;0&#8243; sidebar=&#8221;sidebar-1&#8243;][vc_column][\/vc_column][\/mk_page_section][vc_row css=&#8221;.vc_custom_1511795486415{padding-top: 20px !important;padding-left: 10px !important;}&#8221;][vc_column width=&#8221;2\/3&#8243;][mk_fancy_title tag_name=&#8221;span&#8221; color=&#8221;#005982&#8243; size=&#8221;22&#8243; font_weight=&#8221;bold&#8221; letter_spacing=&#8221;1&#8243; font_family=&#8221;none&#8221;]SENIOR[\/mk_fancy_title][mk_fancy_title tag_name=&#8221;h1&#8243; color=&#8221;#005982&#8243; size=&#8221;20&#8243; line_height=&#8221;125&#8243; font_weight=&#8221;bold&#8221; font_family=&#8221;none&#8221;]Influenza: quando vaccinarsi?[\/mk_fancy_title][vc_single_image source=&#8221;featured_image&#8221; img_size=&#8221;full&#8221;][vc_column_text css=&#8221;.vc_custom_1511952984268{margin-bottom: 0px !important;}&#8221;]Ogni anno in Svizzera pi\u00f9 di centomila pazienti consultano un medico a causa dell&#8217;<a href=\"https:\/\/www.fluimucil-erkaeltungshusten.ch\/it\/Faq\/Glossario#i\" target=\"_self\">influenza<\/a>stagionale. Per la stessa ragione diverse migliaia di persone sono ricoverate in ospedale. Annualmente si registrano circa un centinaio di decessi associati all&#8217;influenza.<\/p>\n<p>Quando l&#8217;et\u00e0 avanza, le\u00a0<a href=\"https:\/\/www.fluimucil-erkaeltungshusten.ch\/it\/Faq\/Glossario#d\" target=\"_self\">difese immunitarie<\/a>\u00a0tendono a diminuire e l&#8217;organismo diventa sempre pi\u00f9 vulnerabile a infezioni e patologie; ci\u00f2 vale anche per le sindromi\u00a0<a href=\"https:\/\/www.fluimucil-erkaeltungshusten.ch\/it\/Faq\/Glossario#i\" target=\"_self\">influenzali<\/a>\u00a0stagionali.<\/p>\n<p>Per alcuni gruppi di persone, tra cui gli anziani, i lattanti e i malati cronici, l\u2019<a href=\"https:\/\/www.fluimucil-erkaeltungshusten.ch\/it\/Faq\/Glossario#i\" target=\"_self\">influenza<\/a>\u00a0non \u00e8 sempre innocua e pu\u00f2 comportare gravi complicazioni; essa tende infatti a colpire di pi\u00f9 e con pi\u00f9 forza i soggetti pi\u00f9 deboli da un punto di vista immunitario, ovvero i bambini e le persone al di sopra dei 65 anni, che sono maggiormente esposte ai rischi derivanti dalle complicazioni dell&#8217;infezione.<\/p>\n<p>La\u00a0<a href=\"https:\/\/www.fluimucil-erkaeltungshusten.ch\/it\/Faq\/Glossario#v\" target=\"_self\">vaccinazione<\/a>\u00a0protegge dall\u2019<a href=\"https:\/\/www.fluimucil-erkaeltungshusten.ch\/it\/Faq\/Glossario#i\" target=\"_self\">influenza<\/a>\u00a0e dalle sue complicazioni e impedisce la trasmissione dei virus dell\u2019<a href=\"https:\/\/www.fluimucil-erkaeltungshusten.ch\/it\/Faq\/Glossario#i\" target=\"_self\">influenza<\/a>\u00a0alle persone con cui si \u00e8 a stretto contatto. Sono tutti buoni motivi per farsi vaccinare.<\/p>\n<p>Da un&#8217;indagine condotta in Svizzera durante la stagione influenzale 2013\/2014, \u00e8 emerso che in questo periodo sono stati vaccinati il 37 per cento degli ultrasessantacinquenni, il 31 per cento delle persone affette da malattie croniche e il 19 per cento del personale sanitario che ha contatti diretti con i pazienti.<\/p>\n<p>La promozione della\u00a0<a href=\"https:\/\/www.fluimucil-erkaeltungshusten.ch\/it\/Faq\/Glossario#v\" target=\"_self\">vaccinazione<\/a>\u00a0ha un ruolo importante nella strategia di prevenzione dell\u2019<a href=\"https:\/\/www.fluimucil-erkaeltungshusten.ch\/it\/Faq\/Glossario#i\" target=\"_self\">influenza<\/a>. Da un lato si tratta d&#8217;informare in modo completo i gruppi a rischio e il loro entourage; gli ultrasessantacinquenni e i malati cronici, cos\u00ec come la cerchia di persone a loro vicine, devono essere informati in modo da poter decidere autonomamente in merito alla\u00a0<a href=\"https:\/\/www.fluimucil-erkaeltungshusten.ch\/it\/Faq\/Glossario#v\" target=\"_self\">vaccinazione<\/a>. D&#8217;altro lato la strategia si rivolge al personale sanitario, che deve essere in grado di trasmettere in modo chiaro i messaggi di prevenzione.<\/p>\n<p>Per maggiori informazioni rivolgersi allo specialista.[\/vc_column_text][mk_button dimension=&#8221;flat&#8221; corner_style=&#8221;full_rounded&#8221; size=&#8221;medium&#8221; url=&#8221;\/it\/per-saperne-di-piu\/senior&#8221; margin_top=&#8221;30&#8243; margin_right=&#8221;0&#8243; bg_color=&#8221;#00768e&#8221; btn_hover_bg=&#8221;rgba(0,118,142,0.75)&#8221;]Torna indietro[\/mk_button][\/vc_column][vc_column width=&#8221;1\/12&#8243;][\/vc_column][vc_column width=&#8221;1\/4&#8243;][vc_wp_custommenu nav_menu=&#8221;14&#8243;][mk_icon_box icon=&#8221;mk-moon-temperature&#8221; title=&#8221;SINTOMI E DISTURBI&#8221; text_size=&#8221;13&#8243; read_more_txt=&#8221;Vai alla sezione&#8221; read_more_url=&#8221;\/it\/Sintomi-e-Disturbi\/Tosse-grassa&#8221; style=&#8221;boxed&#8221; icon_location=&#8221;top&#8221; icon_color=&#8221;#075985&#8243; icon_circle_color=&#8221;&#8221; title_color=&#8221;#075985&#8243; txt_color=&#8221;#00768e&#8221; el_class=&#8221;side-icon-box&#8221;]Ulteriori informazioni sui malanni di stagione.[\/mk_icon_box][\/vc_column][\/vc_row]\n<\/div>","protected":false},"excerpt":{"rendered":"<p>Ogni anno in Svizzera pi\u00f9 di centomila pazienti consultano un medico a causa dell&#8217;influenza stagionale.<\/p>\n","protected":false},"author":2,"featured_media":973,"parent":968,"menu_order":0,"comment_status":"closed","ping_status":"closed","template":"","meta":{"_monsterinsights_skip_tracking":false,"_monsterinsights_sitenote_active":false,"_monsterinsights_sitenote_note":"","_monsterinsights_sitenote_category":0,"footnotes":""},"categories":[15],"tags":[],"yst_prominent_words":[],"class_list":["post-972","page","type-page","status-publish","has-post-thumbnail","hentry","category-senior"],"_links":{"self":[{"href":"https:\/\/www.fluimucil-erkaeltungshusten.ch\/it\/wp-json\/wp\/v2\/pages\/972","targetHints":{"allow":["GET"]}}],"collection":[{"href":"https:\/\/www.fluimucil-erkaeltungshusten.ch\/it\/wp-json\/wp\/v2\/pages"}],"about":[{"href":"https:\/\/www.fluimucil-erkaeltungshusten.ch\/it\/wp-json\/wp\/v2\/types\/page"}],"author":[{"embeddable":true,"href":"https:\/\/www.fluimucil-erkaeltungshusten.ch\/it\/wp-json\/wp\/v2\/users\/2"}],"replies":[{"embeddable":true,"href":"https:\/\/www.fluimucil-erkaeltungshusten.ch\/it\/wp-json\/wp\/v2\/comments?post=972"}],"version-history":[{"count":0,"href":"https:\/\/www.fluimucil-erkaeltungshusten.ch\/it\/wp-json\/wp\/v2\/pages\/972\/revisions"}],"up":[{"embeddable":true,"href":"https:\/\/www.fluimucil-erkaeltungshusten.ch\/it\/wp-json\/wp\/v2\/pages\/968"}],"wp:featuredmedia":[{"embeddable":true,"href":"https:\/\/www.fluimucil-erkaeltungshusten.ch\/it\/wp-json\/wp\/v2\/media\/973"}],"wp:attachment":[{"href":"https:\/\/www.fluimucil-erkaeltungshusten.ch\/it\/wp-json\/wp\/v2\/media?parent=972"}],"wp:term":[{"taxonomy":"category","embeddable":true,"href":"https:\/\/www.fluimucil-erkaeltungshusten.ch\/it\/wp-json\/wp\/v2\/categories?post=972"},{"taxonomy":"post_tag","embeddable":true,"href":"https:\/\/www.fluimucil-erkaeltungshusten.ch\/it\/wp-json\/wp\/v2\/tags?post=972"},{"taxonomy":"yst_prominent_words","embeddable":true,"href":"https:\/\/www.fluimucil-erkaeltungshusten.ch\/it\/wp-json\/wp\/v2\/yst_prominent_words?post=972"}],"curies":[{"name":"wp","href":"https:\/\/api.w.org\/{rel}","templated":true}]}}