{"id":849,"date":"2017-11-28T17:00:16","date_gmt":"2017-11-28T16:00:16","guid":{"rendered":"https:\/\/www.fluimucil-erkaeltungshusten.ch\/?page_id=849"},"modified":"2017-12-14T16:55:17","modified_gmt":"2017-12-14T15:55:17","slug":"limportanza-dellidratazione-nella-prevenzione-e-nella-cura-dei-sintomi-dellinfluenza","status":"publish","type":"page","link":"https:\/\/www.fluimucil-erkaeltungshusten.ch\/it\/approfondimenti-e-consigli\/consigli\/limportanza-dellidratazione-nella-prevenzione-e-nella-cura-dei-sintomi-dellinfluenza\/","title":{"rendered":"L\u2019importanza dell\u2019idratazione nella prevenzione e nella cura dei sintomi dell\u2019influenza"},"content":{"rendered":"<div class=\"wpb-content-wrapper\">[mk_page_section vertical_align=&#8221;center&#8221; bg_image=&#8221;https:\/\/www.fluimucil-erkaeltungshusten.ch\/wp-content\/uploads\/2017\/11\/teaser_comeprevenire.jpg&#8221; bg_position=&#8221;center bottom&#8221; bg_repeat=&#8221;no-repeat&#8221; min_height=&#8221;575&#8243; padding_top=&#8221;120&#8243; padding_bottom=&#8221;0&#8243; sidebar=&#8221;sidebar-1&#8243;][vc_column][\/vc_column][\/mk_page_section][vc_row css=&#8221;.vc_custom_1511795486415{padding-top: 20px !important;padding-left: 10px !important;}&#8221;][vc_column width=&#8221;2\/3&#8243;][mk_fancy_title tag_name=&#8221;span&#8221; color=&#8221;#005982&#8243; size=&#8221;22&#8243; font_weight=&#8221;bold&#8221; letter_spacing=&#8221;1&#8243; font_family=&#8221;none&#8221;]CONSIGLI[\/mk_fancy_title][mk_fancy_title tag_name=&#8221;h1&#8243; color=&#8221;#005982&#8243; size=&#8221;20&#8243; line_height=&#8221;125&#8243; font_weight=&#8221;bold&#8221; font_family=&#8221;none&#8221;]L\u2019importanza dell\u2019idratazione nella prevenzione e nella cura dei sintomi dell\u2019influenza[\/mk_fancy_title][vc_single_image source=&#8221;featured_image&#8221; img_size=&#8221;full&#8221;][vc_column_text css=&#8221;.vc_custom_1511884737893{margin-bottom: 0px !important;}&#8221;]\u00c8 risaputo che bere molta acqua \u00e8 un comportamento di vitale importanza per il benessere e l\u2019equilibrio del nostro organismo.<\/p>\n<p>Anche le\u00a0<a href=\"https:\/\/www.fluimucil-erkaeltungshusten.ch\/it\/Faq\/Glossario#d\" target=\"_self\">difese immunitarie<\/a>\u00a0giovano della differenza che la corretta idratazione pu\u00f2 fare tra salute e patologia; questo \u00e8 vero anche nel caso delle patologie respiratorie come l\u2019<a href=\"https:\/\/www.fluimucil-erkaeltungshusten.ch\/it\/Faq\/Glossario#i\" target=\"_self\">influenza<\/a>.<\/p>\n<p>In primo luogo, l\u2019acqua ha naturalmente un\u2019azione fluidificante; il giusto apporto di acqua permetter\u00e0 infatti di avere un\u00a0<a href=\"https:\/\/www.fluimucil-erkaeltungshusten.ch\/it\/Faq\/Glossario#m\" target=\"_self\">muco<\/a>\u00a0protettivo pi\u00f9 scorrevole, per una clearance mucociliare pi\u00f9 efficace e un migliore smaltimento degli agenti potenzialmente patogeni.<\/p>\n<p>I minerali contenuti nell\u2019acqua di utilizzo comune, poi, sono preziosi materiali che il nostro organismo utilizza per mantenersi in salute e per il corretto funzionamento dei vari apparati.<\/p>\n<p>A tal proposito l\u2019acqua riveste, all\u2019interno del corpo, anche un\u2019importante funzione regolatrice; contrasta l\u2019eventuale ridotta umidit\u00e0 degli ambienti chiusi surriscaldati all\u2019interno dei quali si soggiorna in inverno e, ci\u00f2 che \u00e8 pi\u00f9 importante, contribuisce all\u2019equilibrio elettrolitico dei minerali all\u2019interno delle cellule. Dalla sanit\u00e0 delle cellule, deriva la salute per l\u2019intero organismo umano.<\/p>\n<p>Ancora una volta, l\u2019acqua si rivela essere fonte di vita e di salute.[\/vc_column_text][mk_button dimension=&#8221;flat&#8221; corner_style=&#8221;full_rounded&#8221; size=&#8221;medium&#8221; url=&#8221;\/it\/approfondimenti-e-consigli\/consigli\/&#8221; margin_top=&#8221;30&#8243; margin_right=&#8221;0&#8243; bg_color=&#8221;#00768e&#8221; btn_hover_bg=&#8221;rgba(0,118,142,0.75)&#8221;]Torna indietro[\/mk_button][\/vc_column][vc_column width=&#8221;1\/12&#8243;][\/vc_column][vc_column width=&#8221;1\/4&#8243;][vc_wp_custommenu nav_menu=&#8221;11&#8243;][mk_icon_box icon=&#8221;mk-moon-temperature&#8221; title=&#8221;SINTOMI E DISTURBI&#8221; text_size=&#8221;13&#8243; read_more_txt=&#8221;Vai alla sezione&#8221; read_more_url=&#8221;\/it\/Sintomi-e-Disturbi\/Tosse-grassa&#8221; style=&#8221;boxed&#8221; icon_location=&#8221;top&#8221; icon_color=&#8221;#075985&#8243; icon_circle_color=&#8221;&#8221; title_color=&#8221;#075985&#8243; txt_color=&#8221;#00768e&#8221; el_class=&#8221;side-icon-box&#8221;]Ulteriori informazioni sui malanni di stagione.[\/mk_icon_box][mk_icon_box icon=&#8221;mk-icon-lightbulb-o&#8221; title=&#8221;PER SAPERNE DI PI\u00d9&#8221; text_size=&#8221;13&#8243; read_more_txt=&#8221;Vai alla sezione&#8221; read_more_url=&#8221;\/it\/Per-Saperne-di-Piu\/Mamme&#8221; style=&#8221;boxed&#8221; icon_location=&#8221;top&#8221; icon_color=&#8221;#075985&#8243; icon_circle_color=&#8221;&#8221; title_color=&#8221;#075985&#8243; txt_color=&#8221;#00768e&#8221; el_class=&#8221;side-icon-box&#8221;]Notizie e approfondimenti utili.[\/mk_icon_box][\/vc_column][\/vc_row]\n<\/div>","protected":false},"excerpt":{"rendered":"<p>\u00c8 risaputo che bere molta acqua \u00e8 un comportamento di vitale importanza per il benessere e&#8230;<\/p>\n","protected":false},"author":2,"featured_media":852,"parent":771,"menu_order":0,"comment_status":"closed","ping_status":"closed","template":"","meta":{"_monsterinsights_skip_tracking":false,"_monsterinsights_sitenote_active":false,"_monsterinsights_sitenote_note":"","_monsterinsights_sitenote_category":0,"footnotes":""},"categories":[12],"tags":[],"yst_prominent_words":[],"class_list":["post-849","page","type-page","status-publish","has-post-thumbnail","hentry","category-consigli"],"_links":{"self":[{"href":"https:\/\/www.fluimucil-erkaeltungshusten.ch\/it\/wp-json\/wp\/v2\/pages\/849","targetHints":{"allow":["GET"]}}],"collection":[{"href":"https:\/\/www.fluimucil-erkaeltungshusten.ch\/it\/wp-json\/wp\/v2\/pages"}],"about":[{"href":"https:\/\/www.fluimucil-erkaeltungshusten.ch\/it\/wp-json\/wp\/v2\/types\/page"}],"author":[{"embeddable":true,"href":"https:\/\/www.fluimucil-erkaeltungshusten.ch\/it\/wp-json\/wp\/v2\/users\/2"}],"replies":[{"embeddable":true,"href":"https:\/\/www.fluimucil-erkaeltungshusten.ch\/it\/wp-json\/wp\/v2\/comments?post=849"}],"version-history":[{"count":0,"href":"https:\/\/www.fluimucil-erkaeltungshusten.ch\/it\/wp-json\/wp\/v2\/pages\/849\/revisions"}],"up":[{"embeddable":true,"href":"https:\/\/www.fluimucil-erkaeltungshusten.ch\/it\/wp-json\/wp\/v2\/pages\/771"}],"wp:featuredmedia":[{"embeddable":true,"href":"https:\/\/www.fluimucil-erkaeltungshusten.ch\/it\/wp-json\/wp\/v2\/media\/852"}],"wp:attachment":[{"href":"https:\/\/www.fluimucil-erkaeltungshusten.ch\/it\/wp-json\/wp\/v2\/media?parent=849"}],"wp:term":[{"taxonomy":"category","embeddable":true,"href":"https:\/\/www.fluimucil-erkaeltungshusten.ch\/it\/wp-json\/wp\/v2\/categories?post=849"},{"taxonomy":"post_tag","embeddable":true,"href":"https:\/\/www.fluimucil-erkaeltungshusten.ch\/it\/wp-json\/wp\/v2\/tags?post=849"},{"taxonomy":"yst_prominent_words","embeddable":true,"href":"https:\/\/www.fluimucil-erkaeltungshusten.ch\/it\/wp-json\/wp\/v2\/yst_prominent_words?post=849"}],"curies":[{"name":"wp","href":"https:\/\/api.w.org\/{rel}","templated":true}]}}