{"id":813,"date":"2017-11-28T16:35:04","date_gmt":"2017-11-28T15:35:04","guid":{"rendered":"https:\/\/www.fluimucil-erkaeltungshusten.ch\/?page_id=813"},"modified":"2017-12-14T16:55:16","modified_gmt":"2017-12-14T15:55:16","slug":"i-benefici-dellaria-di-mare-per-le-vie-respiratorie","status":"publish","type":"page","link":"https:\/\/www.fluimucil-erkaeltungshusten.ch\/it\/approfondimenti-e-consigli\/consigli\/i-benefici-dellaria-di-mare-per-le-vie-respiratorie\/","title":{"rendered":"I benefici dell\u2019aria di mare per le vie respiratorie"},"content":{"rendered":"<div class=\"wpb-content-wrapper\">[mk_page_section vertical_align=&#8221;center&#8221; bg_image=&#8221;https:\/\/www.fluimucil-erkaeltungshusten.ch\/wp-content\/uploads\/2017\/11\/teaser_comeprevenire.jpg&#8221; bg_position=&#8221;center bottom&#8221; bg_repeat=&#8221;no-repeat&#8221; min_height=&#8221;575&#8243; padding_top=&#8221;120&#8243; padding_bottom=&#8221;0&#8243; sidebar=&#8221;sidebar-1&#8243;][vc_column][\/vc_column][\/mk_page_section][vc_row css=&#8221;.vc_custom_1511795486415{padding-top: 20px !important;padding-left: 10px !important;}&#8221;][vc_column width=&#8221;2\/3&#8243;][mk_fancy_title tag_name=&#8221;span&#8221; color=&#8221;#005982&#8243; size=&#8221;22&#8243; font_weight=&#8221;bold&#8221; letter_spacing=&#8221;1&#8243; font_family=&#8221;none&#8221;]CONSIGLI[\/mk_fancy_title][mk_fancy_title tag_name=&#8221;h1&#8243; color=&#8221;#005982&#8243; size=&#8221;20&#8243; line_height=&#8221;125&#8243; font_weight=&#8221;bold&#8221; font_family=&#8221;none&#8221;]I benefici dell\u2019aria di mare per le vie respiratorie[\/mk_fancy_title][vc_single_image source=&#8221;featured_image&#8221; img_size=&#8221;full&#8221;][vc_column_text css=&#8221;.vc_custom_1511883208288{margin-bottom: 0px !important;}&#8221;]\u00c8 credenza comune che un soggiorno in una localit\u00e0 di mare possa apportare numerosi benefici all\u2019organismo; in particolar modo, si usa dire che lo iodio contenuto nell\u2019aria sia molto importante per la salute delle vie respiratorie.<\/p>\n<p>Tali affermazioni sono la base della cosiddetta talassoterapia (dal greco thalassa, \u201cmare\u201d); una disciplina climatoterapica inventata nel XIX secolo in Francia e alla quale si deve l\u2019usanza, ormai comunemente diffusa, della villeggiatura al mare.<\/p>\n<p>Quanto c\u2019\u00e8 di vero in tutto ci\u00f2? Bisogna fare un po\u2019 di chiarezza, ma sembra esserci un fondo di verit\u00e0.<\/p>\n<p>La natura \u201cvacanziera\u201d di un soggiorno al mare implica un generalizzato stato di rilassamento del corpo; anche l\u2019<a href=\"https:\/\/www.fluimucil-erkaeltungshusten.ch\/it\/Faq\/Glossario#a\" target=\"_self\">apparato respiratorio<\/a>, grazie al rilassamento dei muscoli inspiratori tipicamente contratti per via dello stress dovuto ai ritmi frenetici di vita, ne beneficia, con una\u00a0<a href=\"https:\/\/www.fluimucil-erkaeltungshusten.ch\/it\/Faq\/Glossario#r\" target=\"_self\">respirazione<\/a>\u00a0pi\u00f9 ampia e libera e una miglior ossigenazione.<\/p>\n<p>In genere poi, l\u2019inquinamento atmosferico \u00e8 sensibilmente ridotto in localit\u00e0 piccole e lontane dalle grandi citt\u00e0, come alcune destinazioni di villeggiatura; per questo motivo, dunque, la quantit\u00e0 di\u00a0<a href=\"https:\/\/www.fluimucil-erkaeltungshusten.ch\/it\/Faq\/Glossario#a\" target=\"_self\">agenti irritanti<\/a>\u00a0e potenzialmente dannosi che vengono introdotti nelle vie aeree \u00e8 molto minore.<\/p>\n<p>I benefici dell\u2019aria di mare non si esauriscono certo qui: il concetto secondo cui \u201cl\u2019aria di mare fa bene perch\u00e9 \u00e8 ricca di iodio\u201d non \u00e8 del tutto corretto. Che l\u2019aria, vicino alla costa, contenga una certa quantit\u00e0 di iodio, \u00e8 innegabile, cos\u00ec come risaputi sono gli effetti positivi dello iodio sul corpo umano. Quello che il senso comune non tiene in conto \u00e8 il fatto che nell\u2019aria di mare \u00e8 contenuto un vero e proprio aerosol di vapore acqueo e sali (iodio, cloruro di sodio, bromo e magnesio) che, grazie all\u2019azione dei raggi solari, si elettrizzano e vengono assorbiti dal corpo, integrando le riserve minerali e contribuendo a migliorare la salute.[\/vc_column_text][mk_button dimension=&#8221;flat&#8221; corner_style=&#8221;full_rounded&#8221; size=&#8221;medium&#8221; url=&#8221;\/it\/approfondimenti-e-consigli\/consigli\/&#8221; margin_top=&#8221;30&#8243; margin_right=&#8221;0&#8243; bg_color=&#8221;#00768e&#8221; btn_hover_bg=&#8221;rgba(0,118,142,0.75)&#8221;]Torna indietro[\/mk_button][\/vc_column][vc_column width=&#8221;1\/12&#8243;][\/vc_column][vc_column width=&#8221;1\/4&#8243;][vc_wp_custommenu nav_menu=&#8221;11&#8243;][mk_icon_box icon=&#8221;mk-moon-temperature&#8221; title=&#8221;SINTOMI E DISTURBI&#8221; text_size=&#8221;13&#8243; read_more_txt=&#8221;Vai alla sezione&#8221; read_more_url=&#8221;\/it\/Sintomi-e-Disturbi\/Tosse-grassa&#8221; style=&#8221;boxed&#8221; icon_location=&#8221;top&#8221; icon_color=&#8221;#075985&#8243; icon_circle_color=&#8221;&#8221; title_color=&#8221;#075985&#8243; txt_color=&#8221;#00768e&#8221; el_class=&#8221;side-icon-box&#8221;]Ulteriori informazioni sui malanni di stagione.[\/mk_icon_box][mk_icon_box icon=&#8221;mk-icon-lightbulb-o&#8221; title=&#8221;PER SAPERNE DI PI\u00d9&#8221; text_size=&#8221;13&#8243; read_more_txt=&#8221;Vai alla sezione&#8221; read_more_url=&#8221;\/it\/Per-Saperne-di-Piu\/Mamme&#8221; style=&#8221;boxed&#8221; icon_location=&#8221;top&#8221; icon_color=&#8221;#075985&#8243; icon_circle_color=&#8221;&#8221; title_color=&#8221;#075985&#8243; txt_color=&#8221;#00768e&#8221; el_class=&#8221;side-icon-box&#8221;]Notizie e approfondimenti utili.[\/mk_icon_box][\/vc_column][\/vc_row]\n<\/div>","protected":false},"excerpt":{"rendered":"<p>\u00c8 credenza comune che un soggiorno in una localit\u00e0 di mare possa apportare numerosi benefici&#8230;<\/p>\n","protected":false},"author":2,"featured_media":816,"parent":771,"menu_order":0,"comment_status":"closed","ping_status":"closed","template":"","meta":{"_monsterinsights_skip_tracking":false,"_monsterinsights_sitenote_active":false,"_monsterinsights_sitenote_note":"","_monsterinsights_sitenote_category":0,"footnotes":""},"categories":[12],"tags":[],"yst_prominent_words":[],"class_list":["post-813","page","type-page","status-publish","has-post-thumbnail","hentry","category-consigli"],"_links":{"self":[{"href":"https:\/\/www.fluimucil-erkaeltungshusten.ch\/it\/wp-json\/wp\/v2\/pages\/813","targetHints":{"allow":["GET"]}}],"collection":[{"href":"https:\/\/www.fluimucil-erkaeltungshusten.ch\/it\/wp-json\/wp\/v2\/pages"}],"about":[{"href":"https:\/\/www.fluimucil-erkaeltungshusten.ch\/it\/wp-json\/wp\/v2\/types\/page"}],"author":[{"embeddable":true,"href":"https:\/\/www.fluimucil-erkaeltungshusten.ch\/it\/wp-json\/wp\/v2\/users\/2"}],"replies":[{"embeddable":true,"href":"https:\/\/www.fluimucil-erkaeltungshusten.ch\/it\/wp-json\/wp\/v2\/comments?post=813"}],"version-history":[{"count":0,"href":"https:\/\/www.fluimucil-erkaeltungshusten.ch\/it\/wp-json\/wp\/v2\/pages\/813\/revisions"}],"up":[{"embeddable":true,"href":"https:\/\/www.fluimucil-erkaeltungshusten.ch\/it\/wp-json\/wp\/v2\/pages\/771"}],"wp:featuredmedia":[{"embeddable":true,"href":"https:\/\/www.fluimucil-erkaeltungshusten.ch\/it\/wp-json\/wp\/v2\/media\/816"}],"wp:attachment":[{"href":"https:\/\/www.fluimucil-erkaeltungshusten.ch\/it\/wp-json\/wp\/v2\/media?parent=813"}],"wp:term":[{"taxonomy":"category","embeddable":true,"href":"https:\/\/www.fluimucil-erkaeltungshusten.ch\/it\/wp-json\/wp\/v2\/categories?post=813"},{"taxonomy":"post_tag","embeddable":true,"href":"https:\/\/www.fluimucil-erkaeltungshusten.ch\/it\/wp-json\/wp\/v2\/tags?post=813"},{"taxonomy":"yst_prominent_words","embeddable":true,"href":"https:\/\/www.fluimucil-erkaeltungshusten.ch\/it\/wp-json\/wp\/v2\/yst_prominent_words?post=813"}],"curies":[{"name":"wp","href":"https:\/\/api.w.org\/{rel}","templated":true}]}}