{"id":699,"date":"2017-11-27T15:41:33","date_gmt":"2017-11-27T14:41:33","guid":{"rendered":"https:\/\/www.fluimucil-erkaeltungshusten.ch\/?page_id=699"},"modified":"2025-04-01T16:33:40","modified_gmt":"2025-04-01T14:33:40","slug":"rinofluimucil","status":"publish","type":"page","link":"https:\/\/www.fluimucil-erkaeltungshusten.ch\/it\/prodotti\/rinofluimucil\/","title":{"rendered":"Rinofluimucil"},"content":{"rendered":"<div class=\"wpb-content-wrapper\">[mk_page_section vertical_align=&#8221;center&#8221; bg_image=&#8221;https:\/\/www.fluimucil-erkaeltungshusten.ch\/wp-content\/uploads\/2017\/11\/bottomteaser.png&#8221; bg_position=&#8221;center bottom&#8221; bg_repeat=&#8221;no-repeat&#8221; min_height=&#8221;350&#8243; padding_top=&#8221;120&#8243; padding_bottom=&#8221;0&#8243; sidebar=&#8221;sidebar-1&#8243;][vc_column][vc_single_image image=&#8221;17382&#8243; img_size=&#8221;full&#8221; alignment=&#8221;center&#8221; css=&#8221;&#8221;][mk_fancy_title tag_name=&#8221;h5&#8243; color=&#8221;#007f91&#8243; font_weight=&#8221;bold&#8221; margin_top=&#8221;20&#8243; margin_bottom=&#8221;15&#8243; font_family=&#8221;none&#8221; align=&#8221;center&#8221;]RINOFLUIMUCIL[\/mk_fancy_title][\/vc_column][\/mk_page_section][vc_row css=&#8221;.vc_custom_1511777482396{padding-top: 20px !important;padding-left: 10px !important;background-color: #e8f3f5 !important;}&#8221;][vc_column][mk_fancy_title tag_name=&#8221;h1&#8243; color=&#8221;#005982&#8243; size=&#8221;22&#8243; font_weight=&#8221;bold&#8221; letter_spacing=&#8221;1&#8243; font_family=&#8221;none&#8221;]RINOFLUIMUCIL[\/mk_fancy_title][\/vc_column][\/vc_row][vc_row css=&#8221;.vc_custom_1511777488502{padding-left: 10px !important;background-color: #e8f3f5 !important;}&#8221;][vc_column width=&#8221;2\/3&#8243;][mk_fancy_title color=&#8221;#005b85&#8243; size=&#8221;20&#8243; font_weight=&#8221;bold&#8221; letter_spacing=&#8221;1&#8243; font_family=&#8221;none&#8221;]CARATTERISTICHE[\/mk_fancy_title][vc_single_image image=&#8221;704&#8243; img_size=&#8221;full&#8221;][mk_fancy_title color=&#8221;#005b85&#8243; size=&#8221;20&#8243; font_weight=&#8221;bold&#8221; letter_spacing=&#8221;1&#8243; font_family=&#8221;none&#8221;]APPROFONDISCI L&#8217;ARGOMENTO[\/mk_fancy_title][vc_accordions action_style=&#8221;toggle-action&#8221; container_bg_color=&#8221;#e8f3f5&#8243; responsive=&#8221;false&#8221;][vc_accordion_tab title=&#8221;COS&#8217;\u00c8&#8221;][vc_column_text css=&#8221;.vc_custom_1743517871387{margin-bottom: 0px !important;}&#8221;]Rinofluimucil \u00e8 uno spray nasale che allevia i sintomi del <a href=\"\/it\/Faq\/Glossario#r\">raffreddore<\/a>, da un lato decongestionando le mucose nasali e dall&#8217;altro favorendo l&#8217;eliminazione e la fluidificazione delle secrezioni dense.<\/p>\n<p>Rinofluimucil decongestiona il naso chiuso e facilita una respirazione pi\u00f9 libera attraverso il naso.[\/vc_column_text][\/vc_accordion_tab][vc_accordion_tab title=&#8221;COME USARLO&#8221;][vc_column_text css=&#8221;.vc_custom_1511793746227{margin-bottom: 0px !important;}&#8221;]<strong>Adulti<\/strong>: 2\u20133 nebulizzazioni in ciascuna narice, 3\u20134 volte al giorno.<\/p>\n<p><strong>Bambini di et\u00e0 superiore ai 6 anni<\/strong>: 1\u20132 nebulizzazioni in ciascuna narice, 3\u20134 volte al giorno.[\/vc_column_text][\/vc_accordion_tab][vc_accordion_tab title=&#8221;A COSA SERVE&#8221;][vc_column_text css=&#8221;.vc_custom_1743517894633{margin-bottom: 0px !important;}&#8221;]Rinofluimucil \u00e8 utilizzato in caso di <a href=\"https:\/\/www.fluimucil-erkaeltungshusten.ch\/it\/Faq\/Glossario#r\">raffreddore<\/a>, in particolare quando si ha un aumento delle secrezioni nasali e formazione di croste.<\/p>\n<p>Salvo prescrizione medica, Rinofluimucil non dev&#8217;essere utilizzato per pi\u00f9 di 5-7 giorni.[\/vc_column_text][\/vc_accordion_tab][vc_accordion_tab title=&#8221;COSA CONTIENE&#8221;][vc_column_text css=&#8221;.vc_custom_1743517988840{margin-bottom: 0px !important;}&#8221;]1 ml di Rinofluimucil spray nasale contiene: 10 mg di <a href=\"https:\/\/www.fluimucil-erkaeltungshusten.ch\/it\/Faq\/Glossario\/#a\">acetilcisteina<\/a>, 5 mg di <a href=\"\/it\/Faq\/Glossario\/#t\">tuaminoeptano solfato<\/a>.<\/p>\n<p>Sostanze ausiliarie: benzalconio cloruro, sodio edetato, sodio fosfato monobasico monoidrato, ditiotreitolo, etanolo 96 per cento, ipromellosa, sodio fosfato dibasico dodecaidrato, sodio idrossido, essenza menta (contiene d-limonene), sorbitolo liquido non cristallizzabile e acqua purificata.[\/vc_column_text][\/vc_accordion_tab][vc_accordion_tab title=&#8221;COME FUNZIONA&#8221;][vc_column_text css=&#8221;.vc_custom_1743518003570{margin-bottom: 0px !important;}&#8221;]Rinofluimucil, grazie alla sua composizione particolare, permette di trattare i sintomi del\u00a0<a class=\"actived\" href=\"https:\/\/www.fluimucil-erkaeltungshusten.ch\/it\/Faq\/Glossario#r\" target=\"_self\">raffreddore<\/a>, da un lato\u00a0<a class=\"actived\" href=\"https:\/\/www.fluimucil-erkaeltungshusten.ch\/it\/Faq\/Glossario#d\" target=\"_self\">decongestionando<\/a>\u00a0le mucose nasali (azione decongestionante) e facilitando cos\u00ec la<a class=\"actived\" href=\"https:\/\/www.fluimucil-erkaeltungshusten.ch\/it\/Faq\/Glossario#r\" target=\"_self\">\u00a0respirazione<\/a>; dall\u2019altro favorendo l&#8217;eliminazione e la fluidificazione delle dense secrezioni grazie all\u2019<a class=\"actived\" href=\"https:\/\/www.fluimucil-erkaeltungshusten.ch\/it\/Faq\/Glossario#a\" target=\"_self\">acetilcisteina<\/a> (azione mucolitica diretta); il <a class=\"actived\" href=\"https:\/\/www.fluimucil-erkaeltungshusten.ch\/it\/Faq\/Glossario#m\" target=\"_self\">muco<\/a>\u00a0fluidificato pu\u00f2 essere meglio eliminato, liberando cos\u00ec le narici e le cavit\u00e0 nasali.[\/vc_column_text][\/vc_accordion_tab][vc_accordion_tab title=&#8221;PRINCIPI ATTIVI&#8221;][vc_column_text css=&#8221;.vc_custom_1511793790937{margin-bottom: 0px !important;}&#8221;]Rinofluimucil contiene il principio attivo\u00a0<a class=\"actived\" href=\"https:\/\/www.fluimucil-erkaeltungshusten.ch\/it\/Faq\/Glossario#a\" target=\"_self\">acetilcisteina<\/a>, un derivato della cisteina che possiede delle propriet\u00e0 mucolitiche.<br \/>\nIl\u00a0<a class=\"actived\" href=\"https:\/\/www.fluimucil-erkaeltungshusten.ch\/it\/Faq\/Glossario#t\" target=\"_self\">tuaminoeptano solfato<\/a>, invece, ha un\u2019azione\u00a0<a class=\"actived\" href=\"https:\/\/www.fluimucil-erkaeltungshusten.ch\/it\/Faq\/Glossario#d\" target=\"_self\">decongestionante<\/a>\u00a0che permette alla mucosa nasale di sgonfiarsi.[\/vc_column_text][\/vc_accordion_tab][\/vc_accordions][mk_button dimension=&#8221;flat&#8221; corner_style=&#8221;full_rounded&#8221; size=&#8221;medium&#8221; url=&#8221;http:\/\/www.swissmedicinfo.ch\/ShowText.aspx?textType=PI&amp;lang=it&amp;authNr=51037&#8243; target=&#8221;_blank&#8221; margin_top=&#8221;15&#8243; margin_right=&#8221;0&#8243; bg_color=&#8221;#00768e&#8221; btn_hover_bg=&#8221;rgba(0,118,142,0.75)&#8221;]Rivolgersi allo specialista e leggere il foglietto illustrativo[\/mk_button][\/vc_column][vc_column width=&#8221;1\/12&#8243;][\/vc_column][vc_column width=&#8221;3\/12&#8243;][vc_single_image image=&#8221;17382&#8243; img_size=&#8221;full&#8221; alignment=&#8221;center&#8221; css=&#8221;&#8221;][\/vc_column][\/vc_row]\n<\/div>","protected":false},"excerpt":{"rendered":"<p>[mk_page_section vertical_align=&#8221;center&#8221; bg_image=&#8221;https:\/\/www.fluimucil-erkaeltungshusten.ch\/wp-content\/uploads\/2017\/11\/bottomteaser.png&#8221; bg_position=&#8221;center bottom&#8221; bg_repeat=&#8221;no-repeat&#8221; min_height=&#8221;350&#8243; padding_top=&#8221;120&#8243; padding_bottom=&#8221;0&#8243; sidebar=&#8221;sidebar-1&#8243;][vc_column][vc_single_image image=&#8221;17382&#8243; img_size=&#8221;full&#8221; alignment=&#8221;center&#8221; css=&#8221;&#8221;][mk_fancy_title tag_name=&#8221;h5&#8243; color=&#8221;#007f91&#8243; font_weight=&#8221;bold&#8221; margin_top=&#8221;20&#8243; margin_bottom=&#8221;15&#8243; font_family=&#8221;none&#8221; align=&#8221;center&#8221;]RINOFLUIMUCIL[\/mk_fancy_title][\/vc_column][\/mk_page_section][vc_row css=&#8221;.vc_custom_1511777482396{padding-top: 20px !important;padding-left: 10px !important;background-color: #e8f3f5 !important;}&#8221;][vc_column][mk_fancy_title tag_name=&#8221;h1&#8243; color=&#8221;#005982&#8243; size=&#8221;22&#8243; font_weight=&#8221;bold&#8221; letter_spacing=&#8221;1&#8243; font_family=&#8221;none&#8221;]RINOFLUIMUCIL[\/mk_fancy_title][\/vc_column][\/vc_row][vc_row css=&#8221;.vc_custom_1511777488502{padding-left: 10px !important;background-color: #e8f3f5 !important;}&#8221;][vc_column width=&#8221;2\/3&#8243;][mk_fancy_title color=&#8221;#005b85&#8243; size=&#8221;20&#8243; font_weight=&#8221;bold&#8221; letter_spacing=&#8221;1&#8243; font_family=&#8221;none&#8221;]CARATTERISTICHE[\/mk_fancy_title][vc_single_image image=&#8221;704&#8243; img_size=&#8221;full&#8221;][mk_fancy_title color=&#8221;#005b85&#8243; size=&#8221;20&#8243; font_weight=&#8221;bold&#8221; letter_spacing=&#8221;1&#8243; font_family=&#8221;none&#8221;]APPROFONDISCI L&#8217;ARGOMENTO[\/mk_fancy_title][vc_accordions action_style=&#8221;toggle-action&#8221; container_bg_color=&#8221;#e8f3f5&#8243; [&hellip;]<\/p>\n","protected":false},"author":2,"featured_media":0,"parent":623,"menu_order":0,"comment_status":"closed","ping_status":"closed","template":"","meta":{"_monsterinsights_skip_tracking":false,"_monsterinsights_sitenote_active":false,"_monsterinsights_sitenote_note":"","_monsterinsights_sitenote_category":0,"footnotes":""},"categories":[],"tags":[],"yst_prominent_words":[],"class_list":["post-699","page","type-page","status-publish","hentry"],"_links":{"self":[{"href":"https:\/\/www.fluimucil-erkaeltungshusten.ch\/it\/wp-json\/wp\/v2\/pages\/699","targetHints":{"allow":["GET"]}}],"collection":[{"href":"https:\/\/www.fluimucil-erkaeltungshusten.ch\/it\/wp-json\/wp\/v2\/pages"}],"about":[{"href":"https:\/\/www.fluimucil-erkaeltungshusten.ch\/it\/wp-json\/wp\/v2\/types\/page"}],"author":[{"embeddable":true,"href":"https:\/\/www.fluimucil-erkaeltungshusten.ch\/it\/wp-json\/wp\/v2\/users\/2"}],"replies":[{"embeddable":true,"href":"https:\/\/www.fluimucil-erkaeltungshusten.ch\/it\/wp-json\/wp\/v2\/comments?post=699"}],"version-history":[{"count":0,"href":"https:\/\/www.fluimucil-erkaeltungshusten.ch\/it\/wp-json\/wp\/v2\/pages\/699\/revisions"}],"up":[{"embeddable":true,"href":"https:\/\/www.fluimucil-erkaeltungshusten.ch\/it\/wp-json\/wp\/v2\/pages\/623"}],"wp:attachment":[{"href":"https:\/\/www.fluimucil-erkaeltungshusten.ch\/it\/wp-json\/wp\/v2\/media?parent=699"}],"wp:term":[{"taxonomy":"category","embeddable":true,"href":"https:\/\/www.fluimucil-erkaeltungshusten.ch\/it\/wp-json\/wp\/v2\/categories?post=699"},{"taxonomy":"post_tag","embeddable":true,"href":"https:\/\/www.fluimucil-erkaeltungshusten.ch\/it\/wp-json\/wp\/v2\/tags?post=699"},{"taxonomy":"yst_prominent_words","embeddable":true,"href":"https:\/\/www.fluimucil-erkaeltungshusten.ch\/it\/wp-json\/wp\/v2\/yst_prominent_words?post=699"}],"curies":[{"name":"wp","href":"https:\/\/api.w.org\/{rel}","templated":true}]}}