{"id":1017,"date":"2017-11-29T15:48:17","date_gmt":"2017-11-29T14:48:17","guid":{"rendered":"https:\/\/www.fluimucil-erkaeltungshusten.ch\/?page_id=1017"},"modified":"2017-12-14T16:55:26","modified_gmt":"2017-12-14T15:55:26","slug":"muco-nasale-come-fatto-e-come-funziona","status":"publish","type":"page","link":"https:\/\/www.fluimucil-erkaeltungshusten.ch\/it\/per-saperne-di-piu\/approfondimenti\/muco-nasale-come-fatto-e-come-funziona\/","title":{"rendered":"Muco nasale: com\u2019\u00e8 fatto e come funziona"},"content":{"rendered":"<div class=\"wpb-content-wrapper\">[mk_page_section vertical_align=&#8221;center&#8221; bg_image=&#8221;https:\/\/www.fluimucil-erkaeltungshusten.ch\/wp-content\/uploads\/2017\/11\/teaser_approfondimenti.jpg&#8221; bg_position=&#8221;center bottom&#8221; bg_repeat=&#8221;no-repeat&#8221; min_height=&#8221;575&#8243; padding_top=&#8221;120&#8243; padding_bottom=&#8221;0&#8243; sidebar=&#8221;sidebar-1&#8243;][vc_column][\/vc_column][\/mk_page_section][vc_row css=&#8221;.vc_custom_1511795486415{padding-top: 20px !important;padding-left: 10px !important;}&#8221;][vc_column width=&#8221;2\/3&#8243;][mk_fancy_title tag_name=&#8221;span&#8221; color=&#8221;#005982&#8243; size=&#8221;22&#8243; font_weight=&#8221;bold&#8221; letter_spacing=&#8221;1&#8243; font_family=&#8221;none&#8221;]APPROFONDIMENTI[\/mk_fancy_title][mk_fancy_title tag_name=&#8221;h1&#8243; color=&#8221;#005982&#8243; size=&#8221;20&#8243; line_height=&#8221;125&#8243; font_weight=&#8221;bold&#8221; font_family=&#8221;none&#8221;]Muco nasale: com\u2019\u00e8 fatto e come funziona[\/mk_fancy_title][vc_single_image source=&#8221;featured_image&#8221; img_size=&#8221;full&#8221;][vc_column_text css=&#8221;.vc_custom_1511966837136{margin-bottom: 0px !important;}&#8221;]Sebbene a molti possa risultare vagamente disgustoso, il\u00a0<a href=\"https:\/\/www.fluimucil-erkaeltungshusten.ch\/it\/Faq\/Glossario#m\" target=\"_self\">muco<\/a>\u00a0nasale prodotto dalle vie respiratorie \u00e8 un formidabile meccanismo di difesa dell\u2019<a href=\"https:\/\/www.fluimucil-erkaeltungshusten.ch\/it\/Faq\/Glossario#a\" target=\"_self\">apparato respiratorio<\/a>\u00a0su cui vale la pena soffermarsi per scoprire qualcosa di pi\u00f9.<\/p>\n<p>La composizione del\u00a0<a href=\"https:\/\/www.fluimucil-erkaeltungshusten.ch\/it\/Faq\/Glossario#m\" target=\"_self\">muco<\/a>\u00a0nasale \u00e8 relativamente semplice: si tratta di un gel viscoso a base di acqua, glicoproteine, sali e lipidi; quando siamo malati, all\u2019interno \u00e8 possibile ritrovare immunoglobluline (anticorpi) ed enzimi antisettici in grado di rappresentare una prima barriera contro le infezioni.<\/p>\n<p>Le glicoproteine contenute nel\u00a0<a href=\"https:\/\/www.fluimucil-erkaeltungshusten.ch\/it\/Faq\/Glossario#m\" target=\"_self\">muco<\/a>\u00a0sono delle proteine complesse che comprendono, all\u2019interno della loro struttura, dei carboidrati; la composizione delle glicoproteine permette il formarsi di legami molecolari molto saldi, in grado di intrappolare le particelle; si spiega cos\u00ec, dunque, la particolare viscosit\u00e0 del liquido.<\/p>\n<p>Il\u00a0<a href=\"https:\/\/www.fluimucil-erkaeltungshusten.ch\/it\/Faq\/Glossario#m\" target=\"_self\">muco<\/a>\u00a0\u00e8 secreto da apposite ghiandole, dette mucipare, posizionate lungo le cavit\u00e0 nasali e la trachea. La sua funzione primaria \u00e8 duplice: in primo luogo, riveste e mantiene umidificate e lubrificate le sensibili membrane epiteliali delle vie aeree; in secondo luogo, la natura viscosa del\u00a0<a href=\"https:\/\/www.fluimucil-erkaeltungshusten.ch\/it\/Faq\/Glossario#m\" target=\"_self\">muco<\/a>\u00a0permette di bloccare e catturare i corpi estranei inspirati con l\u2019aria, evitandone l\u2019entrata nei polmoni ed espellendoli tramite la clearance mucociliare, la\u00a0<a href=\"https:\/\/www.fluimucil-erkaeltungshusten.ch\/it\/Faq\/Glossario#t\" target=\"_self\">tosse<\/a>\u00a0e gli\u00a0<a href=\"https:\/\/www.fluimucil-erkaeltungshusten.ch\/it\/Faq\/Glossario#s\" target=\"_self\">starnuti<\/a>.<\/p>\n<p>Quando, a causa del freddo o di irritazioni, il ciclo di smaltimento del\u00a0<a href=\"https:\/\/www.fluimucil-erkaeltungshusten.ch\/it\/Faq\/Glossario#m\" target=\"_self\">muco<\/a>\u00a0si arresta, i batteri o virus presenti possono scatenare delle infezioni; il\u00a0<a href=\"https:\/\/www.fluimucil-erkaeltungshusten.ch\/it\/Faq\/Glossario#m\" target=\"_self\">muco<\/a>\u00a0interessato dall\u2019attacco e dalla conseguente risposta infiammatoria si trasforma in\u00a0<a href=\"https:\/\/www.fluimucil-erkaeltungshusten.ch\/it\/Faq\/Glossario#c\" target=\"_self\">catarro<\/a>\u00a0e si accumula nelle vie aeree, ostruendole. Si verificano cos\u00ec sintomi quali il cosiddetto \u201cnaso chiuso\u201d o la\u00a0<a href=\"https:\/\/www.fluimucil-erkaeltungshusten.ch\/it\/Faq\/Glossario#t\" target=\"_self\">tosse grassa<\/a>, i quali richiedono la fluidificazione del\u00a0<a href=\"https:\/\/www.fluimucil-erkaeltungshusten.ch\/it\/Faq\/Glossario#c\" target=\"_self\">catarro<\/a>per una pi\u00f9 facile espulsione.[\/vc_column_text][mk_button dimension=&#8221;flat&#8221; corner_style=&#8221;full_rounded&#8221; size=&#8221;medium&#8221; url=&#8221;\/it\/per-saperne-di-piu\/approfondimenti&#8221; margin_top=&#8221;30&#8243; margin_right=&#8221;0&#8243; bg_color=&#8221;#00768e&#8221; btn_hover_bg=&#8221;rgba(0,118,142,0.75)&#8221;]Torna indietro[\/mk_button][\/vc_column][vc_column width=&#8221;1\/12&#8243;][\/vc_column][vc_column width=&#8221;1\/4&#8243;][vc_wp_custommenu nav_menu=&#8221;14&#8243;][mk_icon_box icon=&#8221;mk-moon-temperature&#8221; title=&#8221;SINTOMI E DISTURBI&#8221; text_size=&#8221;13&#8243; read_more_txt=&#8221;Vai alla sezione&#8221; read_more_url=&#8221;\/it\/Sintomi-e-Disturbi\/Tosse-grassa&#8221; style=&#8221;boxed&#8221; icon_location=&#8221;top&#8221; icon_color=&#8221;#075985&#8243; icon_circle_color=&#8221;&#8221; title_color=&#8221;#075985&#8243; txt_color=&#8221;#00768e&#8221; el_class=&#8221;side-icon-box&#8221;]Ulteriori informazioni sui malanni di stagione.[\/mk_icon_box][\/vc_column][\/vc_row]\n<\/div>","protected":false},"excerpt":{"rendered":"<p>Sebbene a molti possa risultare vagamente disgustoso, il muco nasale prodotto dalle vie respiratorie \u00e8 un&#8230;<\/p>\n","protected":false},"author":2,"featured_media":1018,"parent":985,"menu_order":0,"comment_status":"closed","ping_status":"closed","template":"","meta":{"_monsterinsights_skip_tracking":false,"_monsterinsights_sitenote_active":false,"_monsterinsights_sitenote_note":"","_monsterinsights_sitenote_category":0,"footnotes":""},"categories":[16],"tags":[],"yst_prominent_words":[],"class_list":["post-1017","page","type-page","status-publish","has-post-thumbnail","hentry","category-approfondimenti"],"_links":{"self":[{"href":"https:\/\/www.fluimucil-erkaeltungshusten.ch\/it\/wp-json\/wp\/v2\/pages\/1017","targetHints":{"allow":["GET"]}}],"collection":[{"href":"https:\/\/www.fluimucil-erkaeltungshusten.ch\/it\/wp-json\/wp\/v2\/pages"}],"about":[{"href":"https:\/\/www.fluimucil-erkaeltungshusten.ch\/it\/wp-json\/wp\/v2\/types\/page"}],"author":[{"embeddable":true,"href":"https:\/\/www.fluimucil-erkaeltungshusten.ch\/it\/wp-json\/wp\/v2\/users\/2"}],"replies":[{"embeddable":true,"href":"https:\/\/www.fluimucil-erkaeltungshusten.ch\/it\/wp-json\/wp\/v2\/comments?post=1017"}],"version-history":[{"count":0,"href":"https:\/\/www.fluimucil-erkaeltungshusten.ch\/it\/wp-json\/wp\/v2\/pages\/1017\/revisions"}],"up":[{"embeddable":true,"href":"https:\/\/www.fluimucil-erkaeltungshusten.ch\/it\/wp-json\/wp\/v2\/pages\/985"}],"wp:featuredmedia":[{"embeddable":true,"href":"https:\/\/www.fluimucil-erkaeltungshusten.ch\/it\/wp-json\/wp\/v2\/media\/1018"}],"wp:attachment":[{"href":"https:\/\/www.fluimucil-erkaeltungshusten.ch\/it\/wp-json\/wp\/v2\/media?parent=1017"}],"wp:term":[{"taxonomy":"category","embeddable":true,"href":"https:\/\/www.fluimucil-erkaeltungshusten.ch\/it\/wp-json\/wp\/v2\/categories?post=1017"},{"taxonomy":"post_tag","embeddable":true,"href":"https:\/\/www.fluimucil-erkaeltungshusten.ch\/it\/wp-json\/wp\/v2\/tags?post=1017"},{"taxonomy":"yst_prominent_words","embeddable":true,"href":"https:\/\/www.fluimucil-erkaeltungshusten.ch\/it\/wp-json\/wp\/v2\/yst_prominent_words?post=1017"}],"curies":[{"name":"wp","href":"https:\/\/api.w.org\/{rel}","templated":true}]}}