{"id":1011,"date":"2017-11-29T15:43:47","date_gmt":"2017-11-29T14:43:47","guid":{"rendered":"https:\/\/www.fluimucil-erkaeltungshusten.ch\/?page_id=1011"},"modified":"2017-12-14T16:55:27","modified_gmt":"2017-12-14T15:55:27","slug":"quando-cola-il-naso-la-rinorrea","status":"publish","type":"page","link":"https:\/\/www.fluimucil-erkaeltungshusten.ch\/it\/per-saperne-di-piu\/approfondimenti\/quando-cola-il-naso-la-rinorrea\/","title":{"rendered":"Quando cola il naso: la rinorrea"},"content":{"rendered":"<div class=\"wpb-content-wrapper\">[mk_page_section vertical_align=&#8221;center&#8221; bg_image=&#8221;https:\/\/www.fluimucil-erkaeltungshusten.ch\/wp-content\/uploads\/2017\/11\/teaser_approfondimenti.jpg&#8221; bg_position=&#8221;center bottom&#8221; bg_repeat=&#8221;no-repeat&#8221; min_height=&#8221;575&#8243; padding_top=&#8221;120&#8243; padding_bottom=&#8221;0&#8243; sidebar=&#8221;sidebar-1&#8243;][vc_column][\/vc_column][\/mk_page_section][vc_row css=&#8221;.vc_custom_1511795486415{padding-top: 20px !important;padding-left: 10px !important;}&#8221;][vc_column width=&#8221;2\/3&#8243;][mk_fancy_title tag_name=&#8221;span&#8221; color=&#8221;#005982&#8243; size=&#8221;22&#8243; font_weight=&#8221;bold&#8221; letter_spacing=&#8221;1&#8243; font_family=&#8221;none&#8221;]APPROFONDIMENTI[\/mk_fancy_title][mk_fancy_title tag_name=&#8221;h1&#8243; color=&#8221;#005982&#8243; size=&#8221;20&#8243; line_height=&#8221;125&#8243; font_weight=&#8221;bold&#8221; font_family=&#8221;none&#8221;]Quando cola il naso: la rinorrea[\/mk_fancy_title][vc_single_image source=&#8221;featured_image&#8221; img_size=&#8221;full&#8221;][vc_column_text css=&#8221;.vc_custom_1511966570101{margin-bottom: 0px !important;}&#8221;]Uno dei principali sintomi delle malattie da raffreddamento \u00e8 il cosiddetto \u201cnaso che cola\u201d o, in termini medici, \u201c<a href=\"https:\/\/www.fluimucil-erkaeltungshusten.ch\/it\/Faq\/Glossario#r\" target=\"_self\">rinorrea<\/a>\u201d, dal greco \u201crhinos\u201d (naso) e \u201creo\u201d (scorrere).<\/p>\n<p>La\u00a0<a href=\"https:\/\/www.fluimucil-erkaeltungshusten.ch\/it\/Faq\/Glossario#r\" target=\"_self\">rinorrea<\/a>\u00a0\u00e8 dovuta al\u00a0<a href=\"https:\/\/www.fluimucil-erkaeltungshusten.ch\/it\/Faq\/Glossario#m\" target=\"_self\">muco<\/a>\u00a0secreto dall\u2019<a href=\"https:\/\/www.fluimucil-erkaeltungshusten.ch\/it\/Faq\/Glossario#a\" target=\"_self\">apparato respiratorio<\/a>\u00a0per difendersi dagli agenti esterni: la frequente concomitanza con gli accumuli di\u00a0<a href=\"https:\/\/www.fluimucil-erkaeltungshusten.ch\/it\/Faq\/Glossario#c\" target=\"_self\">catarro<\/a>\u00a0potrebbe far pensare a un\u2019origine comune tra il\u00a0<a href=\"https:\/\/www.fluimucil-erkaeltungshusten.ch\/it\/Faq\/Glossario#m\" target=\"_self\">muco<\/a>\u00a0che cola dal naso e quello che causa\u00a0<a href=\"https:\/\/www.fluimucil-erkaeltungshusten.ch\/it\/Faq\/Glossario#t\" target=\"_self\">tosse grassa<\/a>, ma in realt\u00e0 non \u00e8 cos\u00ec. Mentre infatti il\u00a0<a href=\"https:\/\/www.fluimucil-erkaeltungshusten.ch\/it\/Faq\/Glossario#c\" target=\"_self\">catarro<\/a>\u00a0\u00e8 il\u00a0<a href=\"https:\/\/www.fluimucil-erkaeltungshusten.ch\/it\/Faq\/Glossario#m\" target=\"_self\">muco<\/a>\u00a0prodotto dalle ghiandole mucipare dei bronchi, il\u00a0<a href=\"https:\/\/www.fluimucil-erkaeltungshusten.ch\/it\/Faq\/Glossario#m\" target=\"_self\">muco<\/a>\u00a0tipico della\u00a0<a href=\"https:\/\/www.fluimucil-erkaeltungshusten.ch\/it\/Faq\/Glossario#r\" target=\"_self\">rinorrea<\/a>\u00a0viene prodotto in eccesso dalle mucose nasali per diverse cause, come ad esempio squilibri termodinamici dovuti al freddo secco,\u00a0<a href=\"https:\/\/www.fluimucil-erkaeltungshusten.ch\/it\/Faq\/Glossario#i\" target=\"_self\">infiammazioni<\/a>\u00a0da virus o\u00a0<a href=\"https:\/\/www.fluimucil-erkaeltungshusten.ch\/it\/Faq\/Glossario#c\" target=\"_self\">congestioni nasali<\/a>\u00a0dovute a reazioni allergiche.<\/p>\n<p>Le ghiandole mucipare del naso vengono sollecitate a produrre molto pi\u00f9\u00a0<a href=\"https:\/\/www.fluimucil-erkaeltungshusten.ch\/it\/Faq\/Glossario#m\" target=\"_self\">muco<\/a>, per umidificare e proteggere i delicati tessuti della mucosa, con il risultato di creare l\u2019accumulo e la conseguente colatura quasi continua. In questo processo, pu\u00f2 talvolta capitare che dell\u2019aria rimanga intrappolata nelle cavit\u00e0 nasali: la pressione interna aumenta e si avverte dolore e quel senso di oppressione facciale e stordimento tipico dei raffreddori pi\u00f9 forti.<\/p>\n<p>Solitamente la\u00a0<a href=\"https:\/\/www.fluimucil-erkaeltungshusten.ch\/it\/Faq\/Glossario#r\" target=\"_self\">rinorrea<\/a>\u00a0si risolve in poco tempo parallelamente all\u2019infezione che l\u2019ha causata; tutto quel che bisogna fare \u00e8 armarsi di un\u00a0<a href=\"https:\/\/www.fluimucil-erkaeltungshusten.ch\/it\/Faq\/Glossario#d\" target=\"_self\">decongestionante<\/a>\u00a0e un\u00a0<a href=\"https:\/\/www.fluimucil-erkaeltungshusten.ch\/it\/Faq\/Glossario#m\" target=\"_self\">mucolitico<\/a>\u00a0per affrontare i momenti pi\u00f9 disagevoli, di una buona scorta di fazzoletti e, soprattutto, di molta pazienza.<\/p>\n<p>Per maggiori informazioni rivolgersi allo specialista.[\/vc_column_text][mk_button dimension=&#8221;flat&#8221; corner_style=&#8221;full_rounded&#8221; size=&#8221;medium&#8221; url=&#8221;\/it\/per-saperne-di-piu\/approfondimenti&#8221; margin_top=&#8221;30&#8243; margin_right=&#8221;0&#8243; bg_color=&#8221;#00768e&#8221; btn_hover_bg=&#8221;rgba(0,118,142,0.75)&#8221;]Torna indietro[\/mk_button][\/vc_column][vc_column width=&#8221;1\/12&#8243;][\/vc_column][vc_column width=&#8221;1\/4&#8243;][vc_wp_custommenu nav_menu=&#8221;14&#8243;][mk_icon_box icon=&#8221;mk-moon-temperature&#8221; title=&#8221;SINTOMI E DISTURBI&#8221; text_size=&#8221;13&#8243; read_more_txt=&#8221;Vai alla sezione&#8221; read_more_url=&#8221;\/it\/Sintomi-e-Disturbi\/Tosse-grassa&#8221; style=&#8221;boxed&#8221; icon_location=&#8221;top&#8221; icon_color=&#8221;#075985&#8243; icon_circle_color=&#8221;&#8221; title_color=&#8221;#075985&#8243; txt_color=&#8221;#00768e&#8221; el_class=&#8221;side-icon-box&#8221;]Ulteriori informazioni sui malanni di stagione.[\/mk_icon_box][\/vc_column][\/vc_row]\n<\/div>","protected":false},"excerpt":{"rendered":"<p>Uno dei principali sintomi delle malattie da raffreddamento \u00e8 il cosiddetto \u201cnaso che cola\u201d o, in&#8230;<\/p>\n","protected":false},"author":2,"featured_media":1012,"parent":985,"menu_order":0,"comment_status":"closed","ping_status":"closed","template":"","meta":{"_monsterinsights_skip_tracking":false,"_monsterinsights_sitenote_active":false,"_monsterinsights_sitenote_note":"","_monsterinsights_sitenote_category":0,"footnotes":""},"categories":[16],"tags":[],"yst_prominent_words":[],"class_list":["post-1011","page","type-page","status-publish","has-post-thumbnail","hentry","category-approfondimenti"],"_links":{"self":[{"href":"https:\/\/www.fluimucil-erkaeltungshusten.ch\/it\/wp-json\/wp\/v2\/pages\/1011","targetHints":{"allow":["GET"]}}],"collection":[{"href":"https:\/\/www.fluimucil-erkaeltungshusten.ch\/it\/wp-json\/wp\/v2\/pages"}],"about":[{"href":"https:\/\/www.fluimucil-erkaeltungshusten.ch\/it\/wp-json\/wp\/v2\/types\/page"}],"author":[{"embeddable":true,"href":"https:\/\/www.fluimucil-erkaeltungshusten.ch\/it\/wp-json\/wp\/v2\/users\/2"}],"replies":[{"embeddable":true,"href":"https:\/\/www.fluimucil-erkaeltungshusten.ch\/it\/wp-json\/wp\/v2\/comments?post=1011"}],"version-history":[{"count":0,"href":"https:\/\/www.fluimucil-erkaeltungshusten.ch\/it\/wp-json\/wp\/v2\/pages\/1011\/revisions"}],"up":[{"embeddable":true,"href":"https:\/\/www.fluimucil-erkaeltungshusten.ch\/it\/wp-json\/wp\/v2\/pages\/985"}],"wp:featuredmedia":[{"embeddable":true,"href":"https:\/\/www.fluimucil-erkaeltungshusten.ch\/it\/wp-json\/wp\/v2\/media\/1012"}],"wp:attachment":[{"href":"https:\/\/www.fluimucil-erkaeltungshusten.ch\/it\/wp-json\/wp\/v2\/media?parent=1011"}],"wp:term":[{"taxonomy":"category","embeddable":true,"href":"https:\/\/www.fluimucil-erkaeltungshusten.ch\/it\/wp-json\/wp\/v2\/categories?post=1011"},{"taxonomy":"post_tag","embeddable":true,"href":"https:\/\/www.fluimucil-erkaeltungshusten.ch\/it\/wp-json\/wp\/v2\/tags?post=1011"},{"taxonomy":"yst_prominent_words","embeddable":true,"href":"https:\/\/www.fluimucil-erkaeltungshusten.ch\/it\/wp-json\/wp\/v2\/yst_prominent_words?post=1011"}],"curies":[{"name":"wp","href":"https:\/\/api.w.org\/{rel}","templated":true}]}}