{"id":1002,"date":"2017-11-29T15:37:18","date_gmt":"2017-11-29T14:37:18","guid":{"rendered":"https:\/\/www.fluimucil-erkaeltungshusten.ch\/?page_id=1002"},"modified":"2017-12-14T16:55:26","modified_gmt":"2017-12-14T15:55:26","slug":"lolfatto","status":"publish","type":"page","link":"https:\/\/www.fluimucil-erkaeltungshusten.ch\/it\/per-saperne-di-piu\/approfondimenti\/lolfatto\/","title":{"rendered":"L&#8217;olfatto"},"content":{"rendered":"<div class=\"wpb-content-wrapper\">[mk_page_section vertical_align=&#8221;center&#8221; bg_image=&#8221;https:\/\/www.fluimucil-erkaeltungshusten.ch\/wp-content\/uploads\/2017\/11\/teaser_approfondimenti.jpg&#8221; bg_position=&#8221;center bottom&#8221; bg_repeat=&#8221;no-repeat&#8221; min_height=&#8221;575&#8243; padding_top=&#8221;120&#8243; padding_bottom=&#8221;0&#8243; sidebar=&#8221;sidebar-1&#8243;][vc_column][\/vc_column][\/mk_page_section][vc_row css=&#8221;.vc_custom_1511795486415{padding-top: 20px !important;padding-left: 10px !important;}&#8221;][vc_column width=&#8221;2\/3&#8243;][mk_fancy_title tag_name=&#8221;span&#8221; color=&#8221;#005982&#8243; size=&#8221;22&#8243; font_weight=&#8221;bold&#8221; letter_spacing=&#8221;1&#8243; font_family=&#8221;none&#8221;]APPROFONDIMENTI[\/mk_fancy_title][mk_fancy_title tag_name=&#8221;h1&#8243; color=&#8221;#005982&#8243; size=&#8221;20&#8243; line_height=&#8221;125&#8243; font_weight=&#8221;bold&#8221; font_family=&#8221;none&#8221;]L\u02bcolfatto[\/mk_fancy_title][vc_single_image source=&#8221;featured_image&#8221; img_size=&#8221;full&#8221;][vc_column_text css=&#8221;.vc_custom_1511966151298{margin-bottom: 0px !important;}&#8221;]Per l\u2019<a href=\"https:\/\/www.fluimucil-erkaeltungshusten.ch\/it\/Faq\/Glossario#a\" target=\"_self\">apparato respiratorio<\/a>, l\u2019aria primaverile presenta diversi rischi, tra l\u2019eventualit\u00e0 di tardive infezioni virali e la presenza di allergeni. D\u2019altro canto, il mondo che ci circonda in primavera ci pone davanti fiori, frutti, luoghi e ambienti piacevoli da esplorare con tutti i sensi, tra cui quello pi\u00f9 legato alla\u00a0<a href=\"https:\/\/www.fluimucil-erkaeltungshusten.ch\/it\/Faq\/Glossario#r\" target=\"_self\">respirazione<\/a>: l\u2019olfatto.<\/p>\n<p>Come universalmente riconosciuto, i recettori olfattivi che identificano, nell\u2019aria inspirata, la presenza, la concentrazione, la qualit\u00e0 e l\u2019identit\u00e0 di gas e molecole volatili chiamate odoranti, si trovano nel naso, e pi\u00f9 precisamente nel cosiddetto epitelio olfattivo, un tessuto disposto lungo tutte le pareti della cavit\u00e0 nasale.<\/p>\n<p>L\u2019epitelio olfattivo \u00e8 collegato direttamente al bulbo olfattivo, composto da un fascio di terminazioni nervose dove avviene la prima decodifica delle informazioni che, portate al cervello attraverso il nervo olfattivo, ci consentono di percepire gli odori.<\/p>\n<p>Sebbene non sia sviluppato come negli altri animali a causa della minor quantit\u00e0 e densit\u00e0 dei recettori, il senso dell\u2019olfatto riveste comunque una grande importanza nella percezione umana.<\/p>\n<p>Si tratta infatti del senso pi\u00f9 immediato, grazie al fatto che \u00e8 l\u2019unica percezione sensoriale ad avere un accesso diretto al cervello; non a caso, i neonati riconoscono la madre semplicemente attraverso l\u2019olfatto. Quella olfattiva, poi, \u00e8 la memoria sensoriale pi\u00f9 efficace; si pensi che l\u2019uomo ricorda addirittura il 35% di ci\u00f2 che annusa, contro il 5% della vista e il 2% dell\u2019udito.<\/p>\n<p>Infine, l\u2019odorato gioca anche un ruolo fondamentale nella percezione dei gusti: da un punto evoluzionistico, olfatto e gusto sono strettamente collegati per poter riconoscere con precisione gli alimenti che nutrono e fanno bene da quelli putrefatti o velenosi che mettono a rischio la salute. Si spiega del resto cos\u00ec la perdita della capacit\u00e0 di assaporare i cibi che si avverte quando il naso \u00e8 chiuso, a causa di una\u00a0<a href=\"https:\/\/www.fluimucil-erkaeltungshusten.ch\/it\/Faq\/Glossario#c\" target=\"_self\">congestione<\/a>\u00a0come quella del\u00a0<a href=\"https:\/\/www.fluimucil-erkaeltungshusten.ch\/it\/Faq\/Glossario#r\" target=\"_self\">raffreddore<\/a>\u00a0o delle allergie respiratorie.<\/p>\n<p>Il piacere e l\u2019utilit\u00e0 di poter percepire gli odori, siano essi piacevoli o sgradevoli, rappresenta dunque un ulteriore motivo per il quale \u00e8 importante sforzarsi di mantenere sempre in salute le vie aeree superiori.[\/vc_column_text][mk_button dimension=&#8221;flat&#8221; corner_style=&#8221;full_rounded&#8221; size=&#8221;medium&#8221; url=&#8221;\/it\/per-saperne-di-piu\/approfondimenti&#8221; margin_top=&#8221;30&#8243; margin_right=&#8221;0&#8243; bg_color=&#8221;#00768e&#8221; btn_hover_bg=&#8221;rgba(0,118,142,0.75)&#8221;]Torna indietro[\/mk_button][\/vc_column][vc_column width=&#8221;1\/12&#8243;][\/vc_column][vc_column width=&#8221;1\/4&#8243;][vc_wp_custommenu nav_menu=&#8221;14&#8243;][mk_icon_box icon=&#8221;mk-moon-temperature&#8221; title=&#8221;SINTOMI E DISTURBI&#8221; text_size=&#8221;13&#8243; read_more_txt=&#8221;Vai alla sezione&#8221; read_more_url=&#8221;\/it\/Sintomi-e-Disturbi\/Tosse-grassa&#8221; style=&#8221;boxed&#8221; icon_location=&#8221;top&#8221; icon_color=&#8221;#075985&#8243; icon_circle_color=&#8221;&#8221; title_color=&#8221;#075985&#8243; txt_color=&#8221;#00768e&#8221; el_class=&#8221;side-icon-box&#8221;]Ulteriori informazioni sui malanni di stagione.[\/mk_icon_box][\/vc_column][\/vc_row]\n<\/div>","protected":false},"excerpt":{"rendered":"<p>Per l\u2019apparato respiratorio, l\u2019aria primaverile presenta diversi rischi, tra l\u2019eventualit\u00e0&#8230;<\/p>\n","protected":false},"author":2,"featured_media":1003,"parent":985,"menu_order":0,"comment_status":"closed","ping_status":"closed","template":"","meta":{"_monsterinsights_skip_tracking":false,"_monsterinsights_sitenote_active":false,"_monsterinsights_sitenote_note":"","_monsterinsights_sitenote_category":0,"footnotes":""},"categories":[16],"tags":[],"yst_prominent_words":[],"class_list":["post-1002","page","type-page","status-publish","has-post-thumbnail","hentry","category-approfondimenti"],"_links":{"self":[{"href":"https:\/\/www.fluimucil-erkaeltungshusten.ch\/it\/wp-json\/wp\/v2\/pages\/1002","targetHints":{"allow":["GET"]}}],"collection":[{"href":"https:\/\/www.fluimucil-erkaeltungshusten.ch\/it\/wp-json\/wp\/v2\/pages"}],"about":[{"href":"https:\/\/www.fluimucil-erkaeltungshusten.ch\/it\/wp-json\/wp\/v2\/types\/page"}],"author":[{"embeddable":true,"href":"https:\/\/www.fluimucil-erkaeltungshusten.ch\/it\/wp-json\/wp\/v2\/users\/2"}],"replies":[{"embeddable":true,"href":"https:\/\/www.fluimucil-erkaeltungshusten.ch\/it\/wp-json\/wp\/v2\/comments?post=1002"}],"version-history":[{"count":0,"href":"https:\/\/www.fluimucil-erkaeltungshusten.ch\/it\/wp-json\/wp\/v2\/pages\/1002\/revisions"}],"up":[{"embeddable":true,"href":"https:\/\/www.fluimucil-erkaeltungshusten.ch\/it\/wp-json\/wp\/v2\/pages\/985"}],"wp:featuredmedia":[{"embeddable":true,"href":"https:\/\/www.fluimucil-erkaeltungshusten.ch\/it\/wp-json\/wp\/v2\/media\/1003"}],"wp:attachment":[{"href":"https:\/\/www.fluimucil-erkaeltungshusten.ch\/it\/wp-json\/wp\/v2\/media?parent=1002"}],"wp:term":[{"taxonomy":"category","embeddable":true,"href":"https:\/\/www.fluimucil-erkaeltungshusten.ch\/it\/wp-json\/wp\/v2\/categories?post=1002"},{"taxonomy":"post_tag","embeddable":true,"href":"https:\/\/www.fluimucil-erkaeltungshusten.ch\/it\/wp-json\/wp\/v2\/tags?post=1002"},{"taxonomy":"yst_prominent_words","embeddable":true,"href":"https:\/\/www.fluimucil-erkaeltungshusten.ch\/it\/wp-json\/wp\/v2\/yst_prominent_words?post=1002"}],"curies":[{"name":"wp","href":"https:\/\/api.w.org\/{rel}","templated":true}]}}