{"id":1570,"date":"2017-11-29T15:46:20","date_gmt":"2017-11-29T14:46:20","guid":{"rendered":"https:\/\/www.fluimucil-erkaeltungshusten.ch\/pour-en-savoir-plus\/approfondissements\/come-funzionano-i-suffumigi\/"},"modified":"2017-12-16T16:16:29","modified_gmt":"2017-12-16T15:16:29","slug":"comment-fonctionnent-les-fumigations","status":"publish","type":"page","link":"https:\/\/www.fluimucil-erkaeltungshusten.ch\/fr\/pour-en-savoir-plus\/approfondissements\/comment-fonctionnent-les-fumigations\/","title":{"rendered":"Comment fonctionnent les fumigations"},"content":{"rendered":"<div class=\"wpb-content-wrapper\">[mk_page_section vertical_align=\u00a0\u00bbcenter\u00a0\u00bb bg_image=\u00a0\u00bbhttps:\/\/www.fluimucil-erkaeltungshusten.ch\/wp-content\/uploads\/2017\/11\/teaser_approfondimenti.jpg\u00a0\u00bb bg_position=\u00a0\u00bbcenter bottom\u00a0\u00bb bg_repeat=\u00a0\u00bbno-repeat\u00a0\u00bb min_height=\u00a0\u00bb575&Prime; padding_top=\u00a0\u00bb120&Prime; padding_bottom=\u00a0\u00bb0&Prime; sidebar=\u00a0\u00bbsidebar-1&Prime;][vc_column][\/vc_column][\/mk_page_section][vc_row css=\u00a0\u00bb.vc_custom_1511795486415{padding-top: 20px !important;padding-left: 10px !important;}\u00a0\u00bb][vc_column width=\u00a0\u00bb2\/3&Prime;][mk_fancy_title tag_name=\u00a0\u00bbspan\u00a0\u00bb color=\u00a0\u00bb#005982&Prime; size=\u00a0\u00bb22&Prime; font_weight=\u00a0\u00bbbold\u00a0\u00bb letter_spacing=\u00a0\u00bb1&Prime; font_family=\u00a0\u00bbnone\u00a0\u00bb]APPROFONDISSEMENTS[\/mk_fancy_title][mk_fancy_title tag_name=\u00a0\u00bbh1&Prime; color=\u00a0\u00bb#005982&Prime; size=\u00a0\u00bb20&Prime; line_height=\u00a0\u00bb125&Prime; font_weight=\u00a0\u00bbbold\u00a0\u00bb font_family=\u00a0\u00bbnone\u00a0\u00bb]Comment fonctionnent les fumigations[\/mk_fancy_title][vc_single_image source=\u00a0\u00bbfeatured_image\u00a0\u00bb img_size=\u00a0\u00bbfull\u00a0\u00bb][vc_column_text css=\u00a0\u00bb.vc_custom_1513085625791{margin-bottom: 0px !important;}\u00a0\u00bb]L&rsquo;inhalation de vapeurs d&rsquo;eau chaude dans laquelle a \u00e9t\u00e9 infus\u00e9e une substance sp\u00e9cifique, ou la pulv\u00e9risation de m\u00e9dicaments \u00e0 l&rsquo;aide d\u2019appareils con\u00e7us \u00e0 cet effet, pr\u00e9sente des avantages non n\u00e9gligeables dans le traitement des troubles respiratoires.<\/p>\n<p>La fumigation est une m\u00e9thode traditionnelle tr\u00e8s efficace lorsqu&rsquo;elle accompagne un traitement m\u00e9dicamenteux courant, afin de contrer les sympt\u00f4mes tels que la\u00a0<a href=\"https:\/\/www.fluimucil-erkaeltungshusten.ch\/fr\/Faq\/Glossaire#t\" target=\"_self\">toux grasse<\/a>, le\u00a0<a href=\"https:\/\/www.fluimucil-erkaeltungshusten.ch\/fr\/Faq\/Glossaire#r\" target=\"_self\">rhume<\/a>\u00a0et la\u00a0<a href=\"https:\/\/www.fluimucil-erkaeltungshusten.ch\/fr\/Faq\/Glossaire#c\" target=\"_self\">congestion nasale<\/a>.<\/p>\n<p>Techniquement, les fumigations sont des inhalations de vapeur d&rsquo;eau chaude dans laquelle certaines substances sont infus\u00e9es : on positionne le visage \u00e0 quelques dizaines de centim\u00e8tres au-dessus d&rsquo;un r\u00e9cipient d&rsquo;eau chaude, utilisant une serviette pour couvrir la t\u00eate et le r\u00e9cipient et on inhale \u00e0 pleins poumons, aussi bien par le nez, qu\u2019avec la bouche.<\/p>\n<p>\u00c0 haute temp\u00e9rature, l&rsquo;eau s&rsquo;\u00e9vapore et se transforme en suspension de particules tr\u00e8s fines. Les minuscules gouttelettes inhal\u00e9s permettent \u00e0 la substance dissoute dans l&rsquo;eau d\u2019acc\u00e9der facilement et efficacement \u00e0 toutes les surfaces des muqueuses internes, pour une action rapide et g\u00e9n\u00e9ralis\u00e9e. La vapeur d&rsquo;eau inhal\u00e9e, gr\u00e2ce \u00e0 sa temp\u00e9rature, peut \u00e9galement permettre de fluidifier le\u00a0<a href=\"https:\/\/www.fluimucil-erkaeltungshusten.ch\/fr\/Faq\/Glossaire#m\" target=\"_self\">mucus<\/a>accumul\u00e9 et en facilite l\u2019expectoration.<\/p>\n<p>Parmi les fumigations les plus b\u00e9n\u00e9fiques pour la sant\u00e9 des voies respiratoires, il y a des substances faciles \u00e0 trouver :<\/p>\n<ul>\n<li>le bicarbonate de soude ainsi que le gros sel de cuisine permettant de d\u00e9gager les voies respiratoires encombr\u00e9es ;<\/li>\n<li>l&rsquo;effet apaisant de la camomille contre les irritations procure un soulagement ;<\/li>\n<li>les propri\u00e9t\u00e9s balsamiques de l\u2019eucalyptus permettent de d\u00e9congestionner les muqueuses enflamm\u00e9es.<\/li>\n<\/ul>\n<p>Pour plus d&rsquo;informations, veuillez consulter un sp\u00e9cialiste.[\/vc_column_text][mk_button dimension=\u00a0\u00bbflat\u00a0\u00bb corner_style=\u00a0\u00bbfull_rounded\u00a0\u00bb size=\u00a0\u00bbmedium\u00a0\u00bb url=\u00a0\u00bb\/fr\/pour-en-savoir-plus\/approfondissements\/\u00a0\u00bb margin_top=\u00a0\u00bb30&Prime; margin_right=\u00a0\u00bb0&Prime; bg_color=\u00a0\u00bb#00768e\u00a0\u00bb btn_hover_bg=\u00a0\u00bbrgba(0,118,142,0.75)\u00a0\u00bb]Retour[\/mk_button][\/vc_column][vc_column width=\u00a0\u00bb1\/12&Prime;][\/vc_column][vc_column width=\u00a0\u00bb1\/4&Prime;][vc_wp_custommenu nav_menu=\u00a0\u00bb14&Prime;][mk_icon_box icon=\u00a0\u00bbmk-moon-temperature\u00a0\u00bb title=\u00a0\u00bbSYMPT\u00d4MES ET TROUBLES\u00a0\u00bb text_size=\u00a0\u00bb13&Prime; read_more_txt=\u00a0\u00bbAllez \u00e0 la section\u00a0\u00bb read_more_url=\u00a0\u00bb\/fr\/Symptomes-et-Troubles\/Toux-grasse\u00a0\u00bb style=\u00a0\u00bbboxed\u00a0\u00bb icon_location=\u00a0\u00bbtop\u00a0\u00bb icon_color=\u00a0\u00bb#075985&Prime; icon_circle_color=\u00a0\u00bb\u00a0\u00bb title_color=\u00a0\u00bb#075985&Prime; txt_color=\u00a0\u00bb#00768e\u00a0\u00bb el_class=\u00a0\u00bbside-icon-box\u00a0\u00bb]Plus d\u2019informations sur les maux saisonniers.[\/mk_icon_box][\/vc_column][\/vc_row]\n<\/div>","protected":false},"excerpt":{"rendered":"<p>L&rsquo;inhalation de vapeurs d&rsquo;eau chaude dans laquelle a \u00e9t\u00e9 infus\u00e9e une substance&#8230;<\/p>\n","protected":false},"author":2,"featured_media":1015,"parent":1559,"menu_order":0,"comment_status":"closed","ping_status":"closed","template":"","meta":{"_monsterinsights_skip_tracking":false,"_monsterinsights_sitenote_active":false,"_monsterinsights_sitenote_note":"","_monsterinsights_sitenote_category":0,"footnotes":""},"categories":[32],"tags":[],"yst_prominent_words":[],"class_list":["post-1570","page","type-page","status-publish","has-post-thumbnail","hentry","category-approfondimenti-fr"],"_links":{"self":[{"href":"https:\/\/www.fluimucil-erkaeltungshusten.ch\/fr\/wp-json\/wp\/v2\/pages\/1570","targetHints":{"allow":["GET"]}}],"collection":[{"href":"https:\/\/www.fluimucil-erkaeltungshusten.ch\/fr\/wp-json\/wp\/v2\/pages"}],"about":[{"href":"https:\/\/www.fluimucil-erkaeltungshusten.ch\/fr\/wp-json\/wp\/v2\/types\/page"}],"author":[{"embeddable":true,"href":"https:\/\/www.fluimucil-erkaeltungshusten.ch\/fr\/wp-json\/wp\/v2\/users\/2"}],"replies":[{"embeddable":true,"href":"https:\/\/www.fluimucil-erkaeltungshusten.ch\/fr\/wp-json\/wp\/v2\/comments?post=1570"}],"version-history":[{"count":0,"href":"https:\/\/www.fluimucil-erkaeltungshusten.ch\/fr\/wp-json\/wp\/v2\/pages\/1570\/revisions"}],"up":[{"embeddable":true,"href":"https:\/\/www.fluimucil-erkaeltungshusten.ch\/fr\/wp-json\/wp\/v2\/pages\/1559"}],"wp:featuredmedia":[{"embeddable":true,"href":"https:\/\/www.fluimucil-erkaeltungshusten.ch\/fr\/wp-json\/wp\/v2\/media\/1015"}],"wp:attachment":[{"href":"https:\/\/www.fluimucil-erkaeltungshusten.ch\/fr\/wp-json\/wp\/v2\/media?parent=1570"}],"wp:term":[{"taxonomy":"category","embeddable":true,"href":"https:\/\/www.fluimucil-erkaeltungshusten.ch\/fr\/wp-json\/wp\/v2\/categories?post=1570"},{"taxonomy":"post_tag","embeddable":true,"href":"https:\/\/www.fluimucil-erkaeltungshusten.ch\/fr\/wp-json\/wp\/v2\/tags?post=1570"},{"taxonomy":"yst_prominent_words","embeddable":true,"href":"https:\/\/www.fluimucil-erkaeltungshusten.ch\/fr\/wp-json\/wp\/v2\/yst_prominent_words?post=1570"}],"curies":[{"name":"wp","href":"https:\/\/api.w.org\/{rel}","templated":true}]}}