{"id":1569,"date":"2017-11-29T15:43:47","date_gmt":"2017-11-29T14:43:47","guid":{"rendered":"https:\/\/www.fluimucil-erkaeltungshusten.ch\/pour-en-savoir-plus\/approfondissements\/quando-cola-il-naso-la-rinorrea\/"},"modified":"2017-12-16T16:16:31","modified_gmt":"2017-12-16T15:16:31","slug":"lorsque-le-nez-coule-la-rhinorrhee","status":"publish","type":"page","link":"https:\/\/www.fluimucil-erkaeltungshusten.ch\/fr\/pour-en-savoir-plus\/approfondissements\/lorsque-le-nez-coule-la-rhinorrhee\/","title":{"rendered":"Lorsque le nez coule : la rhinorrh\u00e9e"},"content":{"rendered":"<div class=\"wpb-content-wrapper\">[mk_page_section vertical_align=\u00a0\u00bbcenter\u00a0\u00bb bg_image=\u00a0\u00bbhttps:\/\/www.fluimucil-erkaeltungshusten.ch\/wp-content\/uploads\/2017\/11\/teaser_approfondimenti.jpg\u00a0\u00bb bg_position=\u00a0\u00bbcenter bottom\u00a0\u00bb bg_repeat=\u00a0\u00bbno-repeat\u00a0\u00bb min_height=\u00a0\u00bb575&Prime; padding_top=\u00a0\u00bb120&Prime; padding_bottom=\u00a0\u00bb0&Prime; sidebar=\u00a0\u00bbsidebar-1&Prime;][vc_column][\/vc_column][\/mk_page_section][vc_row css=\u00a0\u00bb.vc_custom_1511795486415{padding-top: 20px !important;padding-left: 10px !important;}\u00a0\u00bb][vc_column width=\u00a0\u00bb2\/3&Prime;][mk_fancy_title tag_name=\u00a0\u00bbspan\u00a0\u00bb color=\u00a0\u00bb#005982&Prime; size=\u00a0\u00bb22&Prime; font_weight=\u00a0\u00bbbold\u00a0\u00bb letter_spacing=\u00a0\u00bb1&Prime; font_family=\u00a0\u00bbnone\u00a0\u00bb]APPROFONDISSEMENTS[\/mk_fancy_title][mk_fancy_title tag_name=\u00a0\u00bbh1&Prime; color=\u00a0\u00bb#005982&Prime; size=\u00a0\u00bb20&Prime; line_height=\u00a0\u00bb125&Prime; font_weight=\u00a0\u00bbbold\u00a0\u00bb font_family=\u00a0\u00bbnone\u00a0\u00bb]Lorsque le nez coule : la rhinorrh\u00e9e[\/mk_fancy_title][vc_single_image source=\u00a0\u00bbfeatured_image\u00a0\u00bb img_size=\u00a0\u00bbfull\u00a0\u00bb][vc_column_text css=\u00a0\u00bb.vc_custom_1513085499262{margin-bottom: 0px !important;}\u00a0\u00bb]L&rsquo;un des principaux sympt\u00f4mes du refroidissement est le \u00ab nez qui coule \u00bb ou, en le terme m\u00e9dical, la \u00ab<a href=\"https:\/\/www.fluimucil-erkaeltungshusten.ch\/fr\/Faq\/Glossaire#r\" target=\"_self\">\u00a0rhinorrh\u00e9e<\/a>\u00a0\u00bb du grec \u00ab rhinos \u00bb qui signifie (nez) et \u00ab reo \u00bb (\u00e9coulement).<\/p>\n<p>La\u00a0<a href=\"https:\/\/www.fluimucil-erkaeltungshusten.ch\/fr\/Faq\/Glossaire#r\" target=\"_self\">rhinorrh\u00e9e<\/a>\u00a0est due aux\u00a0<a href=\"https:\/\/www.fluimucil-erkaeltungshusten.ch\/fr\/Faq\/Glossaire#m\" target=\"_self\">mucus<\/a>\u00a0s\u00e9cr\u00e9t\u00e9s par l&rsquo;<a href=\"https:\/\/www.fluimucil-erkaeltungshusten.ch\/fr\/Faq\/Glossaire#a\" target=\"_self\">appareil respiratoire<\/a>\u00a0pour se d\u00e9fendre des agents externes : la rhinorrh\u00e9e est tr\u00e8s souvent accompagn\u00e9e par une accumulation du\u00a0<a href=\"https:\/\/www.fluimucil-erkaeltungshusten.ch\/fr\/Faq\/Glossaire#c\" target=\"_self\">catarrhe<\/a>, ce qui pourrait laisser penser que le\u00a0<a href=\"https:\/\/www.fluimucil-erkaeltungshusten.ch\/fr\/Faq\/Glossaire#m\" target=\"_self\">mucus<\/a>\u00a0qui s&rsquo;\u00e9coule du nez et celui qui provoque la\u00a0<a href=\"https:\/\/www.fluimucil-erkaeltungshusten.ch\/fr\/Faq\/Glossaire#t\" target=\"_self\">toux grasse<\/a>\u00a0ont une seule et m\u00eame origine, mais en r\u00e9alit\u00e9, ce n&rsquo;est pas le cas. Alors qu&rsquo;en fait, le\u00a0<a href=\"https:\/\/www.fluimucil-erkaeltungshusten.ch\/fr\/Faq\/Glossaire#c\" target=\"_self\">catarrhe<\/a>\u00a0 est le\u00a0<a href=\"https:\/\/www.fluimucil-erkaeltungshusten.ch\/fr\/Faq\/Glossaire#m\" target=\"_self\">mucus<\/a>produit par les glandes mucipares des bronches, le\u00a0<a href=\"https:\/\/www.fluimucil-erkaeltungshusten.ch\/fr\/Faq\/Glossaire#m\" target=\"_self\">mucus<\/a>\u00a0typique de la\u00a0<a href=\"https:\/\/www.fluimucil-erkaeltungshusten.ch\/fr\/Faq\/Glossaire#r\" target=\"_self\">rhinorrh\u00e9e<\/a>\u00a0provient d&rsquo;un exc\u00e8s de\u00a0<a href=\"https:\/\/www.fluimucil-erkaeltungshusten.ch\/fr\/Faq\/Glossaire#m\" target=\"_self\">mucus<\/a>\u00a0produit par la muqueuse nasale, d\u00fb \u00e0 diverses causes comme notamment les d\u00e9s\u00e9quilibres thermodynamiques dus au froid sec, les\u00a0<a href=\"https:\/\/www.fluimucil-erkaeltungshusten.ch\/fr\/Faq\/Glossaire#i\" target=\"_self\">inflammations<\/a>\u00a0caus\u00e9es par des virus ou les\u00a0<a href=\"https:\/\/www.fluimucil-erkaeltungshusten.ch\/fr\/Faq\/Glossaire#c\" target=\"_self\">congestions nasales<\/a>\u00a0provoqu\u00e9es par des r\u00e9actions allergiques.<\/p>\n<p>Les glandes mucipares du nez sont stimul\u00e9es pour produire plus de\u00a0<a href=\"https:\/\/www.fluimucil-erkaeltungshusten.ch\/fr\/Faq\/Glossaire#m\" target=\"_self\">mucus<\/a>, afin d&rsquo;humidifier et de prot\u00e9ger les tissus fragiles de la muqueuse, ce qui cr\u00e9e une accumulation de mucus et un \u00e9coulement nasal presque continu. Dans ce processus, l&rsquo;air peut parfois rester emprisonn\u00e9 dans la cavit\u00e9 nasale : la pression interne augmente et on ressent une douleur et ce sentiment de pression au niveau du visage et l&rsquo;\u00e9tourdissement typiques des rhumes les plus virulents.<\/p>\n<p>En g\u00e9n\u00e9ral, la\u00a0<a href=\"https:\/\/www.fluimucil-erkaeltungshusten.ch\/fr\/Faq\/Glossaire#r\" target=\"_self\">rhinorrh\u00e9e<\/a>\u00a0dispara\u00eet assez rapidement tout comme l&rsquo;infection qui en est la cause ; ce qu\u2019il faut faire est prendre un\u00a0<a href=\"https:\/\/www.fluimucil-erkaeltungshusten.ch\/fr\/Faq\/Glossaire#d\" target=\"_self\">d\u00e9congestionnant<\/a>\u00a0et un\u00a0<a href=\"https:\/\/www.fluimucil-erkaeltungshusten.ch\/fr\/Faq\/Glossaire#m\" target=\"_self\">mucolytique<\/a>, pour surmonter les d\u00e9sagr\u00e9ments les plus importants, \u00e0 avoir \u00e0 votre disposition une bonne quantit\u00e9 de mouchoirs et, surtout, \u00e0 vous armer de beaucoup de patience.<\/p>\n<p>Pour plus d&rsquo;informations, veuillez consulter un sp\u00e9cialiste.[\/vc_column_text][mk_button dimension=\u00a0\u00bbflat\u00a0\u00bb corner_style=\u00a0\u00bbfull_rounded\u00a0\u00bb size=\u00a0\u00bbmedium\u00a0\u00bb url=\u00a0\u00bb\/fr\/pour-en-savoir-plus\/approfondissements\/\u00a0\u00bb margin_top=\u00a0\u00bb30&Prime; margin_right=\u00a0\u00bb0&Prime; bg_color=\u00a0\u00bb#00768e\u00a0\u00bb btn_hover_bg=\u00a0\u00bbrgba(0,118,142,0.75)\u00a0\u00bb]Retour[\/mk_button][\/vc_column][vc_column width=\u00a0\u00bb1\/12&Prime;][\/vc_column][vc_column width=\u00a0\u00bb1\/4&Prime;][vc_wp_custommenu nav_menu=\u00a0\u00bb14&Prime;][mk_icon_box icon=\u00a0\u00bbmk-moon-temperature\u00a0\u00bb title=\u00a0\u00bbSYMPT\u00d4MES ET TROUBLES\u00a0\u00bb text_size=\u00a0\u00bb13&Prime; read_more_txt=\u00a0\u00bbAllez \u00e0 la section\u00a0\u00bb read_more_url=\u00a0\u00bb\/fr\/Symptomes-et-Troubles\/Toux-grasse\u00a0\u00bb style=\u00a0\u00bbboxed\u00a0\u00bb icon_location=\u00a0\u00bbtop\u00a0\u00bb icon_color=\u00a0\u00bb#075985&Prime; icon_circle_color=\u00a0\u00bb\u00a0\u00bb title_color=\u00a0\u00bb#075985&Prime; txt_color=\u00a0\u00bb#00768e\u00a0\u00bb el_class=\u00a0\u00bbside-icon-box\u00a0\u00bb]Plus d\u2019informations sur les maux saisonniers.[\/mk_icon_box][\/vc_column][\/vc_row]\n<\/div>","protected":false},"excerpt":{"rendered":"<p>L&rsquo;un des principaux sympt\u00f4mes du refroidissement est le \u00ab nez qui coule \u00bb ou, en le terme&#8230;<\/p>\n","protected":false},"author":2,"featured_media":1012,"parent":1559,"menu_order":0,"comment_status":"closed","ping_status":"closed","template":"","meta":{"_monsterinsights_skip_tracking":false,"_monsterinsights_sitenote_active":false,"_monsterinsights_sitenote_note":"","_monsterinsights_sitenote_category":0,"footnotes":""},"categories":[32],"tags":[],"yst_prominent_words":[],"class_list":["post-1569","page","type-page","status-publish","has-post-thumbnail","hentry","category-approfondimenti-fr"],"_links":{"self":[{"href":"https:\/\/www.fluimucil-erkaeltungshusten.ch\/fr\/wp-json\/wp\/v2\/pages\/1569","targetHints":{"allow":["GET"]}}],"collection":[{"href":"https:\/\/www.fluimucil-erkaeltungshusten.ch\/fr\/wp-json\/wp\/v2\/pages"}],"about":[{"href":"https:\/\/www.fluimucil-erkaeltungshusten.ch\/fr\/wp-json\/wp\/v2\/types\/page"}],"author":[{"embeddable":true,"href":"https:\/\/www.fluimucil-erkaeltungshusten.ch\/fr\/wp-json\/wp\/v2\/users\/2"}],"replies":[{"embeddable":true,"href":"https:\/\/www.fluimucil-erkaeltungshusten.ch\/fr\/wp-json\/wp\/v2\/comments?post=1569"}],"version-history":[{"count":0,"href":"https:\/\/www.fluimucil-erkaeltungshusten.ch\/fr\/wp-json\/wp\/v2\/pages\/1569\/revisions"}],"up":[{"embeddable":true,"href":"https:\/\/www.fluimucil-erkaeltungshusten.ch\/fr\/wp-json\/wp\/v2\/pages\/1559"}],"wp:featuredmedia":[{"embeddable":true,"href":"https:\/\/www.fluimucil-erkaeltungshusten.ch\/fr\/wp-json\/wp\/v2\/media\/1012"}],"wp:attachment":[{"href":"https:\/\/www.fluimucil-erkaeltungshusten.ch\/fr\/wp-json\/wp\/v2\/media?parent=1569"}],"wp:term":[{"taxonomy":"category","embeddable":true,"href":"https:\/\/www.fluimucil-erkaeltungshusten.ch\/fr\/wp-json\/wp\/v2\/categories?post=1569"},{"taxonomy":"post_tag","embeddable":true,"href":"https:\/\/www.fluimucil-erkaeltungshusten.ch\/fr\/wp-json\/wp\/v2\/tags?post=1569"},{"taxonomy":"yst_prominent_words","embeddable":true,"href":"https:\/\/www.fluimucil-erkaeltungshusten.ch\/fr\/wp-json\/wp\/v2\/yst_prominent_words?post=1569"}],"curies":[{"name":"wp","href":"https:\/\/api.w.org\/{rel}","templated":true}]}}