{"id":1568,"date":"2017-11-29T15:41:47","date_gmt":"2017-11-29T14:41:47","guid":{"rendered":"https:\/\/www.fluimucil-erkaeltungshusten.ch\/pour-en-savoir-plus\/approfondissements\/i-dolori-durante-linfluenza\/"},"modified":"2017-12-16T16:16:31","modified_gmt":"2017-12-16T15:16:31","slug":"les-douleurs-pendant-la-grippe","status":"publish","type":"page","link":"https:\/\/www.fluimucil-erkaeltungshusten.ch\/fr\/pour-en-savoir-plus\/approfondissements\/les-douleurs-pendant-la-grippe\/","title":{"rendered":"Les douleurs pendant la grippe"},"content":{"rendered":"<div class=\"wpb-content-wrapper\">[mk_page_section vertical_align=\u00a0\u00bbcenter\u00a0\u00bb bg_image=\u00a0\u00bbhttps:\/\/www.fluimucil-erkaeltungshusten.ch\/wp-content\/uploads\/2017\/11\/teaser_approfondimenti.jpg\u00a0\u00bb bg_position=\u00a0\u00bbcenter bottom\u00a0\u00bb bg_repeat=\u00a0\u00bbno-repeat\u00a0\u00bb min_height=\u00a0\u00bb575&Prime; padding_top=\u00a0\u00bb120&Prime; padding_bottom=\u00a0\u00bb0&Prime; sidebar=\u00a0\u00bbsidebar-1&Prime;][vc_column][\/vc_column][\/mk_page_section][vc_row css=\u00a0\u00bb.vc_custom_1511795486415{padding-top: 20px !important;padding-left: 10px !important;}\u00a0\u00bb][vc_column width=\u00a0\u00bb2\/3&Prime;][mk_fancy_title tag_name=\u00a0\u00bbspan\u00a0\u00bb color=\u00a0\u00bb#005982&Prime; size=\u00a0\u00bb22&Prime; font_weight=\u00a0\u00bbbold\u00a0\u00bb letter_spacing=\u00a0\u00bb1&Prime; font_family=\u00a0\u00bbnone\u00a0\u00bb]APPROFONDISSEMENTS[\/mk_fancy_title][mk_fancy_title tag_name=\u00a0\u00bbh1&Prime; color=\u00a0\u00bb#005982&Prime; size=\u00a0\u00bb20&Prime; line_height=\u00a0\u00bb125&Prime; font_weight=\u00a0\u00bbbold\u00a0\u00bb font_family=\u00a0\u00bbnone\u00a0\u00bb]Les douleurs pendant la grippe[\/mk_fancy_title][vc_single_image source=\u00a0\u00bbfeatured_image\u00a0\u00bb img_size=\u00a0\u00bbfull\u00a0\u00bb][vc_column_text css=\u00a0\u00bb.vc_custom_1513085382233{margin-bottom: 0px !important;}\u00a0\u00bb]Pour tout le monde, les sympt\u00f4mes et les troubles de la\u00a0<a href=\"https:\/\/www.fluimucil-erkaeltungshusten.ch\/fr\/Faq\/Glossaire#g\" target=\"_self\">grippe<\/a>\u00a0sont familiers, aussi bien ceux qui touchent les voies respiratoires que tout l&rsquo;organisme.<\/p>\n<p>Parmi les sympt\u00f4mes les plus caract\u00e9ristiques des maladies grippales et des infections dues au virus para-influenza, il y a les douleurs musculaires et articulaires ou la sensation \u00ab d&rsquo;avoir la\u00a0<a href=\"https:\/\/www.fluimucil-erkaeltungshusten.ch\/fr\/Faq\/Glossaire#f\" target=\"_self\">fi\u00e8vre<\/a>\u00a0jusque dans les os \u00bb.<\/p>\n<p>Pourquoi os et muscles sont-ils douloureux quand nous avons la\u00a0<a href=\"https:\/\/www.fluimucil-erkaeltungshusten.ch\/fr\/Faq\/Glossaire#g\" target=\"_self\">grippe<\/a>\u00a0?<\/p>\n<p>Les douleurs typiques de la\u00a0<a href=\"https:\/\/www.fluimucil-erkaeltungshusten.ch\/fr\/Faq\/Glossaire#g\" target=\"_self\">grippe<\/a>\u00a0ont une double \u00e9tiologie; elles sont li\u00e9es au syst\u00e8me immunitaire et \u00e0 l&rsquo;\u00e9quilibre des min\u00e9raux dans le corps.<\/p>\n<p>Premi\u00e8rement, bien que le syndrome grippal touche g\u00e9n\u00e9ralement une zone d\u00e9finie du corps humain (dans la plupart des cas, l\u2019<a href=\"https:\/\/www.fluimucil-erkaeltungshusten.ch\/fr\/Faq\/Glossaire#a\" target=\"_self\">appareil respiratoire<\/a>), la r\u00e9ponse immunitaire produite par l&rsquo;organisme est r\u00e9pandue et g\u00e9n\u00e9ralis\u00e9e. Pour r\u00e9pondre \u00e0 l&rsquo;attaque du virus, le syst\u00e8me immunitaire lib\u00e8re de nombreuses substances, parmi lesquelles l&rsquo;histamine, qui d\u00e9clenche et m\u00e9dit la r\u00e9ponse inflammatoire gr\u00e2ce \u00e0 laquelle l&rsquo;organisme se d\u00e9barrasse des agents pathog\u00e8nes. Dans les zones non touch\u00e9es par l&rsquo;infection, la lib\u00e9ration de ces substances provoque une l\u00e9g\u00e8re\u00a0<a href=\"https:\/\/www.fluimucil-erkaeltungshusten.ch\/fr\/Faq\/Glossaire#i\" target=\"_self\">inflammation<\/a>\u00a0g\u00e9n\u00e9ralis\u00e9e, surtout ressentie dans les muscles, les os et les articulations.<\/p>\n<p>Comment soulager la douleur ? En premier lieu, il convient de minimiser la sensation de g\u00eane, afin de mieux la contr\u00f4ler ; par ailleurs, la m\u00eame douleur est un signe que l&rsquo;organisme lutte pour retrouver la sant\u00e9. Ensuite, rester hydrat\u00e9 et r\u00e9int\u00e9grer les sels min\u00e9raux (par exemple, en absorbant des boissons isotoniques utilis\u00e9es par les sportifs) permettra d\u2019augmenter le soulagement.[\/vc_column_text][mk_button dimension=\u00a0\u00bbflat\u00a0\u00bb corner_style=\u00a0\u00bbfull_rounded\u00a0\u00bb size=\u00a0\u00bbmedium\u00a0\u00bb url=\u00a0\u00bb\/fr\/pour-en-savoir-plus\/approfondissements\/\u00a0\u00bb margin_top=\u00a0\u00bb30&Prime; margin_right=\u00a0\u00bb0&Prime; bg_color=\u00a0\u00bb#00768e\u00a0\u00bb btn_hover_bg=\u00a0\u00bbrgba(0,118,142,0.75)\u00a0\u00bb]Retour[\/mk_button][\/vc_column][vc_column width=\u00a0\u00bb1\/12&Prime;][\/vc_column][vc_column width=\u00a0\u00bb1\/4&Prime;][vc_wp_custommenu nav_menu=\u00a0\u00bb14&Prime;][mk_icon_box icon=\u00a0\u00bbmk-moon-temperature\u00a0\u00bb title=\u00a0\u00bbSYMPT\u00d4MES ET TROUBLES\u00a0\u00bb text_size=\u00a0\u00bb13&Prime; read_more_txt=\u00a0\u00bbAllez \u00e0 la section\u00a0\u00bb read_more_url=\u00a0\u00bb\/fr\/Symptomes-et-Troubles\/Toux-grasse\u00a0\u00bb style=\u00a0\u00bbboxed\u00a0\u00bb icon_location=\u00a0\u00bbtop\u00a0\u00bb icon_color=\u00a0\u00bb#075985&Prime; icon_circle_color=\u00a0\u00bb\u00a0\u00bb title_color=\u00a0\u00bb#075985&Prime; txt_color=\u00a0\u00bb#00768e\u00a0\u00bb el_class=\u00a0\u00bbside-icon-box\u00a0\u00bb]Plus d\u2019informations sur les maux saisonniers.[\/mk_icon_box][\/vc_column][\/vc_row]\n<\/div>","protected":false},"excerpt":{"rendered":"<p>Pour tout le monde, les sympt\u00f4mes et les troubles de la grippe sont familiers, aussi bien ceux qui touchent les&#8230;<\/p>\n","protected":false},"author":2,"featured_media":1009,"parent":1559,"menu_order":0,"comment_status":"closed","ping_status":"closed","template":"","meta":{"_monsterinsights_skip_tracking":false,"_monsterinsights_sitenote_active":false,"_monsterinsights_sitenote_note":"","_monsterinsights_sitenote_category":0,"footnotes":""},"categories":[32],"tags":[],"yst_prominent_words":[],"class_list":["post-1568","page","type-page","status-publish","has-post-thumbnail","hentry","category-approfondimenti-fr"],"_links":{"self":[{"href":"https:\/\/www.fluimucil-erkaeltungshusten.ch\/fr\/wp-json\/wp\/v2\/pages\/1568","targetHints":{"allow":["GET"]}}],"collection":[{"href":"https:\/\/www.fluimucil-erkaeltungshusten.ch\/fr\/wp-json\/wp\/v2\/pages"}],"about":[{"href":"https:\/\/www.fluimucil-erkaeltungshusten.ch\/fr\/wp-json\/wp\/v2\/types\/page"}],"author":[{"embeddable":true,"href":"https:\/\/www.fluimucil-erkaeltungshusten.ch\/fr\/wp-json\/wp\/v2\/users\/2"}],"replies":[{"embeddable":true,"href":"https:\/\/www.fluimucil-erkaeltungshusten.ch\/fr\/wp-json\/wp\/v2\/comments?post=1568"}],"version-history":[{"count":0,"href":"https:\/\/www.fluimucil-erkaeltungshusten.ch\/fr\/wp-json\/wp\/v2\/pages\/1568\/revisions"}],"up":[{"embeddable":true,"href":"https:\/\/www.fluimucil-erkaeltungshusten.ch\/fr\/wp-json\/wp\/v2\/pages\/1559"}],"wp:featuredmedia":[{"embeddable":true,"href":"https:\/\/www.fluimucil-erkaeltungshusten.ch\/fr\/wp-json\/wp\/v2\/media\/1009"}],"wp:attachment":[{"href":"https:\/\/www.fluimucil-erkaeltungshusten.ch\/fr\/wp-json\/wp\/v2\/media?parent=1568"}],"wp:term":[{"taxonomy":"category","embeddable":true,"href":"https:\/\/www.fluimucil-erkaeltungshusten.ch\/fr\/wp-json\/wp\/v2\/categories?post=1568"},{"taxonomy":"post_tag","embeddable":true,"href":"https:\/\/www.fluimucil-erkaeltungshusten.ch\/fr\/wp-json\/wp\/v2\/tags?post=1568"},{"taxonomy":"yst_prominent_words","embeddable":true,"href":"https:\/\/www.fluimucil-erkaeltungshusten.ch\/fr\/wp-json\/wp\/v2\/yst_prominent_words?post=1568"}],"curies":[{"name":"wp","href":"https:\/\/api.w.org\/{rel}","templated":true}]}}