{"id":1567,"date":"2017-11-29T15:39:31","date_gmt":"2017-11-29T14:39:31","guid":{"rendered":"https:\/\/www.fluimucil-erkaeltungshusten.ch\/pour-en-savoir-plus\/approfondissements\/gli-allergeni-il-polline\/"},"modified":"2017-12-16T16:16:30","modified_gmt":"2017-12-16T15:16:30","slug":"les-allergenes-le-pollen","status":"publish","type":"page","link":"https:\/\/www.fluimucil-erkaeltungshusten.ch\/fr\/pour-en-savoir-plus\/approfondissements\/les-allergenes-le-pollen\/","title":{"rendered":"Les allerg\u00e8nes : le pollen"},"content":{"rendered":"<div class=\"wpb-content-wrapper\">[mk_page_section vertical_align=\u00a0\u00bbcenter\u00a0\u00bb bg_image=\u00a0\u00bbhttps:\/\/www.fluimucil-erkaeltungshusten.ch\/wp-content\/uploads\/2017\/11\/teaser_approfondimenti.jpg\u00a0\u00bb bg_position=\u00a0\u00bbcenter bottom\u00a0\u00bb bg_repeat=\u00a0\u00bbno-repeat\u00a0\u00bb min_height=\u00a0\u00bb575&Prime; padding_top=\u00a0\u00bb120&Prime; padding_bottom=\u00a0\u00bb0&Prime; sidebar=\u00a0\u00bbsidebar-1&Prime;][vc_column][\/vc_column][\/mk_page_section][vc_row css=\u00a0\u00bb.vc_custom_1511795486415{padding-top: 20px !important;padding-left: 10px !important;}\u00a0\u00bb][vc_column width=\u00a0\u00bb2\/3&Prime;][mk_fancy_title tag_name=\u00a0\u00bbspan\u00a0\u00bb color=\u00a0\u00bb#005982&Prime; size=\u00a0\u00bb22&Prime; font_weight=\u00a0\u00bbbold\u00a0\u00bb letter_spacing=\u00a0\u00bb1&Prime; font_family=\u00a0\u00bbnone\u00a0\u00bb]APPROFONDISSEMENTS[\/mk_fancy_title][mk_fancy_title tag_name=\u00a0\u00bbh1&Prime; color=\u00a0\u00bb#005982&Prime; size=\u00a0\u00bb20&Prime; line_height=\u00a0\u00bb125&Prime; font_weight=\u00a0\u00bbbold\u00a0\u00bb font_family=\u00a0\u00bbnone\u00a0\u00bb]Les allerg\u00e8nes : le pollen[\/mk_fancy_title][vc_single_image source=\u00a0\u00bbfeatured_image\u00a0\u00bb img_size=\u00a0\u00bbfull\u00a0\u00bb][vc_column_text css=\u00a0\u00bb.vc_custom_1513085229160{margin-bottom: 0px !important;}\u00a0\u00bb]Chaque printemps, lors de la pollinisation de nombreuses plantes \u00e0 fleurs permettant de perp\u00e9tuer le cycle de vie des esp\u00e8ces, l&rsquo;air est charg\u00e9 de pollens.<\/p>\n<p>Dans certains endroits, la densit\u00e9 du pollen en suspension est telle qu&rsquo;on dirait qu&rsquo;il neige. Cette image ne manque sans doute pas de po\u00e9sie pour une bonne partie de la population ; mais toutes les personnes allergiques au pollen ne partagent pas cet avis et pour eux, cette p\u00e9riode est synonyme d&rsquo;un mal-\u00eatre g\u00e9n\u00e9ralis\u00e9, accompagn\u00e9 de larmoiements, d&rsquo;<a href=\"https:\/\/www.fluimucil-erkaeltungshusten.ch\/fr\/Faq\/Glossaire#e\" target=\"_self\">\u00e9ternuements<\/a>\u00a0et de\u00a0<a href=\"https:\/\/www.fluimucil-erkaeltungshusten.ch\/fr\/Faq\/Glossaire#r\" target=\"_self\">rhinites<\/a>.<\/p>\n<p>La nature allerg\u00e8ne du pollen est due \u00e0 la pr\u00e9sence de prot\u00e9ines et de glycoprot\u00e9ines sur les grains de pollen de certaines plantes qui leur permettent d&rsquo;\u00eatre reconnus par la fleur femelle correspondante : environ 20% de la population a d\u00e9velopp\u00e9 une hypersensibilit\u00e9 \u00e0 ces mol\u00e9cules.<\/p>\n<p>Leur syst\u00e8me immunitaire identifie les prot\u00e9ines du pollen inhal\u00e9 comme une menace pour la sant\u00e9 du corps et d\u00e9clenche donc une r\u00e9action inflammatoire; ainsi, d\u00e9butent souvent les\u00a0<a href=\"https:\/\/www.fluimucil-erkaeltungshusten.ch\/fr\/Faq\/Glossaire#r\" target=\"_self\">rhinites<\/a>\u00a0qui sont source de nombreux d\u00e9sagr\u00e9ments pour les personnes souffrant de ce type d&rsquo;allergies.<\/p>\n<p>Parmi les principales esp\u00e8ces de plantes allerg\u00e8nes, on compte les plantes herbac\u00e9es comme l&rsquo;ortie, le plantain et les gramin\u00e9es, mais aussi des arbres de la famille des B\u00e9tulac\u00e9es (bouleau, noisetier), des Salicac\u00e9es (saule, peuplier) et des Ol\u00e9ac\u00e9es (fr\u00eane).<\/p>\n<p>La p\u00e9riode de l&rsquo;ann\u00e9e o\u00f9 la dispersion des pollens atteint son pic, varie en fonction des esp\u00e8ces et des endroits, avec toutefois une concentration plus \u00e9lev\u00e9e de d\u00e9but avril \u00e0 fin mai. \u00c0 ce titre, les personnes allergiques au pollen peuvent consulter le calendrier des pollens, disponible en ligne sur\u00a0<a href=\"https:\/\/www.pollenundallergie.ch\/info-sui-pollini-e-allergie\/informazione-sui-pollini\/previsione-dei-pollini\/?oid=1828&amp;lang=it\" target=\"_blank\" rel=\"noopener\">www.pollenundallergie.ch<\/a>[\/vc_column_text][mk_button dimension=\u00a0\u00bbflat\u00a0\u00bb corner_style=\u00a0\u00bbfull_rounded\u00a0\u00bb size=\u00a0\u00bbmedium\u00a0\u00bb url=\u00a0\u00bb\/fr\/pour-en-savoir-plus\/approfondissements\/\u00a0\u00bb margin_top=\u00a0\u00bb30&Prime; margin_right=\u00a0\u00bb0&Prime; bg_color=\u00a0\u00bb#00768e\u00a0\u00bb btn_hover_bg=\u00a0\u00bbrgba(0,118,142,0.75)\u00a0\u00bb]Retour[\/mk_button][\/vc_column][vc_column width=\u00a0\u00bb1\/12&Prime;][\/vc_column][vc_column width=\u00a0\u00bb1\/4&Prime;][vc_wp_custommenu nav_menu=\u00a0\u00bb14&Prime;][mk_icon_box icon=\u00a0\u00bbmk-moon-temperature\u00a0\u00bb title=\u00a0\u00bbSYMPT\u00d4MES ET TROUBLES\u00a0\u00bb text_size=\u00a0\u00bb13&Prime; read_more_txt=\u00a0\u00bbAllez \u00e0 la section\u00a0\u00bb read_more_url=\u00a0\u00bb\/fr\/Symptomes-et-Troubles\/Toux-grasse\u00a0\u00bb style=\u00a0\u00bbboxed\u00a0\u00bb icon_location=\u00a0\u00bbtop\u00a0\u00bb icon_color=\u00a0\u00bb#075985&Prime; icon_circle_color=\u00a0\u00bb\u00a0\u00bb title_color=\u00a0\u00bb#075985&Prime; txt_color=\u00a0\u00bb#00768e\u00a0\u00bb el_class=\u00a0\u00bbside-icon-box\u00a0\u00bb]Plus d\u2019informations sur les maux saisonniers.[\/mk_icon_box][\/vc_column][\/vc_row]\n<\/div>","protected":false},"excerpt":{"rendered":"<p>Chaque printemps, lors de la pollinisation de nombreuses plantes \u00e0 fleurs permettant de perp\u00e9tuer le&#8230;<\/p>\n","protected":false},"author":2,"featured_media":1006,"parent":1559,"menu_order":0,"comment_status":"closed","ping_status":"closed","template":"","meta":{"_monsterinsights_skip_tracking":false,"_monsterinsights_sitenote_active":false,"_monsterinsights_sitenote_note":"","_monsterinsights_sitenote_category":0,"footnotes":""},"categories":[32],"tags":[],"yst_prominent_words":[],"class_list":["post-1567","page","type-page","status-publish","has-post-thumbnail","hentry","category-approfondimenti-fr"],"_links":{"self":[{"href":"https:\/\/www.fluimucil-erkaeltungshusten.ch\/fr\/wp-json\/wp\/v2\/pages\/1567","targetHints":{"allow":["GET"]}}],"collection":[{"href":"https:\/\/www.fluimucil-erkaeltungshusten.ch\/fr\/wp-json\/wp\/v2\/pages"}],"about":[{"href":"https:\/\/www.fluimucil-erkaeltungshusten.ch\/fr\/wp-json\/wp\/v2\/types\/page"}],"author":[{"embeddable":true,"href":"https:\/\/www.fluimucil-erkaeltungshusten.ch\/fr\/wp-json\/wp\/v2\/users\/2"}],"replies":[{"embeddable":true,"href":"https:\/\/www.fluimucil-erkaeltungshusten.ch\/fr\/wp-json\/wp\/v2\/comments?post=1567"}],"version-history":[{"count":0,"href":"https:\/\/www.fluimucil-erkaeltungshusten.ch\/fr\/wp-json\/wp\/v2\/pages\/1567\/revisions"}],"up":[{"embeddable":true,"href":"https:\/\/www.fluimucil-erkaeltungshusten.ch\/fr\/wp-json\/wp\/v2\/pages\/1559"}],"wp:featuredmedia":[{"embeddable":true,"href":"https:\/\/www.fluimucil-erkaeltungshusten.ch\/fr\/wp-json\/wp\/v2\/media\/1006"}],"wp:attachment":[{"href":"https:\/\/www.fluimucil-erkaeltungshusten.ch\/fr\/wp-json\/wp\/v2\/media?parent=1567"}],"wp:term":[{"taxonomy":"category","embeddable":true,"href":"https:\/\/www.fluimucil-erkaeltungshusten.ch\/fr\/wp-json\/wp\/v2\/categories?post=1567"},{"taxonomy":"post_tag","embeddable":true,"href":"https:\/\/www.fluimucil-erkaeltungshusten.ch\/fr\/wp-json\/wp\/v2\/tags?post=1567"},{"taxonomy":"yst_prominent_words","embeddable":true,"href":"https:\/\/www.fluimucil-erkaeltungshusten.ch\/fr\/wp-json\/wp\/v2\/yst_prominent_words?post=1567"}],"curies":[{"name":"wp","href":"https:\/\/api.w.org\/{rel}","templated":true}]}}