{"id":1566,"date":"2017-11-29T15:37:18","date_gmt":"2017-11-29T14:37:18","guid":{"rendered":"https:\/\/www.fluimucil-erkaeltungshusten.ch\/pour-en-savoir-plus\/approfondissements\/lolfatto\/"},"modified":"2017-12-16T16:16:29","modified_gmt":"2017-12-16T15:16:29","slug":"lodorat","status":"publish","type":"page","link":"https:\/\/www.fluimucil-erkaeltungshusten.ch\/fr\/pour-en-savoir-plus\/approfondissements\/lodorat\/","title":{"rendered":"L\u2019odorat"},"content":{"rendered":"<div class=\"wpb-content-wrapper\">[mk_page_section vertical_align=\u00a0\u00bbcenter\u00a0\u00bb bg_image=\u00a0\u00bbhttps:\/\/www.fluimucil-erkaeltungshusten.ch\/wp-content\/uploads\/2017\/11\/teaser_approfondimenti.jpg\u00a0\u00bb bg_position=\u00a0\u00bbcenter bottom\u00a0\u00bb bg_repeat=\u00a0\u00bbno-repeat\u00a0\u00bb min_height=\u00a0\u00bb575&Prime; padding_top=\u00a0\u00bb120&Prime; padding_bottom=\u00a0\u00bb0&Prime; sidebar=\u00a0\u00bbsidebar-1&Prime;][vc_column][\/vc_column][\/mk_page_section][vc_row css=\u00a0\u00bb.vc_custom_1511795486415{padding-top: 20px !important;padding-left: 10px !important;}\u00a0\u00bb][vc_column width=\u00a0\u00bb2\/3&Prime;][mk_fancy_title tag_name=\u00a0\u00bbspan\u00a0\u00bb color=\u00a0\u00bb#005982&Prime; size=\u00a0\u00bb22&Prime; font_weight=\u00a0\u00bbbold\u00a0\u00bb letter_spacing=\u00a0\u00bb1&Prime; font_family=\u00a0\u00bbnone\u00a0\u00bb]APPROFONDISSEMENTS[\/mk_fancy_title][mk_fancy_title tag_name=\u00a0\u00bbh1&Prime; color=\u00a0\u00bb#005982&Prime; size=\u00a0\u00bb20&Prime; line_height=\u00a0\u00bb125&Prime; font_weight=\u00a0\u00bbbold\u00a0\u00bb font_family=\u00a0\u00bbnone\u00a0\u00bb]L\u2019odorat[\/mk_fancy_title][vc_single_image source=\u00a0\u00bbfeatured_image\u00a0\u00bb img_size=\u00a0\u00bbfull\u00a0\u00bb][vc_column_text css=\u00a0\u00bb.vc_custom_1513085096202{margin-bottom: 0px !important;}\u00a0\u00bb]Pour l&rsquo;<a href=\"https:\/\/www.fluimucil-erkaeltungshusten.ch\/fr\/Faq\/Glossaire#a\" target=\"_self\">appareil respiratoire<\/a>, l&rsquo;air printanier comporte divers risques comme notamment les \u00e9ventuelles infections virales tardives et la pr\u00e9sence d&rsquo;allerg\u00e8nes. D&rsquo;autre part, le printemps est synonyme de fleurs, de fruits, de lieux et d&rsquo;environnements agr\u00e9ables \u00e0 explorer avec tous les sens, dont fait partie celui \u00e9troitement li\u00e9 \u00e0 la\u00a0<a href=\"https:\/\/www.fluimucil-erkaeltungshusten.ch\/fr\/Faq\/Glossaire#r\" target=\"_self\">respiration<\/a>\u00a0: l\u2019odorat.<\/p>\n<p>Comme universellement reconnu, les r\u00e9cepteurs olfactifs qui identifient et d\u00e9tectent dans l&rsquo;air inspir\u00e9 la pr\u00e9sence, la concentration, la qualit\u00e9 des gaz et des mol\u00e9cules volatiles que l&rsquo;on appelle odorants, se trouvent dans le nez et, plus pr\u00e9cis\u00e9ment, dans ce qu&rsquo;on appelle l&rsquo;\u00e9pith\u00e9lium olfactif, un tissu se trouvant le long de toutes les parois de la cavit\u00e9 nasale.<\/p>\n<p>L&rsquo;\u00e9pith\u00e9lium olfactif est reli\u00e9 directement au bulbe olfactif, compos\u00e9 d&rsquo;une multitude de terminaisons nerveuses o\u00f9 les informations sont initialement d\u00e9cod\u00e9es et ensuite transport\u00e9es au cerveau par le nerf olfactif, nous permettant ainsi de percevoir les odeurs.<\/p>\n<p>Bien qu&rsquo;il ne soit pas aussi d\u00e9velopp\u00e9 que chez les autres animaux en raison de la faible quantit\u00e9 et densit\u00e9 des r\u00e9cepteurs, l&rsquo;odorat joue n\u00e9anmoins un r\u00f4le tr\u00e8s important dans la perception humaine.<\/p>\n<p>L&rsquo;olfaction est le sens le plus imm\u00e9diat, car elle est la seule perception sensorielle \u00e0 b\u00e9n\u00e9ficier d&rsquo;un acc\u00e8s direct au cerveau ; il n&rsquo;est donc pas surprenant que les b\u00e9b\u00e9s reconnaissent leur m\u00e8re juste par l&rsquo;odorat. L&rsquo;olfaction est \u00e9galement la m\u00e9moire sensorielle la plus efficace, on estime que nous nous rappelons le 35% de ce que nous odorons, contre le 5% de la vue et le 2% de l\u2019ou\u00efe.<\/p>\n<p>Enfin, l&rsquo;odorat joue \u00e9galement un r\u00f4le essentiel dans la perception des go\u00fbts : sur le plan de l&rsquo;\u00e9volution, l&rsquo;odorat et le go\u00fbt sont \u00e9troitement li\u00e9s, car ils permettent de faire pr\u00e9cis\u00e9ment la distinction entre les aliments qui sont nourrissants et font du bien et ceux qui sont avari\u00e9s ou toxiques et qui comportent des risques pour la sant\u00e9. Ceci explique, notamment, l&rsquo;incapacit\u00e9 \u00e0 savourer la nourriture lorsque notre nez est bouch\u00e9, en raison d&rsquo;une\u00a0<a href=\"https:\/\/www.fluimucil-erkaeltungshusten.ch\/fr\/Faq\/Glossaire#c\" target=\"_self\">congestion<\/a>, comme le\u00a0<a href=\"https:\/\/www.fluimucil-erkaeltungshusten.ch\/fr\/Faq\/Glossaire#r\" target=\"_self\">rhume<\/a>\u00a0ou autres allergies respiratoires.<\/p>\n<p>Le plaisir et l&rsquo;utilit\u00e9 de pouvoir percevoir les odeurs, qu\u2019elles soient agr\u00e9ables ou pas, sont une autre raison pour laquelle il est important de toujours maintenir en bonne sant\u00e9 les voies respiratoires sup\u00e9rieures.[\/vc_column_text][mk_button dimension=\u00a0\u00bbflat\u00a0\u00bb corner_style=\u00a0\u00bbfull_rounded\u00a0\u00bb size=\u00a0\u00bbmedium\u00a0\u00bb url=\u00a0\u00bb\/fr\/pour-en-savoir-plus\/approfondissements\/\u00a0\u00bb margin_top=\u00a0\u00bb30&Prime; margin_right=\u00a0\u00bb0&Prime; bg_color=\u00a0\u00bb#00768e\u00a0\u00bb btn_hover_bg=\u00a0\u00bbrgba(0,118,142,0.75)\u00a0\u00bb]Retour[\/mk_button][\/vc_column][vc_column width=\u00a0\u00bb1\/12&Prime;][\/vc_column][vc_column width=\u00a0\u00bb1\/4&Prime;][vc_wp_custommenu nav_menu=\u00a0\u00bb14&Prime;][mk_icon_box icon=\u00a0\u00bbmk-moon-temperature\u00a0\u00bb title=\u00a0\u00bbSYMPT\u00d4MES ET TROUBLES\u00a0\u00bb text_size=\u00a0\u00bb13&Prime; read_more_txt=\u00a0\u00bbAllez \u00e0 la section\u00a0\u00bb read_more_url=\u00a0\u00bb\/fr\/Symptomes-et-Troubles\/Toux-grasse\u00a0\u00bb style=\u00a0\u00bbboxed\u00a0\u00bb icon_location=\u00a0\u00bbtop\u00a0\u00bb icon_color=\u00a0\u00bb#075985&Prime; icon_circle_color=\u00a0\u00bb\u00a0\u00bb title_color=\u00a0\u00bb#075985&Prime; txt_color=\u00a0\u00bb#00768e\u00a0\u00bb el_class=\u00a0\u00bbside-icon-box\u00a0\u00bb]Plus d\u2019informations sur les maux saisonniers.[\/mk_icon_box][\/vc_column][\/vc_row]\n<\/div>","protected":false},"excerpt":{"rendered":"<p>Pour l&rsquo;appareil respiratoire, l&rsquo;air printanier comporte divers risques comme notamment les \u00e9ventuelles&#8230;<\/p>\n","protected":false},"author":2,"featured_media":1003,"parent":1559,"menu_order":0,"comment_status":"closed","ping_status":"closed","template":"","meta":{"_monsterinsights_skip_tracking":false,"_monsterinsights_sitenote_active":false,"_monsterinsights_sitenote_note":"","_monsterinsights_sitenote_category":0,"footnotes":""},"categories":[32],"tags":[],"yst_prominent_words":[],"class_list":["post-1566","page","type-page","status-publish","has-post-thumbnail","hentry","category-approfondimenti-fr"],"_links":{"self":[{"href":"https:\/\/www.fluimucil-erkaeltungshusten.ch\/fr\/wp-json\/wp\/v2\/pages\/1566","targetHints":{"allow":["GET"]}}],"collection":[{"href":"https:\/\/www.fluimucil-erkaeltungshusten.ch\/fr\/wp-json\/wp\/v2\/pages"}],"about":[{"href":"https:\/\/www.fluimucil-erkaeltungshusten.ch\/fr\/wp-json\/wp\/v2\/types\/page"}],"author":[{"embeddable":true,"href":"https:\/\/www.fluimucil-erkaeltungshusten.ch\/fr\/wp-json\/wp\/v2\/users\/2"}],"replies":[{"embeddable":true,"href":"https:\/\/www.fluimucil-erkaeltungshusten.ch\/fr\/wp-json\/wp\/v2\/comments?post=1566"}],"version-history":[{"count":0,"href":"https:\/\/www.fluimucil-erkaeltungshusten.ch\/fr\/wp-json\/wp\/v2\/pages\/1566\/revisions"}],"up":[{"embeddable":true,"href":"https:\/\/www.fluimucil-erkaeltungshusten.ch\/fr\/wp-json\/wp\/v2\/pages\/1559"}],"wp:featuredmedia":[{"embeddable":true,"href":"https:\/\/www.fluimucil-erkaeltungshusten.ch\/fr\/wp-json\/wp\/v2\/media\/1003"}],"wp:attachment":[{"href":"https:\/\/www.fluimucil-erkaeltungshusten.ch\/fr\/wp-json\/wp\/v2\/media?parent=1566"}],"wp:term":[{"taxonomy":"category","embeddable":true,"href":"https:\/\/www.fluimucil-erkaeltungshusten.ch\/fr\/wp-json\/wp\/v2\/categories?post=1566"},{"taxonomy":"post_tag","embeddable":true,"href":"https:\/\/www.fluimucil-erkaeltungshusten.ch\/fr\/wp-json\/wp\/v2\/tags?post=1566"},{"taxonomy":"yst_prominent_words","embeddable":true,"href":"https:\/\/www.fluimucil-erkaeltungshusten.ch\/fr\/wp-json\/wp\/v2\/yst_prominent_words?post=1566"}],"curies":[{"name":"wp","href":"https:\/\/api.w.org\/{rel}","templated":true}]}}