{"id":1563,"date":"2017-11-29T14:08:03","date_gmt":"2017-11-29T13:08:03","guid":{"rendered":"https:\/\/www.fluimucil-erkaeltungshusten.ch\/pour-en-savoir-plus\/approfondissements\/cosa-succede-quando-starnutiamo\/"},"modified":"2017-12-16T16:16:32","modified_gmt":"2017-12-16T15:16:32","slug":"que-se-passe-t-il-quand-nous-eternuons","status":"publish","type":"page","link":"https:\/\/www.fluimucil-erkaeltungshusten.ch\/fr\/pour-en-savoir-plus\/approfondissements\/que-se-passe-t-il-quand-nous-eternuons\/","title":{"rendered":"Que se passe-t-il quand nous \u00e9ternuons ?"},"content":{"rendered":"<div class=\"wpb-content-wrapper\">[mk_page_section vertical_align=\u00a0\u00bbcenter\u00a0\u00bb bg_image=\u00a0\u00bbhttps:\/\/www.fluimucil-erkaeltungshusten.ch\/wp-content\/uploads\/2017\/11\/teaser_approfondimenti.jpg\u00a0\u00bb bg_position=\u00a0\u00bbcenter bottom\u00a0\u00bb bg_repeat=\u00a0\u00bbno-repeat\u00a0\u00bb min_height=\u00a0\u00bb575&Prime; padding_top=\u00a0\u00bb120&Prime; padding_bottom=\u00a0\u00bb0&Prime; sidebar=\u00a0\u00bbsidebar-1&Prime;][vc_column][\/vc_column][\/mk_page_section][vc_row css=\u00a0\u00bb.vc_custom_1511795486415{padding-top: 20px !important;padding-left: 10px !important;}\u00a0\u00bb][vc_column width=\u00a0\u00bb2\/3&Prime;][mk_fancy_title tag_name=\u00a0\u00bbspan\u00a0\u00bb color=\u00a0\u00bb#005982&Prime; size=\u00a0\u00bb22&Prime; font_weight=\u00a0\u00bbbold\u00a0\u00bb letter_spacing=\u00a0\u00bb1&Prime; font_family=\u00a0\u00bbnone\u00a0\u00bb]APPROFONDISSEMENTS[\/mk_fancy_title][mk_fancy_title tag_name=\u00a0\u00bbh1&Prime; color=\u00a0\u00bb#005982&Prime; size=\u00a0\u00bb20&Prime; line_height=\u00a0\u00bb125&Prime; font_weight=\u00a0\u00bbbold\u00a0\u00bb font_family=\u00a0\u00bbnone\u00a0\u00bb]Que se passe-t-il quand nous \u00e9ternuons ?[\/mk_fancy_title][vc_single_image source=\u00a0\u00bbfeatured_image\u00a0\u00bb img_size=\u00a0\u00bbfull\u00a0\u00bb][vc_column_text css=\u00a0\u00bb.vc_custom_1513084717733{margin-bottom: 0px !important;}\u00a0\u00bb]L\u2019<a href=\"https:\/\/www.fluimucil-erkaeltungshusten.ch\/fr\/Faq\/Glossaire#e\">\u00e9ternuement\u00a0<\/a>est un r\u00e9flexe semi-volontaire, une d\u00e9fense m\u00e9canique des voies respiratoires typique des d\u00e9rangements comme le\u00a0<a href=\"https:\/\/www.fluimucil-erkaeltungshusten.ch\/fr\/Faq\/Glossaire#r\">rhume<\/a>\u00a0commun, mais pas seulement : il peut aussi arriver d\u2019\u00e9ternuer suite \u00e0 des stimuli tels que les changements de pression dans l\u2019air ou suite \u00e0 un passage de l\u2019obscurit\u00e9 \u00e0 la lumi\u00e8re du soleil.<\/p>\n<p>Quelle que soit la cause de l\u2019<a href=\"https:\/\/www.fluimucil-erkaeltungshusten.ch\/fr\/Faq\/Glossaire#e\">\u00e9ternuement<\/a>, ce dernier est l\u2019expression d\u2019un processus relativement complexe et d\u00e9cid\u00e9ment fascinant, qui relie et met en mouvement beaucoup plus de parties du corps que nous ne l\u2019imaginons.<\/p>\n<p>Que se passe-t-il, donc, durant un\u00a0<a href=\"https:\/\/www.fluimucil-erkaeltungshusten.ch\/fr\/Faq\/Glossaire#e\" target=\"_self\">\u00e9ternuement<\/a>\u00a0?<\/p>\n<p>La muqueuse des cavit\u00e9s nasales et, en partie, des voies respiratoires sup\u00e9rieures est parcourue par des terminaisons nerveuses qui sont greff\u00e9es sur le nerf trijumeau, qui coordonne les mouvements et les perceptions de l\u2019oropharynx et du nez. Quand une particule irritante entre dans le nez, elle stimule l\u2019une de ces terminaisons nerveuses ; le signal \u00e9lectrique se propage \u00e0 travers le trijumeau jusqu\u2019au centre respiratoire, d\u2019o\u00f9 part l\u2019impulsion, dirig\u00e9e vers les\u00a0<a href=\"https:\/\/www.fluimucil-erkaeltungshusten.ch\/fr\/Faq\/Glossaire#m\">muscles inspiratoires<\/a>\u00a0et la musculature involontaire de la gorge, qui d\u00e9clenche une contraction des voies respiratoires et une action vidant brusquement les poumons \u00e0 travers le nez.<\/p>\n<p>L\u2019air qui est expuls\u00e9 \u00e0 une vitesse proche de 320 km\/h emporte avec lui, des fois au travers du\u00a0<a href=\"https:\/\/www.fluimucil-erkaeltungshusten.ch\/fr\/Faq\/Glossaire#m\">mucus<\/a>, les particules irritantes et pathog\u00e8nes. De cette fa\u00e7on, l\u2019organisme se lib\u00e8re de mani\u00e8re efficace des menaces arrivant de l\u2019ext\u00e9rieur.[\/vc_column_text][mk_button dimension=\u00a0\u00bbflat\u00a0\u00bb corner_style=\u00a0\u00bbfull_rounded\u00a0\u00bb size=\u00a0\u00bbmedium\u00a0\u00bb url=\u00a0\u00bb\/fr\/pour-en-savoir-plus\/approfondissements\/\u00a0\u00bb margin_top=\u00a0\u00bb30&Prime; margin_right=\u00a0\u00bb0&Prime; bg_color=\u00a0\u00bb#00768e\u00a0\u00bb btn_hover_bg=\u00a0\u00bbrgba(0,118,142,0.75)\u00a0\u00bb]Retour[\/mk_button][\/vc_column][vc_column width=\u00a0\u00bb1\/12&Prime;][\/vc_column][vc_column width=\u00a0\u00bb1\/4&Prime;][vc_wp_custommenu nav_menu=\u00a0\u00bb14&Prime;][mk_icon_box icon=\u00a0\u00bbmk-moon-temperature\u00a0\u00bb title=\u00a0\u00bbSYMPT\u00d4MES ET TROUBLES\u00a0\u00bb text_size=\u00a0\u00bb13&Prime; read_more_txt=\u00a0\u00bbAllez \u00e0 la section\u00a0\u00bb read_more_url=\u00a0\u00bb\/fr\/Symptomes-et-Troubles\/Toux-grasse\u00a0\u00bb style=\u00a0\u00bbboxed\u00a0\u00bb icon_location=\u00a0\u00bbtop\u00a0\u00bb icon_color=\u00a0\u00bb#075985&Prime; icon_circle_color=\u00a0\u00bb\u00a0\u00bb title_color=\u00a0\u00bb#075985&Prime; txt_color=\u00a0\u00bb#00768e\u00a0\u00bb el_class=\u00a0\u00bbside-icon-box\u00a0\u00bb]Plus d\u2019informations sur les maux saisonniers.[\/mk_icon_box][\/vc_column][\/vc_row]\n<\/div>","protected":false},"excerpt":{"rendered":"<p>L\u2019\u00e9ternuement est un r\u00e9flexe semi-volontaire, une d\u00e9fense m\u00e9canique des voies&#8230;<\/p>\n","protected":false},"author":2,"featured_media":990,"parent":1559,"menu_order":0,"comment_status":"closed","ping_status":"closed","template":"","meta":{"_monsterinsights_skip_tracking":false,"_monsterinsights_sitenote_active":false,"_monsterinsights_sitenote_note":"","_monsterinsights_sitenote_category":0,"footnotes":""},"categories":[32],"tags":[],"yst_prominent_words":[],"class_list":["post-1563","page","type-page","status-publish","has-post-thumbnail","hentry","category-approfondimenti-fr"],"_links":{"self":[{"href":"https:\/\/www.fluimucil-erkaeltungshusten.ch\/fr\/wp-json\/wp\/v2\/pages\/1563","targetHints":{"allow":["GET"]}}],"collection":[{"href":"https:\/\/www.fluimucil-erkaeltungshusten.ch\/fr\/wp-json\/wp\/v2\/pages"}],"about":[{"href":"https:\/\/www.fluimucil-erkaeltungshusten.ch\/fr\/wp-json\/wp\/v2\/types\/page"}],"author":[{"embeddable":true,"href":"https:\/\/www.fluimucil-erkaeltungshusten.ch\/fr\/wp-json\/wp\/v2\/users\/2"}],"replies":[{"embeddable":true,"href":"https:\/\/www.fluimucil-erkaeltungshusten.ch\/fr\/wp-json\/wp\/v2\/comments?post=1563"}],"version-history":[{"count":0,"href":"https:\/\/www.fluimucil-erkaeltungshusten.ch\/fr\/wp-json\/wp\/v2\/pages\/1563\/revisions"}],"up":[{"embeddable":true,"href":"https:\/\/www.fluimucil-erkaeltungshusten.ch\/fr\/wp-json\/wp\/v2\/pages\/1559"}],"wp:featuredmedia":[{"embeddable":true,"href":"https:\/\/www.fluimucil-erkaeltungshusten.ch\/fr\/wp-json\/wp\/v2\/media\/990"}],"wp:attachment":[{"href":"https:\/\/www.fluimucil-erkaeltungshusten.ch\/fr\/wp-json\/wp\/v2\/media?parent=1563"}],"wp:term":[{"taxonomy":"category","embeddable":true,"href":"https:\/\/www.fluimucil-erkaeltungshusten.ch\/fr\/wp-json\/wp\/v2\/categories?post=1563"},{"taxonomy":"post_tag","embeddable":true,"href":"https:\/\/www.fluimucil-erkaeltungshusten.ch\/fr\/wp-json\/wp\/v2\/tags?post=1563"},{"taxonomy":"yst_prominent_words","embeddable":true,"href":"https:\/\/www.fluimucil-erkaeltungshusten.ch\/fr\/wp-json\/wp\/v2\/yst_prominent_words?post=1563"}],"curies":[{"name":"wp","href":"https:\/\/api.w.org\/{rel}","templated":true}]}}