{"id":1537,"date":"2017-11-29T13:58:30","date_gmt":"2017-11-29T12:58:30","guid":{"rendered":"https:\/\/www.fluimucil-erkaeltungshusten.ch\/pour-en-savoir-plus\/senior\/terza-eta-e-affezioni-respiratorie-come-tutelare-le-vie-aeree\/"},"modified":"2017-12-16T16:16:36","modified_gmt":"2017-12-16T15:16:36","slug":"troisieme-age-et-affections-respiratoires-comment-preserver-les-voies-aeriennes","status":"publish","type":"page","link":"https:\/\/www.fluimucil-erkaeltungshusten.ch\/fr\/pour-en-savoir-plus\/senior\/troisieme-age-et-affections-respiratoires-comment-preserver-les-voies-aeriennes\/","title":{"rendered":"Troisi\u00e8me \u00e2ge et affections respiratoires : comment pr\u00e9server les voies a\u00e9riennes"},"content":{"rendered":"<div class=\"wpb-content-wrapper\">[mk_page_section vertical_align=\u00a0\u00bbcenter\u00a0\u00bb bg_image=\u00a0\u00bbhttps:\/\/www.fluimucil-erkaeltungshusten.ch\/wp-content\/uploads\/2017\/11\/teaser_senior.jpg\u00a0\u00bb bg_position=\u00a0\u00bbcenter bottom\u00a0\u00bb bg_repeat=\u00a0\u00bbno-repeat\u00a0\u00bb min_height=\u00a0\u00bb575&Prime; padding_top=\u00a0\u00bb120&Prime; padding_bottom=\u00a0\u00bb0&Prime; sidebar=\u00a0\u00bbsidebar-1&Prime;][vc_column][\/vc_column][\/mk_page_section][vc_row css=\u00a0\u00bb.vc_custom_1511795486415{padding-top: 20px !important;padding-left: 10px !important;}\u00a0\u00bb][vc_column width=\u00a0\u00bb2\/3&Prime;][mk_fancy_title tag_name=\u00a0\u00bbspan\u00a0\u00bb color=\u00a0\u00bb#005982&Prime; size=\u00a0\u00bb22&Prime; font_weight=\u00a0\u00bbbold\u00a0\u00bb letter_spacing=\u00a0\u00bb1&Prime; font_family=\u00a0\u00bbnone\u00a0\u00bb]SENIOR[\/mk_fancy_title][mk_fancy_title tag_name=\u00a0\u00bbh1&Prime; color=\u00a0\u00bb#005982&Prime; size=\u00a0\u00bb20&Prime; line_height=\u00a0\u00bb125&Prime; font_weight=\u00a0\u00bbbold\u00a0\u00bb font_family=\u00a0\u00bbnone\u00a0\u00bb]Troisi\u00e8me \u00e2ge et affections respiratoires : comment pr\u00e9server les voies a\u00e9riennes[\/mk_fancy_title][vc_single_image source=\u00a0\u00bbfeatured_image\u00a0\u00bb img_size=\u00a0\u00bbfull\u00a0\u00bb][vc_column_text css=\u00a0\u00bb.vc_custom_1513083970613{margin-bottom: 0px !important;}\u00a0\u00bb]Le troisi\u00e8me \u00e2ge comporte un d\u00e9clin naturel de la fonctionnalit\u00e9 de l\u2019organisme dans son ensemble. Celui-ci se traduit par une augmentation de la vuln\u00e9rabilit\u00e9 face aux pathologies. En ce qui concerne l\u2019<a href=\"https:\/\/www.fluimucil-erkaeltungshusten.ch\/fr\/Faq\/Glossaire#a\" target=\"_self\">appareil respiratoire<\/a>, ce d\u00e9clin physiologique implique une \u00e9l\u00e9vation des facteurs de risques li\u00e9s aux affections saisonni\u00e8res et aux complications telles que la pneumonie bact\u00e9rienne.<\/p>\n<p>Afin de pr\u00e9server les voies a\u00e9riennes et d\u2019\u00e9viter des situations d\u00e9plaisantes et potentiellement dangereuses, la pr\u00e9vention joue un r\u00f4le d\u00e9terminant \u00e0 c\u00f4t\u00e9 des m\u00e9canismes des d\u00e9fenses\u00a0 immunitaires. Voici quelques conseils simples \u00e0 suivre pour pr\u00e9server sa sant\u00e9 et maintenir ses\u00a0<a href=\"https:\/\/www.fluimucil-erkaeltungshusten.ch\/fr\/Faq\/Glossaire#d\" target=\"_self\">d\u00e9fenses immunitaires<\/a>\u00a0fonctionnelles en cas de maladie, m\u00eame quand on avance en \u00e2ge.<\/p>\n<ul>\n<li>Une alimentation l\u00e9g\u00e8re et nourrissante, privil\u00e9giant par exemple les fruits et les l\u00e9gumes frais, garantira un apport convenable en sels min\u00e9raux et en vitamines, essentiels pour pr\u00e9server le syst\u00e8me immunitaire.<\/li>\n<li>Pratiquer une activit\u00e9 physique m\u00eame l\u00e9g\u00e8re \u00e0 condition qu\u2019elle soit r\u00e9guli\u00e8re, pour garder un organisme en bonne sant\u00e9 et bien fonctionnel m\u00eame \u00e0 un \u00e2ge avanc\u00e9.<\/li>\n<li>La vaccination reste fortement recommand\u00e9e pour les personnes \u00e2g\u00e9es.<\/li>\n<li>L\u2019utilisation inconsid\u00e9r\u00e9e des antibiotiques est \u00e0 \u00e9viter, \u00e0 moins que le m\u00e9decin traitant ne le juge n\u00e9cessaire.<\/li>\n<\/ul>\n<p>Pour obtenir de plus amples informations, veuillez vous adresser au sp\u00e9cialiste.[\/vc_column_text][mk_button dimension=\u00a0\u00bbflat\u00a0\u00bb corner_style=\u00a0\u00bbfull_rounded\u00a0\u00bb size=\u00a0\u00bbmedium\u00a0\u00bb url=\u00a0\u00bb\/fr\/pour-en-savoir-plus\/senior\/\u00a0\u00bb margin_top=\u00a0\u00bb30&Prime; margin_right=\u00a0\u00bb0&Prime; bg_color=\u00a0\u00bb#00768e\u00a0\u00bb btn_hover_bg=\u00a0\u00bbrgba(0,118,142,0.75)\u00a0\u00bb]Retour[\/mk_button][\/vc_column][vc_column width=\u00a0\u00bb1\/12&Prime;][\/vc_column][vc_column width=\u00a0\u00bb1\/4&Prime;][vc_wp_custommenu nav_menu=\u00a0\u00bb14&Prime;][mk_icon_box icon=\u00a0\u00bbmk-moon-temperature\u00a0\u00bb title=\u00a0\u00bbSYMPT\u00d4MES ET TROUBLES\u00a0\u00bb text_size=\u00a0\u00bb13&Prime; read_more_txt=\u00a0\u00bbAllez \u00e0 la section\u00a0\u00bb read_more_url=\u00a0\u00bb\/fr\/Symptomes-et-Troubles\/Toux-grasse\u00a0\u00bb style=\u00a0\u00bbboxed\u00a0\u00bb icon_location=\u00a0\u00bbtop\u00a0\u00bb icon_color=\u00a0\u00bb#075985&Prime; icon_circle_color=\u00a0\u00bb\u00a0\u00bb title_color=\u00a0\u00bb#075985&Prime; txt_color=\u00a0\u00bb#00768e\u00a0\u00bb el_class=\u00a0\u00bbside-icon-box\u00a0\u00bb]Plus d\u2019informations sur les maux saisonniers.[\/mk_icon_box][\/vc_column][\/vc_row]\n<\/div>","protected":false},"excerpt":{"rendered":"<p>Le troisi\u00e8me \u00e2ge comporte un d\u00e9clin naturel de la fonctionnalit\u00e9 de l\u2019organisme dans&#8230;<\/p>\n","protected":false},"author":2,"featured_media":980,"parent":1533,"menu_order":0,"comment_status":"closed","ping_status":"closed","template":"","meta":{"_monsterinsights_skip_tracking":false,"_monsterinsights_sitenote_active":false,"_monsterinsights_sitenote_note":"","_monsterinsights_sitenote_category":0,"footnotes":""},"categories":[31],"tags":[],"yst_prominent_words":[],"class_list":["post-1537","page","type-page","status-publish","has-post-thumbnail","hentry","category-senior-fr"],"_links":{"self":[{"href":"https:\/\/www.fluimucil-erkaeltungshusten.ch\/fr\/wp-json\/wp\/v2\/pages\/1537","targetHints":{"allow":["GET"]}}],"collection":[{"href":"https:\/\/www.fluimucil-erkaeltungshusten.ch\/fr\/wp-json\/wp\/v2\/pages"}],"about":[{"href":"https:\/\/www.fluimucil-erkaeltungshusten.ch\/fr\/wp-json\/wp\/v2\/types\/page"}],"author":[{"embeddable":true,"href":"https:\/\/www.fluimucil-erkaeltungshusten.ch\/fr\/wp-json\/wp\/v2\/users\/2"}],"replies":[{"embeddable":true,"href":"https:\/\/www.fluimucil-erkaeltungshusten.ch\/fr\/wp-json\/wp\/v2\/comments?post=1537"}],"version-history":[{"count":0,"href":"https:\/\/www.fluimucil-erkaeltungshusten.ch\/fr\/wp-json\/wp\/v2\/pages\/1537\/revisions"}],"up":[{"embeddable":true,"href":"https:\/\/www.fluimucil-erkaeltungshusten.ch\/fr\/wp-json\/wp\/v2\/pages\/1533"}],"wp:featuredmedia":[{"embeddable":true,"href":"https:\/\/www.fluimucil-erkaeltungshusten.ch\/fr\/wp-json\/wp\/v2\/media\/980"}],"wp:attachment":[{"href":"https:\/\/www.fluimucil-erkaeltungshusten.ch\/fr\/wp-json\/wp\/v2\/media?parent=1537"}],"wp:term":[{"taxonomy":"category","embeddable":true,"href":"https:\/\/www.fluimucil-erkaeltungshusten.ch\/fr\/wp-json\/wp\/v2\/categories?post=1537"},{"taxonomy":"post_tag","embeddable":true,"href":"https:\/\/www.fluimucil-erkaeltungshusten.ch\/fr\/wp-json\/wp\/v2\/tags?post=1537"},{"taxonomy":"yst_prominent_words","embeddable":true,"href":"https:\/\/www.fluimucil-erkaeltungshusten.ch\/fr\/wp-json\/wp\/v2\/yst_prominent_words?post=1537"}],"curies":[{"name":"wp","href":"https:\/\/api.w.org\/{rel}","templated":true}]}}