{"id":1535,"date":"2017-11-29T11:57:24","date_gmt":"2017-11-29T10:57:24","guid":{"rendered":"https:\/\/www.fluimucil-erkaeltungshusten.ch\/pour-en-savoir-plus\/senior\/influenza-quando-vaccinarsi\/"},"modified":"2017-12-16T16:16:35","modified_gmt":"2017-12-16T15:16:35","slug":"grippe-quand-se-faire-vacciner","status":"publish","type":"page","link":"https:\/\/www.fluimucil-erkaeltungshusten.ch\/fr\/pour-en-savoir-plus\/senior\/grippe-quand-se-faire-vacciner\/","title":{"rendered":"Grippe : quand se faire vacciner ?"},"content":{"rendered":"<div class=\"wpb-content-wrapper\">[mk_page_section vertical_align=\u00a0\u00bbcenter\u00a0\u00bb bg_image=\u00a0\u00bbhttps:\/\/www.fluimucil-erkaeltungshusten.ch\/wp-content\/uploads\/2017\/11\/teaser_senior.jpg\u00a0\u00bb bg_position=\u00a0\u00bbcenter bottom\u00a0\u00bb bg_repeat=\u00a0\u00bbno-repeat\u00a0\u00bb min_height=\u00a0\u00bb575&Prime; padding_top=\u00a0\u00bb120&Prime; padding_bottom=\u00a0\u00bb0&Prime; sidebar=\u00a0\u00bbsidebar-1&Prime;][vc_column][\/vc_column][\/mk_page_section][vc_row css=\u00a0\u00bb.vc_custom_1511795486415{padding-top: 20px !important;padding-left: 10px !important;}\u00a0\u00bb][vc_column width=\u00a0\u00bb2\/3&Prime;][mk_fancy_title tag_name=\u00a0\u00bbspan\u00a0\u00bb color=\u00a0\u00bb#005982&Prime; size=\u00a0\u00bb22&Prime; font_weight=\u00a0\u00bbbold\u00a0\u00bb letter_spacing=\u00a0\u00bb1&Prime; font_family=\u00a0\u00bbnone\u00a0\u00bb]SENIOR[\/mk_fancy_title][mk_fancy_title tag_name=\u00a0\u00bbh1&Prime; color=\u00a0\u00bb#005982&Prime; size=\u00a0\u00bb20&Prime; line_height=\u00a0\u00bb125&Prime; font_weight=\u00a0\u00bbbold\u00a0\u00bb font_family=\u00a0\u00bbnone\u00a0\u00bb]Grippe : quand se faire vacciner ?[\/mk_fancy_title][vc_single_image source=\u00a0\u00bbfeatured_image\u00a0\u00bb img_size=\u00a0\u00bbfull\u00a0\u00bb][vc_column_text css=\u00a0\u00bb.vc_custom_1513078177531{margin-bottom: 0px !important;}\u00a0\u00bb]Chaque ann\u00e9e, en Suisse, plus de cent mille patients consultent un m\u00e9decin \u00e0 cause de la\u00a0<a href=\"https:\/\/www.fluimucil-erkaeltungshusten.ch\/fr\/Faq\/Glossaire#g\">grippe<\/a>saisonni\u00e8re. Pour cette m\u00eame raison, plusieurs milliers de personnes sont hospitalis\u00e9es. On enregistre annuellement environ une centaine de d\u00e9c\u00e8s associ\u00e9s aux maladies grippales.<\/p>\n<p>Lorsque l\u2019\u00e2ge avance, les\u00a0<a href=\"https:\/\/www.fluimucil-erkaeltungshusten.ch\/fr\/Faq\/Glossaire#d\">d\u00e9fenses immunitaires<\/a>\u00a0tendent \u00e0 baisser et l\u2019organisme est toujours plus vuln\u00e9rable aux infections et pathologies ; cela est aussi valable pour les syndromes\u00a0<a href=\"https:\/\/www.fluimucil-erkaeltungshusten.ch\/fr\/Faq\/Glossaire#g\">grippaux<\/a>\u00a0de saison.<\/p>\n<p>Pour certains groupes de personnes, parmi lesquels les personnes \u00e2g\u00e9es, les nourrissons et les malades chroniques, la\u00a0<a href=\"https:\/\/www.fluimucil-erkaeltungshusten.ch\/fr\/Faq\/Glossaire#g\">grippe<\/a>\u00a0n\u2019est pas sans danger et peut comporter de graves complications ; elle tend en effet \u00e0 frapper plus et avec plus de force les sujets plus faibles d\u2019un point de vue immunitaire, \u00e0 savoir les enfants et les personnes de plus de 65 ans, qui sont plus expos\u00e9es aux risques d\u00e9rivant des complications de l\u2019infection.<\/p>\n<p>La\u00a0<a href=\"https:\/\/www.fluimucil-erkaeltungshusten.ch\/fr\/Faq\/Glossaire#v\">vaccination<\/a>\u00a0prot\u00e8ge de la\u00a0<a href=\"https:\/\/www.fluimucil-erkaeltungshusten.ch\/fr\/Faq\/Glossaire#g\">grippe<\/a>\u00a0et de ses complications et emp\u00eache la transmission des virus de la\u00a0<a href=\"https:\/\/www.fluimucil-erkaeltungshusten.ch\/fr\/Faq\/Glossaire#g\">grippe<\/a>\u00a0aux personnes proches. Ce sont toutes des bonnes raisons pour se faire vacciner.<\/p>\n<p>D\u2019apr\u00e8s une enqu\u00eate men\u00e9e en Suisse au cours de la saison\u00a0<a href=\"https:\/\/www.fluimucil-erkaeltungshusten.ch\/fr\/Faq\/Glossaire#g\">grippale<\/a>\u00a02013\/2014, il est apparu que durant cette p\u00e9riode 37 % des personnes de plus de 65 ans ont \u00e9t\u00e9 vaccin\u00e9es, 31 % des personnes atteintes de maladies chroniques et 19 % du personnel de la sant\u00e9 qui est en contact direct avec les patients.<\/p>\n<p>La promotion de la\u00a0<a href=\"https:\/\/www.fluimucil-erkaeltungshusten.ch\/fr\/Faq\/Glossaire#v\">vaccination<\/a>\u00a0a un r\u00f4le important dans la strat\u00e9gie de pr\u00e9vention de la\u00a0<a href=\"https:\/\/www.fluimucil-erkaeltungshusten.ch\/fr\/Faq\/Glossaire#g\">grippe<\/a>. D\u2019un c\u00f4t\u00e9, il s\u2019agit d\u2019informer de mani\u00e8re exhaustive les groupes \u00e0 risque et leur entourage ; les plus de 65 ans et les malades chroniques, ainsi que le groupe de personnes proches, doivent \u00eatre inform\u00e9s de mani\u00e8re \u00e0 pouvoir prendre une d\u00e9cision autonome concernant la\u00a0<a href=\"https:\/\/www.fluimucil-erkaeltungshusten.ch\/fr\/Faq\/Glossaire#v\">vaccination<\/a>. D\u2019autre part, la strat\u00e9gie s\u2019adresse au personnel de la sant\u00e9, qui doit \u00eatre capable de transmettre le message sur la pr\u00e9vention de mani\u00e8re claire.<\/p>\n<p>Pour plus d\u2019informations, s\u2019adresser \u00e0 un sp\u00e9cialiste de la sant\u00e9.[\/vc_column_text][mk_button dimension=\u00a0\u00bbflat\u00a0\u00bb corner_style=\u00a0\u00bbfull_rounded\u00a0\u00bb size=\u00a0\u00bbmedium\u00a0\u00bb url=\u00a0\u00bb\/fr\/pour-en-savoir-plus\/senior\/\u00a0\u00bb margin_top=\u00a0\u00bb30&Prime; margin_right=\u00a0\u00bb0&Prime; bg_color=\u00a0\u00bb#00768e\u00a0\u00bb btn_hover_bg=\u00a0\u00bbrgba(0,118,142,0.75)\u00a0\u00bb]Retour[\/mk_button][\/vc_column][vc_column width=\u00a0\u00bb1\/12&Prime;][\/vc_column][vc_column width=\u00a0\u00bb1\/4&Prime;][vc_wp_custommenu nav_menu=\u00a0\u00bb14&Prime;][mk_icon_box icon=\u00a0\u00bbmk-moon-temperature\u00a0\u00bb title=\u00a0\u00bbSYMPT\u00d4MES ET TROUBLES\u00a0\u00bb text_size=\u00a0\u00bb13&Prime; read_more_txt=\u00a0\u00bbAllez \u00e0 la section\u00a0\u00bb read_more_url=\u00a0\u00bb\/fr\/Symptomes-et-Troubles\/Toux-grasse\u00a0\u00bb style=\u00a0\u00bbboxed\u00a0\u00bb icon_location=\u00a0\u00bbtop\u00a0\u00bb icon_color=\u00a0\u00bb#075985&Prime; icon_circle_color=\u00a0\u00bb\u00a0\u00bb title_color=\u00a0\u00bb#075985&Prime; txt_color=\u00a0\u00bb#00768e\u00a0\u00bb el_class=\u00a0\u00bbside-icon-box\u00a0\u00bb]Plus d\u2019informations sur les maux saisonniers.[\/mk_icon_box][\/vc_column][\/vc_row]\n<\/div>","protected":false},"excerpt":{"rendered":"<p>Chaque ann\u00e9e, en Suisse, plus de cent mille patients consultent un m\u00e9decin \u00e0 cause de la grippe&#8230;<\/p>\n","protected":false},"author":2,"featured_media":973,"parent":1533,"menu_order":0,"comment_status":"closed","ping_status":"closed","template":"","meta":{"_monsterinsights_skip_tracking":false,"_monsterinsights_sitenote_active":false,"_monsterinsights_sitenote_note":"","_monsterinsights_sitenote_category":0,"footnotes":""},"categories":[31],"tags":[],"yst_prominent_words":[],"class_list":["post-1535","page","type-page","status-publish","has-post-thumbnail","hentry","category-senior-fr"],"_links":{"self":[{"href":"https:\/\/www.fluimucil-erkaeltungshusten.ch\/fr\/wp-json\/wp\/v2\/pages\/1535","targetHints":{"allow":["GET"]}}],"collection":[{"href":"https:\/\/www.fluimucil-erkaeltungshusten.ch\/fr\/wp-json\/wp\/v2\/pages"}],"about":[{"href":"https:\/\/www.fluimucil-erkaeltungshusten.ch\/fr\/wp-json\/wp\/v2\/types\/page"}],"author":[{"embeddable":true,"href":"https:\/\/www.fluimucil-erkaeltungshusten.ch\/fr\/wp-json\/wp\/v2\/users\/2"}],"replies":[{"embeddable":true,"href":"https:\/\/www.fluimucil-erkaeltungshusten.ch\/fr\/wp-json\/wp\/v2\/comments?post=1535"}],"version-history":[{"count":0,"href":"https:\/\/www.fluimucil-erkaeltungshusten.ch\/fr\/wp-json\/wp\/v2\/pages\/1535\/revisions"}],"up":[{"embeddable":true,"href":"https:\/\/www.fluimucil-erkaeltungshusten.ch\/fr\/wp-json\/wp\/v2\/pages\/1533"}],"wp:featuredmedia":[{"embeddable":true,"href":"https:\/\/www.fluimucil-erkaeltungshusten.ch\/fr\/wp-json\/wp\/v2\/media\/973"}],"wp:attachment":[{"href":"https:\/\/www.fluimucil-erkaeltungshusten.ch\/fr\/wp-json\/wp\/v2\/media?parent=1535"}],"wp:term":[{"taxonomy":"category","embeddable":true,"href":"https:\/\/www.fluimucil-erkaeltungshusten.ch\/fr\/wp-json\/wp\/v2\/categories?post=1535"},{"taxonomy":"post_tag","embeddable":true,"href":"https:\/\/www.fluimucil-erkaeltungshusten.ch\/fr\/wp-json\/wp\/v2\/tags?post=1535"},{"taxonomy":"yst_prominent_words","embeddable":true,"href":"https:\/\/www.fluimucil-erkaeltungshusten.ch\/fr\/wp-json\/wp\/v2\/yst_prominent_words?post=1535"}],"curies":[{"name":"wp","href":"https:\/\/api.w.org\/{rel}","templated":true}]}}