{"id":1491,"date":"2017-12-07T11:31:12","date_gmt":"2017-12-07T10:31:12","guid":{"rendered":"https:\/\/www.fluimucil-erkaeltungshusten.ch\/?page_id=1491"},"modified":"2017-12-16T16:16:18","modified_gmt":"2017-12-16T15:16:18","slug":"les-mecanismes-physiques-de-defense-de-lappareil-respiratoire","status":"publish","type":"page","link":"https:\/\/www.fluimucil-erkaeltungshusten.ch\/fr\/approfondissements-et-conseils\/appareil-respiratoire\/approfondissements-appareil-respiratoire\/les-mecanismes-physiques-de-defense-de-lappareil-respiratoire\/","title":{"rendered":"Les m\u00e9canismes physiques de d\u00e9fense de l\u2019appareil respiratoire"},"content":{"rendered":"<div class=\"wpb-content-wrapper\">[mk_page_section vertical_align=\u00a0\u00bbcenter\u00a0\u00bb bg_image=\u00a0\u00bbhttps:\/\/www.fluimucil-erkaeltungshusten.ch\/wp-content\/uploads\/2017\/11\/teaser_comeprevenire.jpg\u00a0\u00bb bg_position=\u00a0\u00bbcenter bottom\u00a0\u00bb bg_repeat=\u00a0\u00bbno-repeat\u00a0\u00bb min_height=\u00a0\u00bb575&Prime; padding_top=\u00a0\u00bb120&Prime; padding_bottom=\u00a0\u00bb0&Prime; sidebar=\u00a0\u00bbsidebar-1&Prime;][vc_column][\/vc_column][\/mk_page_section][vc_row css=\u00a0\u00bb.vc_custom_1511795486415{padding-top: 20px !important;padding-left: 10px !important;}\u00a0\u00bb][vc_column width=\u00a0\u00bb2\/3&Prime;][mk_fancy_title tag_name=\u00a0\u00bbspan\u00a0\u00bb color=\u00a0\u00bb#005982&Prime; size=\u00a0\u00bb22&Prime; font_weight=\u00a0\u00bbbold\u00a0\u00bb letter_spacing=\u00a0\u00bb1&Prime; font_family=\u00a0\u00bbnone\u00a0\u00bb]APPROFONDISSEMENTS APPAREIL RESPIRATOIRE[\/mk_fancy_title][mk_fancy_title tag_name=\u00a0\u00bbh1&Prime; color=\u00a0\u00bb#005982&Prime; size=\u00a0\u00bb20&Prime; line_height=\u00a0\u00bb125&Prime; font_weight=\u00a0\u00bbbold\u00a0\u00bb font_family=\u00a0\u00bbnone\u00a0\u00bb]Les m\u00e9canismes physiques de d\u00e9fense de l\u2019appareil respiratoire[\/mk_fancy_title][vc_single_image source=\u00a0\u00bbfeatured_image\u00a0\u00bb img_size=\u00a0\u00bbfull\u00a0\u00bb][vc_column_text css=\u00a0\u00bb.vc_custom_1512642585258{margin-bottom: 0px !important;}\u00a0\u00bb]Quand nous inspirons, l\u2019air entre dans notre organisme. Ce n\u2019est cependant pas la seule chose qui s\u2019introduit dans l\u2019<a href=\"https:\/\/www.fluimucil-erkaeltungshusten.ch\/fr\/Faq\/Glossaire#a\" target=\"_self\">appareil respiratoire<\/a>\u00a0: dans les poumons p\u00e9n\u00e8trent aussi d\u2019autres \u00e9l\u00e9ments tels que pollens, cendres, poussi\u00e8res, spores de moisissures, particules organiques, virus et bact\u00e9ries, qui sont tous des organismes potentiellement dangereux pour la sant\u00e9 des voies respiratoires. Pour lutter contre ces risques, l\u2019<a href=\"https:\/\/www.fluimucil-erkaeltungshusten.ch\/fr\/Faq\/Glossaire#a\" target=\"_self\">appareil respiratoire<\/a>\u00a0a d\u00e9velopp\u00e9 diff\u00e9rentes modalit\u00e9s de d\u00e9fense, aussi bien au niveau immunitaire que de type m\u00e9canique.<br \/>\nLes d\u00e9fenses physiques de l\u2019<a href=\"https:\/\/www.fluimucil-erkaeltungshusten.ch\/fr\/Faq\/Glossaire#a\" target=\"_self\">appareil respiratoire<\/a>\u00a0sont\u00a0:<\/p>\n<ul>\n<li>les\u00a0<strong>poils du nez<\/strong>\u00a0;<\/li>\n<li>la\u00a0<a href=\"https:\/\/www.fluimucil-erkaeltungshusten.ch\/fr\/Faq\/Glossaire#c\" target=\"_self\">clairance mucociliaire<\/a>\u00a0;<\/li>\n<li>la\u00a0<a href=\"https:\/\/www.fluimucil-erkaeltungshusten.ch\/fr\/Faq\/Glossaire#t\" target=\"_self\">toux<\/a>\u00a0et les\u00a0<a href=\"https:\/\/www.fluimucil-erkaeltungshusten.ch\/fr\/Faq\/Glossaire#e\" target=\"_self\">\u00e9ternuements<\/a>.<\/li>\n<\/ul>\n<p><strong>Les poils du nez<\/strong>\u00a0sont la premi\u00e8re barri\u00e8re de notre organisme contre les dangers provenant de l\u2019air que nous respirons\u00a0: en effet, en inspirant par le nez,\u00a0<strong>la plus grande partie des particules nocives sont retenues<\/strong>\u00a0par les poils qui peuplent les cavit\u00e9s nasales et qui, en plus de cette fonction importante, ont comme r\u00f4le d\u2019aider \u00e0 r\u00e9chauffer et humidifier l\u2019air qui avancera vers les voies respiratoires inf\u00e9rieures.<\/p>\n<p>La\u00a0<a href=\"https:\/\/www.fluimucil-erkaeltungshusten.ch\/fr\/Faq\/Glossaire#c\" target=\"_self\">clairance mucociliaire<\/a>\u00a0est un complexe de d\u00e9fenses qui recouvre tout le tube respiratoire, du larynx aux bronches. Les parois internes de ces organes sont en effet recouvertes d\u2019un\u00a0<a href=\"https:\/\/www.fluimucil-erkaeltungshusten.ch\/fr\/Faq\/Glossaire#m\" target=\"_self\">mucus<\/a>\u00a0visqueux, s\u00e9cr\u00e9t\u00e9 par des glandes sp\u00e9cifiques, dans lesquelles sont bloqu\u00e9es les fines particules qui ont \u00e9chapp\u00e9 au contr\u00f4le des poils du nez. Cette couche de\u00a0<a href=\"https:\/\/www.fluimucil-erkaeltungshusten.ch\/fr\/Faq\/Glossaire#m\" target=\"_self\">mucus<\/a>, avec sa quantit\u00e9 d\u2019agents nocifs rest\u00e9s bloqu\u00e9s, est mise en mouvement par un\u00a0<strong>syst\u00e8me de cils<\/strong>\u00a0plac\u00e9s en-dessous qui, gr\u00e2ce \u00e0 leur mouvement, la d\u00e9placent vers les voies respiratoires sup\u00e9rieures o\u00f9 elle sera ensuite expuls\u00e9e (\u00e0 travers le nez et la bouche) ; par cons\u00e9quent, lorsque nous nous mouchons le nez, nous aidons notre\u00a0<a href=\"https:\/\/www.fluimucil-erkaeltungshusten.ch\/fr\/Faq\/Glossaire#a\" target=\"_self\">appareil respiratoire<\/a>\u00a0\u00e0 se d\u00e9barrasser des \u00ab\u00a0h\u00f4tes ind\u00e9sirables\u00a0\u00bb et potentiellement nocifs pour la sant\u00e9.<\/p>\n<p>La\u00a0<a href=\"https:\/\/www.fluimucil-erkaeltungshusten.ch\/fr\/Faq\/Glossaire#t\" target=\"_self\">toux<\/a>\u00a0et les\u00a0<a href=\"https:\/\/www.fluimucil-erkaeltungshusten.ch\/fr\/Faq\/Glossaire#e\" target=\"_self\">\u00e9ternuements<\/a>\u00a0sont, pour ainsi dire, des m\u00e9canismes d\u2019urgence qui se mettent en place quand entrent dans le corps des particules trop grandes pour \u00eatre d\u00e9compos\u00e9es par la\u00a0<a href=\"https:\/\/www.fluimucil-erkaeltungshusten.ch\/fr\/Faq\/Glossaire#c\" target=\"_self\">clairance mucociliaire<\/a>\u00a0ou quand se cr\u00e9e, en pr\u00e9sence d\u2019infections ou d\u2019autres maladies, un exc\u00e8s de\u00a0<a href=\"https:\/\/www.fluimucil-erkaeltungshusten.ch\/fr\/Faq\/Glossaire#m\" target=\"_self\">mucus<\/a>\u00a0qui, en restant dans le corps, pourrait s\u2019infecter et aggraver la situation. Dans ces cas-l\u00e0, l\u2019organisme r\u00e9agit \u00e0 travers la stimulation de certains r\u00e9cepteurs nerveux en excr\u00e9tant \u00e0 grande vitesse (pouvant d\u00e9passer les 300 km\/h) un grand volume d\u2019air et, avec ce dernier, le corps \u00e9tranger qui a d\u00e9clench\u00e9 une telle r\u00e9ponse de la part de l\u2019orgasnisme.[\/vc_column_text][mk_button dimension=\u00a0\u00bbflat\u00a0\u00bb corner_style=\u00a0\u00bbfull_rounded\u00a0\u00bb size=\u00a0\u00bbmedium\u00a0\u00bb url=\u00a0\u00bb\/fr\/approfondissements-et-conseils\/appareil-respiratoire\/approfondissements-appareil-respiratoire\/\u00a0\u00bb margin_top=\u00a0\u00bb30&Prime; margin_right=\u00a0\u00bb0&Prime; bg_color=\u00a0\u00bb#00768e\u00a0\u00bb btn_hover_bg=\u00a0\u00bbrgba(0,118,142,0.75)\u00a0\u00bb]Retour[\/mk_button][\/vc_column][vc_column width=\u00a0\u00bb1\/12&Prime;][\/vc_column][vc_column width=\u00a0\u00bb1\/4&Prime;][vc_wp_custommenu nav_menu=\u00a0\u00bb11&Prime;][mk_icon_box icon=\u00a0\u00bbmk-moon-temperature\u00a0\u00bb title=\u00a0\u00bbSYMPT\u00d4MES ET TROUBLES\u00a0\u00bb text_size=\u00a0\u00bb13&Prime; read_more_txt=\u00a0\u00bbAllez \u00e0 la section\u00a0\u00bb read_more_url=\u00a0\u00bb\/fr\/Symptomes-et-Troubles\/Toux-grasse\u00a0\u00bb style=\u00a0\u00bbboxed\u00a0\u00bb icon_location=\u00a0\u00bbtop\u00a0\u00bb icon_color=\u00a0\u00bb#075985&Prime; icon_circle_color=\u00a0\u00bb\u00a0\u00bb title_color=\u00a0\u00bb#075985&Prime; txt_color=\u00a0\u00bb#00768e\u00a0\u00bb el_class=\u00a0\u00bbside-icon-box\u00a0\u00bb]Plus d\u2019informations sur les maux saisonniers.[\/mk_icon_box][mk_icon_box icon=\u00a0\u00bbmk-icon-lightbulb-o\u00a0\u00bb title=\u00a0\u00bbPOUR EN SAVOIR PLUS\u00a0\u00bb text_size=\u00a0\u00bb13&Prime; read_more_txt=\u00a0\u00bbAllez \u00e0 la section\u00a0\u00bb read_more_url=\u00a0\u00bb\/fr\/Pour-en-savoir-plus\/Mamans-et-enfants\u00a0\u00bb style=\u00a0\u00bbboxed\u00a0\u00bb icon_location=\u00a0\u00bbtop\u00a0\u00bb icon_color=\u00a0\u00bb#075985&Prime; icon_circle_color=\u00a0\u00bb\u00a0\u00bb title_color=\u00a0\u00bb#075985&Prime; txt_color=\u00a0\u00bb#00768e\u00a0\u00bb el_class=\u00a0\u00bbside-icon-box\u00a0\u00bb]Informations et approfondissements utiles.[\/mk_icon_box][\/vc_column][\/vc_row]\n<\/div>","protected":false},"excerpt":{"rendered":"<p>Quand nous inspirons, l\u2019air entre dans notre organisme. Ce n\u2019est cependant pas la seule chose qui&#8230;<\/p>\n","protected":false},"author":2,"featured_media":1501,"parent":1504,"menu_order":0,"comment_status":"closed","ping_status":"closed","template":"","meta":{"_monsterinsights_skip_tracking":false,"_monsterinsights_sitenote_active":false,"_monsterinsights_sitenote_note":"","_monsterinsights_sitenote_category":0,"footnotes":""},"categories":[28],"tags":[],"yst_prominent_words":[],"class_list":["post-1491","page","type-page","status-publish","has-post-thumbnail","hentry","category-approfondimenti-apparato-respiratorio-fr"],"_links":{"self":[{"href":"https:\/\/www.fluimucil-erkaeltungshusten.ch\/fr\/wp-json\/wp\/v2\/pages\/1491","targetHints":{"allow":["GET"]}}],"collection":[{"href":"https:\/\/www.fluimucil-erkaeltungshusten.ch\/fr\/wp-json\/wp\/v2\/pages"}],"about":[{"href":"https:\/\/www.fluimucil-erkaeltungshusten.ch\/fr\/wp-json\/wp\/v2\/types\/page"}],"author":[{"embeddable":true,"href":"https:\/\/www.fluimucil-erkaeltungshusten.ch\/fr\/wp-json\/wp\/v2\/users\/2"}],"replies":[{"embeddable":true,"href":"https:\/\/www.fluimucil-erkaeltungshusten.ch\/fr\/wp-json\/wp\/v2\/comments?post=1491"}],"version-history":[{"count":0,"href":"https:\/\/www.fluimucil-erkaeltungshusten.ch\/fr\/wp-json\/wp\/v2\/pages\/1491\/revisions"}],"up":[{"embeddable":true,"href":"https:\/\/www.fluimucil-erkaeltungshusten.ch\/fr\/wp-json\/wp\/v2\/pages\/1504"}],"wp:featuredmedia":[{"embeddable":true,"href":"https:\/\/www.fluimucil-erkaeltungshusten.ch\/fr\/wp-json\/wp\/v2\/media\/1501"}],"wp:attachment":[{"href":"https:\/\/www.fluimucil-erkaeltungshusten.ch\/fr\/wp-json\/wp\/v2\/media?parent=1491"}],"wp:term":[{"taxonomy":"category","embeddable":true,"href":"https:\/\/www.fluimucil-erkaeltungshusten.ch\/fr\/wp-json\/wp\/v2\/categories?post=1491"},{"taxonomy":"post_tag","embeddable":true,"href":"https:\/\/www.fluimucil-erkaeltungshusten.ch\/fr\/wp-json\/wp\/v2\/tags?post=1491"},{"taxonomy":"yst_prominent_words","embeddable":true,"href":"https:\/\/www.fluimucil-erkaeltungshusten.ch\/fr\/wp-json\/wp\/v2\/yst_prominent_words?post=1491"}],"curies":[{"name":"wp","href":"https:\/\/api.w.org\/{rel}","templated":true}]}}