{"id":1449,"date":"2017-11-28T17:03:38","date_gmt":"2017-11-28T16:03:38","guid":{"rendered":"https:\/\/www.fluimucil-erkaeltungshusten.ch\/approfondissements-et-conseils\/conseils\/coadiuvanti-naturali-per-fluidificare-la-tosse-grassa\/"},"modified":"2017-12-16T16:16:22","modified_gmt":"2017-12-16T15:16:22","slug":"les-adjuvants-naturels-pour-fluidifier-la-toux-grasse","status":"publish","type":"page","link":"https:\/\/www.fluimucil-erkaeltungshusten.ch\/fr\/approfondissements-et-conseils\/conseils\/les-adjuvants-naturels-pour-fluidifier-la-toux-grasse\/","title":{"rendered":"Les adjuvants naturels pour fluidifier la toux grasse"},"content":{"rendered":"<div class=\"wpb-content-wrapper\">[mk_page_section vertical_align=\u00a0\u00bbcenter\u00a0\u00bb bg_image=\u00a0\u00bbhttps:\/\/www.fluimucil-erkaeltungshusten.ch\/wp-content\/uploads\/2017\/11\/teaser_comeprevenire.jpg\u00a0\u00bb bg_position=\u00a0\u00bbcenter bottom\u00a0\u00bb bg_repeat=\u00a0\u00bbno-repeat\u00a0\u00bb min_height=\u00a0\u00bb575&Prime; padding_top=\u00a0\u00bb120&Prime; padding_bottom=\u00a0\u00bb0&Prime; sidebar=\u00a0\u00bbsidebar-1&Prime;][vc_column][\/vc_column][\/mk_page_section][vc_row css=\u00a0\u00bb.vc_custom_1511795486415{padding-top: 20px !important;padding-left: 10px !important;}\u00a0\u00bb][vc_column width=\u00a0\u00bb2\/3&Prime;][mk_fancy_title tag_name=\u00a0\u00bbspan\u00a0\u00bb color=\u00a0\u00bb#005982&Prime; size=\u00a0\u00bb22&Prime; font_weight=\u00a0\u00bbbold\u00a0\u00bb letter_spacing=\u00a0\u00bb1&Prime; font_family=\u00a0\u00bbnone\u00a0\u00bb]CONSEILS[\/mk_fancy_title][mk_fancy_title tag_name=\u00a0\u00bbh1&Prime; color=\u00a0\u00bb#005982&Prime; size=\u00a0\u00bb20&Prime; line_height=\u00a0\u00bb125&Prime; font_weight=\u00a0\u00bbbold\u00a0\u00bb font_family=\u00a0\u00bbnone\u00a0\u00bb]Les adjuvants naturels pour fluidifier la toux grasse[\/mk_fancy_title][vc_single_image source=\u00a0\u00bbfeatured_image\u00a0\u00bb img_size=\u00a0\u00bbfull\u00a0\u00bb][vc_column_text css=\u00a0\u00bb.vc_custom_1512639614424{margin-bottom: 0px !important;}\u00a0\u00bb]Comme vous le savez, l&rsquo;accumulation de\u00a0<a href=\"https:\/\/www.fluimucil-erkaeltungshusten.ch\/fr\/Faq\/Glossaire#m\" target=\"_self\">mucus<\/a>\u00a0dans les bronches est un sympt\u00f4me tr\u00e8s fr\u00e9quent et tr\u00e8s d\u00e9sagr\u00e9able des maladies respiratoires saisonni\u00e8res. En plus des\u00a0<a href=\"https:\/\/www.fluimucil-erkaeltungshusten.ch\/fr\/Faq\/Glossaire#m\" target=\"_self\">mucolytiques<\/a>\u00a0d&rsquo;origine pharmacologique, plusieurs rem\u00e8des naturels peuvent \u00eatre utilis\u00e9s en compl\u00e9ment de la m\u00e9decine conventionnelle, afin de fluidifier le\u00a0<a href=\"https:\/\/www.fluimucil-erkaeltungshusten.ch\/fr\/Faq\/Glossaire#c\" target=\"_self\">catarrhe<\/a>\u00a0:<\/p>\n<ul>\n<li><strong>la vapeur d&rsquo;eau<\/strong>\u00a0&#8211; les fumigations contribuent \u00e0 dissoudre l&rsquo;exc\u00e8s de\u00a0<a href=\"https:\/\/www.fluimucil-erkaeltungshusten.ch\/fr\/Faq\/Glossaire#m\" target=\"_self\">mucus<\/a>, soit par un proc\u00e9d\u00e9 thermique, en utilisant la chaleur de la vapeur, soit par un proc\u00e9d\u00e9 chimique en utilisant les propri\u00e9t\u00e9s des substances naturelles \u00e9ventuellement dissoutes et inhal\u00e9es ;<\/li>\n<li><strong>des rem\u00e8des balsamiques<\/strong>\u00a0&#8211; les herbes ou plantes aromatiques aux effets l\u00e9nitifs sont nombreuses\u00a0: l&rsquo;eucalyptus, l&rsquo;anis, le romarin, etc. Elles peuvent soulager la g\u00eane engendr\u00e9e par une\u00a0<a href=\"https:\/\/www.fluimucil-erkaeltungshusten.ch\/fr\/Faq\/Glossaire#t\" target=\"_self\">toux grasse<\/a>\u00a0ou une\u00a0<a href=\"https:\/\/www.fluimucil-erkaeltungshusten.ch\/fr\/Faq\/Glossaire#r\" target=\"_self\">rhinorrh\u00e9e<\/a>\u00a0et ouvrir les voies respiratoires, ce qui facilite l&rsquo;expectoration du\u00a0<a href=\"https:\/\/www.fluimucil-erkaeltungshusten.ch\/fr\/Faq\/Glossaire#m\" target=\"_self\">mucus<\/a>\u00a0;<\/li>\n<li><strong>l&rsquo;eau<\/strong>\u00a0&#8211; L&rsquo;eau est le fluidifiant naturel par excellence. Une hydratation correcte et abondante, apporte non seulement des avantages \u00e0 tout l&rsquo;organisme, mais elle permet \u00e9galement de modifier les propri\u00e9t\u00e9s physiques du\u00a0<a href=\"https:\/\/www.fluimucil-erkaeltungshusten.ch\/fr\/Faq\/Glossaire#m\" target=\"_self\">mucus<\/a>\u00a0en le rendant beaucoup plus fluide et, par cons\u00e9quent, en facilitant son expectoration.<\/li>\n<\/ul>\n<p>Des mesures appropri\u00e9es peuvent donc soutenir efficacement les effets du traitement m\u00e9dicamenteux.<\/p>\n<p>Pour plus d&rsquo;informations, veuillez consulter un sp\u00e9cialiste.[\/vc_column_text][mk_button dimension=\u00a0\u00bbflat\u00a0\u00bb corner_style=\u00a0\u00bbfull_rounded\u00a0\u00bb size=\u00a0\u00bbmedium\u00a0\u00bb url=\u00a0\u00bb\/fr\/approfondissements-et-conseils\/conseils\/\u00a0\u00bb margin_top=\u00a0\u00bb30&Prime; margin_right=\u00a0\u00bb0&Prime; bg_color=\u00a0\u00bb#00768e\u00a0\u00bb btn_hover_bg=\u00a0\u00bbrgba(0,118,142,0.75)\u00a0\u00bb]Retour[\/mk_button][\/vc_column][vc_column width=\u00a0\u00bb1\/12&Prime;][\/vc_column][vc_column width=\u00a0\u00bb1\/4&Prime;][vc_wp_custommenu nav_menu=\u00a0\u00bb11&Prime;][mk_icon_box icon=\u00a0\u00bbmk-moon-temperature\u00a0\u00bb title=\u00a0\u00bbSYMPT\u00d4MES ET TROUBLES\u00a0\u00bb text_size=\u00a0\u00bb13&Prime; read_more_txt=\u00a0\u00bbAllez \u00e0 la section\u00a0\u00bb read_more_url=\u00a0\u00bb\/fr\/Symptomes-et-Troubles\/Toux-grasse\u00a0\u00bb style=\u00a0\u00bbboxed\u00a0\u00bb icon_location=\u00a0\u00bbtop\u00a0\u00bb icon_color=\u00a0\u00bb#075985&Prime; icon_circle_color=\u00a0\u00bb\u00a0\u00bb title_color=\u00a0\u00bb#075985&Prime; txt_color=\u00a0\u00bb#00768e\u00a0\u00bb el_class=\u00a0\u00bbside-icon-box\u00a0\u00bb]Plus d\u2019informations sur les maux saisonniers.[\/mk_icon_box][mk_icon_box icon=\u00a0\u00bbmk-icon-lightbulb-o\u00a0\u00bb title=\u00a0\u00bbPOUR EN SAVOIR PLUS\u00a0\u00bb text_size=\u00a0\u00bb13&Prime; read_more_txt=\u00a0\u00bbAllez \u00e0 la section\u00a0\u00bb read_more_url=\u00a0\u00bb\/fr\/Pour-en-savoir-plus\/Mamans-et-enfants\u00a0\u00bb style=\u00a0\u00bbboxed\u00a0\u00bb icon_location=\u00a0\u00bbtop\u00a0\u00bb icon_color=\u00a0\u00bb#075985&Prime; icon_circle_color=\u00a0\u00bb\u00a0\u00bb title_color=\u00a0\u00bb#075985&Prime; txt_color=\u00a0\u00bb#00768e\u00a0\u00bb el_class=\u00a0\u00bbside-icon-box\u00a0\u00bb]Informations et approfondissements utiles.[\/mk_icon_box][\/vc_column][\/vc_row]\n<\/div>","protected":false},"excerpt":{"rendered":"<p>Comme vous le savez, l&rsquo;accumulation de mucus dans les bronches est un sympt\u00f4me tr\u00e8s fr\u00e9quent et&#8230;<\/p>\n","protected":false},"author":2,"featured_media":805,"parent":1433,"menu_order":0,"comment_status":"closed","ping_status":"closed","template":"","meta":{"_monsterinsights_skip_tracking":false,"_monsterinsights_sitenote_active":false,"_monsterinsights_sitenote_note":"","_monsterinsights_sitenote_category":0,"footnotes":""},"categories":[25],"tags":[],"yst_prominent_words":[],"class_list":["post-1449","page","type-page","status-publish","has-post-thumbnail","hentry","category-consigli-fr"],"_links":{"self":[{"href":"https:\/\/www.fluimucil-erkaeltungshusten.ch\/fr\/wp-json\/wp\/v2\/pages\/1449","targetHints":{"allow":["GET"]}}],"collection":[{"href":"https:\/\/www.fluimucil-erkaeltungshusten.ch\/fr\/wp-json\/wp\/v2\/pages"}],"about":[{"href":"https:\/\/www.fluimucil-erkaeltungshusten.ch\/fr\/wp-json\/wp\/v2\/types\/page"}],"author":[{"embeddable":true,"href":"https:\/\/www.fluimucil-erkaeltungshusten.ch\/fr\/wp-json\/wp\/v2\/users\/2"}],"replies":[{"embeddable":true,"href":"https:\/\/www.fluimucil-erkaeltungshusten.ch\/fr\/wp-json\/wp\/v2\/comments?post=1449"}],"version-history":[{"count":0,"href":"https:\/\/www.fluimucil-erkaeltungshusten.ch\/fr\/wp-json\/wp\/v2\/pages\/1449\/revisions"}],"up":[{"embeddable":true,"href":"https:\/\/www.fluimucil-erkaeltungshusten.ch\/fr\/wp-json\/wp\/v2\/pages\/1433"}],"wp:featuredmedia":[{"embeddable":true,"href":"https:\/\/www.fluimucil-erkaeltungshusten.ch\/fr\/wp-json\/wp\/v2\/media\/805"}],"wp:attachment":[{"href":"https:\/\/www.fluimucil-erkaeltungshusten.ch\/fr\/wp-json\/wp\/v2\/media?parent=1449"}],"wp:term":[{"taxonomy":"category","embeddable":true,"href":"https:\/\/www.fluimucil-erkaeltungshusten.ch\/fr\/wp-json\/wp\/v2\/categories?post=1449"},{"taxonomy":"post_tag","embeddable":true,"href":"https:\/\/www.fluimucil-erkaeltungshusten.ch\/fr\/wp-json\/wp\/v2\/tags?post=1449"},{"taxonomy":"yst_prominent_words","embeddable":true,"href":"https:\/\/www.fluimucil-erkaeltungshusten.ch\/fr\/wp-json\/wp\/v2\/yst_prominent_words?post=1449"}],"curies":[{"name":"wp","href":"https:\/\/api.w.org\/{rel}","templated":true}]}}