{"id":1447,"date":"2017-11-28T16:57:40","date_gmt":"2017-11-28T15:57:40","guid":{"rendered":"https:\/\/www.fluimucil-erkaeltungshusten.ch\/approfondissements-et-conseils\/conseils\/la-desensibilizzazione-contro-le-allergie-respiratorie\/"},"modified":"2017-12-16T16:16:21","modified_gmt":"2017-12-16T15:16:21","slug":"la-desensibilisation-contre-les-allergies-respiratoires","status":"publish","type":"page","link":"https:\/\/www.fluimucil-erkaeltungshusten.ch\/fr\/approfondissements-et-conseils\/conseils\/la-desensibilisation-contre-les-allergies-respiratoires\/","title":{"rendered":"La d\u00e9sensibilisation contre les allergies respiratoires"},"content":{"rendered":"<div class=\"wpb-content-wrapper\">[mk_page_section vertical_align=\u00a0\u00bbcenter\u00a0\u00bb bg_image=\u00a0\u00bbhttps:\/\/www.fluimucil-erkaeltungshusten.ch\/wp-content\/uploads\/2017\/11\/teaser_comeprevenire.jpg\u00a0\u00bb bg_position=\u00a0\u00bbcenter bottom\u00a0\u00bb bg_repeat=\u00a0\u00bbno-repeat\u00a0\u00bb min_height=\u00a0\u00bb575&Prime; padding_top=\u00a0\u00bb120&Prime; padding_bottom=\u00a0\u00bb0&Prime; sidebar=\u00a0\u00bbsidebar-1&Prime;][vc_column][\/vc_column][\/mk_page_section][vc_row css=\u00a0\u00bb.vc_custom_1511795486415{padding-top: 20px !important;padding-left: 10px !important;}\u00a0\u00bb][vc_column width=\u00a0\u00bb2\/3&Prime;][mk_fancy_title tag_name=\u00a0\u00bbspan\u00a0\u00bb color=\u00a0\u00bb#005982&Prime; size=\u00a0\u00bb22&Prime; font_weight=\u00a0\u00bbbold\u00a0\u00bb letter_spacing=\u00a0\u00bb1&Prime; font_family=\u00a0\u00bbnone\u00a0\u00bb]CONSEILS[\/mk_fancy_title][mk_fancy_title tag_name=\u00a0\u00bbh1&Prime; color=\u00a0\u00bb#005982&Prime; size=\u00a0\u00bb20&Prime; line_height=\u00a0\u00bb125&Prime; font_weight=\u00a0\u00bbbold\u00a0\u00bb font_family=\u00a0\u00bbnone\u00a0\u00bb]La d\u00e9sensibilisation contre les allergies respiratoires[\/mk_fancy_title][vc_single_image source=\u00a0\u00bbfeatured_image\u00a0\u00bb img_size=\u00a0\u00bbfull\u00a0\u00bb][vc_column_text css=\u00a0\u00bb.vc_custom_1512639318530{margin-bottom: 0px !important;}\u00a0\u00bb]Les allergies au pollen, \u00e0 la poussi\u00e8re, aux poils des animaux touchent une proportion toujours plus importante de la population.<\/p>\n<p>Afin de r\u00e9duire les allergies respiratoires, nous avons aujourd\u2019hui souvent recours \u00e0 la d\u00e9sensibilisation, une proc\u00e9dure m\u00e9dicale qui agit sur la cause m\u00eame des troubles en utilisant le m\u00eame principe que la r\u00e9action allergique, ou plut\u00f4t son oppos\u00e9.<\/p>\n<p>L&rsquo;allergie est caus\u00e9e par une hyper-r\u00e9action du syst\u00e8me immunitaire qui identifie des particules simplement\u00a0<a href=\"https:\/\/www.fluimucil-erkaeltungshusten.ch\/fr\/Faq\/Glossaire#i\" target=\"_self\">irritantes<\/a>\u00a0comme une menace pour l&rsquo;organisme ; cette identification \u00ab exag\u00e9r\u00e9e \u00bb est donc accompagn\u00e9e de sympt\u00f4mes tels que la\u00a0<a href=\"https:\/\/www.fluimucil-erkaeltungshusten.ch\/fr\/Faq\/Glossaire#r\" target=\"_self\">rhinorrh\u00e9e<\/a>, une\u00a0<a href=\"https:\/\/www.fluimucil-erkaeltungshusten.ch\/fr\/Faq\/Glossaire#c\" target=\"_self\">congestion nasale<\/a>\u00a0et d&rsquo;une r\u00e9ponse inflammatoire aigu\u00eb.<\/p>\n<p>La d\u00e9sensibilisation vise \u00e0 contr\u00f4ler la r\u00e9ponse du syst\u00e8me immunitaire gr\u00e2ce \u00e0 une exposition contr\u00f4l\u00e9e aux allerg\u00e8nes. Le patient allergique absorbe, sous forme d&rsquo;injection ou par voie sublinguale, une petite quantit\u00e9 d&rsquo;allerg\u00e8nes, \u00e0 intervalles r\u00e9guliers sur une p\u00e9riode de plusieurs mois, voire plusieurs ann\u00e9es.<\/p>\n<p>Au fil du temps, la d\u00e9sensibilisation permet d&rsquo;obtenir une r\u00e9ponse immunitaire \u00e0 l&rsquo;allerg\u00e8ne moins forte et, par cons\u00e9quent, les sympt\u00f4mes g\u00eanants se pr\u00e9sentent beaucoup moins fr\u00e9quemment et moins intens\u00e9ment.<\/p>\n<p>Pour plus d&rsquo;informations, veuillez consulter un sp\u00e9cialiste.[\/vc_column_text][mk_button dimension=\u00a0\u00bbflat\u00a0\u00bb corner_style=\u00a0\u00bbfull_rounded\u00a0\u00bb size=\u00a0\u00bbmedium\u00a0\u00bb url=\u00a0\u00bb\/fr\/approfondissements-et-conseils\/conseils\/\u00a0\u00bb margin_top=\u00a0\u00bb30&Prime; margin_right=\u00a0\u00bb0&Prime; bg_color=\u00a0\u00bb#00768e\u00a0\u00bb btn_hover_bg=\u00a0\u00bbrgba(0,118,142,0.75)\u00a0\u00bb]Retour[\/mk_button][\/vc_column][vc_column width=\u00a0\u00bb1\/12&Prime;][\/vc_column][vc_column width=\u00a0\u00bb1\/4&Prime;][vc_wp_custommenu nav_menu=\u00a0\u00bb11&Prime;][mk_icon_box icon=\u00a0\u00bbmk-moon-temperature\u00a0\u00bb title=\u00a0\u00bbSYMPT\u00d4MES ET TROUBLES\u00a0\u00bb text_size=\u00a0\u00bb13&Prime; read_more_txt=\u00a0\u00bbAllez \u00e0 la section\u00a0\u00bb read_more_url=\u00a0\u00bb\/fr\/Symptomes-et-Troubles\/Toux-grasse\u00a0\u00bb style=\u00a0\u00bbboxed\u00a0\u00bb icon_location=\u00a0\u00bbtop\u00a0\u00bb icon_color=\u00a0\u00bb#075985&Prime; icon_circle_color=\u00a0\u00bb\u00a0\u00bb title_color=\u00a0\u00bb#075985&Prime; txt_color=\u00a0\u00bb#00768e\u00a0\u00bb el_class=\u00a0\u00bbside-icon-box\u00a0\u00bb]Plus d\u2019informations sur les maux saisonniers.[\/mk_icon_box][mk_icon_box icon=\u00a0\u00bbmk-icon-lightbulb-o\u00a0\u00bb title=\u00a0\u00bbPOUR EN SAVOIR PLUS\u00a0\u00bb text_size=\u00a0\u00bb13&Prime; read_more_txt=\u00a0\u00bbAllez \u00e0 la section\u00a0\u00bb read_more_url=\u00a0\u00bb\/fr\/Pour-en-savoir-plus\/Mamans-et-enfants\u00a0\u00bb style=\u00a0\u00bbboxed\u00a0\u00bb icon_location=\u00a0\u00bbtop\u00a0\u00bb icon_color=\u00a0\u00bb#075985&Prime; icon_circle_color=\u00a0\u00bb\u00a0\u00bb title_color=\u00a0\u00bb#075985&Prime; txt_color=\u00a0\u00bb#00768e\u00a0\u00bb el_class=\u00a0\u00bbside-icon-box\u00a0\u00bb]Informations et approfondissements utiles.[\/mk_icon_box][\/vc_column][\/vc_row]\n<\/div>","protected":false},"excerpt":{"rendered":"<p>Les allergies au pollen, \u00e0 la poussi\u00e8re, aux poils des animaux touchent une proportion toujours plus&#8230;<\/p>\n","protected":false},"author":2,"featured_media":845,"parent":1433,"menu_order":0,"comment_status":"closed","ping_status":"closed","template":"","meta":{"_monsterinsights_skip_tracking":false,"_monsterinsights_sitenote_active":false,"_monsterinsights_sitenote_note":"","_monsterinsights_sitenote_category":0,"footnotes":""},"categories":[25],"tags":[],"yst_prominent_words":[],"class_list":["post-1447","page","type-page","status-publish","has-post-thumbnail","hentry","category-consigli-fr"],"_links":{"self":[{"href":"https:\/\/www.fluimucil-erkaeltungshusten.ch\/fr\/wp-json\/wp\/v2\/pages\/1447","targetHints":{"allow":["GET"]}}],"collection":[{"href":"https:\/\/www.fluimucil-erkaeltungshusten.ch\/fr\/wp-json\/wp\/v2\/pages"}],"about":[{"href":"https:\/\/www.fluimucil-erkaeltungshusten.ch\/fr\/wp-json\/wp\/v2\/types\/page"}],"author":[{"embeddable":true,"href":"https:\/\/www.fluimucil-erkaeltungshusten.ch\/fr\/wp-json\/wp\/v2\/users\/2"}],"replies":[{"embeddable":true,"href":"https:\/\/www.fluimucil-erkaeltungshusten.ch\/fr\/wp-json\/wp\/v2\/comments?post=1447"}],"version-history":[{"count":0,"href":"https:\/\/www.fluimucil-erkaeltungshusten.ch\/fr\/wp-json\/wp\/v2\/pages\/1447\/revisions"}],"up":[{"embeddable":true,"href":"https:\/\/www.fluimucil-erkaeltungshusten.ch\/fr\/wp-json\/wp\/v2\/pages\/1433"}],"wp:featuredmedia":[{"embeddable":true,"href":"https:\/\/www.fluimucil-erkaeltungshusten.ch\/fr\/wp-json\/wp\/v2\/media\/845"}],"wp:attachment":[{"href":"https:\/\/www.fluimucil-erkaeltungshusten.ch\/fr\/wp-json\/wp\/v2\/media?parent=1447"}],"wp:term":[{"taxonomy":"category","embeddable":true,"href":"https:\/\/www.fluimucil-erkaeltungshusten.ch\/fr\/wp-json\/wp\/v2\/categories?post=1447"},{"taxonomy":"post_tag","embeddable":true,"href":"https:\/\/www.fluimucil-erkaeltungshusten.ch\/fr\/wp-json\/wp\/v2\/tags?post=1447"},{"taxonomy":"yst_prominent_words","embeddable":true,"href":"https:\/\/www.fluimucil-erkaeltungshusten.ch\/fr\/wp-json\/wp\/v2\/yst_prominent_words?post=1447"}],"curies":[{"name":"wp","href":"https:\/\/api.w.org\/{rel}","templated":true}]}}