{"id":1446,"date":"2017-11-28T16:55:49","date_gmt":"2017-11-28T15:55:49","guid":{"rendered":"https:\/\/www.fluimucil-erkaeltungshusten.ch\/approfondissements-et-conseils\/conseils\/la-sinusite\/"},"modified":"2017-12-16T16:16:21","modified_gmt":"2017-12-16T15:16:21","slug":"la-sinusite","status":"publish","type":"page","link":"https:\/\/www.fluimucil-erkaeltungshusten.ch\/fr\/approfondissements-et-conseils\/conseils\/la-sinusite\/","title":{"rendered":"La sinusite"},"content":{"rendered":"<div class=\"wpb-content-wrapper\">[mk_page_section vertical_align=\u00a0\u00bbcenter\u00a0\u00bb bg_image=\u00a0\u00bbhttps:\/\/www.fluimucil-erkaeltungshusten.ch\/wp-content\/uploads\/2017\/11\/teaser_comeprevenire.jpg\u00a0\u00bb bg_position=\u00a0\u00bbcenter bottom\u00a0\u00bb bg_repeat=\u00a0\u00bbno-repeat\u00a0\u00bb min_height=\u00a0\u00bb575&Prime; padding_top=\u00a0\u00bb120&Prime; padding_bottom=\u00a0\u00bb0&Prime; sidebar=\u00a0\u00bbsidebar-1&Prime;][vc_column][\/vc_column][\/mk_page_section][vc_row css=\u00a0\u00bb.vc_custom_1511795486415{padding-top: 20px !important;padding-left: 10px !important;}\u00a0\u00bb][vc_column width=\u00a0\u00bb2\/3&Prime;][mk_fancy_title tag_name=\u00a0\u00bbspan\u00a0\u00bb color=\u00a0\u00bb#005982&Prime; size=\u00a0\u00bb22&Prime; font_weight=\u00a0\u00bbbold\u00a0\u00bb letter_spacing=\u00a0\u00bb1&Prime; font_family=\u00a0\u00bbnone\u00a0\u00bb]CONSEILS[\/mk_fancy_title][mk_fancy_title tag_name=\u00a0\u00bbh1&Prime; color=\u00a0\u00bb#005982&Prime; size=\u00a0\u00bb20&Prime; line_height=\u00a0\u00bb125&Prime; font_weight=\u00a0\u00bbbold\u00a0\u00bb font_family=\u00a0\u00bbnone\u00a0\u00bb]La sinusite[\/mk_fancy_title][vc_single_image source=\u00a0\u00bbfeatured_image\u00a0\u00bb img_size=\u00a0\u00bbfull\u00a0\u00bb][vc_column_text css=\u00a0\u00bb.vc_custom_1512639178101{margin-bottom: 0px !important;}\u00a0\u00bb]La bo\u00eete cr\u00e2nienne pr\u00e9sente, \u00e0 proximit\u00e9 des os du visage, une s\u00e9rie de cavit\u00e9s, les sinus paranasaux, reli\u00e9s aux voies a\u00e9riennes par une s\u00e9rie de petits canaux, d\u00e9nomm\u00e9s ostia.<\/p>\n<p>Les sinus paranasaux assurent de multiples fonctions :<\/p>\n<ul>\n<li>all\u00e8gent le poids total du cr\u00e2ne en vue d\u2019un meilleur \u00e9quilibre;<\/li>\n<li>jouent le r\u00f4le d\u2019un \u201cespace vide\u201d pour prot\u00e9ger le cerveau contre les chocs frontaux;<\/li>\n<li>amplifient la voix, en jouant, en quelque sorte, le r\u00f4le de caisse de r\u00e9sonnance;<\/li>\n<li>isolent sur le plan thermique les r\u00e9gions les plus sensibles du visage (yeux et racines des dents) contre les fluctuations de la temp\u00e9rature externe;<\/li>\n<li>contribuent \u00e0 r\u00e9chauffer et \u00e0 humidifier l\u2019air inhal\u00e9 dans le corps lors de l\u2019inspiration, gr\u00e2ce \u00e0 la circulation ralentie de l\u2019air \u00e0 travers les ostia.<\/li>\n<\/ul>\n<p>Les sinus paranasaux sont rev\u00eatus d\u2019une muqueuse d\u00e9licate qui, cons\u00e9cutivement \u00e0 des infections de diff\u00e9rente nature (virale, bact\u00e9rienne ou allergique), peut s\u2019enflammer et provoquer certains d\u00e9sagr\u00e9ments : on parle, alors, de sinusite.<\/p>\n<p>Les sympt\u00f4mes typiques de la sinusite sont des maux de t\u00eate localis\u00e9s \u00e0 proximit\u00e9 de la muqueuse inflammatoire, une sensation p\u00e9nible de pression au niveau du visage, qui s\u2019accentue lorsqu\u2019on bouge la t\u00eate ou si l\u2019on penche la t\u00eate en avant, une forte\u00a0<a href=\"https:\/\/www.fluimucil-erkaeltungshusten.ch\/fr\/Faq\/Glossaire#c\" target=\"_self\">congestion nasale<\/a>\u00a0caract\u00e9ris\u00e9e par une\u00a0<a href=\"https:\/\/www.fluimucil-erkaeltungshusten.ch\/fr\/Faq\/Glossaire#r\" target=\"_self\">rhinorrh\u00e9e<\/a>jaune\/verd\u00e2tre et dans certains cas, une hausse de la temp\u00e9rature corporelle. Dans les cas les plus aigus, il est possible d\u2019observer une alt\u00e9ration des sens olfactif et gustatif.<\/p>\n<p>La sinusite peut se pr\u00e9senter sous une forme aigu\u00eb (se gu\u00e9rit en 2-3 semaines), chronique (les sympt\u00f4mes persistent pendant une longue p\u00e9riode ou m\u00eame pendant plusieurs mois) ou r\u00e9currente (quand plus de 3 r\u00e9cidives sont observ\u00e9es au cours de la m\u00eame ann\u00e9e). Les sympt\u00f4mes se soignent habituellement en agissant sur la\u00a0<a href=\"https:\/\/www.fluimucil-erkaeltungshusten.ch\/fr\/Faq\/Glossaire#c\" target=\"_self\">congestion<\/a>\u00a0de la muqueuse, \u00e0 l\u2019aide d\u2019anti-inflammatoires et de\u00a0<a href=\"https:\/\/www.fluimucil-erkaeltungshusten.ch\/fr\/Faq\/Glossaire#d\" target=\"_self\">d\u00e9congestionnants<\/a>. L\u2019\u00e9ventuelle administration d\u2019antibiotiques est \u00e0 consid\u00e9rer seulement en cas d\u2019infection bact\u00e9rienne constat\u00e9e par le m\u00e9decin. En cas de sinusite s\u2019accompagnant de sympt\u00f4mes persistants, il est important de demander l\u2019avis du m\u00e9decin.<\/p>\n<p>Pour obtenir de plus amples informations, veuillez vous adresser au sp\u00e9cialiste.[\/vc_column_text][mk_button dimension=\u00a0\u00bbflat\u00a0\u00bb corner_style=\u00a0\u00bbfull_rounded\u00a0\u00bb size=\u00a0\u00bbmedium\u00a0\u00bb url=\u00a0\u00bb\/fr\/approfondissements-et-conseils\/conseils\/\u00a0\u00bb margin_top=\u00a0\u00bb30&Prime; margin_right=\u00a0\u00bb0&Prime; bg_color=\u00a0\u00bb#00768e\u00a0\u00bb btn_hover_bg=\u00a0\u00bbrgba(0,118,142,0.75)\u00a0\u00bb]Retour[\/mk_button][\/vc_column][vc_column width=\u00a0\u00bb1\/12&Prime;][\/vc_column][vc_column width=\u00a0\u00bb1\/4&Prime;][vc_wp_custommenu nav_menu=\u00a0\u00bb11&Prime;][mk_icon_box icon=\u00a0\u00bbmk-moon-temperature\u00a0\u00bb title=\u00a0\u00bbSYMPT\u00d4MES ET TROUBLES\u00a0\u00bb text_size=\u00a0\u00bb13&Prime; read_more_txt=\u00a0\u00bbAllez \u00e0 la section\u00a0\u00bb read_more_url=\u00a0\u00bb\/fr\/Symptomes-et-Troubles\/Toux-grasse\u00a0\u00bb style=\u00a0\u00bbboxed\u00a0\u00bb icon_location=\u00a0\u00bbtop\u00a0\u00bb icon_color=\u00a0\u00bb#075985&Prime; icon_circle_color=\u00a0\u00bb\u00a0\u00bb title_color=\u00a0\u00bb#075985&Prime; txt_color=\u00a0\u00bb#00768e\u00a0\u00bb el_class=\u00a0\u00bbside-icon-box\u00a0\u00bb]Plus d\u2019informations sur les maux saisonniers.[\/mk_icon_box][mk_icon_box icon=\u00a0\u00bbmk-icon-lightbulb-o\u00a0\u00bb title=\u00a0\u00bbPOUR EN SAVOIR PLUS\u00a0\u00bb text_size=\u00a0\u00bb13&Prime; read_more_txt=\u00a0\u00bbAllez \u00e0 la section\u00a0\u00bb read_more_url=\u00a0\u00bb\/fr\/Pour-en-savoir-plus\/Mamans-et-enfants\u00a0\u00bb style=\u00a0\u00bbboxed\u00a0\u00bb icon_location=\u00a0\u00bbtop\u00a0\u00bb icon_color=\u00a0\u00bb#075985&Prime; icon_circle_color=\u00a0\u00bb\u00a0\u00bb title_color=\u00a0\u00bb#075985&Prime; txt_color=\u00a0\u00bb#00768e\u00a0\u00bb el_class=\u00a0\u00bbside-icon-box\u00a0\u00bb]Informations et approfondissements utiles.[\/mk_icon_box][\/vc_column][\/vc_row]\n<\/div>","protected":false},"excerpt":{"rendered":"<p>La bo\u00eete cr\u00e2nienne pr\u00e9sente, \u00e0 proximit\u00e9 des os du visage, une s\u00e9rie de&#8230;<\/p>\n","protected":false},"author":2,"featured_media":840,"parent":1433,"menu_order":0,"comment_status":"closed","ping_status":"closed","template":"","meta":{"_monsterinsights_skip_tracking":false,"_monsterinsights_sitenote_active":false,"_monsterinsights_sitenote_note":"","_monsterinsights_sitenote_category":0,"footnotes":""},"categories":[25],"tags":[],"yst_prominent_words":[],"class_list":["post-1446","page","type-page","status-publish","has-post-thumbnail","hentry","category-consigli-fr"],"_links":{"self":[{"href":"https:\/\/www.fluimucil-erkaeltungshusten.ch\/fr\/wp-json\/wp\/v2\/pages\/1446","targetHints":{"allow":["GET"]}}],"collection":[{"href":"https:\/\/www.fluimucil-erkaeltungshusten.ch\/fr\/wp-json\/wp\/v2\/pages"}],"about":[{"href":"https:\/\/www.fluimucil-erkaeltungshusten.ch\/fr\/wp-json\/wp\/v2\/types\/page"}],"author":[{"embeddable":true,"href":"https:\/\/www.fluimucil-erkaeltungshusten.ch\/fr\/wp-json\/wp\/v2\/users\/2"}],"replies":[{"embeddable":true,"href":"https:\/\/www.fluimucil-erkaeltungshusten.ch\/fr\/wp-json\/wp\/v2\/comments?post=1446"}],"version-history":[{"count":0,"href":"https:\/\/www.fluimucil-erkaeltungshusten.ch\/fr\/wp-json\/wp\/v2\/pages\/1446\/revisions"}],"up":[{"embeddable":true,"href":"https:\/\/www.fluimucil-erkaeltungshusten.ch\/fr\/wp-json\/wp\/v2\/pages\/1433"}],"wp:featuredmedia":[{"embeddable":true,"href":"https:\/\/www.fluimucil-erkaeltungshusten.ch\/fr\/wp-json\/wp\/v2\/media\/840"}],"wp:attachment":[{"href":"https:\/\/www.fluimucil-erkaeltungshusten.ch\/fr\/wp-json\/wp\/v2\/media?parent=1446"}],"wp:term":[{"taxonomy":"category","embeddable":true,"href":"https:\/\/www.fluimucil-erkaeltungshusten.ch\/fr\/wp-json\/wp\/v2\/categories?post=1446"},{"taxonomy":"post_tag","embeddable":true,"href":"https:\/\/www.fluimucil-erkaeltungshusten.ch\/fr\/wp-json\/wp\/v2\/tags?post=1446"},{"taxonomy":"yst_prominent_words","embeddable":true,"href":"https:\/\/www.fluimucil-erkaeltungshusten.ch\/fr\/wp-json\/wp\/v2\/yst_prominent_words?post=1446"}],"curies":[{"name":"wp","href":"https:\/\/api.w.org\/{rel}","templated":true}]}}