{"id":1445,"date":"2017-11-28T16:52:26","date_gmt":"2017-11-28T15:52:26","guid":{"rendered":"https:\/\/www.fluimucil-erkaeltungshusten.ch\/approfondissements-et-conseils\/conseils\/che-cose-la-parainfluenza\/"},"modified":"2017-12-16T16:16:23","modified_gmt":"2017-12-16T15:16:23","slug":"quest-ce-que-linfection-due-aux-virus-para-grippaux","status":"publish","type":"page","link":"https:\/\/www.fluimucil-erkaeltungshusten.ch\/fr\/approfondissements-et-conseils\/conseils\/quest-ce-que-linfection-due-aux-virus-para-grippaux\/","title":{"rendered":"Qu\u2019est-ce que l\u2019infection due aux virus para-grippaux ?"},"content":{"rendered":"<div class=\"wpb-content-wrapper\">[mk_page_section vertical_align=\u00a0\u00bbcenter\u00a0\u00bb bg_image=\u00a0\u00bbhttps:\/\/www.fluimucil-erkaeltungshusten.ch\/wp-content\/uploads\/2017\/11\/teaser_comeprevenire.jpg\u00a0\u00bb bg_position=\u00a0\u00bbcenter bottom\u00a0\u00bb bg_repeat=\u00a0\u00bbno-repeat\u00a0\u00bb min_height=\u00a0\u00bb575&Prime; padding_top=\u00a0\u00bb120&Prime; padding_bottom=\u00a0\u00bb0&Prime; sidebar=\u00a0\u00bbsidebar-1&Prime;][vc_column][\/vc_column][\/mk_page_section][vc_row css=\u00a0\u00bb.vc_custom_1511795486415{padding-top: 20px !important;padding-left: 10px !important;}\u00a0\u00bb][vc_column width=\u00a0\u00bb2\/3&Prime;][mk_fancy_title tag_name=\u00a0\u00bbspan\u00a0\u00bb color=\u00a0\u00bb#005982&Prime; size=\u00a0\u00bb22&Prime; font_weight=\u00a0\u00bbbold\u00a0\u00bb letter_spacing=\u00a0\u00bb1&Prime; font_family=\u00a0\u00bbnone\u00a0\u00bb]CONSEILS[\/mk_fancy_title][mk_fancy_title tag_name=\u00a0\u00bbh1&Prime; color=\u00a0\u00bb#005982&Prime; size=\u00a0\u00bb20&Prime; line_height=\u00a0\u00bb125&Prime; font_weight=\u00a0\u00bbbold\u00a0\u00bb font_family=\u00a0\u00bbnone\u00a0\u00bb]Qu\u2019est-ce que l\u2019infection due aux virus para-grippaux ?[\/mk_fancy_title][vc_single_image source=\u00a0\u00bbfeatured_image\u00a0\u00bb img_size=\u00a0\u00bbfull\u00a0\u00bb][vc_column_text css=\u00a0\u00bb.vc_custom_1512639006326{margin-bottom: 0px !important;}\u00a0\u00bb]L\u2019infection due aux virus para-grippaux est un syndrome syst\u00e9mique tr\u00e8s semblable \u00e0 la\u00a0<a href=\"https:\/\/www.fluimucil-erkaeltungshusten.ch\/fr\/Faq\/Glossaire#g\" target=\"_self\">grippe<\/a>commune, avec laquelle elle peut souvent \u00eatre confondue, mais dont elle se distingue par certaines diff\u00e9rences g\u00e9n\u00e9tiques et par les \u00e9ventuelles complications qui en r\u00e9sultent.<\/p>\n<p>\u00c0 vrai dire, pendant longtemps, on a consid\u00e9r\u00e9 que la\u00a0<a href=\"https:\/\/www.fluimucil-erkaeltungshusten.ch\/fr\/Faq\/Glossaire#g\" target=\"_self\">grippe<\/a>\u00a0et l\u2019infection par les virus para-grippaux \u00e9taient la m\u00eame pathologie : en effet, les sympt\u00f4mes sont tr\u00e8s semblables, de la\u00a0<a href=\"https:\/\/www.fluimucil-erkaeltungshusten.ch\/fr\/Faq\/Glossaire#f\" target=\"_self\">fi\u00e8vre<\/a>, des frissons et de la\u00a0<a href=\"https:\/\/www.fluimucil-erkaeltungshusten.ch\/fr\/Faq\/Glossaire#c\" target=\"_self\">congestion nasale<\/a>; ce n\u2019est qu\u2019au cours des derni\u00e8res d\u00e9cennies que les choses se sont clarifi\u00e9es.<\/p>\n<p>Une distinction entre les deux maladies\u00a0 a finalement \u00e9t\u00e9 faite dans le courant du vingti\u00e8me si\u00e8cle, \u00e0 la fin des ann\u00e9es cinquante, quand une s\u00e9rie de d\u00e9couvertes virologiques amen\u00e8rent les chercheurs \u00e0 subdiviser le groupe des Myxovirus en deux familles : les Orthomyxovirus, responsables des formes grippales proprement dites, et les Paramyxovirus ou virus para-grippaux humains, tenus comme responsables justement des syndromes para-grippaux.<\/p>\n<p>La diff\u00e9rence principale entre\u00a0<a href=\"https:\/\/www.fluimucil-erkaeltungshusten.ch\/fr\/Faq\/Glossaire#g\" target=\"_self\">grippe<\/a>\u00a0et infection par un virus para-grippal tient \u00e0 la symptomatologie li\u00e9e \u00e0 certaines complications ; les virus para-grippaux humains, chez des sujets dont les\u00a0<a href=\"https:\/\/www.fluimucil-erkaeltungshusten.ch\/fr\/Faq\/Glossaire#d\" target=\"_self\">d\u00e9fenses immunitaires<\/a>\u00a0sont faibles comme les enfants ou les personnes \u00e2g\u00e9es, peuvent \u00eatre responsables de pathologies des voies respiratoires basses comme la bronchite ou la bronchiolite (<a href=\"https:\/\/www.fluimucil-erkaeltungshusten.ch\/fr\/Faq\/Glossaire#i\" target=\"_self\">inflammation<\/a>\u00a0des ramification des bronches), en plus de la toux ou de la laryngo-trach\u00e9o-bronchite, une\u00a0<a href=\"https:\/\/www.fluimucil-erkaeltungshusten.ch\/fr\/Faq\/Glossaire#i\" target=\"_self\">inflammation<\/a>respiratoire \u00e0 grande \u00e9chelle qui peut donner lieu \u00e0 une hospitalisation. Une autre diff\u00e9rence dont il faut tenir compte est li\u00e9e \u00e0 la p\u00e9riode de diffusion maximale : tandis que la\u00a0<a href=\"https:\/\/www.fluimucil-erkaeltungshusten.ch\/fr\/Faq\/Glossaire#g\" target=\"_self\">grippe<\/a>\u00a0frappe surtout en hiver, les virus para-grippaux sont plus fr\u00e9quents, en fonction de la souche virale, entre le printemps et l\u2019automne.<\/p>\n<p>Le traitement des sympt\u00f4mes les plus l\u00e9gers de l\u2019infection due aux virus para-grippaux se superpose compl\u00e8tement au traitement de la\u00a0<a href=\"https:\/\/www.fluimucil-erkaeltungshusten.ch\/fr\/Faq\/Glossaire#g\" target=\"_self\">grippe<\/a>, avec une r\u00e9solution des sympt\u00f4mes au cours de la semaine qui suit. Contrairement \u00e0 la\u00a0<a href=\"https:\/\/www.fluimucil-erkaeltungshusten.ch\/fr\/Faq\/Glossaire#g\" target=\"_self\">grippe<\/a>, il n\u2019existe pas \u00e0 l\u2019heure actuelle de\u00a0<a href=\"https:\/\/www.fluimucil-erkaeltungshusten.ch\/fr\/Faq\/Glossaire#v\" target=\"_self\">vaccins<\/a>\u00a0qui prot\u00e8gent contre le risque de contracter une infection par un virus para-grippal; toutefois, il est possible de pr\u00e9venir l\u2019apparition de cette maladie \u00e0 l\u2019aide de simples mesures d\u2019hygi\u00e8ne, comme le nettoyage des surfaces sur lesquelles les virus sont susceptibles de se d\u00e9poser ou en s\u2019abstenant de tout contact avec les personnes d\u00e9j\u00e0 affect\u00e9es par cette maladie.<\/p>\n<p>Pour obtenir de plus amples informations, veuillez vous adresser au sp\u00e9cialiste.[\/vc_column_text][mk_button dimension=\u00a0\u00bbflat\u00a0\u00bb corner_style=\u00a0\u00bbfull_rounded\u00a0\u00bb size=\u00a0\u00bbmedium\u00a0\u00bb url=\u00a0\u00bb\/fr\/approfondissements-et-conseils\/conseils\/\u00a0\u00bb margin_top=\u00a0\u00bb30&Prime; margin_right=\u00a0\u00bb0&Prime; bg_color=\u00a0\u00bb#00768e\u00a0\u00bb btn_hover_bg=\u00a0\u00bbrgba(0,118,142,0.75)\u00a0\u00bb]Retour[\/mk_button][\/vc_column][vc_column width=\u00a0\u00bb1\/12&Prime;][\/vc_column][vc_column width=\u00a0\u00bb1\/4&Prime;][vc_wp_custommenu nav_menu=\u00a0\u00bb11&Prime;][mk_icon_box icon=\u00a0\u00bbmk-moon-temperature\u00a0\u00bb title=\u00a0\u00bbSYMPT\u00d4MES ET TROUBLES\u00a0\u00bb text_size=\u00a0\u00bb13&Prime; read_more_txt=\u00a0\u00bbAllez \u00e0 la section\u00a0\u00bb read_more_url=\u00a0\u00bb\/fr\/Symptomes-et-Troubles\/Toux-grasse\u00a0\u00bb style=\u00a0\u00bbboxed\u00a0\u00bb icon_location=\u00a0\u00bbtop\u00a0\u00bb icon_color=\u00a0\u00bb#075985&Prime; icon_circle_color=\u00a0\u00bb\u00a0\u00bb title_color=\u00a0\u00bb#075985&Prime; txt_color=\u00a0\u00bb#00768e\u00a0\u00bb el_class=\u00a0\u00bbside-icon-box\u00a0\u00bb]Plus d\u2019informations sur les maux saisonniers.[\/mk_icon_box][mk_icon_box icon=\u00a0\u00bbmk-icon-lightbulb-o\u00a0\u00bb title=\u00a0\u00bbPOUR EN SAVOIR PLUS\u00a0\u00bb text_size=\u00a0\u00bb13&Prime; read_more_txt=\u00a0\u00bbAllez \u00e0 la section\u00a0\u00bb read_more_url=\u00a0\u00bb\/fr\/Pour-en-savoir-plus\/Mamans-et-enfants\u00a0\u00bb style=\u00a0\u00bbboxed\u00a0\u00bb icon_location=\u00a0\u00bbtop\u00a0\u00bb icon_color=\u00a0\u00bb#075985&Prime; icon_circle_color=\u00a0\u00bb\u00a0\u00bb title_color=\u00a0\u00bb#075985&Prime; txt_color=\u00a0\u00bb#00768e\u00a0\u00bb el_class=\u00a0\u00bbside-icon-box\u00a0\u00bb]Informations et approfondissements utiles.[\/mk_icon_box][\/vc_column][\/vc_row]\n<\/div>","protected":false},"excerpt":{"rendered":"<p>L\u2019infection due aux virus para-grippaux est un syndrome syst\u00e9mique tr\u00e8s semblable \u00e0 la&#8230;<\/p>\n","protected":false},"author":2,"featured_media":835,"parent":1433,"menu_order":0,"comment_status":"closed","ping_status":"closed","template":"","meta":{"_monsterinsights_skip_tracking":false,"_monsterinsights_sitenote_active":false,"_monsterinsights_sitenote_note":"","_monsterinsights_sitenote_category":0,"footnotes":""},"categories":[25],"tags":[],"yst_prominent_words":[],"class_list":["post-1445","page","type-page","status-publish","has-post-thumbnail","hentry","category-consigli-fr"],"_links":{"self":[{"href":"https:\/\/www.fluimucil-erkaeltungshusten.ch\/fr\/wp-json\/wp\/v2\/pages\/1445","targetHints":{"allow":["GET"]}}],"collection":[{"href":"https:\/\/www.fluimucil-erkaeltungshusten.ch\/fr\/wp-json\/wp\/v2\/pages"}],"about":[{"href":"https:\/\/www.fluimucil-erkaeltungshusten.ch\/fr\/wp-json\/wp\/v2\/types\/page"}],"author":[{"embeddable":true,"href":"https:\/\/www.fluimucil-erkaeltungshusten.ch\/fr\/wp-json\/wp\/v2\/users\/2"}],"replies":[{"embeddable":true,"href":"https:\/\/www.fluimucil-erkaeltungshusten.ch\/fr\/wp-json\/wp\/v2\/comments?post=1445"}],"version-history":[{"count":0,"href":"https:\/\/www.fluimucil-erkaeltungshusten.ch\/fr\/wp-json\/wp\/v2\/pages\/1445\/revisions"}],"up":[{"embeddable":true,"href":"https:\/\/www.fluimucil-erkaeltungshusten.ch\/fr\/wp-json\/wp\/v2\/pages\/1433"}],"wp:featuredmedia":[{"embeddable":true,"href":"https:\/\/www.fluimucil-erkaeltungshusten.ch\/fr\/wp-json\/wp\/v2\/media\/835"}],"wp:attachment":[{"href":"https:\/\/www.fluimucil-erkaeltungshusten.ch\/fr\/wp-json\/wp\/v2\/media?parent=1445"}],"wp:term":[{"taxonomy":"category","embeddable":true,"href":"https:\/\/www.fluimucil-erkaeltungshusten.ch\/fr\/wp-json\/wp\/v2\/categories?post=1445"},{"taxonomy":"post_tag","embeddable":true,"href":"https:\/\/www.fluimucil-erkaeltungshusten.ch\/fr\/wp-json\/wp\/v2\/tags?post=1445"},{"taxonomy":"yst_prominent_words","embeddable":true,"href":"https:\/\/www.fluimucil-erkaeltungshusten.ch\/fr\/wp-json\/wp\/v2\/yst_prominent_words?post=1445"}],"curies":[{"name":"wp","href":"https:\/\/api.w.org\/{rel}","templated":true}]}}