{"id":1434,"date":"2017-11-28T17:23:46","date_gmt":"2017-11-28T16:23:46","guid":{"rendered":"https:\/\/www.fluimucil-erkaeltungshusten.ch\/approfondimenti-e-consigli\/video-informativo\/"},"modified":"2018-04-03T08:42:41","modified_gmt":"2018-04-03T06:42:41","slug":"video-informative","status":"publish","type":"page","link":"https:\/\/www.fluimucil-erkaeltungshusten.ch\/fr\/approfondissements-et-conseils\/video-informative\/","title":{"rendered":"Vid\u00e9o informative"},"content":{"rendered":"<div class=\"wpb-content-wrapper\">[mk_page_section vertical_align=\u00a0\u00bbcenter\u00a0\u00bb bg_image=\u00a0\u00bbhttps:\/\/www.fluimucil-erkaeltungshusten.ch\/wp-content\/uploads\/2017\/11\/teaser_videotutorial.jpg\u00a0\u00bb bg_position=\u00a0\u00bbcenter bottom\u00a0\u00bb bg_repeat=\u00a0\u00bbno-repeat\u00a0\u00bb min_height=\u00a0\u00bb575&Prime; padding_top=\u00a0\u00bb120&Prime; padding_bottom=\u00a0\u00bb0&Prime; sidebar=\u00a0\u00bbsidebar-1&Prime;][vc_column][\/vc_column][\/mk_page_section][vc_row css=\u00a0\u00bb.vc_custom_1511795486415{padding-top: 20px !important;padding-left: 10px !important;}\u00a0\u00bb][vc_column width=\u00a0\u00bb2\/3&Prime;][mk_fancy_title tag_name=\u00a0\u00bbh1&Prime; color=\u00a0\u00bb#005982&Prime; size=\u00a0\u00bb22&Prime; font_weight=\u00a0\u00bbbold\u00a0\u00bb letter_spacing=\u00a0\u00bb1&Prime; font_family=\u00a0\u00bbnone\u00a0\u00bb]VID\u00c9O\u00a0INFORMATIVE[\/mk_fancy_title][vc_column_text css=\u00a0\u00bb.vc_custom_1521650920369{margin-bottom: 0px !important;}\u00a0\u00bb]Comment fonctionne la <a href=\"\/fr\/Faq\/Glossaire#r\">respiration<\/a> ? Que se passe-t-il quand nous sommes atteints d\u2019une pathologie au niveau des voies respiratoires? Dans cette section, vous pourrez visualiser et d\u00e9couvrir diff\u00e9rentes informations sur l\u2019<a href=\"\/fr\/Faq\/Glossaire#a\">appareil respiratoire<\/a>, sur ses organes et sur ce qu\u2019il se passe quand nous tombons malades.[\/vc_column_text][mk_fancy_title color=\u00a0\u00bb#005982&Prime; size=\u00a0\u00bb16&Prime; font_weight=\u00a0\u00bbbold\u00a0\u00bb letter_spacing=\u00a0\u00bb1&Prime; margin_top=\u00a0\u00bb30&Prime; margin_bottom=\u00a0\u00bb0&Prime; font_family=\u00a0\u00bbnone\u00a0\u00bb]Clearance mucociliaire[\/mk_fancy_title][vc_video host=\u00a0\u00bbself_hosted\u00a0\u00bb mp4=\u00a0\u00bbhttps:\/\/vod.infomaniak.com\/redirect\/amweb_vod\/fluimucil-41758\/mp4-12\/fluimucil_clearancemucociliare.mp4&Prime; poster_image=\u00a0\u00bbhttps:\/\/vod.infomaniak.com\/redirect\/amweb_vod\/fluimucil-41758\/mp4-12\/fluimucil_clearancemucociliare.jpg\u00a0\u00bb][mk_padding_divider size=\u00a0\u00bb20&Prime;][vc_accordions open_toggle=\u00a0\u00bb-1&Prime;][vc_accordion_tab title=\u00a0\u00bbDescription\u00a0\u00bb][vc_column_text css=\u00a0\u00bb.vc_custom_1521651193815{margin-bottom: 0px !important;padding-top: 10px !important;padding-right: 10px !important;padding-bottom: 10px !important;padding-left: 10px !important;}\u00a0\u00bb]<em>Un des principaux m\u00e9canismes physiques de d\u00e9fense du syst\u00e8me respiratoire est la d\u00e9nomm\u00e9e clearance mucociliaire. Le nez et les voies a\u00e9riennes inf\u00e9rieures poss\u00e8dent des glandes sp\u00e9ciales, appel\u00e9es mucipares. Celles-ci s\u00e9cr\u00e8tent une substance visqueuse, le mucus, compos\u00e9e de prot\u00e9ines, de sucres complexes ou polysaccharides et d\u2019eau, ayant pour but de capturer les bact\u00e9ries et les poussi\u00e8res.<\/em><\/p>\n<p><em>La trach\u00e9e et les bronches sont, en outre, tapiss\u00e9es \u00e0 l&rsquo;int\u00e9rieur d&rsquo;une couche de cils vibratiles, appendices qui bougent en direction caudocraniale, \u00e0 savoir du bas vers le haut. En conditions normales, le mucus profite du mouvement des cils pour \u00eatre transport\u00e9 des voies a\u00e9riennes au pharynx, o\u00f9 il sera d\u00e9gluti et dig\u00e9r\u00e9 ou expuls\u00e9 m\u00e9caniquement au travers de la toux et des \u00e9ternuements ou en se mouchant le nez. Quand on inspire de l&rsquo;air froid, les cils vibratiles diminuent le mouvement et le mucus a tendance \u00e0 s&rsquo;accumuler dans la trach\u00e9e et dans les bronches. L\u02bcaccumulation de catarrhe provoque non seulement des \u00e9pisodes d\u00e9sagr\u00e9ables de toux grasse, mais permet \u00e9galement aux agents pathog\u00e8nes de rester dans les voies respiratoires et de prolif\u00e9rer.<\/em><\/p>\n<p><em>Les virus inspir\u00e9s ont ainsi plus de possibilit\u00e9s de provoquer des maladies telles que la grippe ou un simple rhume, alors que les infections bact\u00e9riennes peuvent \u00eatre la cause de complications potentiellement dangereuses, comme bronchites ou pneumonies. C\u2019est pourquoi la clearance mucociliaire est un processus naturel \u00e0 prot\u00e9ger le plus possible pour maintenir une bonne sant\u00e9.<\/em>[\/vc_column_text][\/vc_accordion_tab][\/vc_accordions][mk_padding_divider][vc_column_text css=\u00a0\u00bb.vc_custom_1521650937824{margin-bottom: 0px !important;}\u00a0\u00bb]Que se passe-t-il exactement quand nous respirons? D\u00e9couvrez le fonctionnement de l\u2019appareil respiratoire en suivant le voyage de l\u2019air, de l\u2019inspiration \u00e0 l\u2019expiration.[\/vc_column_text][mk_fancy_title color=\u00a0\u00bb#005982&Prime; size=\u00a0\u00bb16&Prime; font_weight=\u00a0\u00bbbold\u00a0\u00bb letter_spacing=\u00a0\u00bb1&Prime; margin_top=\u00a0\u00bb30&Prime; margin_bottom=\u00a0\u00bb0&Prime; font_family=\u00a0\u00bbnone\u00a0\u00bb]Comment fonctionne la respiration[\/mk_fancy_title][vc_video host=\u00a0\u00bbself_hosted\u00a0\u00bb mp4=\u00a0\u00bbhttps:\/\/vod.infomaniak.com\/redirect\/amweb_vod\/fluimucil-41758\/mp4-12\/fluimucil_respirazione.mp4&Prime; poster_image=\u00a0\u00bbhttps:\/\/vod.infomaniak.com\/redirect\/amweb_vod\/fluimucil-41758\/mp4-12\/fluimucil_respirazione.jpg\u00a0\u00bb][mk_padding_divider size=\u00a0\u00bb20&Prime;][vc_accordions open_toggle=\u00a0\u00bb-1&Prime;][vc_accordion_tab title=\u00a0\u00bbDescription\u00a0\u00bb][vc_column_text css=\u00a0\u00bb.vc_custom_1521651200759{margin-bottom: 0px !important;padding-top: 10px !important;padding-right: 10px !important;padding-bottom: 10px !important;padding-left: 10px !important;}\u00a0\u00bb]<em>L&rsquo;appareil respiratoire est l&rsquo;ensemble des organes qui permettent la respiration, c&rsquo;est-\u00e0-dire l&rsquo;\u00e9change de gaz qui consent \u00e0 l&rsquo;organisme d&rsquo;absorber l&rsquo;oxyg\u00e8ne, utile au m\u00e9tabolisme des cellules et indispensable au fonctionnement du corps, et d&rsquo;expulser le dioxyde de carbone, comme rebut des processus chimiques qui ont lieu dans les cellules. L\u02bcair charg\u00e9 d&rsquo;oxyg\u00e8ne entre dans le corps par le nez, passant \u00e0 travers deux canaux, le pharynx et le larynx, descendant ensuite le long d&rsquo;un conduit appel\u00e9 trach\u00e9e. La trach\u00e9e se divise en deux \u00e0 la hauteur du thorax d&rsquo;o\u00f9 partent les bronches.<\/em><\/p>\n<p><em>Les bronches am\u00e8nent l&rsquo;oxyg\u00e8ne dans les poumons, deux grands organes en forme de poche, \u00e0 l&rsquo;int\u00e9rieur desquels l&rsquo;air arrive gr\u00e2ce aux bronchioles, ramifications des bronches, jusqu&rsquo;aux alv\u00e9oles. Les alv\u00e9oles pulmonaires absorbent l&rsquo;oxyg\u00e8ne contenu dans l&rsquo;air et le passent dans le sang qui l&rsquo;am\u00e8ne dans toutes les cellules du corps. \u00c0 leur tour, les cellules rel\u00e2chent du dioxyde de carbone, dont l&rsquo;organisme n&rsquo;a pas besoin et qui est transport\u00e9 du sang vers les poumons. Si nous parcourons le trajet de l&rsquo;oxyg\u00e8ne \u00e0 l&rsquo;envers, le dioxyde de carbone est pomp\u00e9 par le nez et la bouche et expuls\u00e9 par le corps.<\/em><\/p>\n<p><em>Le fait d&rsquo;introduire de l&rsquo;oxyg\u00e8ne dans le corps est appel\u00e9 inspiration, alors que l\u2019expulsion de dioxyde de carbone s&rsquo;appelle expiration. Dans des conditions normales, nous inspirons et expirons environ 15 fois par minute.<\/em>[\/vc_column_text][\/vc_accordion_tab][\/vc_accordions][\/vc_column][vc_column width=\u00a0\u00bb1\/12&Prime;][\/vc_column][vc_column width=\u00a0\u00bb1\/4&Prime;][vc_wp_custommenu nav_menu=\u00a0\u00bb11&Prime;][mk_icon_box icon=\u00a0\u00bbmk-moon-temperature\u00a0\u00bb title=\u00a0\u00bbSYMPT\u00d4MES ET TROUBLES\u00a0\u00bb text_size=\u00a0\u00bb13&Prime; read_more_txt=\u00a0\u00bbAllez \u00e0 la section\u00a0\u00bb read_more_url=\u00a0\u00bb\/fr\/Symptomes-et-Troubles\/Toux-grasse\u00a0\u00bb style=\u00a0\u00bbboxed\u00a0\u00bb icon_location=\u00a0\u00bbtop\u00a0\u00bb icon_color=\u00a0\u00bb#075985&Prime; icon_circle_color=\u00a0\u00bb\u00a0\u00bb title_color=\u00a0\u00bb#075985&Prime; txt_color=\u00a0\u00bb#00768e\u00a0\u00bb el_class=\u00a0\u00bbside-icon-box\u00a0\u00bb]Plus d\u2019informations sur les maux saisonniers.[\/mk_icon_box][mk_icon_box icon=\u00a0\u00bbmk-icon-lightbulb-o\u00a0\u00bb title=\u00a0\u00bbPOUR EN SAVOIR PLUS\u00a0\u00bb text_size=\u00a0\u00bb13&Prime; read_more_txt=\u00a0\u00bbAllez \u00e0 la section\u00a0\u00bb read_more_url=\u00a0\u00bb\/fr\/Pour-en-savoir-plus\/Mamans-et-enfants\u00a0\u00bb style=\u00a0\u00bbboxed\u00a0\u00bb icon_location=\u00a0\u00bbtop\u00a0\u00bb icon_color=\u00a0\u00bb#075985&Prime; icon_circle_color=\u00a0\u00bb\u00a0\u00bb title_color=\u00a0\u00bb#075985&Prime; txt_color=\u00a0\u00bb#00768e\u00a0\u00bb el_class=\u00a0\u00bbside-icon-box\u00a0\u00bb]Informations et approfondissements utiles.[\/mk_icon_box][\/vc_column][\/vc_row]\n<\/div>","protected":false},"excerpt":{"rendered":"<p>[mk_page_section vertical_align=\u00a0\u00bbcenter\u00a0\u00bb bg_image=\u00a0\u00bbhttps:\/\/www.fluimucil-erkaeltungshusten.ch\/wp-content\/uploads\/2017\/11\/teaser_videotutorial.jpg\u00a0\u00bb bg_position=\u00a0\u00bbcenter bottom\u00a0\u00bb bg_repeat=\u00a0\u00bbno-repeat\u00a0\u00bb min_height=\u00a0\u00bb575&Prime; padding_top=\u00a0\u00bb120&Prime; padding_bottom=\u00a0\u00bb0&Prime; sidebar=\u00a0\u00bbsidebar-1&Prime;][vc_column][\/vc_column][\/mk_page_section][vc_row css=\u00a0\u00bb.vc_custom_1511795486415{padding-top: 20px !important;padding-left: 10px !important;}\u00a0\u00bb][vc_column width=\u00a0\u00bb2\/3&Prime;][mk_fancy_title tag_name=\u00a0\u00bbh1&Prime; color=\u00a0\u00bb#005982&Prime; size=\u00a0\u00bb22&Prime; font_weight=\u00a0\u00bbbold\u00a0\u00bb letter_spacing=\u00a0\u00bb1&Prime; font_family=\u00a0\u00bbnone\u00a0\u00bb]VID\u00c9O\u00a0INFORMATIVE[\/mk_fancy_title][vc_column_text css=\u00a0\u00bb.vc_custom_1521650920369{margin-bottom: 0px !important;}\u00a0\u00bb]Comment fonctionne la respiration ? Que se passe-t-il quand nous sommes atteints d\u2019une pathologie au niveau des voies respiratoires? Dans cette section, vous pourrez visualiser et d\u00e9couvrir diff\u00e9rentes informations sur l\u2019appareil [&hellip;]<\/p>\n","protected":false},"author":2,"featured_media":0,"parent":1431,"menu_order":0,"comment_status":"closed","ping_status":"closed","template":"","meta":{"_monsterinsights_skip_tracking":false,"_monsterinsights_sitenote_active":false,"_monsterinsights_sitenote_note":"","_monsterinsights_sitenote_category":0,"footnotes":""},"categories":[],"tags":[],"yst_prominent_words":[575,542,546,548,398,395,402,165,570,569,574,330,577,578,573,543,571,392,572,497],"class_list":["post-1434","page","type-page","status-publish","hentry"],"_links":{"self":[{"href":"https:\/\/www.fluimucil-erkaeltungshusten.ch\/fr\/wp-json\/wp\/v2\/pages\/1434","targetHints":{"allow":["GET"]}}],"collection":[{"href":"https:\/\/www.fluimucil-erkaeltungshusten.ch\/fr\/wp-json\/wp\/v2\/pages"}],"about":[{"href":"https:\/\/www.fluimucil-erkaeltungshusten.ch\/fr\/wp-json\/wp\/v2\/types\/page"}],"author":[{"embeddable":true,"href":"https:\/\/www.fluimucil-erkaeltungshusten.ch\/fr\/wp-json\/wp\/v2\/users\/2"}],"replies":[{"embeddable":true,"href":"https:\/\/www.fluimucil-erkaeltungshusten.ch\/fr\/wp-json\/wp\/v2\/comments?post=1434"}],"version-history":[{"count":0,"href":"https:\/\/www.fluimucil-erkaeltungshusten.ch\/fr\/wp-json\/wp\/v2\/pages\/1434\/revisions"}],"up":[{"embeddable":true,"href":"https:\/\/www.fluimucil-erkaeltungshusten.ch\/fr\/wp-json\/wp\/v2\/pages\/1431"}],"wp:attachment":[{"href":"https:\/\/www.fluimucil-erkaeltungshusten.ch\/fr\/wp-json\/wp\/v2\/media?parent=1434"}],"wp:term":[{"taxonomy":"category","embeddable":true,"href":"https:\/\/www.fluimucil-erkaeltungshusten.ch\/fr\/wp-json\/wp\/v2\/categories?post=1434"},{"taxonomy":"post_tag","embeddable":true,"href":"https:\/\/www.fluimucil-erkaeltungshusten.ch\/fr\/wp-json\/wp\/v2\/tags?post=1434"},{"taxonomy":"yst_prominent_words","embeddable":true,"href":"https:\/\/www.fluimucil-erkaeltungshusten.ch\/fr\/wp-json\/wp\/v2\/yst_prominent_words?post=1434"}],"curies":[{"name":"wp","href":"https:\/\/api.w.org\/{rel}","templated":true}]}}