{"id":1411,"date":"2017-11-27T16:50:37","date_gmt":"2017-11-27T15:50:37","guid":{"rendered":"https:\/\/www.fluimucil-erkaeltungshusten.ch\/sintomi-e-disturbi\/influenza-e-raffreddore\/"},"modified":"2018-01-03T14:11:17","modified_gmt":"2018-01-03T13:11:17","slug":"grippe-et-refroidissement","status":"publish","type":"page","link":"https:\/\/www.fluimucil-erkaeltungshusten.ch\/fr\/symptomes-et-troubles\/grippe-et-refroidissement\/","title":{"rendered":"Grippe et refroidissement"},"content":{"rendered":"<div class=\"wpb-content-wrapper\">[mk_page_section vertical_align=\u00a0\u00bbcenter\u00a0\u00bb bg_image=\u00a0\u00bbhttps:\/\/www.fluimucil-erkaeltungshusten.ch\/wp-content\/uploads\/2017\/11\/teaser_influenza.jpg\u00a0\u00bb bg_position=\u00a0\u00bbcenter bottom\u00a0\u00bb bg_repeat=\u00a0\u00bbno-repeat\u00a0\u00bb min_height=\u00a0\u00bb575&Prime; padding_top=\u00a0\u00bb120&Prime; padding_bottom=\u00a0\u00bb0&Prime; sidebar=\u00a0\u00bbsidebar-1&Prime;][vc_column][\/vc_column][\/mk_page_section][vc_row css=\u00a0\u00bb.vc_custom_1511795486415{padding-top: 20px !important;padding-left: 10px !important;}\u00a0\u00bb][vc_column width=\u00a0\u00bb2\/3&Prime;][mk_fancy_title tag_name=\u00a0\u00bbh1&Prime; color=\u00a0\u00bb#005982&Prime; size=\u00a0\u00bb22&Prime; font_weight=\u00a0\u00bbbold\u00a0\u00bb letter_spacing=\u00a0\u00bb1&Prime; font_family=\u00a0\u00bbnone\u00a0\u00bb]GRIPPE ET REFROIDISSEMENT[\/mk_fancy_title][vc_column_text css=\u00a0\u00bb.vc_custom_1512635437249{margin-bottom: 0px !important;}\u00a0\u00bb]Chaque ann\u00e9e, des millions de personnes dans le monde attrapent la\u00a0<a href=\"http:\/\/www.fluimucil-tossegrassa.ch\/fr\/Faq\/Glossaire#g\" target=\"_self\">grippe<\/a>, une maladie virale connue de l\u2019homme depuis plus de 2\u00a0000 ans, mais dont les modalit\u00e9s de transmission et de lutte ont \u00e9t\u00e9 \u00e9tudi\u00e9es seulement \u00e0 partir du 18\u00e8me si\u00e8cle.[\/vc_column_text][mk_padding_divider size=\u00a0\u00bb30&Prime;][vc_accordions action_style=\u00a0\u00bbtoggle-action\u00a0\u00bb container_bg_color=\u00a0\u00bb\u00a0\u00bb responsive=\u00a0\u00bbfalse\u00a0\u00bb][vc_accordion_tab title=\u00a0\u00bbLes sympt\u00f4mes\u00a0\u00bb][vc_single_image image=\u00a0\u00bb1428&Prime; img_size=\u00a0\u00bbfull\u00a0\u00bb el_class=\u00a0\u00bbcompact\u00a0\u00bb][\/vc_accordion_tab][vc_accordion_tab title=\u00a0\u00bbLes causes\u00a0\u00bb][vc_column_text css=\u00a0\u00bb.vc_custom_1512635495994{margin-bottom: 0px !important;}\u00a0\u00bb]La\u00a0<a class=\"actived\" href=\"http:\/\/www.fluimucil-tossegrassa.ch\/fr\/Faq\/Glossaire#g\" target=\"_self\">grippe<\/a>\u00a0est une infection syst\u00e9mique de diff\u00e9rents appareils (principalement de l\u2019<a class=\"actived\" href=\"http:\/\/www.fluimucil-tossegrassa.ch\/fr\/Faq\/Glossaire#a\" target=\"_self\">appareil respiratoire<\/a>, m\u00eame si dans certains cas, des sympt\u00f4mes gastro-intestinaux et musculo-squelettiques sont aussi pr\u00e9sents). Cette infection est due \u00e0 l\u2019action d\u2019une famille de virus appel\u00e9s\u00a0<em>virus influenza<\/em>, compos\u00e9e de nombreux virus en constante mutation.<\/p>\n<p>La\u00a0<a class=\"actived\" href=\"http:\/\/www.fluimucil-tossegrassa.ch\/fr\/Faq\/Glossaire#g\" target=\"_self\">grippe<\/a>\u00a0est souvent accompagn\u00e9e, en plus d\u2019autres sympt\u00f4mes, de\u00a0<a class=\"actived\" href=\"http:\/\/www.fluimucil-tossegrassa.ch\/fr\/Faq\/Glossaire#f\" target=\"_self\">fi\u00e8vre<\/a>(ou\u00a0<a class=\"actived\" href=\"http:\/\/www.fluimucil-tossegrassa.ch\/fr\/Faq\/Glossaire#p\" target=\"_self\">pyrexie<\/a>) ; \u00e0 savoir, une r\u00e9ponse immunitaire de notre organisme au moment o\u00f9 se produit une infection virale ou bact\u00e9rienne. Une r\u00e9action involontaire part du cerveau provoquant l\u2019augmentation de la temp\u00e9rature corporelle (la valeur normale pour l\u2019homme est autour de 37\u00b0C) pour neutraliser les germes et stimuler la production de globules blancs qui combattent les\u00a0<a class=\"actived\" href=\"http:\/\/www.fluimucil-tossegrassa.ch\/fr\/Faq\/Glossaire#a\" target=\"_self\">agents pathog\u00e8nes<\/a>.<\/p>\n<p>Ce m\u00e9canisme d\u2019auto-protection a, cependant, ses effets secondaires, se traduisant par les troubles et les douleurs apparaissant chaque fois qu\u2019on a la\u00a0<a class=\"actived\" href=\"http:\/\/www.fluimucil-tossegrassa.ch\/fr\/Faq\/Glossaire#f\" target=\"_self\">fi\u00e8vre<\/a>.[\/vc_column_text][\/vc_accordion_tab][vc_accordion_tab title=\u00a0\u00bbLe traitement\u00a0\u00bb][vc_column_text css=\u00a0\u00bb.vc_custom_1512635523787{margin-bottom: 0px !important;}\u00a0\u00bb]Dans des conditions normales, un traitement adapt\u00e9 des sympt\u00f4mes permet \u00e0 la maladie de suivre son cours normal et de dispara\u00eetre en l\u2019espace d\u2019une semaine environ\u00a0; en g\u00e9n\u00e9ral, il est important de faire baisser la temp\u00e9rature corporelle, en la ramenant \u00e0 des valeurs acceptables, et de soulager les douleurs articulaires, les maux de t\u00eate, la\u00a0<a class=\"actived\" href=\"http:\/\/www.fluimucil-tossegrassa.ch\/fr\/Faq\/Glossaire#c\" target=\"_self\">congestion\u00a0<\/a>respiratoire et l\u2019\u00e9tat de faiblesse.<\/p>\n<p>En commerce existent des m\u00e9dicaments antigrippaux qui contiennent plusieurs principes actifs, comme par exemple Fluimucil Grippe Day &amp; Night \u00e0 base de\u00a0<a class=\"actived\" href=\"http:\/\/www.fluimucil-tossegrassa.ch\/fr\/Faq\/Glossaire#p\" target=\"_self\">parac\u00e9tamol<\/a>, chlorhydrate de pseudo\u00e9ph\u00e9drine, mal\u00e9ate de chlorph\u00e9namine et\u00a0<a class=\"actived\" href=\"http:\/\/www.fluimucil-tossegrassa.ch\/fr\/Faq\/Glossaire#a\" target=\"_self\">ac\u00e9tylcyst\u00e9ine<\/a>.<\/p>\n<p>Le\u00a0<a class=\"actived\" href=\"http:\/\/www.fluimucil-tossegrassa.ch\/fr\/Faq\/Glossaire#p\" target=\"_self\">parac\u00e9tamol<\/a>, par exemple, traite les sympt\u00f4mes en abaissant la temp\u00e9rature corporelle. Il poss\u00e8de, en outre, une action\u00a0<a class=\"actived\" href=\"http:\/\/www.fluimucil-tossegrassa.ch\/fr\/Faq\/Glossaire#a\" target=\"_self\">analg\u00e9sique<\/a>\u00a0qui soulage les maux de t\u00eate et les douleurs osseuses et musculaires.<\/p>\n<p>Le chlorhydrate de pseudo\u00e9ph\u00e9drine aide, en revanche, \u00e0\u00a0<a class=\"actived\" href=\"http:\/\/www.fluimucil-tossegrassa.ch\/fr\/Faq\/Glossaire#d\" target=\"_self\">d\u00e9congestionner<\/a>\u00a0les muqueuses nasales enflamm\u00e9es et contribue \u00e0 \u00e9liminer les conditions favorables \u00e0 la prolif\u00e9ration de virus et bact\u00e9ries.<\/p>\n<p>Le mal\u00e9ate de chlorph\u00e9namine a une l\u00e9g\u00e8re action\u00a0<a class=\"actived\" href=\"http:\/\/www.fluimucil-tossegrassa.ch\/fr\/Faq\/Glossaire#a\" target=\"_self\">antitussive<\/a>, alors que l\u2019<a class=\"actived\" href=\"http:\/\/www.fluimucil-tossegrassa.ch\/fr\/Faq\/Glossaire#a\" target=\"_self\">ac\u00e9tylcyst\u00e9ine<\/a>, gr\u00e2ce \u00e0 son effet\u00a0<a class=\"actived\" href=\"http:\/\/www.fluimucil-tossegrassa.ch\/fr\/Faq\/Glossaire#m\" target=\"_self\">mucolytique<\/a>, casse les liaisons prot\u00e9iques du\u00a0<a class=\"actived\" href=\"http:\/\/www.fluimucil-tossegrassa.ch\/fr\/Faq\/Glossaire#m\" target=\"_self\">mucus<\/a>\u00a0facilitant ainsi la lib\u00e9ration des voies respiratoires.<\/p>\n<p>Pour plus d\u2019informations, lire la notice d\u2019emballage et s\u2019adresser \u00e0 un sp\u00e9cialiste de la sant\u00e9.<\/p>\n<p>Certains rem\u00e8des naturels peuvent contribuer \u00e0 soulager les sympt\u00f4mes grippaux : comme boire des infusions \u00e0 base de gingembre, utiliser des huiles essentielles d\u2019eucalyptus et de thym, de camomille ou de bouleau, ing\u00e9rer des aliments l\u00e9gers comme le bouillon de poule ou appliquer des dispositifs \u00abm\u00e9caniques\u00bb, tels que des compresses d\u2019eau froide sur la t\u00eate et le cou qui soulagent le patient et diminuent la sensation de soif. En outre, pour garantir un cours serein et une gu\u00e9rison compl\u00e8te et rapide, sont conseill\u00e9s le repos absolu et une hydratation ad\u00e9quate pour r\u00e9int\u00e9grer les liquides \u00e9limin\u00e9s par la transpiration.[\/vc_column_text][\/vc_accordion_tab][\/vc_accordions][\/vc_column][vc_column width=\u00a0\u00bb1\/12&Prime;][\/vc_column][vc_column width=\u00a0\u00bb3\/12&Prime;][vc_wp_custommenu nav_menu=\u00a0\u00bb10&Prime;][mk_icon_box icon=\u00a0\u00bbmk-moon-shocked\u00a0\u00bb title=\u00a0\u00bbFACTEURS DE RISQUE\u00a0\u00bb text_size=\u00a0\u00bb13&Prime; style=\u00a0\u00bbboxed\u00a0\u00bb icon_location=\u00a0\u00bbtop\u00a0\u00bb icon_color=\u00a0\u00bb#075985&Prime; icon_circle_color=\u00a0\u00bb\u00a0\u00bb title_color=\u00a0\u00bb#075985&Prime; txt_color=\u00a0\u00bb#00768e\u00a0\u00bb el_class=\u00a0\u00bbside-icon-box\u00a0\u00bb]\n<ul>\n<li>Contact avec des sujets malades<\/li>\n<li>Lieux bond\u00e9s et peu a\u00e9r\u00e9s<\/li>\n<li>Stress<\/li>\n<li>D\u00e9fenses immunitaires affaiblies<\/li>\n<\/ul>\n[\/mk_icon_box][mk_icon_box icon=\u00a0\u00bbmk-icon-medkit\u00a0\u00bb title=\u00a0\u00bbCONSEILS UTILES POUR LE TRAITEMENT\u00a0\u00bb text_size=\u00a0\u00bb13&Prime; style=\u00a0\u00bbboxed\u00a0\u00bb icon_location=\u00a0\u00bbtop\u00a0\u00bb icon_color=\u00a0\u00bb#075985&Prime; icon_circle_color=\u00a0\u00bb\u00a0\u00bb title_color=\u00a0\u00bb#075985&Prime; txt_color=\u00a0\u00bb#00768e\u00a0\u00bb el_class=\u00a0\u00bbside-icon-box\u00a0\u00bb]<strong>Soigner les sympt\u00f4mes<\/strong>pour att\u00e9nuer les troubles<\/p>\n<p><strong>Faire baisser<\/strong>\u00a0la temp\u00e9rature corporelle<\/p>\n<p>Maintenir l\u2019organisme suffisamment\u00a0<strong>hydrat\u00e9<\/strong>[\/mk_icon_box][\/vc_column][\/vc_row]\n<\/div>","protected":false},"excerpt":{"rendered":"<p>[mk_page_section vertical_align=\u00a0\u00bbcenter\u00a0\u00bb bg_image=\u00a0\u00bbhttps:\/\/www.fluimucil-erkaeltungshusten.ch\/wp-content\/uploads\/2017\/11\/teaser_influenza.jpg\u00a0\u00bb bg_position=\u00a0\u00bbcenter bottom\u00a0\u00bb bg_repeat=\u00a0\u00bbno-repeat\u00a0\u00bb min_height=\u00a0\u00bb575&Prime; padding_top=\u00a0\u00bb120&Prime; padding_bottom=\u00a0\u00bb0&Prime; sidebar=\u00a0\u00bbsidebar-1&Prime;][vc_column][\/vc_column][\/mk_page_section][vc_row css=\u00a0\u00bb.vc_custom_1511795486415{padding-top: 20px !important;padding-left: 10px !important;}\u00a0\u00bb][vc_column width=\u00a0\u00bb2\/3&Prime;][mk_fancy_title tag_name=\u00a0\u00bbh1&Prime; color=\u00a0\u00bb#005982&Prime; size=\u00a0\u00bb22&Prime; font_weight=\u00a0\u00bbbold\u00a0\u00bb letter_spacing=\u00a0\u00bb1&Prime; font_family=\u00a0\u00bbnone\u00a0\u00bb]GRIPPE ET REFROIDISSEMENT[\/mk_fancy_title][vc_column_text css=\u00a0\u00bb.vc_custom_1512635437249{margin-bottom: 0px !important;}\u00a0\u00bb]Chaque ann\u00e9e, des millions de personnes dans le monde attrapent la\u00a0grippe, une maladie virale connue de l\u2019homme depuis plus de 2\u00a0000 ans, mais dont les modalit\u00e9s de transmission et [&hellip;]<\/p>\n","protected":false},"author":2,"featured_media":0,"parent":1408,"menu_order":0,"comment_status":"closed","ping_status":"closed","template":"","meta":{"_monsterinsights_skip_tracking":false,"_monsterinsights_sitenote_active":false,"_monsterinsights_sitenote_note":"","_monsterinsights_sitenote_category":0,"footnotes":""},"categories":[],"tags":[],"yst_prominent_words":[],"class_list":["post-1411","page","type-page","status-publish","hentry"],"_links":{"self":[{"href":"https:\/\/www.fluimucil-erkaeltungshusten.ch\/fr\/wp-json\/wp\/v2\/pages\/1411","targetHints":{"allow":["GET"]}}],"collection":[{"href":"https:\/\/www.fluimucil-erkaeltungshusten.ch\/fr\/wp-json\/wp\/v2\/pages"}],"about":[{"href":"https:\/\/www.fluimucil-erkaeltungshusten.ch\/fr\/wp-json\/wp\/v2\/types\/page"}],"author":[{"embeddable":true,"href":"https:\/\/www.fluimucil-erkaeltungshusten.ch\/fr\/wp-json\/wp\/v2\/users\/2"}],"replies":[{"embeddable":true,"href":"https:\/\/www.fluimucil-erkaeltungshusten.ch\/fr\/wp-json\/wp\/v2\/comments?post=1411"}],"version-history":[{"count":0,"href":"https:\/\/www.fluimucil-erkaeltungshusten.ch\/fr\/wp-json\/wp\/v2\/pages\/1411\/revisions"}],"up":[{"embeddable":true,"href":"https:\/\/www.fluimucil-erkaeltungshusten.ch\/fr\/wp-json\/wp\/v2\/pages\/1408"}],"wp:attachment":[{"href":"https:\/\/www.fluimucil-erkaeltungshusten.ch\/fr\/wp-json\/wp\/v2\/media?parent=1411"}],"wp:term":[{"taxonomy":"category","embeddable":true,"href":"https:\/\/www.fluimucil-erkaeltungshusten.ch\/fr\/wp-json\/wp\/v2\/categories?post=1411"},{"taxonomy":"post_tag","embeddable":true,"href":"https:\/\/www.fluimucil-erkaeltungshusten.ch\/fr\/wp-json\/wp\/v2\/tags?post=1411"},{"taxonomy":"yst_prominent_words","embeddable":true,"href":"https:\/\/www.fluimucil-erkaeltungshusten.ch\/fr\/wp-json\/wp\/v2\/yst_prominent_words?post=1411"}],"curies":[{"name":"wp","href":"https:\/\/api.w.org\/{rel}","templated":true}]}}