{"id":1410,"date":"2017-11-27T16:41:30","date_gmt":"2017-11-27T15:41:30","guid":{"rendered":"https:\/\/www.fluimucil-erkaeltungshusten.ch\/sintomi-e-disturbi\/raffreddore-e-naso-chiuso\/"},"modified":"2018-01-03T14:10:31","modified_gmt":"2018-01-03T13:10:31","slug":"rhume-et-nez-bouche","status":"publish","type":"page","link":"https:\/\/www.fluimucil-erkaeltungshusten.ch\/fr\/symptomes-et-troubles\/rhume-et-nez-bouche\/","title":{"rendered":"Rhume et nez bouch\u00e9"},"content":{"rendered":"<div class=\"wpb-content-wrapper\">[mk_page_section vertical_align=\u00a0\u00bbcenter\u00a0\u00bb bg_image=\u00a0\u00bbhttps:\/\/www.fluimucil-erkaeltungshusten.ch\/wp-content\/uploads\/2017\/11\/teaser_raffreddore.jpg\u00a0\u00bb bg_position=\u00a0\u00bbcenter bottom\u00a0\u00bb bg_repeat=\u00a0\u00bbno-repeat\u00a0\u00bb min_height=\u00a0\u00bb575&Prime; padding_top=\u00a0\u00bb120&Prime; padding_bottom=\u00a0\u00bb0&Prime; sidebar=\u00a0\u00bbsidebar-1&Prime;][vc_column][\/vc_column][\/mk_page_section][vc_row css=\u00a0\u00bb.vc_custom_1511795486415{padding-top: 20px !important;padding-left: 10px !important;}\u00a0\u00bb][vc_column width=\u00a0\u00bb2\/3&Prime;][mk_fancy_title tag_name=\u00a0\u00bbh1&Prime; color=\u00a0\u00bb#005982&Prime; size=\u00a0\u00bb22&Prime; font_weight=\u00a0\u00bbbold\u00a0\u00bb letter_spacing=\u00a0\u00bb1&Prime; font_family=\u00a0\u00bbnone\u00a0\u00bb]RHUME ET NEZ BOUCH\u00c9[\/mk_fancy_title][vc_column_text css=\u00a0\u00bb.vc_custom_1512632319753{margin-bottom: 0px !important;}\u00a0\u00bb]Le\u00a0<a href=\"http:\/\/www.fluimucil-tossegrassa.ch\/fr\/Faq\/Glossaire#r\" target=\"_self\">rhume<\/a>, ou\u00a0<a href=\"http:\/\/www.fluimucil-tossegrassa.ch\/fr\/Faq\/Glossaire#r\" target=\"_self\">rhinite<\/a>, est une maladie qui, chaque ann\u00e9e, touche environ un milliard de personnes.[\/vc_column_text][mk_padding_divider size=\u00a0\u00bb30&Prime;][vc_accordions action_style=\u00a0\u00bbtoggle-action\u00a0\u00bb container_bg_color=\u00a0\u00bb\u00a0\u00bb responsive=\u00a0\u00bbfalse\u00a0\u00bb][vc_accordion_tab title=\u00a0\u00bbLes sympt\u00f4mes\u00a0\u00bb][vc_single_image image=\u00a0\u00bb1426&Prime; img_size=\u00a0\u00bbfull\u00a0\u00bb el_class=\u00a0\u00bbcompact\u00a0\u00bb][\/vc_accordion_tab][vc_accordion_tab title=\u00a0\u00bbLes causes\u00a0\u00bb][vc_column_text css=\u00a0\u00bb.vc_custom_1512632379896{margin-bottom: 0px !important;}\u00a0\u00bb]La cause du\u00a0<a class=\"actived\" href=\"http:\/\/www.fluimucil-tossegrassa.ch\/fr\/Faq\/Glossaire#r\" target=\"_self\">rhume<\/a>\u00a0commun est li\u00e9e \u00e0 une infection virale. Au moins 200 diff\u00e9rentes souches virales sont associ\u00e9es aux sympt\u00f4mes de la\u00a0<a class=\"actived\" href=\"http:\/\/www.fluimucil-tossegrassa.ch\/fr\/Faq\/Glossaire#r\" target=\"_self\">rhinite<\/a>\u00a0: les plus r\u00e9pandues sont les\u00a0<a class=\"actived\" href=\"http:\/\/www.fluimucil-tossegrassa.ch\/fr\/Faq\/Glossaire#r\" target=\"_self\">rhinovirus<\/a>\u00a0et les coronavirus.<\/p>\n<p>Le\u00a0<a class=\"actived\" href=\"http:\/\/www.fluimucil-tossegrassa.ch\/fr\/Faq\/Glossaire#r\" target=\"_self\">rhume<\/a>\u00a0commun en soi, \u00e0 savoir la manifestation des sympt\u00f4mes, est surtout associ\u00e9 \u00e0 la r\u00e9ponse immunitaire de notre organisme \u00e0 l\u2019infection virale, faisant suite \u00e0 une p\u00e9riode d\u2019incubation qui dure 2 \u00e0 3 jours.<\/p>\n<p>Les autres causes de la\u00a0<a class=\"actived\" href=\"http:\/\/www.fluimucil-tossegrassa.ch\/fr\/Faq\/Glossaire#r\" target=\"_self\">rhinite<\/a>\u00a0peuvent \u00eatre dues \u00e0 des r\u00e9actions allergiques (ce que l\u2019on appelle le\u00a0<a class=\"actived\" href=\"http:\/\/www.fluimucil-tossegrassa.ch\/fr\/Faq\/Glossaire#r\" target=\"_self\">rhume<\/a>\u00a0des foins), \u00e0 des \u00e9carts de temp\u00e9rature ou de pression atmosph\u00e9rique (dans le cas de la\u00a0<a class=\"actived\" href=\"http:\/\/www.fluimucil-tossegrassa.ch\/fr\/Faq\/Glossaire#r\" target=\"_self\">rhinite<\/a>\u00a0vasomotrice) ou encore \u00e0 l\u2019exposition \u00e0 des\u00a0<a class=\"actived\" href=\"http:\/\/www.fluimucil-tossegrassa.ch\/fr\/Faq\/Glossaire#a\" target=\"_self\">agents irritants<\/a>.[\/vc_column_text][\/vc_accordion_tab][vc_accordion_tab title=\u00a0\u00bbLe traitement\u00a0\u00bb][vc_column_text css=\u00a0\u00bb.vc_custom_1512632401383{margin-bottom: 0px !important;}\u00a0\u00bb]Les soins du\u00a0<a class=\"actived\" href=\"http:\/\/www.fluimucil-tossegrassa.ch\/fr\/Faq\/Glossaire#r\" target=\"_self\">rhume<\/a>\u00a0commun se basent exclusivement sur une th\u00e9rapie symptomatique, intervenant sur la\u00a0<a class=\"actived\" href=\"http:\/\/www.fluimucil-tossegrassa.ch\/fr\/Faq\/Glossaire#c\" target=\"_self\">congestion nasale<\/a>\u00a0et sur la\u00a0<a class=\"actived\" href=\"http:\/\/www.fluimucil-tossegrassa.ch\/fr\/Faq\/Glossaire#r\" target=\"_self\">rhinorrh\u00e9e<\/a>(production excessive de\u00a0<a class=\"actived\" href=\"http:\/\/www.fluimucil-tossegrassa.ch\/fr\/Faq\/Glossaire#m\" target=\"_self\">mucus<\/a>), afin de r\u00e9duire les troubles caus\u00e9s par de tels sympt\u00f4mes, alors que l\u2019infection qui le provoque se r\u00e9sout g\u00e9n\u00e9ralement toute seule dans un intervalle de quelques jours. Soigner les sympt\u00f4mes du\u00a0<a class=\"actived\" href=\"http:\/\/www.fluimucil-tossegrassa.ch\/fr\/Faq\/Glossaire#r\" target=\"_self\">rhume<\/a>\u00a0permet d\u2019\u00e9viter des complications, comme la sinusite, qui appara\u00eet quand les sinus s\u2019enflamment et se congestionnent \u00e0 cause de l\u2019obstruction nasale.<\/p>\n<p>Il faut donc lib\u00e9rer les voies respiratoires et r\u00e9duire la congestion des zones concern\u00e9es : les m\u00e9dicaments disponibles dans le commerce ont une action\u00a0<a class=\"actived\" href=\"http:\/\/www.fluimucil-tossegrassa.ch\/fr\/Faq\/Glossaire#d\" target=\"_self\">d\u00e9congestionnante<\/a>, en plus d\u2019une action\u00a0<a class=\"actived\" href=\"http:\/\/www.fluimucil-tossegrassa.ch\/fr\/Faq\/Glossaire#m\" target=\"_self\">mucolytique<\/a>, comme par exemple Rinofluimucil.<\/p>\n<p>Pour plus d\u2019informations, lire la notice d\u2019emballage et s\u2019adresser \u00e0 un sp\u00e9cialiste de la sant\u00e9.<\/p>\n<p>En outre, diff\u00e9rents rem\u00e8des naturels peuvent \u00eatre utilis\u00e9s avec efficacit\u00e9 : les \u00e9pices, comme le piment, la cannelle et les clous de girofle ou les l\u00e9gumes, comme l\u2019oignon et l\u2019ail peuvent \u00eatre utilis\u00e9s pour combattre l\u2019infection ; il est aussi reconnu que la vitamine C, pr\u00e9sente dans les l\u00e9gumes \u00e0 feuille verte, les agrumes et les kiwis, aide l\u2019organisme \u00e0 maintenir les<a class=\"actived\" href=\"http:\/\/www.fluimucil-tossegrassa.ch\/fr\/Faq\/Glossaire#d\" target=\"_self\">\u00a0d\u00e9fenses immunitaires<\/a>intactes.<\/p>\n<p>Le repos permet, en outre, au corps d\u2019acc\u00e9l\u00e9rer la r\u00e9ponse immunitaire et favorise une gu\u00e9rison rapide et compl\u00e8te.[\/vc_column_text][\/vc_accordion_tab][\/vc_accordions][\/vc_column][vc_column width=\u00a0\u00bb1\/12&Prime;][\/vc_column][vc_column width=\u00a0\u00bb3\/12&Prime;][vc_wp_custommenu nav_menu=\u00a0\u00bb10&Prime;][mk_icon_box icon=\u00a0\u00bbmk-moon-shocked\u00a0\u00bb title=\u00a0\u00bbFACTEURS DE RISQUE\u00a0\u00bb text_size=\u00a0\u00bb13&Prime; style=\u00a0\u00bbboxed\u00a0\u00bb icon_location=\u00a0\u00bbtop\u00a0\u00bb icon_color=\u00a0\u00bb#075985&Prime; icon_circle_color=\u00a0\u00bb\u00a0\u00bb title_color=\u00a0\u00bb#075985&Prime; txt_color=\u00a0\u00bb#00768e\u00a0\u00bb el_class=\u00a0\u00bbside-icon-box\u00a0\u00bb]\n<ul>\n<li>Stress<\/li>\n<li>Contact avec des personnes enrhum\u00e9es<\/li>\n<li>\u00c9carts de temp\u00e9rature<\/li>\n<li>Lieux bond\u00e9s et peu a\u00e9r\u00e9s (favorisent l\u2019infection)<\/li>\n<\/ul>\n[\/mk_icon_box][mk_icon_box icon=\u00a0\u00bbmk-icon-medkit\u00a0\u00bb title=\u00a0\u00bbCONSEILS UTILES POUR LE TRAITEMENT\u00a0\u00bb text_size=\u00a0\u00bb13&Prime; style=\u00a0\u00bbboxed\u00a0\u00bb icon_location=\u00a0\u00bbtop\u00a0\u00bb icon_color=\u00a0\u00bb#075985&Prime; icon_circle_color=\u00a0\u00bb\u00a0\u00bb title_color=\u00a0\u00bb#075985&Prime; txt_color=\u00a0\u00bb#00768e\u00a0\u00bb el_class=\u00a0\u00bbside-icon-box\u00a0\u00bb]<strong>Lib\u00e9rer les voies respiratoires<\/strong>\u00a0de l\u2019exc\u00e8s de mucus<\/p>\n<p><strong>Se reposer<\/strong>\u00a0pour acc\u00e9l\u00e9rer la phase de r\u00e9cup\u00e9ration[\/mk_icon_box][\/vc_column][\/vc_row]\n<\/div>","protected":false},"excerpt":{"rendered":"<p>[mk_page_section vertical_align=\u00a0\u00bbcenter\u00a0\u00bb bg_image=\u00a0\u00bbhttps:\/\/www.fluimucil-erkaeltungshusten.ch\/wp-content\/uploads\/2017\/11\/teaser_raffreddore.jpg\u00a0\u00bb bg_position=\u00a0\u00bbcenter bottom\u00a0\u00bb bg_repeat=\u00a0\u00bbno-repeat\u00a0\u00bb min_height=\u00a0\u00bb575&Prime; padding_top=\u00a0\u00bb120&Prime; padding_bottom=\u00a0\u00bb0&Prime; sidebar=\u00a0\u00bbsidebar-1&Prime;][vc_column][\/vc_column][\/mk_page_section][vc_row css=\u00a0\u00bb.vc_custom_1511795486415{padding-top: 20px !important;padding-left: 10px !important;}\u00a0\u00bb][vc_column width=\u00a0\u00bb2\/3&Prime;][mk_fancy_title tag_name=\u00a0\u00bbh1&Prime; color=\u00a0\u00bb#005982&Prime; size=\u00a0\u00bb22&Prime; font_weight=\u00a0\u00bbbold\u00a0\u00bb letter_spacing=\u00a0\u00bb1&Prime; font_family=\u00a0\u00bbnone\u00a0\u00bb]RHUME ET NEZ BOUCH\u00c9[\/mk_fancy_title][vc_column_text css=\u00a0\u00bb.vc_custom_1512632319753{margin-bottom: 0px !important;}\u00a0\u00bb]Le\u00a0rhume, ou\u00a0rhinite, est une maladie qui, chaque ann\u00e9e, touche environ un milliard de personnes.[\/vc_column_text][mk_padding_divider size=\u00a0\u00bb30&Prime;][vc_accordions action_style=\u00a0\u00bbtoggle-action\u00a0\u00bb container_bg_color=\u00a0\u00bb\u00a0\u00bb responsive=\u00a0\u00bbfalse\u00a0\u00bb][vc_accordion_tab title=\u00a0\u00bbLes sympt\u00f4mes\u00a0\u00bb][vc_single_image image=\u00a0\u00bb1426&Prime; img_size=\u00a0\u00bbfull\u00a0\u00bb el_class=\u00a0\u00bbcompact\u00a0\u00bb][\/vc_accordion_tab][vc_accordion_tab title=\u00a0\u00bbLes causes\u00a0\u00bb][vc_column_text css=\u00a0\u00bb.vc_custom_1512632379896{margin-bottom: 0px !important;}\u00a0\u00bb]La [&hellip;]<\/p>\n","protected":false},"author":2,"featured_media":0,"parent":1408,"menu_order":0,"comment_status":"closed","ping_status":"closed","template":"","meta":{"_monsterinsights_skip_tracking":false,"_monsterinsights_sitenote_active":false,"_monsterinsights_sitenote_note":"","_monsterinsights_sitenote_category":0,"footnotes":""},"categories":[],"tags":[],"yst_prominent_words":[],"class_list":["post-1410","page","type-page","status-publish","hentry"],"_links":{"self":[{"href":"https:\/\/www.fluimucil-erkaeltungshusten.ch\/fr\/wp-json\/wp\/v2\/pages\/1410","targetHints":{"allow":["GET"]}}],"collection":[{"href":"https:\/\/www.fluimucil-erkaeltungshusten.ch\/fr\/wp-json\/wp\/v2\/pages"}],"about":[{"href":"https:\/\/www.fluimucil-erkaeltungshusten.ch\/fr\/wp-json\/wp\/v2\/types\/page"}],"author":[{"embeddable":true,"href":"https:\/\/www.fluimucil-erkaeltungshusten.ch\/fr\/wp-json\/wp\/v2\/users\/2"}],"replies":[{"embeddable":true,"href":"https:\/\/www.fluimucil-erkaeltungshusten.ch\/fr\/wp-json\/wp\/v2\/comments?post=1410"}],"version-history":[{"count":0,"href":"https:\/\/www.fluimucil-erkaeltungshusten.ch\/fr\/wp-json\/wp\/v2\/pages\/1410\/revisions"}],"up":[{"embeddable":true,"href":"https:\/\/www.fluimucil-erkaeltungshusten.ch\/fr\/wp-json\/wp\/v2\/pages\/1408"}],"wp:attachment":[{"href":"https:\/\/www.fluimucil-erkaeltungshusten.ch\/fr\/wp-json\/wp\/v2\/media?parent=1410"}],"wp:term":[{"taxonomy":"category","embeddable":true,"href":"https:\/\/www.fluimucil-erkaeltungshusten.ch\/fr\/wp-json\/wp\/v2\/categories?post=1410"},{"taxonomy":"post_tag","embeddable":true,"href":"https:\/\/www.fluimucil-erkaeltungshusten.ch\/fr\/wp-json\/wp\/v2\/tags?post=1410"},{"taxonomy":"yst_prominent_words","embeddable":true,"href":"https:\/\/www.fluimucil-erkaeltungshusten.ch\/fr\/wp-json\/wp\/v2\/yst_prominent_words?post=1410"}],"curies":[{"name":"wp","href":"https:\/\/api.w.org\/{rel}","templated":true}]}}