{"id":1409,"date":"2017-11-27T15:46:08","date_gmt":"2017-11-27T14:46:08","guid":{"rendered":"https:\/\/www.fluimucil-erkaeltungshusten.ch\/sintomi-e-disturbi\/tosse-grassa\/"},"modified":"2018-01-03T14:09:27","modified_gmt":"2018-01-03T13:09:27","slug":"toux-grasse","status":"publish","type":"page","link":"https:\/\/www.fluimucil-erkaeltungshusten.ch\/fr\/symptomes-et-troubles\/toux-grasse\/","title":{"rendered":"Toux grasse"},"content":{"rendered":"<div class=\"wpb-content-wrapper\">[mk_page_section vertical_align=\u00a0\u00bbcenter\u00a0\u00bb bg_image=\u00a0\u00bbhttps:\/\/www.fluimucil-erkaeltungshusten.ch\/wp-content\/uploads\/2017\/11\/teaser_tossegrassa.jpg\u00a0\u00bb bg_position=\u00a0\u00bbcenter bottom\u00a0\u00bb bg_repeat=\u00a0\u00bbno-repeat\u00a0\u00bb min_height=\u00a0\u00bb575&Prime; padding_top=\u00a0\u00bb120&Prime; padding_bottom=\u00a0\u00bb0&Prime; sidebar=\u00a0\u00bbsidebar-1&Prime;][vc_column][\/vc_column][\/mk_page_section][vc_row css=\u00a0\u00bb.vc_custom_1511795486415{padding-top: 20px !important;padding-left: 10px !important;}\u00a0\u00bb][vc_column width=\u00a0\u00bb2\/3&Prime;][mk_fancy_title tag_name=\u00a0\u00bbh1&Prime; color=\u00a0\u00bb#005982&Prime; size=\u00a0\u00bb22&Prime; font_weight=\u00a0\u00bbbold\u00a0\u00bb letter_spacing=\u00a0\u00bb1&Prime; font_family=\u00a0\u00bbnone\u00a0\u00bb]TOUX GRASSE[\/mk_fancy_title][vc_column_text css=\u00a0\u00bb.vc_custom_1512630938911{margin-bottom: 0px !important;}\u00a0\u00bb]La\u00a0<a href=\"http:\/\/www.fluimucil-tossegrassa.ch\/fr\/Faq\/Glossaire#t\" target=\"_self\">toux<\/a>, bien qu\u2019elle soit consid\u00e9r\u00e9e comme un trouble, est en r\u00e9alit\u00e9 une aide importante pour le corps. Il s\u2019agit, en effet, d\u2019un v\u00e9ritable m\u00e9canisme d\u2019autod\u00e9fense, au moyen duquel l\u2019organisme tente d\u2019expulser les\u00a0<a href=\"http:\/\/www.fluimucil-tossegrassa.ch\/fr\/Faq\/Glossaire#a\" target=\"_self\">agents irritants<\/a>\u00a0ou infectieux des voies respiratoires bloqu\u00e9s dans le mucus, liquide visqueux s\u00e9cr\u00e9t\u00e9 par les organes de l\u2019<a href=\"http:\/\/www.fluimucil-tossegrassa.ch\/fr\/Faq\/Glossaire#a\" target=\"_self\">appareil respiratoire<\/a>.[\/vc_column_text][mk_padding_divider size=\u00a0\u00bb30&Prime;][vc_row_inner][vc_column_inner width=\u00a0\u00bb1\/4&Prime;][\/vc_column_inner][vc_column_inner width=\u00a0\u00bb1\/2&Prime;][vc_column_text align=\u00a0\u00bbcenter\u00a0\u00bb css=\u00a0\u00bb.vc_custom_1513956850677{margin-bottom: 0px !important;}\u00a0\u00bb]<strong>\u00c9coutez la toux grasse<\/strong>[\/vc_column_text][mk_audio mp3_file=\u00a0\u00bbhttps:\/\/www.fluimucil-erkaeltungshusten.ch\/wp-content\/uploads\/2017\/11\/tosse_grassa.mp3&Prime; player_background=\u00a0\u00bb#007f91&Prime; el_class=\u00a0\u00bbfluimucil-audio\u00a0\u00bb][\/vc_column_inner][vc_column_inner width=\u00a0\u00bb1\/4&Prime;][\/vc_column_inner][\/vc_row_inner][mk_padding_divider size=\u00a0\u00bb30&Prime;][vc_accordions action_style=\u00a0\u00bbtoggle-action\u00a0\u00bb container_bg_color=\u00a0\u00bb\u00a0\u00bb responsive=\u00a0\u00bbfalse\u00a0\u00bb][vc_accordion_tab title=\u00a0\u00bbLes sympt\u00f4mes\u00a0\u00bb][vc_single_image image=\u00a0\u00bb1416&Prime; img_size=\u00a0\u00bbfull\u00a0\u00bb el_class=\u00a0\u00bbcompact\u00a0\u00bb][\/vc_accordion_tab][vc_accordion_tab title=\u00a0\u00bbLes causes\u00a0\u00bb][vc_column_text css=\u00a0\u00bb.vc_custom_1512632107499{margin-bottom: 0px !important;}\u00a0\u00bb]Quand les voies respiratoires s\u2019enflamment, \u00e0 cause d\u2019une infection ou d\u2019agents externes (comme par ex. la fum\u00e9e de cigarette), une quantit\u00e9 plus importante de\u00a0<a class=\"actived\" href=\"http:\/\/www.fluimucil-tossegrassa.ch\/fr\/Faq\/Glossaire#m\" target=\"_self\">mucus<\/a>\u00a0est produite en r\u00e9ponse \u00e0 l\u2019<a class=\"actived\" href=\"http:\/\/www.fluimucil-tossegrassa.ch\/fr\/Faq\/Glossaire#i\" target=\"_self\">inflammation<\/a>. Cette production excessive emp\u00eache l\u2019\u00e9limination normale du\u00a0<a class=\"actived\" href=\"http:\/\/www.fluimucil-tossegrassa.ch\/fr\/Faq\/Glossaire#m\" target=\"_self\">mucus<\/a>\u00a0; l\u2019organisme fait donc appel \u00e0 la\u00a0<a class=\"actived\" href=\"http:\/\/www.fluimucil-tossegrassa.ch\/fr\/Faq\/Glossaire#t\" target=\"_self\">toux<\/a>, appel\u00e9e dans ces cas\u00a0<a class=\"actived\" href=\"http:\/\/www.fluimucil-tossegrassa.ch\/fr\/Faq\/Glossaire#t\" target=\"_self\">toux grasse<\/a>\u00a0ou productive, comme instrument pour faciliter l\u2019<a class=\"actived\" href=\"http:\/\/www.fluimucil-tossegrassa.ch\/fr\/Faq\/Glossaire#e\" target=\"_self\">expectoration<\/a>\u00a0du\u00a0<a class=\"actived\" href=\"http:\/\/www.fluimucil-tossegrassa.ch\/fr\/Faq\/Glossaire#m\" target=\"_self\">mucus<\/a>\u00a0en exc\u00e8s et des agents nocifs, \u00e9vitant ainsi l\u2019obstruction des voies respiratoires. Une fois que tout le\u00a0<a class=\"actived\" href=\"http:\/\/www.fluimucil-tossegrassa.ch\/fr\/Faq\/Glossaire#m\" target=\"_self\">mucus<\/a>\u00a0en exc\u00e8s a \u00e9t\u00e9 expuls\u00e9, la\u00a0<a class=\"actived\" href=\"http:\/\/www.fluimucil-tossegrassa.ch\/fr\/Faq\/Glossaire#t\" target=\"_self\">toux grasse<\/a>\u00a0cesse.[\/vc_column_text][\/vc_accordion_tab][vc_accordion_tab title=\u00a0\u00bbLe traitement\u00a0\u00bb][vc_column_text css=\u00a0\u00bb.vc_custom_1512632132053{margin-bottom: 0px !important;}\u00a0\u00bb]Pour soigner la\u00a0<a class=\"actived\" href=\"http:\/\/www.fluimucil-tossegrassa.ch\/fr\/Faq\/Glossaire#t\" target=\"_self\">toux grasse<\/a>\u00a0aigu\u00eb, caus\u00e9e par le\u00a0<a class=\"actived\" href=\"http:\/\/www.fluimucil-tossegrassa.ch\/fr\/Faq\/Glossaire#g\" target=\"_self\">refroidissement<\/a>\u00a0ou les\u00a0<a class=\"actived\" href=\"http:\/\/www.fluimucil-tossegrassa.ch\/fr\/Faq\/Glossaire#m\" target=\"_self\">maladies grippales<\/a>, il faut faciliter l\u2019<a class=\"actived\" href=\"http:\/\/www.fluimucil-tossegrassa.ch\/fr\/Faq\/Glossaire#e\" target=\"_self\">expectoration<\/a>\u00a0et attendre que les sympt\u00f4mes cessent. Dans le cas d\u2019une infection des voies respiratoires, le\u00a0<a class=\"actived\" href=\"http:\/\/www.fluimucil-tossegrassa.ch\/fr\/Faq\/Glossaire#m\" target=\"_self\">mucus<\/a>\u00a0produit est particuli\u00e8rement visqueux ; il faut donc qu\u2019il soit fluidifi\u00e9.<\/p>\n<p>C\u2019est \u00e0 cela que servent les principes actifs\u00a0<a class=\"actived\" href=\"http:\/\/www.fluimucil-tossegrassa.ch\/fr\/Faq\/Glossaire#m\" target=\"_self\">mucolytiques<\/a>, comme l\u2019<a class=\"actived\" href=\"http:\/\/www.fluimucil-tossegrassa.ch\/fr\/Faq\/Glossaire#a\" target=\"_self\">ac\u00e9tylcyst\u00e9ine<\/a>, qui fluidifient le\u00a0<a class=\"actived\" href=\"http:\/\/www.fluimucil-tossegrassa.ch\/fr\/Faq\/Glossaire#c\" target=\"_self\">catarrhe<\/a>, \u00e9vitant le risque d\u2019obstruction respiratoire et facilitant ainsi la lib\u00e9ration des voies respiratoires.<\/p>\n<p>Pour plus d\u2019informations, lire la notice d\u2019emballage et s\u2019adresser \u00e0 un sp\u00e9cialiste de la sant\u00e9.<\/p>\n<p>En compl\u00e9ment, certains rem\u00e8des traditionnels, comme prendre du miel ou boire une quantit\u00e9 d\u2019eau plus importante, peuvent contribuer \u00e0 aider \u00e0 bloquer les sympt\u00f4mes collat\u00e9raux, tels que la sensation de br\u00fblures \u00e0 la gorge, dues aux sollicitations typiques de la\u00a0<a class=\"actived\" href=\"http:\/\/www.fluimucil-tossegrassa.ch\/fr\/Faq\/Glossaire#t\" target=\"_self\">toux<\/a>.[\/vc_column_text][\/vc_accordion_tab][\/vc_accordions][\/vc_column][vc_column width=\u00a0\u00bb1\/12&Prime;][\/vc_column][vc_column width=\u00a0\u00bb3\/12&Prime;][vc_wp_custommenu nav_menu=\u00a0\u00bb10&Prime;][mk_icon_box icon=\u00a0\u00bbmk-moon-shocked\u00a0\u00bb title=\u00a0\u00bbFACTEURS DE RISQUE\u00a0\u00bb text_size=\u00a0\u00bb13&Prime; style=\u00a0\u00bbboxed\u00a0\u00bb icon_location=\u00a0\u00bbtop\u00a0\u00bb icon_color=\u00a0\u00bb#075985&Prime; icon_circle_color=\u00a0\u00bb\u00a0\u00bb title_color=\u00a0\u00bb#075985&Prime; txt_color=\u00a0\u00bb#00768e\u00a0\u00bb el_class=\u00a0\u00bbside-icon-box\u00a0\u00bb]\n<ul>\n<li>Tabac<\/li>\n<li>\u00c9carts de temp\u00e9rature<\/li>\n<li>Lieux bond\u00e9s (o\u00f9 l\u2019infection se propage rapidement)<\/li>\n<\/ul>\n[\/mk_icon_box][mk_icon_box icon=\u00a0\u00bbmk-icon-medkit\u00a0\u00bb title=\u00a0\u00bbCONSEILS UTILES POUR LE TRAITEMENT\u00a0\u00bb text_size=\u00a0\u00bb13&Prime; style=\u00a0\u00bbboxed\u00a0\u00bb icon_location=\u00a0\u00bbtop\u00a0\u00bb icon_color=\u00a0\u00bb#075985&Prime; icon_circle_color=\u00a0\u00bb\u00a0\u00bb title_color=\u00a0\u00bb#075985&Prime; txt_color=\u00a0\u00bb#00768e\u00a0\u00bb el_class=\u00a0\u00bbside-icon-box\u00a0\u00bb]<strong>Ne pas r\u00e9primer<\/strong>\u00a0le r\u00e9flexe de la toux.<\/p>\n<p><strong>Fluidifier\u00a0<\/strong>le mucus pour une expectoration plus rapide.[\/mk_icon_box][\/vc_column][\/vc_row]\n<\/div>","protected":false},"excerpt":{"rendered":"<p>[mk_page_section vertical_align=\u00a0\u00bbcenter\u00a0\u00bb bg_image=\u00a0\u00bbhttps:\/\/www.fluimucil-erkaeltungshusten.ch\/wp-content\/uploads\/2017\/11\/teaser_tossegrassa.jpg\u00a0\u00bb bg_position=\u00a0\u00bbcenter bottom\u00a0\u00bb bg_repeat=\u00a0\u00bbno-repeat\u00a0\u00bb min_height=\u00a0\u00bb575&Prime; padding_top=\u00a0\u00bb120&Prime; padding_bottom=\u00a0\u00bb0&Prime; sidebar=\u00a0\u00bbsidebar-1&Prime;][vc_column][\/vc_column][\/mk_page_section][vc_row css=\u00a0\u00bb.vc_custom_1511795486415{padding-top: 20px !important;padding-left: 10px !important;}\u00a0\u00bb][vc_column width=\u00a0\u00bb2\/3&Prime;][mk_fancy_title tag_name=\u00a0\u00bbh1&Prime; color=\u00a0\u00bb#005982&Prime; size=\u00a0\u00bb22&Prime; font_weight=\u00a0\u00bbbold\u00a0\u00bb letter_spacing=\u00a0\u00bb1&Prime; font_family=\u00a0\u00bbnone\u00a0\u00bb]TOUX GRASSE[\/mk_fancy_title][vc_column_text css=\u00a0\u00bb.vc_custom_1512630938911{margin-bottom: 0px !important;}\u00a0\u00bb]La\u00a0toux, bien qu\u2019elle soit consid\u00e9r\u00e9e comme un trouble, est en r\u00e9alit\u00e9 une aide importante pour le corps. Il s\u2019agit, en effet, d\u2019un v\u00e9ritable m\u00e9canisme d\u2019autod\u00e9fense, au moyen duquel l\u2019organisme tente [&hellip;]<\/p>\n","protected":false},"author":2,"featured_media":0,"parent":1408,"menu_order":0,"comment_status":"closed","ping_status":"closed","template":"","meta":{"_monsterinsights_skip_tracking":false,"_monsterinsights_sitenote_active":false,"_monsterinsights_sitenote_note":"","_monsterinsights_sitenote_category":0,"footnotes":""},"categories":[],"tags":[],"yst_prominent_words":[278,99,271,270,268,275,280,273,96,272,279,274,269,152,276,103,164,161,277,93],"class_list":["post-1409","page","type-page","status-publish","hentry"],"_links":{"self":[{"href":"https:\/\/www.fluimucil-erkaeltungshusten.ch\/fr\/wp-json\/wp\/v2\/pages\/1409","targetHints":{"allow":["GET"]}}],"collection":[{"href":"https:\/\/www.fluimucil-erkaeltungshusten.ch\/fr\/wp-json\/wp\/v2\/pages"}],"about":[{"href":"https:\/\/www.fluimucil-erkaeltungshusten.ch\/fr\/wp-json\/wp\/v2\/types\/page"}],"author":[{"embeddable":true,"href":"https:\/\/www.fluimucil-erkaeltungshusten.ch\/fr\/wp-json\/wp\/v2\/users\/2"}],"replies":[{"embeddable":true,"href":"https:\/\/www.fluimucil-erkaeltungshusten.ch\/fr\/wp-json\/wp\/v2\/comments?post=1409"}],"version-history":[{"count":0,"href":"https:\/\/www.fluimucil-erkaeltungshusten.ch\/fr\/wp-json\/wp\/v2\/pages\/1409\/revisions"}],"up":[{"embeddable":true,"href":"https:\/\/www.fluimucil-erkaeltungshusten.ch\/fr\/wp-json\/wp\/v2\/pages\/1408"}],"wp:attachment":[{"href":"https:\/\/www.fluimucil-erkaeltungshusten.ch\/fr\/wp-json\/wp\/v2\/media?parent=1409"}],"wp:term":[{"taxonomy":"category","embeddable":true,"href":"https:\/\/www.fluimucil-erkaeltungshusten.ch\/fr\/wp-json\/wp\/v2\/categories?post=1409"},{"taxonomy":"post_tag","embeddable":true,"href":"https:\/\/www.fluimucil-erkaeltungshusten.ch\/fr\/wp-json\/wp\/v2\/tags?post=1409"},{"taxonomy":"yst_prominent_words","embeddable":true,"href":"https:\/\/www.fluimucil-erkaeltungshusten.ch\/fr\/wp-json\/wp\/v2\/yst_prominent_words?post=1409"}],"curies":[{"name":"wp","href":"https:\/\/api.w.org\/{rel}","templated":true}]}}