{"id":1398,"date":"2017-11-27T15:41:33","date_gmt":"2017-11-27T14:41:33","guid":{"rendered":"https:\/\/www.fluimucil-erkaeltungshusten.ch\/produits\/rinofluimucil\/"},"modified":"2025-04-01T16:35:42","modified_gmt":"2025-04-01T14:35:42","slug":"rinofluimucil","status":"publish","type":"page","link":"https:\/\/www.fluimucil-erkaeltungshusten.ch\/fr\/produits\/rinofluimucil\/","title":{"rendered":"Rinofluimucil"},"content":{"rendered":"<div class=\"wpb-content-wrapper\">[mk_page_section vertical_align=\u00a0\u00bbcenter\u00a0\u00bb bg_image=\u00a0\u00bbhttps:\/\/www.fluimucil-erkaeltungshusten.ch\/wp-content\/uploads\/2017\/11\/bottomteaser.png\u00a0\u00bb bg_position=\u00a0\u00bbcenter bottom\u00a0\u00bb bg_repeat=\u00a0\u00bbno-repeat\u00a0\u00bb min_height=\u00a0\u00bb350&Prime; padding_top=\u00a0\u00bb120&Prime; padding_bottom=\u00a0\u00bb0&Prime; sidebar=\u00a0\u00bbsidebar-1&Prime;][vc_column][vc_single_image image=\u00a0\u00bb17383&Prime; img_size=\u00a0\u00bbfull\u00a0\u00bb alignment=\u00a0\u00bbcenter\u00a0\u00bb css=\u00a0\u00bb\u00a0\u00bb][mk_fancy_title tag_name=\u00a0\u00bbh5&Prime; color=\u00a0\u00bb#007f91&Prime; font_weight=\u00a0\u00bbbold\u00a0\u00bb margin_top=\u00a0\u00bb20&Prime; margin_bottom=\u00a0\u00bb15&Prime; font_family=\u00a0\u00bbnone\u00a0\u00bb align=\u00a0\u00bbcenter\u00a0\u00bb]RINOFLUIMUCIL[\/mk_fancy_title][\/vc_column][\/mk_page_section][vc_row css=\u00a0\u00bb.vc_custom_1511777482396{padding-top: 20px !important;padding-left: 10px !important;background-color: #e8f3f5 !important;}\u00a0\u00bb][vc_column][mk_fancy_title tag_name=\u00a0\u00bbh1&Prime; color=\u00a0\u00bb#005982&Prime; size=\u00a0\u00bb22&Prime; font_weight=\u00a0\u00bbbold\u00a0\u00bb letter_spacing=\u00a0\u00bb1&Prime; font_family=\u00a0\u00bbnone\u00a0\u00bb]RINOFLUIMUCIL[\/mk_fancy_title][\/vc_column][\/vc_row][vc_row css=\u00a0\u00bb.vc_custom_1511777488502{padding-left: 10px !important;background-color: #e8f3f5 !important;}\u00a0\u00bb][vc_column width=\u00a0\u00bb2\/3&Prime;][mk_fancy_title color=\u00a0\u00bb#005b85&Prime; size=\u00a0\u00bb20&Prime; font_weight=\u00a0\u00bbbold\u00a0\u00bb letter_spacing=\u00a0\u00bb1&Prime; font_family=\u00a0\u00bbnone\u00a0\u00bb]CARACT\u00c9RISTIQUES[\/mk_fancy_title][vc_single_image image=\u00a0\u00bb1404&Prime; img_size=\u00a0\u00bbfull\u00a0\u00bb][mk_fancy_title color=\u00a0\u00bb#005b85&Prime; size=\u00a0\u00bb20&Prime; font_weight=\u00a0\u00bbbold\u00a0\u00bb letter_spacing=\u00a0\u00bb1&Prime; font_family=\u00a0\u00bbnone\u00a0\u00bb]APPROFONDISSEZ LE SUJET[\/mk_fancy_title][vc_accordions action_style=\u00a0\u00bbtoggle-action\u00a0\u00bb container_bg_color=\u00a0\u00bb#e8f3f5&Prime; responsive=\u00a0\u00bbfalse\u00a0\u00bb][vc_accordion_tab title=\u00a0\u00bbQU\u2019EST-CE QUE C\u2019EST\u00a0\u00bb][vc_column_text css=\u00a0\u00bb.vc_custom_1743518056296{margin-bottom: 0px !important;}\u00a0\u00bb]Rinofluimucil est une pulv\u00e9risation nasale, qui soulage les sympt\u00f4mes du <a href=\"\/fr\/faq\/glossaire\/#r\">rhume<\/a>, d&rsquo;un c\u00f4t\u00e9 en d\u00e9congestionnant la muqueuse nasale et de l&rsquo;autre en favorisant la diminution et la fluidification des s\u00e9cr\u00e9tions visqueuses.<\/p>\n<p>Rinofluimucil d\u00e9gage le nez encombr\u00e9 et permet de respirer plus librement par le nez.[\/vc_column_text][\/vc_accordion_tab][vc_accordion_tab title=\u00a0\u00bbCOMMENT L\u2019UTILISER\u00a0\u00bb][vc_column_text css=\u00a0\u00bb.vc_custom_1512630654818{margin-bottom: 0px !important;}\u00a0\u00bb]<strong>Adultes\u00a0:\u00a0<\/strong>2\u20133 n\u00e9bulisations dans chaque narine, 3\u20134 fois par jour.<\/p>\n<p><strong>Enfants de plus de 6 ans\u00a0:<\/strong>\u00a01\u20132 n\u00e9bulisations dans chaque narine, 3\u20134 fois par jour.[\/vc_column_text][\/vc_accordion_tab][vc_accordion_tab title=\u00a0\u00bb\u00c0 QUOI SERT-IL\u00a0\u00bb][vc_column_text css=\u00a0\u00bb.vc_custom_1743518068817{margin-bottom: 0px !important;}\u00a0\u00bb]Rinofluimucil est utilis\u00e9 en cas de <a href=\"\/fr\/faq\/glossaire\/#r\">rhume<\/a>, en particulier lors d&rsquo;augmentation des s\u00e9cr\u00e9tions nasales et formation de cro\u00fbtes.<\/p>\n<p>Sauf prescription m\u00e9dicale, Rinofluimucil ne doit pas \u00eatre utilis\u00e9 pendant plus de 5-7 jours.[\/vc_column_text][\/vc_accordion_tab][vc_accordion_tab title=\u00a0\u00bbQU\u2019EST-CE QU\u2019IL CONTIENT\u00a0\u00bb][vc_column_text css=\u00a0\u00bb.vc_custom_1743518111565{margin-bottom: 0px !important;}\u00a0\u00bb]1 ml de Rinofluimucil pulv\u00e9risation nasale contient : 10 mg d\u2019<a href=\"\/fr\/faq\/glossaire\/#a\">ac\u00e9tylcyst\u00e9ine<\/a> et 5 mg de <a href=\"\/fr\/faq\/glossaire\/#s\">sulfate de tuaminoheptane<\/a>.<\/p>\n<p>Excipients : chlorure de benzalkonium, \u00e9d\u00e9tate disodique, phosphate monosodique monohydrat\u00e9, dithiothr\u00e9itol, \u00e9thanol \u00e0 96 pour cent, hypromellose, phosphate disodique dod\u00e9cahydrat\u00e9, hydroxyde de sodium, essence de menthe (contient du d-limon\u00e8ne), sorbitol liquide (non cristallisable) et eau purifi\u00e9e.[\/vc_column_text][\/vc_accordion_tab][vc_accordion_tab title=\u00a0\u00bbCOMMENT AGIT-IL\u00a0\u00bb][vc_column_text css=\u00a0\u00bb.vc_custom_1743517488030{margin-bottom: 0px !important;}\u00a0\u00bb]Gr\u00e2ce \u00e0 sa composition particuli\u00e8re, Rinofluimucil permet de traiter les sympt\u00f4mes du\u00a0<a class=\"actived\" href=\"\/fr\/Faq\/Glossaire#r\" target=\"_self\">rhume<\/a>\u00a0; d\u2019une part, en\u00a0<a class=\"actived\" href=\"\/fr\/Faq\/Glossaire#d\" target=\"_self\">d\u00e9congestionnant<\/a>\u00a0les muqueuses nasales (action\u00a0<a class=\"actived\" href=\"\/fr\/Faq\/Glossaire#d\" target=\"_self\">d\u00e9congestionnante<\/a>) et en facilitant la\u00a0<a class=\"actived\" href=\"\/fr\/Faq\/Glossaire#r\" target=\"_self\">respiration<\/a>\u00a0et d\u2019autre part, en favorisant l\u2019\u00e9limination et la fluidification des s\u00e9cr\u00e9tions denses gr\u00e2ce \u00e0 l\u2019<a class=\"actived\" href=\"\/fr\/Faq\/Glossaire#a\" target=\"_self\">ac\u00e9tylcyst\u00e9ine<\/a>\u00a0(action\u00a0<a class=\"actived\" href=\"\/fr\/Faq\/Glossaire#m\" target=\"_self\">mucolytique<\/a>\u00a0directe) ; le\u00a0<a class=\"actived\" href=\"\/fr\/Faq\/Glossaire#m\" target=\"_self\">mucus<\/a>\u00a0fluidifi\u00e9 peut \u00eatre \u00e9limin\u00e9 plus facilement, lib\u00e9rant ainsi les narines et les cavit\u00e9s nasales.[\/vc_column_text][\/vc_accordion_tab][vc_accordion_tab title=\u00a0\u00bbPRINCIPES ACTIFS\u00a0\u00bb][vc_column_text css=\u00a0\u00bb.vc_custom_1743518137856{margin-bottom: 0px !important;}\u00a0\u00bb]Rinofluimucil contient le principe actif <a href=\"\/fr\/faq\/glossaire\/#a\">ac\u00e9tylcyst\u00e9ine<\/a>, un d\u00e9riv\u00e9 de la cyst\u00e9ine qui poss\u00e8de des propri\u00e9t\u00e9s <a href=\"\/fr\/faq\/glossaire\/#m\">mucolytiques<\/a>.<br \/>\nLe <a href=\"\/fr\/faq\/glossaire\/#s\">sulfate de tuaminoheptane<\/a> a, en revanche, une action <a href=\"\/fr\/faq\/glossaire\/#d\">d\u00e9congestionnante<\/a> qui permet \u00e0 la muqueuse nasale de d\u00e9senfler.[\/vc_column_text][\/vc_accordion_tab][\/vc_accordions][mk_button dimension=\u00a0\u00bbflat\u00a0\u00bb corner_style=\u00a0\u00bbfull_rounded\u00a0\u00bb size=\u00a0\u00bbmedium\u00a0\u00bb url=\u00a0\u00bbhttp:\/\/www.swissmedicinfo.ch\/ShowText.aspx?textType=PI&amp;lang=fr&amp;authNr=51037&Prime; target=\u00a0\u00bb_blank\u00a0\u00bb margin_top=\u00a0\u00bb15&Prime; margin_right=\u00a0\u00bb0&Prime; bg_color=\u00a0\u00bb#00768e\u00a0\u00bb btn_hover_bg=\u00a0\u00bbrgba(0,118,142,0.75)\u00a0\u00bb]Consulter un sp\u00e9cialiste de la sant\u00e9 et lire la notice d\u2019emballage[\/mk_button][\/vc_column][vc_column width=\u00a0\u00bb1\/12&Prime;][\/vc_column][vc_column width=\u00a0\u00bb3\/12&Prime;][vc_single_image image=\u00a0\u00bb17383&Prime; img_size=\u00a0\u00bbfull\u00a0\u00bb alignment=\u00a0\u00bbcenter\u00a0\u00bb css=\u00a0\u00bb\u00a0\u00bb][\/vc_column][\/vc_row]\n<\/div>","protected":false},"excerpt":{"rendered":"<p>[mk_page_section vertical_align=\u00a0\u00bbcenter\u00a0\u00bb bg_image=\u00a0\u00bbhttps:\/\/www.fluimucil-erkaeltungshusten.ch\/wp-content\/uploads\/2017\/11\/bottomteaser.png\u00a0\u00bb bg_position=\u00a0\u00bbcenter bottom\u00a0\u00bb bg_repeat=\u00a0\u00bbno-repeat\u00a0\u00bb min_height=\u00a0\u00bb350&Prime; padding_top=\u00a0\u00bb120&Prime; padding_bottom=\u00a0\u00bb0&Prime; sidebar=\u00a0\u00bbsidebar-1&Prime;][vc_column][vc_single_image image=\u00a0\u00bb17383&Prime; img_size=\u00a0\u00bbfull\u00a0\u00bb alignment=\u00a0\u00bbcenter\u00a0\u00bb css=\u00a0\u00bb\u00a0\u00bb][mk_fancy_title tag_name=\u00a0\u00bbh5&Prime; color=\u00a0\u00bb#007f91&Prime; font_weight=\u00a0\u00bbbold\u00a0\u00bb margin_top=\u00a0\u00bb20&Prime; margin_bottom=\u00a0\u00bb15&Prime; font_family=\u00a0\u00bbnone\u00a0\u00bb align=\u00a0\u00bbcenter\u00a0\u00bb]RINOFLUIMUCIL[\/mk_fancy_title][\/vc_column][\/mk_page_section][vc_row css=\u00a0\u00bb.vc_custom_1511777482396{padding-top: 20px !important;padding-left: 10px !important;background-color: #e8f3f5 !important;}\u00a0\u00bb][vc_column][mk_fancy_title tag_name=\u00a0\u00bbh1&Prime; color=\u00a0\u00bb#005982&Prime; size=\u00a0\u00bb22&Prime; font_weight=\u00a0\u00bbbold\u00a0\u00bb letter_spacing=\u00a0\u00bb1&Prime; font_family=\u00a0\u00bbnone\u00a0\u00bb]RINOFLUIMUCIL[\/mk_fancy_title][\/vc_column][\/vc_row][vc_row css=\u00a0\u00bb.vc_custom_1511777488502{padding-left: 10px !important;background-color: #e8f3f5 !important;}\u00a0\u00bb][vc_column width=\u00a0\u00bb2\/3&Prime;][mk_fancy_title color=\u00a0\u00bb#005b85&Prime; size=\u00a0\u00bb20&Prime; font_weight=\u00a0\u00bbbold\u00a0\u00bb letter_spacing=\u00a0\u00bb1&Prime; font_family=\u00a0\u00bbnone\u00a0\u00bb]CARACT\u00c9RISTIQUES[\/mk_fancy_title][vc_single_image image=\u00a0\u00bb1404&Prime; img_size=\u00a0\u00bbfull\u00a0\u00bb][mk_fancy_title color=\u00a0\u00bb#005b85&Prime; size=\u00a0\u00bb20&Prime; font_weight=\u00a0\u00bbbold\u00a0\u00bb letter_spacing=\u00a0\u00bb1&Prime; font_family=\u00a0\u00bbnone\u00a0\u00bb]APPROFONDISSEZ LE SUJET[\/mk_fancy_title][vc_accordions action_style=\u00a0\u00bbtoggle-action\u00a0\u00bb [&hellip;]<\/p>\n","protected":false},"author":2,"featured_media":0,"parent":1307,"menu_order":0,"comment_status":"closed","ping_status":"closed","template":"","meta":{"_monsterinsights_skip_tracking":false,"_monsterinsights_sitenote_active":false,"_monsterinsights_sitenote_note":"","_monsterinsights_sitenote_category":0,"footnotes":""},"categories":[],"tags":[],"yst_prominent_words":[],"class_list":["post-1398","page","type-page","status-publish","hentry"],"_links":{"self":[{"href":"https:\/\/www.fluimucil-erkaeltungshusten.ch\/fr\/wp-json\/wp\/v2\/pages\/1398","targetHints":{"allow":["GET"]}}],"collection":[{"href":"https:\/\/www.fluimucil-erkaeltungshusten.ch\/fr\/wp-json\/wp\/v2\/pages"}],"about":[{"href":"https:\/\/www.fluimucil-erkaeltungshusten.ch\/fr\/wp-json\/wp\/v2\/types\/page"}],"author":[{"embeddable":true,"href":"https:\/\/www.fluimucil-erkaeltungshusten.ch\/fr\/wp-json\/wp\/v2\/users\/2"}],"replies":[{"embeddable":true,"href":"https:\/\/www.fluimucil-erkaeltungshusten.ch\/fr\/wp-json\/wp\/v2\/comments?post=1398"}],"version-history":[{"count":0,"href":"https:\/\/www.fluimucil-erkaeltungshusten.ch\/fr\/wp-json\/wp\/v2\/pages\/1398\/revisions"}],"up":[{"embeddable":true,"href":"https:\/\/www.fluimucil-erkaeltungshusten.ch\/fr\/wp-json\/wp\/v2\/pages\/1307"}],"wp:attachment":[{"href":"https:\/\/www.fluimucil-erkaeltungshusten.ch\/fr\/wp-json\/wp\/v2\/media?parent=1398"}],"wp:term":[{"taxonomy":"category","embeddable":true,"href":"https:\/\/www.fluimucil-erkaeltungshusten.ch\/fr\/wp-json\/wp\/v2\/categories?post=1398"},{"taxonomy":"post_tag","embeddable":true,"href":"https:\/\/www.fluimucil-erkaeltungshusten.ch\/fr\/wp-json\/wp\/v2\/tags?post=1398"},{"taxonomy":"yst_prominent_words","embeddable":true,"href":"https:\/\/www.fluimucil-erkaeltungshusten.ch\/fr\/wp-json\/wp\/v2\/yst_prominent_words?post=1398"}],"curies":[{"name":"wp","href":"https:\/\/api.w.org\/{rel}","templated":true}]}}