{"id":1397,"date":"2017-11-27T14:29:57","date_gmt":"2017-11-27T13:29:57","guid":{"rendered":"https:\/\/www.fluimucil-erkaeltungshusten.ch\/produits\/fluimucil-grippe-day-night\/"},"modified":"2019-07-18T11:41:05","modified_gmt":"2019-07-18T09:41:05","slug":"fluimucil-grippe-day-night","status":"publish","type":"page","link":"https:\/\/www.fluimucil-erkaeltungshusten.ch\/fr\/produits\/fluimucil-grippe-day-night\/","title":{"rendered":"Fluimucil Grippe Day &#038; Night"},"content":{"rendered":"<div class=\"wpb-content-wrapper\">[mk_page_section vertical_align=\u00a0\u00bbcenter\u00a0\u00bb bg_image=\u00a0\u00bbhttps:\/\/www.fluimucil-erkaeltungshusten.ch\/wp-content\/uploads\/2017\/11\/bottomteaser.png\u00a0\u00bb bg_position=\u00a0\u00bbcenter bottom\u00a0\u00bb bg_repeat=\u00a0\u00bbno-repeat\u00a0\u00bb min_height=\u00a0\u00bb350&Prime; padding_top=\u00a0\u00bb120&Prime; padding_bottom=\u00a0\u00bb0&Prime; sidebar=\u00a0\u00bbsidebar-1&Prime;][vc_column][vc_single_image image=\u00a0\u00bb692&Prime; img_size=\u00a0\u00bbfull\u00a0\u00bb alignment=\u00a0\u00bbcenter\u00a0\u00bb][mk_fancy_title tag_name=\u00a0\u00bbh5&Prime; color=\u00a0\u00bb#007f91&Prime; font_weight=\u00a0\u00bbbold\u00a0\u00bb margin_top=\u00a0\u00bb20&Prime; margin_bottom=\u00a0\u00bb15&Prime; font_family=\u00a0\u00bbnone\u00a0\u00bb align=\u00a0\u00bbcenter\u00a0\u00bb]FLUIMUCIL GRIPPE<br \/>\nDAY &amp; NIGHT[\/mk_fancy_title][\/vc_column][\/mk_page_section][vc_row css=\u00a0\u00bb.vc_custom_1511777482396{padding-top: 20px !important;padding-left: 10px !important;background-color: #e8f3f5 !important;}\u00a0\u00bb][vc_column][mk_fancy_title tag_name=\u00a0\u00bbh1&Prime; color=\u00a0\u00bb#005982&Prime; size=\u00a0\u00bb22&Prime; font_weight=\u00a0\u00bbbold\u00a0\u00bb letter_spacing=\u00a0\u00bb1&Prime; font_family=\u00a0\u00bbnone\u00a0\u00bb]FLUIMUCIL GRIPPE DAY &amp; NIGHT[\/mk_fancy_title][\/vc_column][\/vc_row][vc_row css=\u00a0\u00bb.vc_custom_1511777488502{padding-left: 10px !important;background-color: #e8f3f5 !important;}\u00a0\u00bb][vc_column width=\u00a0\u00bb2\/3&Prime;][mk_fancy_title color=\u00a0\u00bb#005b85&Prime; size=\u00a0\u00bb20&Prime; font_weight=\u00a0\u00bbbold\u00a0\u00bb letter_spacing=\u00a0\u00bb1&Prime; font_family=\u00a0\u00bbnone\u00a0\u00bb]CARACT\u00c9RISTIQUES[\/mk_fancy_title][vc_single_image image=\u00a0\u00bb17266&Prime; img_size=\u00a0\u00bbfull\u00a0\u00bb][mk_fancy_title color=\u00a0\u00bb#005b85&Prime; size=\u00a0\u00bb20&Prime; font_weight=\u00a0\u00bbbold\u00a0\u00bb letter_spacing=\u00a0\u00bb1&Prime; font_family=\u00a0\u00bbnone\u00a0\u00bb]APPROFONDISSEZ LE SUJET[\/mk_fancy_title][vc_accordions action_style=\u00a0\u00bbtoggle-action\u00a0\u00bb container_bg_color=\u00a0\u00bb#e8f3f5&Prime; responsive=\u00a0\u00bbfalse\u00a0\u00bb][vc_accordion_tab title=\u00a0\u00bbQU\u2019EST-CE QUE C\u2019EST\u00a0\u00bb][vc_column_text css=\u00a0\u00bb.vc_custom_1512629950913{margin-bottom: 0px !important;}\u00a0\u00bb]Fluimucil Grippe Day &amp; Night est utilis\u00e9 dans le traitement \u00e0 court terme des\u00a0<a href=\"http:\/\/www.fluimucil-tossegrassa.ch\/fr\/Faq\/Glossaire#g\" target=\"_self\">refroidissements<\/a>\u00a0et des\u00a0<a href=\"http:\/\/www.fluimucil-tossegrassa.ch\/fr\/Faq\/Glossaire#m\" target=\"_self\">maladies grippales<\/a>.<\/p>\n<p>Il s\u2019agit d\u2019une pr\u00e9paration combin\u00e9e sous forme de comprim\u00e9s effervescents. Les comprim\u00e9s effervescents sont disponibles sous la forme de Fluimucil Grippe Day (<a href=\"http:\/\/www.fluimucil-tossegrassa.ch\/fr\/Faq\/Glossaire#a\" target=\"_self\">ac\u00e9tylcyst\u00e9ine<\/a>,\u00a0<a href=\"http:\/\/www.fluimucil-tossegrassa.ch\/fr\/Faq\/Glossaire#p\" target=\"_self\">parac\u00e9tamol<\/a>\u00a0et chlorhydrate de pseudo\u00e9ph\u00e9drine) \u00e0 prendre la journ\u00e9e et Fluimucil Grippe Night (<a href=\"http:\/\/www.fluimucil-tossegrassa.ch\/fr\/Faq\/Glossaire#p\" target=\"_self\">parac\u00e9tamol<\/a>\u00a0et mal\u00e9ate de chlorph\u00e9namine) \u00e0 prendre la nuit.[\/vc_column_text][\/vc_accordion_tab][vc_accordion_tab title=\u00a0\u00bbQUAND LE PRENDRE\u00a0\u00bb][vc_column_text css=\u00a0\u00bb.vc_custom_1512629980642{margin-bottom: 0px !important;}\u00a0\u00bb]Adultes et jeunes de plus de 12 ans et de plus de 40 kg de poids corporel :<\/p>\n<p><strong>Fluimucil Grippe Day\u00a0:<\/strong>\u00a01 comprim\u00e9 effervescent 3 fois par jour (matin, midi et apr\u00e8s-midi) \u00e0 dissoudre dans un verre d\u2019eau (froide ou chaude). Respecter un intervalle d\u2019au moins 4 heures entre une prise et l\u2019autre. Ne pas prendre Fluimucil Grippe Day pendant la nuit.<\/p>\n<p><strong>Fluimucil Grippe Night\u00a0:<\/strong>\u00a01 comprim\u00e9 effervescent le soir avant de se coucher, \u00e0 dissoudre dans un verre d\u2019eau (froide ou chaude). Ne pas prendre Fluimucil Grippe Night pendant la journ\u00e9e.<\/p>\n<p>&nbsp;<\/p>\n<p>Sans prescription m\u00e9dicale, Fluimucil Grippe Day &amp; Night ne devrait pas \u00eatre pris pendant plus de 4 jours cons\u00e9cutifs.[\/vc_column_text][\/vc_accordion_tab][vc_accordion_tab title=\u00a0\u00bb\u00c0 QUOI SERT-IL\u00a0\u00bb][vc_column_text css=\u00a0\u00bb.vc_custom_1512630019489{margin-bottom: 0px !important;}\u00a0\u00bb]En cas de\u00a0<a class=\"actived\" href=\"http:\/\/www.fluimucil-tossegrassa.ch\/fr\/Faq\/Glossaire#g\" target=\"_self\">refroidissements<\/a>\u00a0et de\u00a0<a class=\"actived\" href=\"http:\/\/www.fluimucil-tossegrassa.ch\/fr\/Faq\/Glossaire#m\" target=\"_self\">maladies grippales<\/a>\u00a0avec s\u00e9cr\u00e9tions visqueuses dans les voies respiratoires, accompagn\u00e9es de\u00a0<a class=\"actived\" href=\"http:\/\/www.fluimucil-tossegrassa.ch\/fr\/Faq\/Glossaire#f\" target=\"_self\">fi\u00e8vre<\/a>, douleurs dans les membres et nez bouch\u00e9, Fluimucil Grippe Day\u00a0&amp;\u00a0Night soulage les sympt\u00f4mes en s\u2019adaptant aux besoins du jour et de la nuit.[\/vc_column_text][\/vc_accordion_tab][vc_accordion_tab title=\u00a0\u00bbQU\u2019EST-CE QU\u2019IL CONTIENT\u00a0\u00bb][vc_column_text css=\u00a0\u00bb.vc_custom_1512630050480{margin-bottom: 0px !important;}\u00a0\u00bb]Un comprim\u00e9 effervescent de\u00a0<strong>Fluimucil Grippe Day\u00a0<\/strong>contient 200 mg d\u2019<a class=\"actived\" href=\"http:\/\/www.fluimucil-tossegrassa.ch\/fr\/Faq\/Glossaire#a\" target=\"_self\">ac\u00e9tylcyst\u00e9ine<\/a>, 500 mg de\u00a0<a class=\"actived\" href=\"http:\/\/www.fluimucil-tossegrassa.ch\/fr\/Faq\/Glossaire#p\" target=\"_self\">parac\u00e9tamol<\/a>, 40 mg de chlorhydrate de pseudo\u00e9ph\u00e9drine et des excipients\u00a0: aspartame, ar\u00f4mes (ar\u00f4me citron) et d\u2019autres excipients.<\/p>\n<p>Un comprim\u00e9 effervescent de\u00a0<strong>Fluimucil Grippe Night<\/strong>\u00a0contient 500 mg de\u00a0<a class=\"actived\" href=\"http:\/\/www.fluimucil-tossegrassa.ch\/fr\/Faq\/Glossaire#p\" target=\"_self\">parac\u00e9tamol<\/a>, 4 mg de mal\u00e9ate de chlorph\u00e9namine et des excipients\u00a0: aspartame, ar\u00f4mes (ar\u00f4me citron) et d\u2019autres excipients.<\/p>\n<p>En cas de r\u00e9gime alimentaire pauvre en sel, il faut tenir compte du fait que les comprim\u00e9s effervescents contiennent du sodium (Fluimucil Grippe Day\u00a0: 1 comprim\u00e9 contient environ 274 mg de sodium, [correspondant \u00e0 700 mg de sel de cuisine], Fluimucil Grippe Night\u00a0: 1 comprim\u00e9 contient environ 300 mg de sodium, [correspondant \u00e0 770 mg de sel de cuisine]).[\/vc_column_text][\/vc_accordion_tab][vc_accordion_tab title=\u00a0\u00bbCOMMENT AGIT-IL\u00a0\u00bb][vc_column_text css=\u00a0\u00bb.vc_custom_1512630066050{margin-bottom: 0px !important;}\u00a0\u00bb]<strong>Fluimucil Grippe Day<\/strong>\u00a0contient trois principes actifs qui agissent en aidant \u00e0 baisser la\u00a0<a class=\"actived\" href=\"http:\/\/www.fluimucil-tossegrassa.ch\/fr\/Faq\/Glossaire#f\" target=\"_self\">fi\u00e8vre<\/a>, en diminuant les douleurs, en fluidifiant et en dissolvant le\u00a0<a class=\"actived\" href=\"http:\/\/www.fluimucil-tossegrassa.ch\/fr\/Faq\/Glossaire#m\" target=\"_self\">mucus<\/a>\u00a0dense retenu dans les voies respiratoires, favorisant l\u2019<a class=\"actived\" href=\"http:\/\/www.fluimucil-tossegrassa.ch\/fr\/Faq\/Glossaire#e\" target=\"_self\">expectoration<\/a>\u00a0et le\u00a0<a class=\"actived\" href=\"http:\/\/www.fluimucil-tossegrassa.ch\/fr\/Faq\/Glossaire#d\" target=\"_self\">d\u00e9congestionnement<\/a>\u00a0des muqueuses nasales et bronchiques et facilitant ainsi la\u00a0<a class=\"actived\" href=\"http:\/\/www.fluimucil-tossegrassa.ch\/fr\/Faq\/Glossaire#r\" target=\"_self\">respiration<\/a>.<\/p>\n<p><strong>Fluimucil Grippe Night<\/strong>\u00a0contient, en revanche, deux principes actifs qui aident \u00e0 baisser la\u00a0<a class=\"actived\" href=\"http:\/\/www.fluimucil-tossegrassa.ch\/fr\/Faq\/Glossaire#f\" target=\"_self\">fi\u00e8vre<\/a>\u00a0(effet\u00a0<a class=\"actived\" href=\"http:\/\/www.fluimucil-tossegrassa.ch\/fr\/Faq\/Glossaire#a\" target=\"_self\">antipyr\u00e9tique<\/a>) et \u00e0 diminuer les douleurs (effet\u00a0<a class=\"actived\" href=\"http:\/\/www.fluimucil-tossegrassa.ch\/fr\/Faq\/Glossaire#a\" target=\"_self\">analg\u00e9sique<\/a>), en plus d\u2019une l\u00e9g\u00e8re action\u00a0<a class=\"actived\" href=\"http:\/\/www.fluimucil-tossegrassa.ch\/fr\/Faq\/Glossaire#a\" target=\"_self\">antitussive<\/a>, qui favorise le repos nocturne.[\/vc_column_text][\/vc_accordion_tab][vc_accordion_tab title=\u00a0\u00bbLE PRINCIPE ACTIF\u00a0\u00bb][vc_column_text css=\u00a0\u00bb.vc_custom_1512630092673{margin-bottom: 0px !important;}\u00a0\u00bb]Le\u00a0<a class=\"actived\" href=\"http:\/\/www.fluimucil-tossegrassa.ch\/fr\/Faq\/Glossaire#p\" target=\"_self\">parac\u00e9tamol<\/a>\u00a0(Day\u00a0&amp;\u00a0Night) exerce une action\u00a0<a class=\"actived\" href=\"http:\/\/www.fluimucil-tossegrassa.ch\/fr\/Faq\/Glossaire#a\" target=\"_self\">antipyr\u00e9tique<\/a>, en diminuant la\u00a0<a class=\"actived\" href=\"http:\/\/www.fluimucil-tossegrassa.ch\/fr\/Faq\/Glossaire#f\" target=\"_self\">fi\u00e8vre<\/a>\u00a0; il a en outre une action\u00a0<a class=\"actived\" href=\"http:\/\/www.fluimucil-tossegrassa.ch\/fr\/Faq\/Glossaire#a\" target=\"_self\">analg\u00e9sique<\/a>\u00a0qui aide \u00e0 soulager les douleurs dans les membres, typiques des\u00a0<a class=\"actived\" href=\"http:\/\/www.fluimucil-tossegrassa.ch\/fr\/Faq\/Glossaire#m\" target=\"_self\">maladies grippales<\/a>. L\u2019<a class=\"actived\" href=\"http:\/\/www.fluimucil-tossegrassa.ch\/fr\/Faq\/Glossaire#a\" target=\"_self\">ac\u00e9tylcyst\u00e9ine<\/a>\u00a0(Day) fluidifie et dissout le\u00a0<a class=\"actived\" href=\"http:\/\/www.fluimucil-tossegrassa.ch\/fr\/Faq\/Glossaire#m\" target=\"_self\">mucus<\/a>\u00a0dense retenu dans les voies respiratoires. Le chlorhydrate de pseudo\u00e9ph\u00e9drine (Day) aide \u00e0\u00a0<a class=\"actived\" href=\"http:\/\/www.fluimucil-tossegrassa.ch\/fr\/Faq\/Glossaire#d\" target=\"_self\">d\u00e9congestionner<\/a>\u00a0les muqueuses nasales et bronchiques. Le mal\u00e9ate de chlorph\u00e9namine (Night) a une l\u00e9g\u00e8re action\u00a0<a class=\"actived\" href=\"http:\/\/www.fluimucil-tossegrassa.ch\/fr\/Faq\/Glossaire#a\" target=\"_self\">antitussive<\/a>\u00a0qui favorise le repos nocturne.[\/vc_column_text][\/vc_accordion_tab][\/vc_accordions][mk_button dimension=\u00a0\u00bbflat\u00a0\u00bb corner_style=\u00a0\u00bbfull_rounded\u00a0\u00bb size=\u00a0\u00bbmedium\u00a0\u00bb url=\u00a0\u00bbhttp:\/\/www.swissmedicinfo.ch\/ShowText.aspx?textType=PI&amp;lang=fr&amp;authNr=57256&Prime; target=\u00a0\u00bb_blank\u00a0\u00bb margin_top=\u00a0\u00bb15&Prime; margin_right=\u00a0\u00bb0&Prime; bg_color=\u00a0\u00bb#00768e\u00a0\u00bb btn_hover_bg=\u00a0\u00bbrgba(0,118,142,0.75)\u00a0\u00bb]Consulter un sp\u00e9cialiste de la sant\u00e9 et lire la notice d\u2019emballage[\/mk_button][\/vc_column][vc_column width=\u00a0\u00bb1\/12&Prime;][\/vc_column][vc_column width=\u00a0\u00bb3\/12&Prime;][vc_single_image image=\u00a0\u00bb695&Prime; img_size=\u00a0\u00bbfull\u00a0\u00bb alignment=\u00a0\u00bbcenter\u00a0\u00bb][\/vc_column][\/vc_row]\n<\/div>","protected":false},"excerpt":{"rendered":"<p>[mk_page_section vertical_align=\u00a0\u00bbcenter\u00a0\u00bb bg_image=\u00a0\u00bbhttps:\/\/www.fluimucil-erkaeltungshusten.ch\/wp-content\/uploads\/2017\/11\/bottomteaser.png\u00a0\u00bb bg_position=\u00a0\u00bbcenter bottom\u00a0\u00bb bg_repeat=\u00a0\u00bbno-repeat\u00a0\u00bb min_height=\u00a0\u00bb350&Prime; padding_top=\u00a0\u00bb120&Prime; padding_bottom=\u00a0\u00bb0&Prime; sidebar=\u00a0\u00bbsidebar-1&Prime;][vc_column][vc_single_image image=\u00a0\u00bb692&Prime; img_size=\u00a0\u00bbfull\u00a0\u00bb alignment=\u00a0\u00bbcenter\u00a0\u00bb][mk_fancy_title tag_name=\u00a0\u00bbh5&Prime; color=\u00a0\u00bb#007f91&Prime; font_weight=\u00a0\u00bbbold\u00a0\u00bb margin_top=\u00a0\u00bb20&Prime; margin_bottom=\u00a0\u00bb15&Prime; font_family=\u00a0\u00bbnone\u00a0\u00bb align=\u00a0\u00bbcenter\u00a0\u00bb]FLUIMUCIL GRIPPE DAY &amp; NIGHT[\/mk_fancy_title][\/vc_column][\/mk_page_section][vc_row css=\u00a0\u00bb.vc_custom_1511777482396{padding-top: 20px !important;padding-left: 10px !important;background-color: #e8f3f5 !important;}\u00a0\u00bb][vc_column][mk_fancy_title tag_name=\u00a0\u00bbh1&Prime; color=\u00a0\u00bb#005982&Prime; size=\u00a0\u00bb22&Prime; font_weight=\u00a0\u00bbbold\u00a0\u00bb letter_spacing=\u00a0\u00bb1&Prime; font_family=\u00a0\u00bbnone\u00a0\u00bb]FLUIMUCIL GRIPPE DAY &amp; NIGHT[\/mk_fancy_title][\/vc_column][\/vc_row][vc_row css=\u00a0\u00bb.vc_custom_1511777488502{padding-left: 10px !important;background-color: #e8f3f5 !important;}\u00a0\u00bb][vc_column width=\u00a0\u00bb2\/3&Prime;][mk_fancy_title color=\u00a0\u00bb#005b85&Prime; size=\u00a0\u00bb20&Prime; font_weight=\u00a0\u00bbbold\u00a0\u00bb letter_spacing=\u00a0\u00bb1&Prime; font_family=\u00a0\u00bbnone\u00a0\u00bb]CARACT\u00c9RISTIQUES[\/mk_fancy_title][vc_single_image image=\u00a0\u00bb17266&Prime; img_size=\u00a0\u00bbfull\u00a0\u00bb][mk_fancy_title color=\u00a0\u00bb#005b85&Prime; [&hellip;]<\/p>\n","protected":false},"author":2,"featured_media":0,"parent":1307,"menu_order":0,"comment_status":"closed","ping_status":"closed","template":"","meta":{"_monsterinsights_skip_tracking":false,"_monsterinsights_sitenote_active":false,"_monsterinsights_sitenote_note":"","_monsterinsights_sitenote_category":0,"footnotes":""},"categories":[],"tags":[],"yst_prominent_words":[],"class_list":["post-1397","page","type-page","status-publish","hentry"],"_links":{"self":[{"href":"https:\/\/www.fluimucil-erkaeltungshusten.ch\/fr\/wp-json\/wp\/v2\/pages\/1397","targetHints":{"allow":["GET"]}}],"collection":[{"href":"https:\/\/www.fluimucil-erkaeltungshusten.ch\/fr\/wp-json\/wp\/v2\/pages"}],"about":[{"href":"https:\/\/www.fluimucil-erkaeltungshusten.ch\/fr\/wp-json\/wp\/v2\/types\/page"}],"author":[{"embeddable":true,"href":"https:\/\/www.fluimucil-erkaeltungshusten.ch\/fr\/wp-json\/wp\/v2\/users\/2"}],"replies":[{"embeddable":true,"href":"https:\/\/www.fluimucil-erkaeltungshusten.ch\/fr\/wp-json\/wp\/v2\/comments?post=1397"}],"version-history":[{"count":0,"href":"https:\/\/www.fluimucil-erkaeltungshusten.ch\/fr\/wp-json\/wp\/v2\/pages\/1397\/revisions"}],"up":[{"embeddable":true,"href":"https:\/\/www.fluimucil-erkaeltungshusten.ch\/fr\/wp-json\/wp\/v2\/pages\/1307"}],"wp:attachment":[{"href":"https:\/\/www.fluimucil-erkaeltungshusten.ch\/fr\/wp-json\/wp\/v2\/media?parent=1397"}],"wp:term":[{"taxonomy":"category","embeddable":true,"href":"https:\/\/www.fluimucil-erkaeltungshusten.ch\/fr\/wp-json\/wp\/v2\/categories?post=1397"},{"taxonomy":"post_tag","embeddable":true,"href":"https:\/\/www.fluimucil-erkaeltungshusten.ch\/fr\/wp-json\/wp\/v2\/tags?post=1397"},{"taxonomy":"yst_prominent_words","embeddable":true,"href":"https:\/\/www.fluimucil-erkaeltungshusten.ch\/fr\/wp-json\/wp\/v2\/yst_prominent_words?post=1397"}],"curies":[{"name":"wp","href":"https:\/\/api.w.org\/{rel}","templated":true}]}}