{"id":1309,"date":"2017-11-25T18:01:49","date_gmt":"2017-11-25T17:01:49","guid":{"rendered":"https:\/\/www.fluimucil-erkaeltungshusten.ch\/prodotti\/fluimucil-tosse-grassa\/compresse-effervescenti\/"},"modified":"2017-12-16T16:16:38","modified_gmt":"2017-12-16T15:16:38","slug":"comprimes-effervescents","status":"publish","type":"page","link":"https:\/\/www.fluimucil-erkaeltungshusten.ch\/fr\/produits\/fluimucil-toux-grasse\/comprimes-effervescents\/","title":{"rendered":"Comprim\u00e9s effervescents"},"content":{"rendered":"<div class=\"wpb-content-wrapper\">[mk_page_section vertical_align=\u00a0\u00bbcenter\u00a0\u00bb bg_image=\u00a0\u00bbhttps:\/\/www.fluimucil-erkaeltungshusten.ch\/wp-content\/uploads\/2017\/11\/bottomteaser.png\u00a0\u00bb bg_position=\u00a0\u00bbcenter bottom\u00a0\u00bb bg_repeat=\u00a0\u00bbno-repeat\u00a0\u00bb min_height=\u00a0\u00bb350&Prime; padding_top=\u00a0\u00bb120&Prime; padding_bottom=\u00a0\u00bb20&Prime; sidebar=\u00a0\u00bbsidebar-1&Prime;][vc_column][mk_imagebox show_as=\u00a0\u00bbcolumn\u00a0\u00bb column=\u00a0\u00bb5&Prime; padding=\u00a0\u00bb5&Prime;][mk_imagebox_item item_image=\u00a0\u00bbhttps:\/\/www.fluimucil-erkaeltungshusten.ch\/wp-content\/uploads\/2017\/11\/compresse-effervescenti.png\u00a0\u00bb image_padding=\u00a0\u00bbfalse\u00a0\u00bb background_color=\u00a0\u00bbrgba(0,127,145,0.15)\u00a0\u00bb item_title=\u00a0\u00bbFLUIMUCIL TOUX GRASSE<br \/>\nCOMPRIM\u00c9S EFFERVESCENTS<br \/>\n200 mg et 600 mg\u00a0\u00bb title_text_size=\u00a0\u00bb11&Prime; title_font_weight=\u00a0\u00bbbold\u00a0\u00bb title_color=\u00a0\u00bb#007f91&Prime; btn_text=\u00a0\u00bbEn savoir plus\u00a0\u00bb btn_url=\u00a0\u00bb\/fr\/Produits\/Fluimucil-Toux-grasse\/Comprimes-effervescents\u00a0\u00bb el_class=\u00a0\u00bbclickable-imagebox\u00a0\u00bb][\/mk_imagebox_item][mk_imagebox_item item_image=\u00a0\u00bbhttps:\/\/www.fluimucil-erkaeltungshusten.ch\/wp-content\/uploads\/2017\/11\/granulare.png\u00a0\u00bb image_padding=\u00a0\u00bbfalse\u00a0\u00bb background_color=\u00a0\u00bb\u00a0\u00bb item_title=\u00a0\u00bbFLUIMUCIL TOUX GRASSE<br \/>\nGRANUL\u00c9<br \/>\n200 mg et 600 mg\u00a0\u00bb title_text_size=\u00a0\u00bb11&Prime; title_font_weight=\u00a0\u00bbbold\u00a0\u00bb title_color=\u00a0\u00bb#007f91&Prime; btn_text=\u00a0\u00bbEn savoir plus\u00a0\u00bb btn_url=\u00a0\u00bb\/fr\/Produits\/Fluimucil-Toux-grasse\/Granule\u00a0\u00bb btn_background_color=\u00a0\u00bb#007f91&Prime; btn_text_color=\u00a0\u00bb#ffffff\u00a0\u00bb btn_hover_background_color=\u00a0\u00bbrgba(0,127,145,0.75)\u00a0\u00bb el_class=\u00a0\u00bbclickable-imagebox\u00a0\u00bb][\/mk_imagebox_item][mk_imagebox_item item_image=\u00a0\u00bbhttps:\/\/www.fluimucil-erkaeltungshusten.ch\/wp-content\/uploads\/2017\/11\/compresse.png\u00a0\u00bb image_padding=\u00a0\u00bbfalse\u00a0\u00bb background_color=\u00a0\u00bb\u00a0\u00bb item_title=\u00a0\u00bbFLUIMUCIL TOUX GRASSE<br \/>\nCOMPRIM\u00c9S<br \/>\n600 mg\u00a0\u00bb title_text_size=\u00a0\u00bb11&Prime; title_font_weight=\u00a0\u00bbbold\u00a0\u00bb title_color=\u00a0\u00bb#007f91&Prime; btn_text=\u00a0\u00bbEn savoir plus\u00a0\u00bb btn_url=\u00a0\u00bb\/fr\/Produits\/Fluimucil-Toux-grasse\/Comprimes\u00a0\u00bb btn_background_color=\u00a0\u00bb#007f91&Prime; btn_text_color=\u00a0\u00bb#ffffff\u00a0\u00bb btn_hover_background_color=\u00a0\u00bbrgba(0,127,145,0.75)\u00a0\u00bb el_class=\u00a0\u00bbclickable-imagebox\u00a0\u00bb][\/mk_imagebox_item][mk_imagebox_item item_image=\u00a0\u00bbhttps:\/\/www.fluimucil-erkaeltungshusten.ch\/wp-content\/uploads\/2017\/11\/compresse-linguali.png\u00a0\u00bb image_padding=\u00a0\u00bbfalse\u00a0\u00bb background_color=\u00a0\u00bb\u00a0\u00bb item_title=\u00a0\u00bbFLUIMUCIL TOUX GRASSE<br \/>\nCOMPRIM\u00c9S LINGUAUX<br \/>\n200 mg\u00a0\u00bb title_text_size=\u00a0\u00bb11&Prime; title_font_weight=\u00a0\u00bbbold\u00a0\u00bb title_color=\u00a0\u00bb#007f91&Prime; btn_text=\u00a0\u00bbEn savoir plus\u00a0\u00bb btn_url=\u00a0\u00bb\/fr\/Produits\/Fluimucil-Toux-grasse\/Comprimes-linguaux\u00a0\u00bb btn_background_color=\u00a0\u00bb#007f91&Prime; btn_text_color=\u00a0\u00bb#ffffff\u00a0\u00bb btn_hover_background_color=\u00a0\u00bbrgba(0,127,145,0.75)\u00a0\u00bb el_class=\u00a0\u00bbclickable-imagebox\u00a0\u00bb][\/mk_imagebox_item][mk_imagebox_item item_image=\u00a0\u00bbhttps:\/\/www.fluimucil-erkaeltungshusten.ch\/wp-content\/uploads\/2017\/11\/sciroppo.png\u00a0\u00bb image_padding=\u00a0\u00bbfalse\u00a0\u00bb background_color=\u00a0\u00bb\u00a0\u00bb item_title=\u00a0\u00bbFLUIMUCIL TOUX GRASSE<br \/>\nSIROP PR\u00caT \u00c0 L\u2019EMPLOI<br \/>\n100 ml et 200 ml\u00a0\u00bb title_text_size=\u00a0\u00bb11&Prime; title_font_weight=\u00a0\u00bbbold\u00a0\u00bb title_color=\u00a0\u00bb#007f91&Prime; btn_text=\u00a0\u00bbEn savoir plus\u00a0\u00bb btn_url=\u00a0\u00bb\/fr\/Produits\/Fluimucil-Toux-grasse\/Sirop\u00a0\u00bb btn_background_color=\u00a0\u00bb#007f91&Prime; btn_text_color=\u00a0\u00bb#ffffff\u00a0\u00bb btn_hover_background_color=\u00a0\u00bbrgba(0,127,145,0.75)\u00a0\u00bb el_class=\u00a0\u00bbclickable-imagebox\u00a0\u00bb][\/mk_imagebox_item][\/mk_imagebox][\/vc_column][\/mk_page_section][vc_row css=\u00a0\u00bb.vc_custom_1511777482396{padding-top: 20px !important;padding-left: 10px !important;background-color: #e8f3f5 !important;}\u00a0\u00bb][vc_column][mk_fancy_title tag_name=\u00a0\u00bbh1&Prime; color=\u00a0\u00bb#005982&Prime; size=\u00a0\u00bb22&Prime; font_weight=\u00a0\u00bbbold\u00a0\u00bb letter_spacing=\u00a0\u00bb1&Prime; font_family=\u00a0\u00bbnone\u00a0\u00bb]FLUIMUCIL TOUX GRASSE COMPRIM\u00c9S EFFERVESCENTS 200\u00a0<span class=\"small\">mg et 600 mg<\/span>[\/mk_fancy_title][\/vc_column][\/vc_row][vc_row css=\u00a0\u00bb.vc_custom_1511777488502{padding-left: 10px !important;background-color: #e8f3f5 !important;}\u00a0\u00bb][vc_column width=\u00a0\u00bb2\/3&Prime;][mk_fancy_title color=\u00a0\u00bb#005b85&Prime; size=\u00a0\u00bb20&Prime; font_weight=\u00a0\u00bbbold\u00a0\u00bb letter_spacing=\u00a0\u00bb1&Prime; font_family=\u00a0\u00bbnone\u00a0\u00bb]CARACT\u00c9RISTIQUES[\/mk_fancy_title][vc_single_image image=\u00a0\u00bb1357&Prime; img_size=\u00a0\u00bbfull\u00a0\u00bb][mk_fancy_title color=\u00a0\u00bb#005b85&Prime; size=\u00a0\u00bb20&Prime; font_weight=\u00a0\u00bbbold\u00a0\u00bb letter_spacing=\u00a0\u00bb1&Prime; font_family=\u00a0\u00bbnone\u00a0\u00bb]APPROFONDISSEZ LE SUJET[\/mk_fancy_title][vc_accordions action_style=\u00a0\u00bbtoggle-action\u00a0\u00bb container_bg_color=\u00a0\u00bb#e8f3f5&Prime; responsive=\u00a0\u00bbfalse\u00a0\u00bb][vc_accordion_tab title=\u00a0\u00bbQU\u2019EST-CE QUE C\u2019EST\u00a0\u00bb][vc_column_text css=\u00a0\u00bb.vc_custom_1512554931072{margin-bottom: 0px !important;}\u00a0\u00bb]Il s\u2019agit d\u2019une pr\u00e9paration \u00e0 base d\u2019<a href=\"https:\/\/www.fluimucil-erkaeltungshusten.ch\/fr\/Faq\/Glossaire#a\" target=\"_self\">ac\u00e9tylcyst\u00e9ine<\/a>\u00a0qui fluidifie le\u00a0<a href=\"http:\/\/www.fluimucil-touxgrasse.ch\/Faq\/Glossario#m\" target=\"_self\">mucus<\/a>\u00a0dense en cas de\u00a0<a href=\"https:\/\/www.fluimucil-erkaeltungshusten.ch\/fr\/Faq\/Glossaire#t\" target=\"_self\">toux grasse<\/a>.[\/vc_column_text][\/vc_accordion_tab][vc_accordion_tab title=\u00a0\u00bbQUAND LE PRENDRE\u00a0\u00bb][vc_column_text css=\u00a0\u00bb.vc_custom_1512554950847{margin-bottom: 0px !important;}\u00a0\u00bb]<strong>Enfants de 2 \u00e0 12 ans :<\/strong>\u00a02 fois par jour, 1 comprim\u00e9 effervescent de 200 mg.<\/p>\n<p><strong>Jeunes de plus de de 12 ans et adultes\u00a0:<\/strong>\u00a0600 mg par jour, r\u00e9partis sur une (comprim\u00e9 effervescent) ou plusieurs prises (par ex. 3 fois par jour, 1 comprim\u00e9 effervescent de 200 mg).<\/p>\n<p>En cas de\u00a0<a class=\"actived\" href=\"https:\/\/www.fluimucil-erkaeltungshusten.ch\/fr\/Faq\/Glossaire#t\" target=\"_self\">toux<\/a>\u00a0persistante pendant plus de 2 semaines, consultez votre m\u00e9decin ou votre pharmacien.[\/vc_column_text][\/vc_accordion_tab][vc_accordion_tab title=\u00a0\u00bb\u00c0 QUOI SERT-IL\u00a0\u00bb][vc_column_text css=\u00a0\u00bb.vc_custom_1512554971807{margin-bottom: 0px !important;}\u00a0\u00bb]Fluimucil Toux grasse en comprim\u00e9s effervescents dissout les s\u00e9cr\u00e9tions denses retenues dans les voies respiratoires et favorise l<a class=\"actived\" href=\"https:\/\/www.fluimucil-erkaeltungshusten.ch\/fr\/Faq\/Glossaire#e\" target=\"_self\">\u2019expectoration<\/a>.[\/vc_column_text][\/vc_accordion_tab][vc_accordion_tab title=\u00a0\u00bbQU\u2019EST-CE QU\u2019IL CONTIENT\u00a0\u00bb][vc_column_text css=\u00a0\u00bb.vc_custom_1512554990327{margin-bottom: 0px !important;}\u00a0\u00bb]Un comprim\u00e9 effervescent de Fluimucil Toux grasse contient 200 mg ou 600 mg d&rsquo;<a class=\"actived\" href=\"https:\/\/www.fluimucil-erkaeltungshusten.ch\/fr\/Faq\/Glossaire#a\" target=\"_self\">ac\u00e9tylcyst\u00e9ine<\/a>, aspartame, ar\u00f4mes et autres excipients.<\/p>\n<p>En outre, chaque comprim\u00e9 effervescent de Fluimucil Toux grasse de 200 mg ou de 600 mg contient environ 140 mg de sodium (correspondant \u00e0 environ 350 mg de sel de cuisine).[\/vc_column_text][\/vc_accordion_tab][vc_accordion_tab title=\u00a0\u00bbCOMMENT AGIT-IL\u00a0\u00bb][vc_column_text css=\u00a0\u00bb.vc_custom_1512555011288{margin-bottom: 0px !important;}\u00a0\u00bb]Fluimucil Toux grasse fluidifie et dissout, gr\u00e2ce \u00e0 son principe actif, les s\u00e9cr\u00e9tions denses retenues dans les voies respiratoires, favorisant l\u2019<a class=\"actived\" href=\"https:\/\/www.fluimucil-erkaeltungshusten.ch\/fr\/Faq\/Glossaire#e\" target=\"_self\">expectoration<\/a>.<\/p>\n<p>Le\u00a0<a class=\"actived\" href=\"https:\/\/www.fluimucil-erkaeltungshusten.ch\/fr\/Faq\/Glossaire#m\" target=\"_self\">mucus<\/a>\u00a0qui recouvre la muqueuse des voies respiratoires a un r\u00f4le important pour la protection de l\u2019organisme contre les substances nocives pr\u00e9sentes dans l\u2019air, telles que bact\u00e9ries, poussi\u00e8res et impuret\u00e9s chimiques. Ces\u00a0<a class=\"actived\" href=\"https:\/\/www.fluimucil-erkaeltungshusten.ch\/fr\/Faq\/Glossaire#a\" target=\"_self\">agents irritants<\/a>\u00a0sont captur\u00e9s par le\u00a0<a class=\"actived\" href=\"http:\/\/www.fluimucil-touxgrasse.ch\/Faq\/Glossario#m\" target=\"_self\">mucus<\/a>, qui les rend inoffensifs, puis sont \u00e9limin\u00e9s avec l\u2019<a class=\"actived\" href=\"https:\/\/www.fluimucil-erkaeltungshusten.ch\/fr\/Faq\/Glossaire#e\" target=\"_self\">expectoration<\/a>. Les s\u00e9cr\u00e9tions denses sont fluidifi\u00e9es gr\u00e2ce \u00e0 l\u2019effet\u00a0<a class=\"actived\" href=\"https:\/\/www.fluimucil-erkaeltungshusten.ch\/fr\/Faq\/Glossaire#m\" target=\"_self\">mucolytique<\/a>\u00a0et peuvent \u00eatre ainsi \u00e9limin\u00e9es plus facilement lors de l\u2019<a class=\"actived\" href=\"https:\/\/www.fluimucil-erkaeltungshusten.ch\/fr\/Faq\/Glossaire#e\" target=\"_self\">expectoration<\/a>. De cette fa\u00e7on, le risque d\u2019une \u00e9ventuelle infection diminue. En lib\u00e9rant les voies respiratoires, la\u00a0<a class=\"actived\" href=\"https:\/\/www.fluimucil-erkaeltungshusten.ch\/fr\/Faq\/Glossaire#t\" target=\"_self\">toux<\/a>\u00a0se calme et la\u00a0<a class=\"actived\" href=\"https:\/\/www.fluimucil-erkaeltungshusten.ch\/fr\/Faq\/Glossaire#r\" target=\"_self\">respiration<\/a>\u00a0est ainsi facilit\u00e9e.[\/vc_column_text][\/vc_accordion_tab][vc_accordion_tab title=\u00a0\u00bbLE PRINCIPE ACTIF\u00a0\u00bb][vc_column_text css=\u00a0\u00bb.vc_custom_1512555031831{margin-bottom: 0px !important;}\u00a0\u00bb]Fluimucil Toux grasse contient le principe actif\u00a0<a class=\"actived\" href=\"https:\/\/www.fluimucil-erkaeltungshusten.ch\/fr\/Faq\/Glossaire#a\" target=\"_self\">ac\u00e9tylcyst\u00e9ine<\/a>, un d\u00e9riv\u00e9 de la cyst\u00e9ine qui poss\u00e8de des propri\u00e9t\u00e9s\u00a0<a class=\"actived\" href=\"https:\/\/www.fluimucil-erkaeltungshusten.ch\/fr\/Faq\/Glossaire#m\" target=\"_self\">mucolytiques<\/a>.[\/vc_column_text][\/vc_accordion_tab][\/vc_accordions][mk_button dimension=\u00a0\u00bbflat\u00a0\u00bb corner_style=\u00a0\u00bbfull_rounded\u00a0\u00bb size=\u00a0\u00bbmedium\u00a0\u00bb url=\u00a0\u00bbhttp:\/\/www.swissmedicinfo.ch\/ShowText.aspx?textType=PI&amp;lang=fr&amp;authNr=54081&Prime; target=\u00a0\u00bb_blank\u00a0\u00bb margin_top=\u00a0\u00bb15&Prime; margin_right=\u00a0\u00bb0&Prime; bg_color=\u00a0\u00bb#00768e\u00a0\u00bb btn_hover_bg=\u00a0\u00bbrgba(0,118,142,0.75)\u00a0\u00bb]Consulter un sp\u00e9cialiste de la sant\u00e9 et lire la notice d\u2019emballage[\/mk_button][\/vc_column][vc_column width=\u00a0\u00bb1\/12&Prime;][\/vc_column][vc_column width=\u00a0\u00bb3\/12&Prime;][vc_single_image image=\u00a0\u00bb622&Prime; img_size=\u00a0\u00bbfull\u00a0\u00bb alignment=\u00a0\u00bbcenter\u00a0\u00bb][\/vc_column][\/vc_row]\n<\/div>","protected":false},"excerpt":{"rendered":"<p>[mk_page_section vertical_align=\u00a0\u00bbcenter\u00a0\u00bb bg_image=\u00a0\u00bbhttps:\/\/www.fluimucil-erkaeltungshusten.ch\/wp-content\/uploads\/2017\/11\/bottomteaser.png\u00a0\u00bb bg_position=\u00a0\u00bbcenter bottom\u00a0\u00bb bg_repeat=\u00a0\u00bbno-repeat\u00a0\u00bb min_height=\u00a0\u00bb350&Prime; padding_top=\u00a0\u00bb120&Prime; padding_bottom=\u00a0\u00bb20&Prime; sidebar=\u00a0\u00bbsidebar-1&Prime;][vc_column][mk_imagebox show_as=\u00a0\u00bbcolumn\u00a0\u00bb column=\u00a0\u00bb5&Prime; padding=\u00a0\u00bb5&Prime;][mk_imagebox_item item_image=\u00a0\u00bbhttps:\/\/www.fluimucil-erkaeltungshusten.ch\/wp-content\/uploads\/2017\/11\/compresse-effervescenti.png\u00a0\u00bb image_padding=\u00a0\u00bbfalse\u00a0\u00bb background_color=\u00a0\u00bbrgba(0,127,145,0.15)\u00a0\u00bb item_title=\u00a0\u00bbFLUIMUCIL TOUX GRASSE COMPRIM\u00c9S EFFERVESCENTS 200 mg et 600 mg\u00a0\u00bb title_text_size=\u00a0\u00bb11&Prime; title_font_weight=\u00a0\u00bbbold\u00a0\u00bb title_color=\u00a0\u00bb#007f91&Prime; btn_text=\u00a0\u00bbEn savoir plus\u00a0\u00bb btn_url=\u00a0\u00bb\/fr\/Produits\/Fluimucil-Toux-grasse\/Comprimes-effervescents\u00a0\u00bb el_class=\u00a0\u00bbclickable-imagebox\u00a0\u00bb][\/mk_imagebox_item][mk_imagebox_item item_image=\u00a0\u00bbhttps:\/\/www.fluimucil-erkaeltungshusten.ch\/wp-content\/uploads\/2017\/11\/granulare.png\u00a0\u00bb image_padding=\u00a0\u00bbfalse\u00a0\u00bb background_color=\u00a0\u00bb\u00a0\u00bb item_title=\u00a0\u00bbFLUIMUCIL TOUX GRASSE GRANUL\u00c9 200 mg et 600 mg\u00a0\u00bb title_text_size=\u00a0\u00bb11&Prime; title_font_weight=\u00a0\u00bbbold\u00a0\u00bb title_color=\u00a0\u00bb#007f91&Prime; btn_text=\u00a0\u00bbEn savoir plus\u00a0\u00bb btn_url=\u00a0\u00bb\/fr\/Produits\/Fluimucil-Toux-grasse\/Granule\u00a0\u00bb btn_background_color=\u00a0\u00bb#007f91&Prime; btn_text_color=\u00a0\u00bb#ffffff\u00a0\u00bb [&hellip;]<\/p>\n","protected":false},"author":2,"featured_media":0,"parent":1308,"menu_order":0,"comment_status":"closed","ping_status":"closed","template":"","meta":{"_monsterinsights_skip_tracking":false,"_monsterinsights_sitenote_active":false,"_monsterinsights_sitenote_note":"","_monsterinsights_sitenote_category":0,"footnotes":""},"categories":[],"tags":[],"yst_prominent_words":[],"class_list":["post-1309","page","type-page","status-publish","hentry"],"_links":{"self":[{"href":"https:\/\/www.fluimucil-erkaeltungshusten.ch\/fr\/wp-json\/wp\/v2\/pages\/1309","targetHints":{"allow":["GET"]}}],"collection":[{"href":"https:\/\/www.fluimucil-erkaeltungshusten.ch\/fr\/wp-json\/wp\/v2\/pages"}],"about":[{"href":"https:\/\/www.fluimucil-erkaeltungshusten.ch\/fr\/wp-json\/wp\/v2\/types\/page"}],"author":[{"embeddable":true,"href":"https:\/\/www.fluimucil-erkaeltungshusten.ch\/fr\/wp-json\/wp\/v2\/users\/2"}],"replies":[{"embeddable":true,"href":"https:\/\/www.fluimucil-erkaeltungshusten.ch\/fr\/wp-json\/wp\/v2\/comments?post=1309"}],"version-history":[{"count":0,"href":"https:\/\/www.fluimucil-erkaeltungshusten.ch\/fr\/wp-json\/wp\/v2\/pages\/1309\/revisions"}],"up":[{"embeddable":true,"href":"https:\/\/www.fluimucil-erkaeltungshusten.ch\/fr\/wp-json\/wp\/v2\/pages\/1308"}],"wp:attachment":[{"href":"https:\/\/www.fluimucil-erkaeltungshusten.ch\/fr\/wp-json\/wp\/v2\/media?parent=1309"}],"wp:term":[{"taxonomy":"category","embeddable":true,"href":"https:\/\/www.fluimucil-erkaeltungshusten.ch\/fr\/wp-json\/wp\/v2\/categories?post=1309"},{"taxonomy":"post_tag","embeddable":true,"href":"https:\/\/www.fluimucil-erkaeltungshusten.ch\/fr\/wp-json\/wp\/v2\/tags?post=1309"},{"taxonomy":"yst_prominent_words","embeddable":true,"href":"https:\/\/www.fluimucil-erkaeltungshusten.ch\/fr\/wp-json\/wp\/v2\/yst_prominent_words?post=1309"}],"curies":[{"name":"wp","href":"https:\/\/api.w.org\/{rel}","templated":true}]}}