{"id":1244,"date":"2017-07-17T11:28:53","date_gmt":"2017-07-17T09:28:53","guid":{"rendered":"https:\/\/www.fluimucil-erkaeltungshusten.ch\/home\/"},"modified":"2025-04-01T15:50:42","modified_gmt":"2025-04-01T13:50:42","slug":"home-fr","status":"publish","type":"page","link":"https:\/\/www.fluimucil-erkaeltungshusten.ch\/fr\/","title":{"rendered":"Home &#8211; FR"},"content":{"rendered":"<div class=\"wpb-content-wrapper\">[vc_row css=\u00a0\u00bb.vc_custom_1511618761270{margin-top: 40px !important;}\u00a0\u00bb el_class=\u00a0\u00bbhome-slider\u00a0\u00bb][vc_column][mk_edge_slider first_el=\u00a0\u00bbtrue\u00a0\u00bb swiper_bg=\u00a0\u00bb#ffffff\u00a0\u00bb order=\u00a0\u00bbASC\u00a0\u00bb orderby=\u00a0\u00bbpost__in\u00a0\u00bb full_height=\u00a0\u00bbfalse\u00a0\u00bb height=\u00a0\u00bb595&Prime; animation_effect=\u00a0\u00bbhorizontal_curtain\u00a0\u00bb direction_nav=\u00a0\u00bbround\u00a0\u00bb pagination=\u00a0\u00bbsmall_dot_stroke\u00a0\u00bb skip_arrow=\u00a0\u00bbfalse\u00a0\u00bb disable_lazyload=\u00a0\u00bbtrue\u00a0\u00bb slides=\u00a0\u00bb1248, 1250, 1252&Prime;][\/vc_column][\/vc_row][vc_row el_class=\u00a0\u00bbproduct-row\u00a0\u00bb][vc_column width=\u00a0\u00bb1\/3&Prime;][vc_column_text css=\u00a0\u00bb.vc_custom_1556886142656{margin-bottom: 0px !important;}\u00a0\u00bb]\n<div class=\"wpb_single_image wpb_content_element vc_align_center round-image-overlay with-video\">\n<figure class=\"wpb_wrapper vc_figure\"><a class=\"vc_single_image-wrapper vc_box_border_grey\" href=\"#web-spot-fr\" target=\"_self\" rel=\"wp-video-lightbox noopener\"><img loading=\"lazy\" decoding=\"async\" class=\"vc_single_image-img attachment-full\" src=\"\/wp-content\/uploads\/2017\/12\/sf_tossegrassa_fr.png\" sizes=\"auto, (max-width: 280px) 100vw, 280px\" srcset=\"\/wp-content\/uploads\/2017\/12\/sf_tossegrassa_fr.png 280w, \/wp-content\/uploads\/2017\/12\/sf_tossegrassa_fr-150x150.png 150w, \/wp-content\/uploads\/2017\/12\/sf_tossegrassa_fr-1024x1024.png 1024w\" alt=\"\" usemap=\"#Map\" width=\"280\" height=\"280\" \/><\/a><\/figure>\n<map name=\"Map\"> <!--area coords=\"53,50,54\" shape=\"circle\" href=\"[supsystic-show-popup id=104]\" \/--> <\/p>\n<area coords=\"168,164,100\" shape=\"circle\" href=\"\/fr\/Produits\/Fluimucil-Toux-grasse\/Comprimes-effervescents\" \/> <\/map>\n<\/div>\n[\/vc_column_text][vc_wp_text]\n<div id=\"web-spot-fr\" style=\"display: none;\">[vc_video host=\u00a0\u00bbself_hosted\u00a0\u00bb mp4=\u00a0\u00bbhttps:\/\/play.vod2.infomaniak.com\/single\/1jhvl2uqmwdfe\/1jhvl2uq9o9pe\/1jhvl2uqmwdfk\u00a0\u00bb webm=\u00a0\u00bbhttps:\/\/play.vod2.infomaniak.com\/single\/1jhvl2uqmwdfe\/1jhvl2uq9o9pe\/1jhvl2uqmwdfk\u00a0\u00bb poster_image=\u00a0\u00bb\/wp-content\/uploads\/2022\/01\/preview_fr_sd.png\u00a0\u00bb]<\/div>\n[\/vc_wp_text][\/vc_column][vc_column width=\u00a0\u00bb1\/3&Prime;][vc_single_image image=\u00a0\u00bb1214&Prime; img_size=\u00a0\u00bbfull\u00a0\u00bb alignment=\u00a0\u00bbcenter\u00a0\u00bb onclick=\u00a0\u00bbcustom_link\u00a0\u00bb el_class=\u00a0\u00bbround-image-overlay\u00a0\u00bb link=\u00a0\u00bb\/fr\/Produits\/Fluimucil-Grippe-Day-Night\u00a0\u00bb][\/vc_column][vc_column width=\u00a0\u00bb1\/3&Prime;][vc_single_image image=\u00a0\u00bb17371&Prime; img_size=\u00a0\u00bbfull\u00a0\u00bb alignment=\u00a0\u00bbcenter\u00a0\u00bb onclick=\u00a0\u00bbcustom_link\u00a0\u00bb css=\u00a0\u00bb\u00a0\u00bb el_class=\u00a0\u00bbround-image-overlay\u00a0\u00bb link=\u00a0\u00bb\/fr\/Produits\/Rinofluimucil\u00a0\u00bb][\/vc_column][\/vc_row][vc_row column_padding=\u00a0\u00bb5&Prime; el_class=\u00a0\u00bbproduct-row\u00a0\u00bb css=\u00a0\u00bb.vc_custom_1511620167245{padding-top: 50px !important;}\u00a0\u00bb][vc_column width=\u00a0\u00bb1\/3&Prime; css=\u00a0\u00bb.vc_custom_1511618002353{padding-right: 30px !important;padding-left: 30px !important;}\u00a0\u00bb][mk_icon_box2 icon_type=\u00a0\u00bbimage\u00a0\u00bb icon_size=\u00a0\u00bb64&Prime; icon_image=\u00a0\u00bbhttps:\/\/www.fluimucil-erkaeltungshusten.ch\/wp-content\/uploads\/2017\/11\/sintomi.jpg\u00a0\u00bb title=\u00a0\u00bbSYMPT\u00d4MES ET TROUBLES\u00a0\u00bb title_color=\u00a0\u00bb#007f91&Prime; description_color=\u00a0\u00bb#007f91&Prime; read_more_url=\u00a0\u00bb\/fr\/Symptomes-et-Troubles\/Toux-grasse\u00a0\u00bb el_class=\u00a0\u00bbrounded-info-box\u00a0\u00bb]<strong>Reconna\u00eetre les signaux du corps.<\/strong><\/p>\n<p>\u00cates-vous s\u00fbr(e) d\u2019en savoir assez sur les maladies des voies respiratoires ? Informez-vous sur les causes possibles, sur les facteurs de risque et sur les possibilit\u00e9s de traitement de ces maux.[\/mk_icon_box2][mk_button dimension=\u00a0\u00bbflat\u00a0\u00bb corner_style=\u00a0\u00bbfull_rounded\u00a0\u00bb size=\u00a0\u00bbmedium\u00a0\u00bb url=\u00a0\u00bb\/fr\/Symptomes-et-Troubles\/Toux-grasse\u00a0\u00bb align=\u00a0\u00bbcenter\u00a0\u00bb el_class=\u00a0\u00bbrounded-info-box-button\u00a0\u00bb bg_color=\u00a0\u00bb#007f91&Prime; btn_hover_bg=\u00a0\u00bbrgba(0,127,145,0.75)\u00a0\u00bb]En savoir plus[\/mk_button][\/vc_column][vc_column width=\u00a0\u00bb1\/3&Prime; css=\u00a0\u00bb.vc_custom_1511618009880{padding-right: 30px !important;padding-left: 30px !important;}\u00a0\u00bb][mk_icon_box2 icon_type=\u00a0\u00bbimage\u00a0\u00bb icon_size=\u00a0\u00bb64&Prime; icon_image=\u00a0\u00bbhttps:\/\/www.fluimucil-erkaeltungshusten.ch\/wp-content\/uploads\/2017\/11\/prevenire.jpg\u00a0\u00bb title=\u00a0\u00bbAPPROFONDISSEMENTS ET CONSEILS\u00a0\u00bb title_color=\u00a0\u00bb#007f91&Prime; description_color=\u00a0\u00bb#007f91&Prime; read_more_url=\u00a0\u00bb\/fr\/Approfondissements-et-conseils\/Appareil-respiratoire\u00a0\u00bb el_class=\u00a0\u00bbrounded-info-box\u00a0\u00bb]<strong>Conseils et curiosit\u00e9s.<\/strong><\/p>\n<p>Saviez-vous que l\u2019appareil respiratoire est essentiel pour le corps ? C\u2019est pour cela qu\u2019il est important d\u2019en savoir plus sur les voies respiratoires, sur la mani\u00e8re d\u2019en prendre soin et d\u2019intervenir en cas de maladie.[\/mk_icon_box2][mk_button dimension=\u00a0\u00bbflat\u00a0\u00bb corner_style=\u00a0\u00bbfull_rounded\u00a0\u00bb size=\u00a0\u00bbmedium\u00a0\u00bb url=\u00a0\u00bb\/fr\/Approfondissements-et-conseils\/Appareil-respiratoire\u00a0\u00bb align=\u00a0\u00bbcenter\u00a0\u00bb el_class=\u00a0\u00bbrounded-info-box-button\u00a0\u00bb bg_color=\u00a0\u00bb#007f91&Prime; btn_hover_bg=\u00a0\u00bbrgba(0,127,145,0.75)\u00a0\u00bb]En savoir plus[\/mk_button][\/vc_column][vc_column width=\u00a0\u00bb1\/3&Prime; css=\u00a0\u00bb.vc_custom_1511618016440{padding-right: 30px !important;padding-left: 30px !important;}\u00a0\u00bb][mk_icon_box2 icon_type=\u00a0\u00bbimage\u00a0\u00bb icon_size=\u00a0\u00bb64&Prime; icon_image=\u00a0\u00bbhttps:\/\/www.fluimucil-erkaeltungshusten.ch\/wp-content\/uploads\/2017\/11\/saperne.jpg\u00a0\u00bb title=\u00a0\u00bbPOUR EN SAVOIR PLUS\u00a0\u00bb title_color=\u00a0\u00bb#007f91&Prime; description_color=\u00a0\u00bb#007f91&Prime; read_more_url=\u00a0\u00bb\/fr\/Pour-en-savoir-plus\/Mamans-et-enfant\u00a0\u00bb el_class=\u00a0\u00bbrounded-info-box\u00a0\u00bb]<strong>Approfondissements th\u00e9matiques.<\/strong><\/p>\n<p>Approfondissez vos connaissances sur diff\u00e9rentes th\u00e9matiques int\u00e9ressantes.[\/mk_icon_box2][mk_button dimension=\u00a0\u00bbflat\u00a0\u00bb corner_style=\u00a0\u00bbfull_rounded\u00a0\u00bb size=\u00a0\u00bbmedium\u00a0\u00bb url=\u00a0\u00bb\/fr\/Pour-en-savoir-plus\/Mamans-et-enfant\u00a0\u00bb align=\u00a0\u00bbcenter\u00a0\u00bb el_class=\u00a0\u00bbrounded-info-box-button\u00a0\u00bb bg_color=\u00a0\u00bb#007f91&Prime; btn_hover_bg=\u00a0\u00bbrgba(0,127,145,0.75)\u00a0\u00bb]En savoir plus[\/mk_button][\/vc_column][\/vc_row]\n<\/div>","protected":false},"excerpt":{"rendered":"<p>[vc_row css=\u00a0\u00bb.vc_custom_1511618761270{margin-top: 40px !important;}\u00a0\u00bb el_class=\u00a0\u00bbhome-slider\u00a0\u00bb][vc_column][mk_edge_slider first_el=\u00a0\u00bbtrue\u00a0\u00bb swiper_bg=\u00a0\u00bb#ffffff\u00a0\u00bb order=\u00a0\u00bbASC\u00a0\u00bb orderby=\u00a0\u00bbpost__in\u00a0\u00bb full_height=\u00a0\u00bbfalse\u00a0\u00bb height=\u00a0\u00bb595&Prime; animation_effect=\u00a0\u00bbhorizontal_curtain\u00a0\u00bb direction_nav=\u00a0\u00bbround\u00a0\u00bb pagination=\u00a0\u00bbsmall_dot_stroke\u00a0\u00bb skip_arrow=\u00a0\u00bbfalse\u00a0\u00bb disable_lazyload=\u00a0\u00bbtrue\u00a0\u00bb slides=\u00a0\u00bb1248, 1250, 1252&Prime;][\/vc_column][\/vc_row][vc_row el_class=\u00a0\u00bbproduct-row\u00a0\u00bb][vc_column width=\u00a0\u00bb1\/3&Prime;][vc_column_text css=\u00a0\u00bb.vc_custom_1556886142656{margin-bottom: 0px !important;}\u00a0\u00bb] [\/vc_column_text][vc_wp_text] [vc_video host=\u00a0\u00bbself_hosted\u00a0\u00bb mp4=\u00a0\u00bbhttps:\/\/play.vod2.infomaniak.com\/single\/1jhvl2uqmwdfe\/1jhvl2uq9o9pe\/1jhvl2uqmwdfk\u00a0\u00bb webm=\u00a0\u00bbhttps:\/\/play.vod2.infomaniak.com\/single\/1jhvl2uqmwdfe\/1jhvl2uq9o9pe\/1jhvl2uqmwdfk\u00a0\u00bb poster_image=\u00a0\u00bb\/wp-content\/uploads\/2022\/01\/preview_fr_sd.png\u00a0\u00bb] [\/vc_wp_text][\/vc_column][vc_column width=\u00a0\u00bb1\/3&Prime;][vc_single_image image=\u00a0\u00bb1214&Prime; img_size=\u00a0\u00bbfull\u00a0\u00bb alignment=\u00a0\u00bbcenter\u00a0\u00bb onclick=\u00a0\u00bbcustom_link\u00a0\u00bb el_class=\u00a0\u00bbround-image-overlay\u00a0\u00bb link=\u00a0\u00bb\/fr\/Produits\/Fluimucil-Grippe-Day-Night\u00a0\u00bb][\/vc_column][vc_column width=\u00a0\u00bb1\/3&Prime;][vc_single_image image=\u00a0\u00bb17371&Prime; img_size=\u00a0\u00bbfull\u00a0\u00bb alignment=\u00a0\u00bbcenter\u00a0\u00bb onclick=\u00a0\u00bbcustom_link\u00a0\u00bb css=\u00a0\u00bb\u00a0\u00bb el_class=\u00a0\u00bbround-image-overlay\u00a0\u00bb link=\u00a0\u00bb\/fr\/Produits\/Rinofluimucil\u00a0\u00bb][\/vc_column][\/vc_row][vc_row column_padding=\u00a0\u00bb5&Prime; el_class=\u00a0\u00bbproduct-row\u00a0\u00bb css=\u00a0\u00bb.vc_custom_1511620167245{padding-top: 50px !important;}\u00a0\u00bb][vc_column width=\u00a0\u00bb1\/3&Prime; css=\u00a0\u00bb.vc_custom_1511618002353{padding-right: 30px !important;padding-left: [&hellip;]<\/p>\n","protected":false},"author":2,"featured_media":0,"parent":0,"menu_order":0,"comment_status":"closed","ping_status":"closed","template":"","meta":{"_monsterinsights_skip_tracking":false,"_monsterinsights_sitenote_active":false,"_monsterinsights_sitenote_note":"","_monsterinsights_sitenote_category":0,"footnotes":""},"categories":[],"tags":[],"yst_prominent_words":[105,100,94,99,106,101,96,98,107,103,97,92,95,91,102,104,93],"class_list":["post-1244","page","type-page","status-publish","hentry"],"_links":{"self":[{"href":"https:\/\/www.fluimucil-erkaeltungshusten.ch\/fr\/wp-json\/wp\/v2\/pages\/1244","targetHints":{"allow":["GET"]}}],"collection":[{"href":"https:\/\/www.fluimucil-erkaeltungshusten.ch\/fr\/wp-json\/wp\/v2\/pages"}],"about":[{"href":"https:\/\/www.fluimucil-erkaeltungshusten.ch\/fr\/wp-json\/wp\/v2\/types\/page"}],"author":[{"embeddable":true,"href":"https:\/\/www.fluimucil-erkaeltungshusten.ch\/fr\/wp-json\/wp\/v2\/users\/2"}],"replies":[{"embeddable":true,"href":"https:\/\/www.fluimucil-erkaeltungshusten.ch\/fr\/wp-json\/wp\/v2\/comments?post=1244"}],"version-history":[{"count":0,"href":"https:\/\/www.fluimucil-erkaeltungshusten.ch\/fr\/wp-json\/wp\/v2\/pages\/1244\/revisions"}],"wp:attachment":[{"href":"https:\/\/www.fluimucil-erkaeltungshusten.ch\/fr\/wp-json\/wp\/v2\/media?parent=1244"}],"wp:term":[{"taxonomy":"category","embeddable":true,"href":"https:\/\/www.fluimucil-erkaeltungshusten.ch\/fr\/wp-json\/wp\/v2\/categories?post=1244"},{"taxonomy":"post_tag","embeddable":true,"href":"https:\/\/www.fluimucil-erkaeltungshusten.ch\/fr\/wp-json\/wp\/v2\/tags?post=1244"},{"taxonomy":"yst_prominent_words","embeddable":true,"href":"https:\/\/www.fluimucil-erkaeltungshusten.ch\/fr\/wp-json\/wp\/v2\/yst_prominent_words?post=1244"}],"curies":[{"name":"wp","href":"https:\/\/api.w.org\/{rel}","templated":true}]}}