{"id":1952,"date":"2017-11-29T15:37:18","date_gmt":"2017-11-29T14:37:18","guid":{"rendered":"https:\/\/www.fluimucil-erkaeltungshusten.ch\/mehr-erfahren\/weitere-informationen\/lolfatto\/"},"modified":"2017-12-16T16:20:00","modified_gmt":"2017-12-16T15:20:00","slug":"der-geruchssinn","status":"publish","type":"page","link":"https:\/\/www.fluimucil-erkaeltungshusten.ch\/de\/mehr-erfahren\/weitere-informationen\/der-geruchssinn\/","title":{"rendered":"Der Geruchssinn"},"content":{"rendered":"<div class=\"wpb-content-wrapper\">[mk_page_section vertical_align=&#8220;center&#8220; bg_image=&#8220;https:\/\/www.fluimucil-erkaeltungshusten.ch\/wp-content\/uploads\/2017\/11\/teaser_approfondimenti.jpg&#8220; bg_position=&#8220;center bottom&#8220; bg_repeat=&#8220;no-repeat&#8220; min_height=&#8220;575&#8243; padding_top=&#8220;120&#8243; padding_bottom=&#8220;0&#8243; sidebar=&#8220;sidebar-1&#8243;][vc_column][\/vc_column][\/mk_page_section][vc_row css=&#8220;.vc_custom_1511795486415{padding-top: 20px !important;padding-left: 10px !important;}&#8220;][vc_column width=&#8220;2\/3&#8243;][mk_fancy_title tag_name=&#8220;span&#8220; color=&#8220;#005982&#8243; size=&#8220;22&#8243; font_weight=&#8220;bold&#8220; letter_spacing=&#8220;1&#8243; font_family=&#8220;none&#8220;]WEITERE INFORMATIONEN[\/mk_fancy_title][mk_fancy_title tag_name=&#8220;h1&#8243; color=&#8220;#005982&#8243; size=&#8220;20&#8243; line_height=&#8220;125&#8243; font_weight=&#8220;bold&#8220; font_family=&#8220;none&#8220;]Der Geruchssinn[\/mk_fancy_title][vc_single_image source=&#8220;featured_image&#8220; img_size=&#8220;full&#8220;][vc_column_text css=&#8220;.vc_custom_1513243721508{margin-bottom: 0px !important;}&#8220;]Die Fr\u00fchlingsluft kann f\u00fcr das\u00a0<a href=\"http:\/\/www.fluimucil-erkaeltungshusten.ch\/de\/Faq\/Glossar#a\" target=\"_self\">Atemsystem<\/a>\u00a0verschiedene Risiken bergen, hierzu geh\u00f6ren Virusinfektionen, die als Nachz\u00fcgler auftreten k\u00f6nnen und das Vorhandensein von Allergenen. Auf der anderen Seite bietet die Natur uns im Fr\u00fchjahr so Erfreuliches wie Blumen, Fr\u00fcchte und nat\u00fcrliche Umgebungen, die wir gern mit all unseren Sinnen erkunden, auch mit unserem Geruchssinn, der ja mit der\u00a0<a href=\"http:\/\/www.fluimucil-erkaeltungshusten.ch\/de\/Faq\/Glossar#a\" target=\"_self\">Atmung<\/a>\u00a0eng verbunden ist.<\/p>\n<p>Wie allgemein bekannt, befinden sich die Geruchsrezeptoren, die in der eingeatmeten Luft das Vorhandensein, die Konzentration, die Qualit\u00e4t und die Art von Gasen und fl\u00fcchtigen Molek\u00fclen, genannt Riechstoffe identifizieren, in der Nase, genauer gesagt in dem so genannten olfaktorischen Epithel, ein Gewebe, das sich entlang aller W\u00e4nde der Nasenh\u00f6hle ausbreitet.<\/p>\n<p>Das olfaktorische Epithel ist direkt mit dem Riechkolben verbunden, der aus einem B\u00fcndel von Nervenendigungen besteht. Hier findet der erste Schritt der Entschl\u00fcsselung der Informationen statt, die \u00fcber den Riechnerven zum Gehirn geleitet werden und uns die Wahrnehmung von Ger\u00fcchen erm\u00f6glichen.<\/p>\n<p>Der Geruchssinn ist beim Menschen zwar aufgrund der geringeren Dichte von Rezeptoren nicht so gut entwickelt wie bei den Tieren, spielt aber dennoch bei der Wahrnehmung eine sehr wichtige Rolle.<\/p>\n<p>Tats\u00e4chlich ist unsere Wahrnehmung mit diesem Sinnesorgan die direkteste von allen, da es die einzige ist, die einen direkten Zugang zum Gehirn hat; nicht zuf\u00e4llig erkennt das Neugeborene seine Mutter zun\u00e4chst nur mithilfe seines Geruchssinnes. Ausserdem ist das mit dem Geruchssinn assoziierte sensorische Ged\u00e4chtnis von allen das Effizienteste; man denke nur daran, dass der Mensch sich an erstaunliche 35 % seiner Geruchswahrnehmungen erinnern kann, im Vergleich zu den 5 % der optischen und nur 2 % der akustischen Wahrnehmungen.<\/p>\n<p>Schliesslich spielt der Geruchssinn noch eine wichtige Rolle bei der Wahrnehmung des Geschmacks. Aus entwicklungsgeschichtlicher Sicht arbeiten der Geruchs- und der Geschmackssinn eng zusammen, um sehr genau die n\u00e4hrenden und gesunden von verfaulten oder giftigen Lebensmittel zu unterscheiden, die eine Gefahr f\u00fcr die Gesundheit darstellen. So erkl\u00e4rt sich \u00fcbrigens auch der Verlust der F\u00e4higkeit, den Geschmack des Essens zu geniessen, wenn die\u00a0<a href=\"http:\/\/www.fluimucil-erkaeltungshusten.ch\/de\/Faq\/Glossar#n\" target=\"_self\">Nase verstopft<\/a>\u00a0ist, wie bei einem\u00a0<a href=\"http:\/\/www.fluimucil-erkaeltungshusten.ch\/de\/Faq\/Glossar#s\" target=\"_self\">Schnupfen<\/a>\u00a0oder bei Allergien der Atemwege.<\/p>\n<p>Das Wahrnehmen von Ger\u00fcchen ist etwas Sch\u00f6nes und zugleich N\u00fctzliches, auch wenn es sich einmal um einen unangenehmen Geruch handelt, und dies ist ein weiterer Grund, weshalb es so wichtig ist, sich zu bem\u00fchen, die oberen Atemwege immer gesund zu erhalten.[\/vc_column_text][mk_button dimension=&#8220;flat&#8220; corner_style=&#8220;full_rounded&#8220; size=&#8220;medium&#8220; url=&#8220;\/de\/mehr-erfahren\/weitere-informationen\/&#8220; margin_top=&#8220;30&#8243; margin_right=&#8220;0&#8243; bg_color=&#8220;#00768e&#8220; btn_hover_bg=&#8220;rgba(0,118,142,0.75)&#8220;]Zur\u00fcck[\/mk_button][\/vc_column][vc_column width=&#8220;1\/12&#8243;][\/vc_column][vc_column width=&#8220;1\/4&#8243;][vc_wp_custommenu nav_menu=&#8220;14&#8243;][mk_icon_box icon=&#8220;mk-moon-temperature&#8220; title=&#8220;SYMPTOME UND BESCHWERDEN&#8220; text_size=&#8220;13&#8243; read_more_txt=&#8220;Weiter zum Abschnitt&#8220; read_more_url=&#8220;\/de\/Symptome-und-Beschwerden\/Erkaeltungshusten&#8220; style=&#8220;boxed&#8220; icon_location=&#8220;top&#8220; icon_color=&#8220;#075985&#8243; icon_circle_color=&#8220;&#8220; title_color=&#8220;#075985&#8243; txt_color=&#8220;#00768e&#8220; el_class=&#8220;side-icon-box&#8220;]Weitere Informationen \u00fcber jahreszeitlich bedingte Krankheiten.[\/mk_icon_box][\/vc_column][\/vc_row]\n<\/div>","protected":false},"excerpt":{"rendered":"<p>Die Fr\u00fchlingsluft kann f\u00fcr das Atemsystem verschiedene Risiken bergen, hierzu geh\u00f6ren&#8230;<\/p>\n","protected":false},"author":2,"featured_media":1003,"parent":1942,"menu_order":0,"comment_status":"closed","ping_status":"closed","template":"","meta":{"_monsterinsights_skip_tracking":false,"_monsterinsights_sitenote_active":false,"_monsterinsights_sitenote_note":"","_monsterinsights_sitenote_category":0,"footnotes":""},"categories":[48],"tags":[],"yst_prominent_words":[],"class_list":["post-1952","page","type-page","status-publish","has-post-thumbnail","hentry","category-approfondimenti-de"],"_links":{"self":[{"href":"https:\/\/www.fluimucil-erkaeltungshusten.ch\/de\/wp-json\/wp\/v2\/pages\/1952","targetHints":{"allow":["GET"]}}],"collection":[{"href":"https:\/\/www.fluimucil-erkaeltungshusten.ch\/de\/wp-json\/wp\/v2\/pages"}],"about":[{"href":"https:\/\/www.fluimucil-erkaeltungshusten.ch\/de\/wp-json\/wp\/v2\/types\/page"}],"author":[{"embeddable":true,"href":"https:\/\/www.fluimucil-erkaeltungshusten.ch\/de\/wp-json\/wp\/v2\/users\/2"}],"replies":[{"embeddable":true,"href":"https:\/\/www.fluimucil-erkaeltungshusten.ch\/de\/wp-json\/wp\/v2\/comments?post=1952"}],"version-history":[{"count":0,"href":"https:\/\/www.fluimucil-erkaeltungshusten.ch\/de\/wp-json\/wp\/v2\/pages\/1952\/revisions"}],"up":[{"embeddable":true,"href":"https:\/\/www.fluimucil-erkaeltungshusten.ch\/de\/wp-json\/wp\/v2\/pages\/1942"}],"wp:featuredmedia":[{"embeddable":true,"href":"https:\/\/www.fluimucil-erkaeltungshusten.ch\/de\/wp-json\/wp\/v2\/media\/1003"}],"wp:attachment":[{"href":"https:\/\/www.fluimucil-erkaeltungshusten.ch\/de\/wp-json\/wp\/v2\/media?parent=1952"}],"wp:term":[{"taxonomy":"category","embeddable":true,"href":"https:\/\/www.fluimucil-erkaeltungshusten.ch\/de\/wp-json\/wp\/v2\/categories?post=1952"},{"taxonomy":"post_tag","embeddable":true,"href":"https:\/\/www.fluimucil-erkaeltungshusten.ch\/de\/wp-json\/wp\/v2\/tags?post=1952"},{"taxonomy":"yst_prominent_words","embeddable":true,"href":"https:\/\/www.fluimucil-erkaeltungshusten.ch\/de\/wp-json\/wp\/v2\/yst_prominent_words?post=1952"}],"curies":[{"name":"wp","href":"https:\/\/api.w.org\/{rel}","templated":true}]}}