{"id":1951,"date":"2017-11-29T15:39:31","date_gmt":"2017-11-29T14:39:31","guid":{"rendered":"https:\/\/www.fluimucil-erkaeltungshusten.ch\/mehr-erfahren\/weitere-informationen\/gli-allergeni-il-polline\/"},"modified":"2017-12-16T16:19:59","modified_gmt":"2017-12-16T15:19:59","slug":"allergene-pollen","status":"publish","type":"page","link":"https:\/\/www.fluimucil-erkaeltungshusten.ch\/de\/mehr-erfahren\/weitere-informationen\/allergene-pollen\/","title":{"rendered":"Allergene: Pollen"},"content":{"rendered":"<div class=\"wpb-content-wrapper\">[mk_page_section vertical_align=&#8220;center&#8220; bg_image=&#8220;https:\/\/www.fluimucil-erkaeltungshusten.ch\/wp-content\/uploads\/2017\/11\/teaser_approfondimenti.jpg&#8220; bg_position=&#8220;center bottom&#8220; bg_repeat=&#8220;no-repeat&#8220; min_height=&#8220;575&#8243; padding_top=&#8220;120&#8243; padding_bottom=&#8220;0&#8243; sidebar=&#8220;sidebar-1&#8243;][vc_column][\/vc_column][\/mk_page_section][vc_row css=&#8220;.vc_custom_1511795486415{padding-top: 20px !important;padding-left: 10px !important;}&#8220;][vc_column width=&#8220;2\/3&#8243;][mk_fancy_title tag_name=&#8220;span&#8220; color=&#8220;#005982&#8243; size=&#8220;22&#8243; font_weight=&#8220;bold&#8220; letter_spacing=&#8220;1&#8243; font_family=&#8220;none&#8220;]WEITERE INFORMATIONEN[\/mk_fancy_title][mk_fancy_title tag_name=&#8220;h1&#8243; color=&#8220;#005982&#8243; size=&#8220;20&#8243; line_height=&#8220;125&#8243; font_weight=&#8220;bold&#8220; font_family=&#8220;none&#8220;]Allergene: Pollen[\/mk_fancy_title][vc_single_image source=&#8220;featured_image&#8220; img_size=&#8220;full&#8220;][vc_column_text css=&#8220;.vc_custom_1513243839272{margin-bottom: 0px !important;}&#8220;]Jedes Jahr im Fr\u00fchling ist die Luft voll mit dem Bl\u00fctenstaub einer grossen Zahl von Pflanzen, die fast schwerelos schwebend auf der Suche nach Bl\u00fcten sind, die sie best\u00e4uben m\u00fcssen, um den Lebenszyklus ihrer Art fortzusetzen.<\/p>\n<p>An manchen Orten sieht der schwebende Pollen fast aus wie ein Schneegest\u00f6ber. F\u00fcr den gr\u00f6ssten Teil der Bev\u00f6lkerung ist dies zweifellos ein poetisch anmutender Anblick; ganz anders sehen das hingegen die Menschen, die gegen den Pollen allergisch sind und f\u00fcr die der Fr\u00fchling sich in eine Zeit allgemeinen Unwohlseins mit tr\u00e4nenden Augen,\u00a0<a href=\"http:\/\/www.fluimucil-erkaeltungshusten.ch\/de\/Faq\/Glossar#n\" target=\"_self\">Niesen<\/a>\u00a0und\u00a0<a href=\"http:\/\/www.fluimucil-erkaeltungshusten.ch\/de\/Faq\/Glossar#r\" target=\"_self\">Rhinitis<\/a>\u00a0verwandelt.<\/p>\n<p>Die Allergene Natur des Pollens ist auf die Proteine und Glykoproteine zur\u00fcckzuf\u00fchren, die auf der Oberfl\u00e4che der Pollenk\u00f6rner einiger Pflanzenarten zu finden sind und dazu dienen, von der entsprechenden weiblichen Bl\u00fcte erkannt zu werden: etwa 20 % der Bev\u00f6lkerung leiden an einer \u00dcberempfindlichkeit gegen\u00fcber diesen Molek\u00fclen.<\/p>\n<p>Ihr Immunsystem erkennt in den eingeatmeten Pollenproteinen eine Bedrohung f\u00fcr die Gesundheit des K\u00f6rpers und l\u00f6st daher eine Entz\u00fcndungsreaktion aus; so beginnen die\u00a0<a href=\"http:\/\/www.fluimucil-erkaeltungshusten.ch\/de\/Faq\/Glossar#r\" target=\"_self\">Rhinitis<\/a>-Attacken, die all denen, die unter einer Pollenallergie leiden, grosse Beschwerden bereiten.<\/p>\n<p>Zu den wichtigsten Pflanzenarten, die f\u00fcr die Ausl\u00f6sung einer Allergie verantwortlich sind, sind besonders nennenswert die krautigen Pflanzen wie Brennnessel, Wegerich und die Gr\u00e4ser, aber auch B\u00e4ume wie die Betulaceae (Birke, Hasel), die Salicaceae (Weide, Pappel) und die Oleaceae (Esche).<\/p>\n<p>Die Zeiten mit der gr\u00f6ssten Pollenbelastung der Luft k\u00f6nnen von Art zu Art und von Ort zu Ort variieren, aber zwischen Anfang April und Ende Mai ist die Konzentration am h\u00f6chsten. Hierzu k\u00f6nnen die Pollenallergiker n\u00e4here Informationen im Pollenkalender finden den sie online unter\u00a0<a href=\"https:\/\/www.pollenundallergie.ch\/info-sui-pollini-e-allergie\/informazione-sui-pollini\/previsione-dei-pollini\/?oid=1828&amp;lang=it\" target=\"_blank\" rel=\"noopener\">www.pollenundallergie.ch<\/a>\u00a0zu Rate ziehen k\u00f6nnen.[\/vc_column_text][mk_button dimension=&#8220;flat&#8220; corner_style=&#8220;full_rounded&#8220; size=&#8220;medium&#8220; url=&#8220;\/de\/mehr-erfahren\/weitere-informationen\/&#8220; margin_top=&#8220;30&#8243; margin_right=&#8220;0&#8243; bg_color=&#8220;#00768e&#8220; btn_hover_bg=&#8220;rgba(0,118,142,0.75)&#8220;]Zur\u00fcck[\/mk_button][\/vc_column][vc_column width=&#8220;1\/12&#8243;][\/vc_column][vc_column width=&#8220;1\/4&#8243;][vc_wp_custommenu nav_menu=&#8220;14&#8243;][mk_icon_box icon=&#8220;mk-moon-temperature&#8220; title=&#8220;SYMPTOME UND BESCHWERDEN&#8220; text_size=&#8220;13&#8243; read_more_txt=&#8220;Weiter zum Abschnitt&#8220; read_more_url=&#8220;\/de\/Symptome-und-Beschwerden\/Erkaeltungshusten&#8220; style=&#8220;boxed&#8220; icon_location=&#8220;top&#8220; icon_color=&#8220;#075985&#8243; icon_circle_color=&#8220;&#8220; title_color=&#8220;#075985&#8243; txt_color=&#8220;#00768e&#8220; el_class=&#8220;side-icon-box&#8220;]Weitere Informationen \u00fcber jahreszeitlich bedingte Krankheiten.[\/mk_icon_box][\/vc_column][\/vc_row]\n<\/div>","protected":false},"excerpt":{"rendered":"<p>Jedes Jahr im Fr\u00fchling ist die Luft voll mit dem Bl\u00fctenstaub einer grossen Zahl von Pflanzen, die fast&#8230;<\/p>\n","protected":false},"author":2,"featured_media":1006,"parent":1942,"menu_order":0,"comment_status":"closed","ping_status":"closed","template":"","meta":{"_monsterinsights_skip_tracking":false,"_monsterinsights_sitenote_active":false,"_monsterinsights_sitenote_note":"","_monsterinsights_sitenote_category":0,"footnotes":""},"categories":[48],"tags":[],"yst_prominent_words":[],"class_list":["post-1951","page","type-page","status-publish","has-post-thumbnail","hentry","category-approfondimenti-de"],"_links":{"self":[{"href":"https:\/\/www.fluimucil-erkaeltungshusten.ch\/de\/wp-json\/wp\/v2\/pages\/1951","targetHints":{"allow":["GET"]}}],"collection":[{"href":"https:\/\/www.fluimucil-erkaeltungshusten.ch\/de\/wp-json\/wp\/v2\/pages"}],"about":[{"href":"https:\/\/www.fluimucil-erkaeltungshusten.ch\/de\/wp-json\/wp\/v2\/types\/page"}],"author":[{"embeddable":true,"href":"https:\/\/www.fluimucil-erkaeltungshusten.ch\/de\/wp-json\/wp\/v2\/users\/2"}],"replies":[{"embeddable":true,"href":"https:\/\/www.fluimucil-erkaeltungshusten.ch\/de\/wp-json\/wp\/v2\/comments?post=1951"}],"version-history":[{"count":0,"href":"https:\/\/www.fluimucil-erkaeltungshusten.ch\/de\/wp-json\/wp\/v2\/pages\/1951\/revisions"}],"up":[{"embeddable":true,"href":"https:\/\/www.fluimucil-erkaeltungshusten.ch\/de\/wp-json\/wp\/v2\/pages\/1942"}],"wp:featuredmedia":[{"embeddable":true,"href":"https:\/\/www.fluimucil-erkaeltungshusten.ch\/de\/wp-json\/wp\/v2\/media\/1006"}],"wp:attachment":[{"href":"https:\/\/www.fluimucil-erkaeltungshusten.ch\/de\/wp-json\/wp\/v2\/media?parent=1951"}],"wp:term":[{"taxonomy":"category","embeddable":true,"href":"https:\/\/www.fluimucil-erkaeltungshusten.ch\/de\/wp-json\/wp\/v2\/categories?post=1951"},{"taxonomy":"post_tag","embeddable":true,"href":"https:\/\/www.fluimucil-erkaeltungshusten.ch\/de\/wp-json\/wp\/v2\/tags?post=1951"},{"taxonomy":"yst_prominent_words","embeddable":true,"href":"https:\/\/www.fluimucil-erkaeltungshusten.ch\/de\/wp-json\/wp\/v2\/yst_prominent_words?post=1951"}],"curies":[{"name":"wp","href":"https:\/\/api.w.org\/{rel}","templated":true}]}}