{"id":1950,"date":"2017-11-29T15:41:47","date_gmt":"2017-11-29T14:41:47","guid":{"rendered":"https:\/\/www.fluimucil-erkaeltungshusten.ch\/mehr-erfahren\/weitere-informationen\/i-dolori-durante-linfluenza\/"},"modified":"2017-12-16T16:20:01","modified_gmt":"2017-12-16T15:20:01","slug":"schmerzen-bei-grippe","status":"publish","type":"page","link":"https:\/\/www.fluimucil-erkaeltungshusten.ch\/de\/mehr-erfahren\/weitere-informationen\/schmerzen-bei-grippe\/","title":{"rendered":"Schmerzen bei Grippe"},"content":{"rendered":"<div class=\"wpb-content-wrapper\">[mk_page_section vertical_align=&#8220;center&#8220; bg_image=&#8220;https:\/\/www.fluimucil-erkaeltungshusten.ch\/wp-content\/uploads\/2017\/11\/teaser_approfondimenti.jpg&#8220; bg_position=&#8220;center bottom&#8220; bg_repeat=&#8220;no-repeat&#8220; min_height=&#8220;575&#8243; padding_top=&#8220;120&#8243; padding_bottom=&#8220;0&#8243; sidebar=&#8220;sidebar-1&#8243;][vc_column][\/vc_column][\/mk_page_section][vc_row css=&#8220;.vc_custom_1511795486415{padding-top: 20px !important;padding-left: 10px !important;}&#8220;][vc_column width=&#8220;2\/3&#8243;][mk_fancy_title tag_name=&#8220;span&#8220; color=&#8220;#005982&#8243; size=&#8220;22&#8243; font_weight=&#8220;bold&#8220; letter_spacing=&#8220;1&#8243; font_family=&#8220;none&#8220;]WEITERE INFORMATIONEN[\/mk_fancy_title][mk_fancy_title tag_name=&#8220;h1&#8243; color=&#8220;#005982&#8243; size=&#8220;20&#8243; line_height=&#8220;125&#8243; font_weight=&#8220;bold&#8220; font_family=&#8220;none&#8220;]Schmerzen bei Grippe[\/mk_fancy_title][vc_single_image source=&#8220;featured_image&#8220; img_size=&#8220;full&#8220;][vc_column_text css=&#8220;.vc_custom_1513243978199{margin-bottom: 0px !important;}&#8220;]Jeder kennt die Symptome und Beschwerden der\u00a0<a href=\"http:\/\/www.fluimucil-erkaeltungshusten.ch\/de\/Faq\/Glossar#g\" target=\"_self\">Grippe<\/a>, seien es die, von denen die Atemwege betroffen sind, als auch diejenigen, die sich auf den ganzen K\u00f6rper auswirken.<\/p>\n<p>Zu den am h\u00e4ufigsten auftretenden Symptomen des grippalen Infekts und der Parainfluenzaerkrankungen geh\u00f6ren Muskel- und Gelenkschmerzen, mit anderen Worten, man \u201ef\u00fchlt das\u00a0<a href=\"http:\/\/www.fluimucil-erkaeltungshusten.ch\/de\/Faq\/Glossar#f\" target=\"_self\">Fieber<\/a>\u00a0in den Knochen\u201c.<\/p>\n<p>Weshalb schmerzen die Knochen und Muskeln, wenn wir\u00a0<a href=\"http:\/\/www.fluimucil-erkaeltungshusten.ch\/de\/Faq\/Glossar#g\" target=\"_self\">Grippe<\/a>\u00a0haben?<\/p>\n<p>Die bei\u00a0<a href=\"http:\/\/www.fluimucil-erkaeltungshusten.ch\/de\/Faq\/Glossar#g\" target=\"_self\">Grippe<\/a>\u00a0typischen Schmerzen haben einen zweifachen Ursprung, die Ursachen ihrer Entstehung finden sich einerseits im Immunsystem und andererseits im Mineralienhaushalt des K\u00f6rpers.<\/p>\n<p>Obwohl die Ausl\u00f6sung des Grippesyndroms in der Regel von einem begrenzten Bereich des menschlichen K\u00f6rpers ausgeht (in den meisten F\u00e4llen ist dies das\u00a0<a href=\"http:\/\/www.fluimucil-erkaeltungshusten.ch\/de\/Faq\/Glossar#a\" target=\"_self\">Atemsystem<\/a>), ist die vom K\u00f6rper erzeugte Immunantwort generalisiert. Als Reaktion auf den Angriff der Viren setzt das Immunsystem zahlreiche Substanzen frei, unter anderem auch Histamin, welche die Entz\u00fcndungsreaktion einleiten, die den K\u00f6rper von den Krankheitserregern befreit. In den Bereichen des K\u00f6rpers, welche nicht von der Infektion betroffen sind, verursacht die Freisetzung dieser Stoffe eine leichte generalisierte\u00a0<a href=\"http:\/\/www.fluimucil-erkaeltungshusten.ch\/de\/Faq\/Glossar#e\" target=\"_self\">Entz\u00fcndung<\/a>, die vor allem in den Muskeln, Knochen und Gelenken zu sp\u00fcren ist.<\/p>\n<p>Wie sollten die Schmerzen also gelindert werden? Zun\u00e4chst einmal ist es ratsam, die Beschwerden zu lindern, um sie unter Kontrolle zu halten; schliesslich ist auch der Schmerz selbst ein Anzeichen des Kampfes um die Gesundheit, der sich im K\u00f6rper abspielt. Zweitens muss auf gen\u00fcgend Wasserzufuhr und die Erg\u00e4nzung des Mineralienhaushalts geachtet werden (zum Beispiel durch isotonische Getr\u00e4nke, wie Sportler sie verwenden), dies wird zur Linderung der Beschwerden beitragen.[\/vc_column_text][mk_button dimension=&#8220;flat&#8220; corner_style=&#8220;full_rounded&#8220; size=&#8220;medium&#8220; url=&#8220;\/de\/mehr-erfahren\/weitere-informationen\/&#8220; margin_top=&#8220;30&#8243; margin_right=&#8220;0&#8243; bg_color=&#8220;#00768e&#8220; btn_hover_bg=&#8220;rgba(0,118,142,0.75)&#8220;]Zur\u00fcck[\/mk_button][\/vc_column][vc_column width=&#8220;1\/12&#8243;][\/vc_column][vc_column width=&#8220;1\/4&#8243;][vc_wp_custommenu nav_menu=&#8220;14&#8243;][mk_icon_box icon=&#8220;mk-moon-temperature&#8220; title=&#8220;SYMPTOME UND BESCHWERDEN&#8220; text_size=&#8220;13&#8243; read_more_txt=&#8220;Weiter zum Abschnitt&#8220; read_more_url=&#8220;\/de\/Symptome-und-Beschwerden\/Erkaeltungshusten&#8220; style=&#8220;boxed&#8220; icon_location=&#8220;top&#8220; icon_color=&#8220;#075985&#8243; icon_circle_color=&#8220;&#8220; title_color=&#8220;#075985&#8243; txt_color=&#8220;#00768e&#8220; el_class=&#8220;side-icon-box&#8220;]Weitere Informationen \u00fcber jahreszeitlich bedingte Krankheiten.[\/mk_icon_box][\/vc_column][\/vc_row]\n<\/div>","protected":false},"excerpt":{"rendered":"<p>Jeder kennt die Symptome und Beschwerden der Grippe, seien es die, von denen die Atemwege betroffen sind, als auch&#8230;<\/p>\n","protected":false},"author":2,"featured_media":1009,"parent":1942,"menu_order":0,"comment_status":"closed","ping_status":"closed","template":"","meta":{"_monsterinsights_skip_tracking":false,"_monsterinsights_sitenote_active":false,"_monsterinsights_sitenote_note":"","_monsterinsights_sitenote_category":0,"footnotes":""},"categories":[48],"tags":[],"yst_prominent_words":[],"class_list":["post-1950","page","type-page","status-publish","has-post-thumbnail","hentry","category-approfondimenti-de"],"_links":{"self":[{"href":"https:\/\/www.fluimucil-erkaeltungshusten.ch\/de\/wp-json\/wp\/v2\/pages\/1950","targetHints":{"allow":["GET"]}}],"collection":[{"href":"https:\/\/www.fluimucil-erkaeltungshusten.ch\/de\/wp-json\/wp\/v2\/pages"}],"about":[{"href":"https:\/\/www.fluimucil-erkaeltungshusten.ch\/de\/wp-json\/wp\/v2\/types\/page"}],"author":[{"embeddable":true,"href":"https:\/\/www.fluimucil-erkaeltungshusten.ch\/de\/wp-json\/wp\/v2\/users\/2"}],"replies":[{"embeddable":true,"href":"https:\/\/www.fluimucil-erkaeltungshusten.ch\/de\/wp-json\/wp\/v2\/comments?post=1950"}],"version-history":[{"count":0,"href":"https:\/\/www.fluimucil-erkaeltungshusten.ch\/de\/wp-json\/wp\/v2\/pages\/1950\/revisions"}],"up":[{"embeddable":true,"href":"https:\/\/www.fluimucil-erkaeltungshusten.ch\/de\/wp-json\/wp\/v2\/pages\/1942"}],"wp:featuredmedia":[{"embeddable":true,"href":"https:\/\/www.fluimucil-erkaeltungshusten.ch\/de\/wp-json\/wp\/v2\/media\/1009"}],"wp:attachment":[{"href":"https:\/\/www.fluimucil-erkaeltungshusten.ch\/de\/wp-json\/wp\/v2\/media?parent=1950"}],"wp:term":[{"taxonomy":"category","embeddable":true,"href":"https:\/\/www.fluimucil-erkaeltungshusten.ch\/de\/wp-json\/wp\/v2\/categories?post=1950"},{"taxonomy":"post_tag","embeddable":true,"href":"https:\/\/www.fluimucil-erkaeltungshusten.ch\/de\/wp-json\/wp\/v2\/tags?post=1950"},{"taxonomy":"yst_prominent_words","embeddable":true,"href":"https:\/\/www.fluimucil-erkaeltungshusten.ch\/de\/wp-json\/wp\/v2\/yst_prominent_words?post=1950"}],"curies":[{"name":"wp","href":"https:\/\/api.w.org\/{rel}","templated":true}]}}