{"id":1949,"date":"2017-11-29T15:43:47","date_gmt":"2017-11-29T14:43:47","guid":{"rendered":"https:\/\/www.fluimucil-erkaeltungshusten.ch\/mehr-erfahren\/weitere-informationen\/quando-cola-il-naso-la-rinorrea\/"},"modified":"2017-12-16T16:20:02","modified_gmt":"2017-12-16T15:20:02","slug":"wenn-die-nase-laeuft-rhinorrhoe","status":"publish","type":"page","link":"https:\/\/www.fluimucil-erkaeltungshusten.ch\/de\/mehr-erfahren\/weitere-informationen\/wenn-die-nase-laeuft-rhinorrhoe\/","title":{"rendered":"Wenn die Nase l\u00e4uft: Rhinorrhoe"},"content":{"rendered":"<div class=\"wpb-content-wrapper\">[mk_page_section vertical_align=&#8220;center&#8220; bg_image=&#8220;https:\/\/www.fluimucil-erkaeltungshusten.ch\/wp-content\/uploads\/2017\/11\/teaser_approfondimenti.jpg&#8220; bg_position=&#8220;center bottom&#8220; bg_repeat=&#8220;no-repeat&#8220; min_height=&#8220;575&#8243; padding_top=&#8220;120&#8243; padding_bottom=&#8220;0&#8243; sidebar=&#8220;sidebar-1&#8243;][vc_column][\/vc_column][\/mk_page_section][vc_row css=&#8220;.vc_custom_1511795486415{padding-top: 20px !important;padding-left: 10px !important;}&#8220;][vc_column width=&#8220;2\/3&#8243;][mk_fancy_title tag_name=&#8220;span&#8220; color=&#8220;#005982&#8243; size=&#8220;22&#8243; font_weight=&#8220;bold&#8220; letter_spacing=&#8220;1&#8243; font_family=&#8220;none&#8220;]WEITERE INFORMATIONEN[\/mk_fancy_title][mk_fancy_title tag_name=&#8220;h1&#8243; color=&#8220;#005982&#8243; size=&#8220;20&#8243; line_height=&#8220;125&#8243; font_weight=&#8220;bold&#8220; font_family=&#8220;none&#8220;]Wenn die Nase l\u00e4uft: Rhinorrhoe[\/mk_fancy_title][vc_single_image source=&#8220;featured_image&#8220; img_size=&#8220;full&#8220;][vc_column_text css=&#8220;.vc_custom_1513244105664{margin-bottom: 0px !important;}&#8220;]Eines der h\u00e4ufigsten Symptome von Erk\u00e4ltungskrankheiten ist die \u201elaufende Nase\u201c, oder medizinisch ausgedr\u00fcckt \u201e<a href=\"http:\/\/www.fluimucil-erkaeltungshusten.ch\/de\/Faq\/Glossar#r\" target=\"_self\">Rhinorrhoe<\/a>\u201c, aus dem Griechischen \u201erhinos\u201d (Nase) und \u201ereo\u201d (fliessen).<\/p>\n<p>Die\u00a0<a href=\"http:\/\/www.fluimucil-erkaeltungshusten.ch\/de\/Faq\/Glossar#r\" target=\"_self\">Rhinorrhoe<\/a>\u00a0entsteht aus dem\u00a0<a href=\"http:\/\/www.fluimucil-erkaeltungshusten.ch\/de\/Faq\/Glossar#s\" target=\"_self\">Schleim<\/a>, der vom\u00a0<a href=\"http:\/\/www.fluimucil-erkaeltungshusten.ch\/de\/Faq\/Glossar#a\" target=\"_self\">Atemsystem<\/a>\u00a0abgesondert wird, um sich gegen die Angriffe von aussen zu verteidigen: das h\u00e4ufig gleichzeitige Auftreten gr\u00f6sserer Mengen von\u00a0<a href=\"http:\/\/www.fluimucil-erkaeltungshusten.ch\/de\/Faq\/Glossar#k\" target=\"_self\">Katarrh<\/a>k\u00f6nnte an einen gemeinsamen Ursprung des\u00a0<a href=\"http:\/\/www.fluimucil-erkaeltungshusten.ch\/de\/Faq\/Glossar#s\" target=\"_self\">Schleims<\/a>, der aus der Nase l\u00e4uft und dem, der den\u00a0<a href=\"http:\/\/www.fluimucil-erkaeltungshusten.ch\/de\/Faq\/Glossar#e\" target=\"_self\">Erk\u00e4ltungshusten\u00a0<\/a>verursacht, denken lassen, aber in Wirklichkeit ist dem nicht so. W\u00e4hrend es sich beim\u00a0<a href=\"http:\/\/www.fluimucil-erkaeltungshusten.ch\/de\/Faq\/Glossar#k\" target=\"_self\">Katarrh<\/a>\u00a0um den\u00a0<a href=\"http:\/\/www.fluimucil-erkaeltungshusten.ch\/de\/Faq\/Glossar#s\" target=\"_self\">Schleim<\/a>\u00a0handelt, der von den Schleimdr\u00fcsen der Bronchien erzeugt wird, wird der\u00a0<a href=\"http:\/\/www.fluimucil-erkaeltungshusten.ch\/de\/Faq\/Glossar#s\" target=\"_self\">Schleim<\/a>, der typisch f\u00fcr die\u00a0<a href=\"http:\/\/www.fluimucil-erkaeltungshusten.ch\/de\/Faq\/Glossar#r\" target=\"_self\">Rhinorrhoe<\/a>\u00a0ist, von der Nasenschleimhaut produziert. Dies kann verschiedene Ursachen haben, wie z. B. thermodynamische Ungleichgewichte durch trockene K\u00e4lte,\u00a0<a href=\"http:\/\/www.fluimucil-erkaeltungshusten.ch\/de\/Faq\/Glossar#e\" target=\"_self\">Entz\u00fcndungen<\/a>\u00a0durch Viren oder eine\u00a0<a href=\"http:\/\/www.fluimucil-erkaeltungshusten.ch\/de\/Faq\/Glossar#v\" target=\"_self\">verstopfte Nase<\/a>\u00a0aufgrund von allergischen Reaktionen.<\/p>\n<p>Wenn die empfindlichen Schleimhautgewebe feucht gehalten und gesch\u00fctzt werden m\u00fcssen, werden die Schleimdr\u00fcsen der Nase dazu angeregt, sehr viel gr\u00f6ssere Mengen\u00a0<a href=\"http:\/\/www.fluimucil-erkaeltungshusten.ch\/de\/Faq\/Glossar#s\" target=\"_self\">Schleim<\/a>\u00a0zu produzieren, was zu einer Ansammlung und eines fast kontinuierlichen Ausflusses des Schleims f\u00fchrt. Bei diesem Prozess kann es manchmal passieren, dass Luft in den Nasenh\u00f6hlen eingeschlossen bleibt: Der Innendruck steigt dann, und man f\u00fchlt Schmerz, ein Druckgef\u00fchl im Gesicht und die bei st\u00e4rkerem Schnupfen typische Benommenheit.<\/p>\n<p>Normalerweise l\u00e4sst die\u00a0<a href=\"http:\/\/www.fluimucil-erkaeltungshusten.ch\/de\/Faq\/Glossar#r\" target=\"_self\">Rhinorrhoe<\/a>\u00a0nach kurzer Zeit gleichzeitig mit dem R\u00fcckgang der urs\u00e4chlichen Infektion nach; alles, was man braucht, ist ein\u00a0<a href=\"http:\/\/www.fluimucil-erkaeltungshusten.ch\/de\/Faq\/Glossar#a\" target=\"_self\">abschwellendes Mittel<\/a>\u00a0und ein\u00a0<a href=\"http:\/\/www.fluimucil-erkaeltungshusten.ch\/de\/Faq\/Glossar#m\" target=\"_self\">Mukolytikum<\/a>, um die unangenehmen Beschwerden zu behandeln, dazu einen grossen Vorrat Papiertaschent\u00fccher und vor allem viel Geduld.<\/p>\n<p>F\u00fcr weitere Informationen wenden Sie sich bitte an eine Fachperson.[\/vc_column_text][mk_button dimension=&#8220;flat&#8220; corner_style=&#8220;full_rounded&#8220; size=&#8220;medium&#8220; url=&#8220;\/de\/mehr-erfahren\/weitere-informationen\/&#8220; margin_top=&#8220;30&#8243; margin_right=&#8220;0&#8243; bg_color=&#8220;#00768e&#8220; btn_hover_bg=&#8220;rgba(0,118,142,0.75)&#8220;]Zur\u00fcck[\/mk_button][\/vc_column][vc_column width=&#8220;1\/12&#8243;][\/vc_column][vc_column width=&#8220;1\/4&#8243;][vc_wp_custommenu nav_menu=&#8220;14&#8243;][mk_icon_box icon=&#8220;mk-moon-temperature&#8220; title=&#8220;SYMPTOME UND BESCHWERDEN&#8220; text_size=&#8220;13&#8243; read_more_txt=&#8220;Weiter zum Abschnitt&#8220; read_more_url=&#8220;\/de\/Symptome-und-Beschwerden\/Erkaeltungshusten&#8220; style=&#8220;boxed&#8220; icon_location=&#8220;top&#8220; icon_color=&#8220;#075985&#8243; icon_circle_color=&#8220;&#8220; title_color=&#8220;#075985&#8243; txt_color=&#8220;#00768e&#8220; el_class=&#8220;side-icon-box&#8220;]Weitere Informationen \u00fcber jahreszeitlich bedingte Krankheiten.[\/mk_icon_box][\/vc_column][\/vc_row]\n<\/div>","protected":false},"excerpt":{"rendered":"<p>Eines der h\u00e4ufigsten Symptome von Erk\u00e4ltungskrankheiten ist die \u201elaufende Nase\u201c, oder&#8230;<\/p>\n","protected":false},"author":2,"featured_media":1012,"parent":1942,"menu_order":0,"comment_status":"closed","ping_status":"closed","template":"","meta":{"_monsterinsights_skip_tracking":false,"_monsterinsights_sitenote_active":false,"_monsterinsights_sitenote_note":"","_monsterinsights_sitenote_category":0,"footnotes":""},"categories":[48],"tags":[],"yst_prominent_words":[],"class_list":["post-1949","page","type-page","status-publish","has-post-thumbnail","hentry","category-approfondimenti-de"],"_links":{"self":[{"href":"https:\/\/www.fluimucil-erkaeltungshusten.ch\/de\/wp-json\/wp\/v2\/pages\/1949","targetHints":{"allow":["GET"]}}],"collection":[{"href":"https:\/\/www.fluimucil-erkaeltungshusten.ch\/de\/wp-json\/wp\/v2\/pages"}],"about":[{"href":"https:\/\/www.fluimucil-erkaeltungshusten.ch\/de\/wp-json\/wp\/v2\/types\/page"}],"author":[{"embeddable":true,"href":"https:\/\/www.fluimucil-erkaeltungshusten.ch\/de\/wp-json\/wp\/v2\/users\/2"}],"replies":[{"embeddable":true,"href":"https:\/\/www.fluimucil-erkaeltungshusten.ch\/de\/wp-json\/wp\/v2\/comments?post=1949"}],"version-history":[{"count":0,"href":"https:\/\/www.fluimucil-erkaeltungshusten.ch\/de\/wp-json\/wp\/v2\/pages\/1949\/revisions"}],"up":[{"embeddable":true,"href":"https:\/\/www.fluimucil-erkaeltungshusten.ch\/de\/wp-json\/wp\/v2\/pages\/1942"}],"wp:featuredmedia":[{"embeddable":true,"href":"https:\/\/www.fluimucil-erkaeltungshusten.ch\/de\/wp-json\/wp\/v2\/media\/1012"}],"wp:attachment":[{"href":"https:\/\/www.fluimucil-erkaeltungshusten.ch\/de\/wp-json\/wp\/v2\/media?parent=1949"}],"wp:term":[{"taxonomy":"category","embeddable":true,"href":"https:\/\/www.fluimucil-erkaeltungshusten.ch\/de\/wp-json\/wp\/v2\/categories?post=1949"},{"taxonomy":"post_tag","embeddable":true,"href":"https:\/\/www.fluimucil-erkaeltungshusten.ch\/de\/wp-json\/wp\/v2\/tags?post=1949"},{"taxonomy":"yst_prominent_words","embeddable":true,"href":"https:\/\/www.fluimucil-erkaeltungshusten.ch\/de\/wp-json\/wp\/v2\/yst_prominent_words?post=1949"}],"curies":[{"name":"wp","href":"https:\/\/api.w.org\/{rel}","templated":true}]}}