{"id":1948,"date":"2017-11-29T15:46:20","date_gmt":"2017-11-29T14:46:20","guid":{"rendered":"https:\/\/www.fluimucil-erkaeltungshusten.ch\/mehr-erfahren\/weitere-informationen\/come-funzionano-i-suffumigi\/"},"modified":"2017-12-16T16:20:02","modified_gmt":"2017-12-16T15:20:02","slug":"wie-wirken-inhalationen","status":"publish","type":"page","link":"https:\/\/www.fluimucil-erkaeltungshusten.ch\/de\/mehr-erfahren\/weitere-informationen\/wie-wirken-inhalationen\/","title":{"rendered":"Wie wirken Inhalationen?"},"content":{"rendered":"<div class=\"wpb-content-wrapper\">[mk_page_section vertical_align=&#8220;center&#8220; bg_image=&#8220;https:\/\/www.fluimucil-erkaeltungshusten.ch\/wp-content\/uploads\/2017\/11\/teaser_approfondimenti.jpg&#8220; bg_position=&#8220;center bottom&#8220; bg_repeat=&#8220;no-repeat&#8220; min_height=&#8220;575&#8243; padding_top=&#8220;120&#8243; padding_bottom=&#8220;0&#8243; sidebar=&#8220;sidebar-1&#8243;][vc_column][\/vc_column][\/mk_page_section][vc_row css=&#8220;.vc_custom_1511795486415{padding-top: 20px !important;padding-left: 10px !important;}&#8220;][vc_column width=&#8220;2\/3&#8243;][mk_fancy_title tag_name=&#8220;span&#8220; color=&#8220;#005982&#8243; size=&#8220;22&#8243; font_weight=&#8220;bold&#8220; letter_spacing=&#8220;1&#8243; font_family=&#8220;none&#8220;]WEITERE INFORMATIONEN[\/mk_fancy_title][mk_fancy_title tag_name=&#8220;h1&#8243; color=&#8220;#005982&#8243; size=&#8220;20&#8243; line_height=&#8220;125&#8243; font_weight=&#8220;bold&#8220; font_family=&#8220;none&#8220;]Wie wirken Inhalationen?[\/mk_fancy_title][vc_single_image source=&#8220;featured_image&#8220; img_size=&#8220;full&#8220;][vc_column_text css=&#8220;.vc_custom_1513247389086{margin-bottom: 0px !important;}&#8220;]Das Einatmen des heissen Dampfes des Wassers, in dem eine geeignete Substanz gel\u00f6st wurde oder die Verneblung von Medikamenten mit Inhalatoren weisen deutliche Vorteile bei der Behandlung von Erkrankungen der Atemwege auf.<\/p>\n<p>Insbesondere das Inhalieren ist eine traditionelle Methode und sehr wirksam zur Unterst\u00fctzung der normalen medikament\u00f6sen Therapie zur Bek\u00e4mpfung von Symptomen wie\u00a0<a href=\"http:\/\/www.fluimucil-erkaeltungshusten.ch\/de\/Faq\/Glossar#e\" target=\"_self\">Erk\u00e4ltungshusten<\/a>,\u00a0<a href=\"http:\/\/www.fluimucil-erkaeltungshusten.ch\/de\/Faq\/Glossar#s\" target=\"_self\">Schnupfen<\/a>\u00a0und\u00a0<a href=\"http:\/\/www.fluimucil-erkaeltungshusten.ch\/de\/Faq\/Glossar#v\" target=\"_self\">verstopfter Nase<\/a>.<\/p>\n<p>Hierzu werden bestimmte Substanzen in einem Aufguss mit heissem Wasser zubereitet, die mit dem Wasserdampf aufsteigen: Man h\u00e4lt das Gesicht in ausreichender H\u00f6he \u00fcber das Wasser, bedeckt den Kopf und den Beh\u00e4lter mit dem heissen Wasser mit einem Handtuch und atmet den Dampf kraftvoll sowohl durch die Nase als auch mit dem Mund ein.<\/p>\n<p>Die hohe Temperatur verdampft das Wasser und verwandelt es in eine Suspension aus sehr kleinen Teilchen. Mit den inhalierten winzigen Tr\u00f6pfchen erreicht die im Wasser gel\u00f6ste Substanz einfach und wirkungsvoll die gesamte Oberfl\u00e4che der inneren Schleimh\u00e4ute und \u00fcbt bei guter Ausbreitung eine schnelle Wirkung aus. Der inhalierte Wasserdampf tr\u00e4gt ausserdem durch seine Temperatur auch zur Verfl\u00fcssigung des \u00fcbersch\u00fcssigen angesammelten\u00a0<a href=\"http:\/\/www.fluimucil-erkaeltungshusten.ch\/de\/Faq\/Glossar#s\" target=\"_self\">Schleims<\/a>\u00a0bei und erleichtert so den Auswurf.<\/p>\n<p>Unter den f\u00fcr die Gesundheit n\u00fctzlichsten Inhalationsstoffen finden sich Substanzen, welche sehr einfach zu finden sind:<\/p>\n<ul>\n<li>einfaches Natriumbikarbonat, ebenso wie grobk\u00f6rniges Kochsalz, hilft bei der Befreiung verstopfter Atemwege;<\/li>\n<li>Kamille \u00fcbt eine beruhigende Wirkung auf die gereizten Schleimh\u00e4ute aus und verschafft Linderung;<\/li>\n<li>die balsamischen Eigenschaften von Eukalyptus tragen zum Abschwellen der entz\u00fcndeten Schleimh\u00e4ute bei.<\/li>\n<\/ul>\n<p>F\u00fcr weitere Informationen wenden Sie sich bitte an eine Fachperson.[\/vc_column_text][mk_button dimension=&#8220;flat&#8220; corner_style=&#8220;full_rounded&#8220; size=&#8220;medium&#8220; url=&#8220;\/de\/mehr-erfahren\/weitere-informationen\/&#8220; margin_top=&#8220;30&#8243; margin_right=&#8220;0&#8243; bg_color=&#8220;#00768e&#8220; btn_hover_bg=&#8220;rgba(0,118,142,0.75)&#8220;]Zur\u00fcck[\/mk_button][\/vc_column][vc_column width=&#8220;1\/12&#8243;][\/vc_column][vc_column width=&#8220;1\/4&#8243;][vc_wp_custommenu nav_menu=&#8220;14&#8243;][mk_icon_box icon=&#8220;mk-moon-temperature&#8220; title=&#8220;SYMPTOME UND BESCHWERDEN&#8220; text_size=&#8220;13&#8243; read_more_txt=&#8220;Weiter zum Abschnitt&#8220; read_more_url=&#8220;\/de\/Symptome-und-Beschwerden\/Erkaeltungshusten&#8220; style=&#8220;boxed&#8220; icon_location=&#8220;top&#8220; icon_color=&#8220;#075985&#8243; icon_circle_color=&#8220;&#8220; title_color=&#8220;#075985&#8243; txt_color=&#8220;#00768e&#8220; el_class=&#8220;side-icon-box&#8220;]Weitere Informationen \u00fcber jahreszeitlich bedingte Krankheiten.[\/mk_icon_box][\/vc_column][\/vc_row]\n<\/div>","protected":false},"excerpt":{"rendered":"<p>Das Einatmen des heissen Dampfes des Wassers, in dem eine geeignete Substanz gel\u00f6st wurde oder die Verneblung&#8230;<\/p>\n","protected":false},"author":2,"featured_media":1015,"parent":1942,"menu_order":0,"comment_status":"closed","ping_status":"closed","template":"","meta":{"_monsterinsights_skip_tracking":false,"_monsterinsights_sitenote_active":false,"_monsterinsights_sitenote_note":"","_monsterinsights_sitenote_category":0,"footnotes":""},"categories":[48],"tags":[],"yst_prominent_words":[],"class_list":["post-1948","page","type-page","status-publish","has-post-thumbnail","hentry","category-approfondimenti-de"],"_links":{"self":[{"href":"https:\/\/www.fluimucil-erkaeltungshusten.ch\/de\/wp-json\/wp\/v2\/pages\/1948","targetHints":{"allow":["GET"]}}],"collection":[{"href":"https:\/\/www.fluimucil-erkaeltungshusten.ch\/de\/wp-json\/wp\/v2\/pages"}],"about":[{"href":"https:\/\/www.fluimucil-erkaeltungshusten.ch\/de\/wp-json\/wp\/v2\/types\/page"}],"author":[{"embeddable":true,"href":"https:\/\/www.fluimucil-erkaeltungshusten.ch\/de\/wp-json\/wp\/v2\/users\/2"}],"replies":[{"embeddable":true,"href":"https:\/\/www.fluimucil-erkaeltungshusten.ch\/de\/wp-json\/wp\/v2\/comments?post=1948"}],"version-history":[{"count":0,"href":"https:\/\/www.fluimucil-erkaeltungshusten.ch\/de\/wp-json\/wp\/v2\/pages\/1948\/revisions"}],"up":[{"embeddable":true,"href":"https:\/\/www.fluimucil-erkaeltungshusten.ch\/de\/wp-json\/wp\/v2\/pages\/1942"}],"wp:featuredmedia":[{"embeddable":true,"href":"https:\/\/www.fluimucil-erkaeltungshusten.ch\/de\/wp-json\/wp\/v2\/media\/1015"}],"wp:attachment":[{"href":"https:\/\/www.fluimucil-erkaeltungshusten.ch\/de\/wp-json\/wp\/v2\/media?parent=1948"}],"wp:term":[{"taxonomy":"category","embeddable":true,"href":"https:\/\/www.fluimucil-erkaeltungshusten.ch\/de\/wp-json\/wp\/v2\/categories?post=1948"},{"taxonomy":"post_tag","embeddable":true,"href":"https:\/\/www.fluimucil-erkaeltungshusten.ch\/de\/wp-json\/wp\/v2\/tags?post=1948"},{"taxonomy":"yst_prominent_words","embeddable":true,"href":"https:\/\/www.fluimucil-erkaeltungshusten.ch\/de\/wp-json\/wp\/v2\/yst_prominent_words?post=1948"}],"curies":[{"name":"wp","href":"https:\/\/api.w.org\/{rel}","templated":true}]}}