{"id":1947,"date":"2017-11-29T15:48:17","date_gmt":"2017-11-29T14:48:17","guid":{"rendered":"https:\/\/www.fluimucil-erkaeltungshusten.ch\/mehr-erfahren\/weitere-informationen\/muco-nasale-come-fatto-e-come-funziona\/"},"modified":"2017-12-16T16:20:00","modified_gmt":"2017-12-16T15:20:00","slug":"der-nasenschleim-wie-er-sich-zusammensetzt-und-wie-er-funktioniert","status":"publish","type":"page","link":"https:\/\/www.fluimucil-erkaeltungshusten.ch\/de\/mehr-erfahren\/weitere-informationen\/der-nasenschleim-wie-er-sich-zusammensetzt-und-wie-er-funktioniert\/","title":{"rendered":"Der Nasenschleim: Wie er sich zusammensetzt und wie er funktioniert"},"content":{"rendered":"<div class=\"wpb-content-wrapper\">[mk_page_section vertical_align=&#8220;center&#8220; bg_image=&#8220;https:\/\/www.fluimucil-erkaeltungshusten.ch\/wp-content\/uploads\/2017\/11\/teaser_approfondimenti.jpg&#8220; bg_position=&#8220;center bottom&#8220; bg_repeat=&#8220;no-repeat&#8220; min_height=&#8220;575&#8243; padding_top=&#8220;120&#8243; padding_bottom=&#8220;0&#8243; sidebar=&#8220;sidebar-1&#8243;][vc_column][\/vc_column][\/mk_page_section][vc_row css=&#8220;.vc_custom_1511795486415{padding-top: 20px !important;padding-left: 10px !important;}&#8220;][vc_column width=&#8220;2\/3&#8243;][mk_fancy_title tag_name=&#8220;span&#8220; color=&#8220;#005982&#8243; size=&#8220;22&#8243; font_weight=&#8220;bold&#8220; letter_spacing=&#8220;1&#8243; font_family=&#8220;none&#8220;]WEITERE INFORMATIONEN[\/mk_fancy_title][mk_fancy_title tag_name=&#8220;h1&#8243; color=&#8220;#005982&#8243; size=&#8220;20&#8243; line_height=&#8220;125&#8243; font_weight=&#8220;bold&#8220; font_family=&#8220;none&#8220;]Der Nasenschleim: Wie er sich zusammensetzt und wie er funktioniert[\/mk_fancy_title][vc_single_image source=&#8220;featured_image&#8220; img_size=&#8220;full&#8220;][vc_column_text css=&#8220;.vc_custom_1513247563070{margin-bottom: 0px !important;}&#8220;]Obwohl manche dies m\u00f6glicherweise etwas ekelhaft finden, ist der von den Atemwegen produzierte\u00a0<a href=\"http:\/\/www.fluimucil-erkaeltungshusten.ch\/de\/Faq\/Glossar#s\" target=\"_self\">Schleim<\/a>\u00a0der Nase ein ausgezeichneter Abwehrmechanismus f\u00fcr das\u00a0<a href=\"http:\/\/www.fluimucil-erkaeltungshusten.ch\/de\/Faq\/Glossar#a\" target=\"_self\">Atemsystem<\/a>, auf den es sich lohnt, kurz einzugehen, um mehr dar\u00fcber zu erfahren.<\/p>\n<p>Die Zusammensetzung des Nasenschleims ist relativ einfach: es handelt sich dabei um ein dickfl\u00fcssiges Gel auf Basis von Wasser, Glykoproteinen, Salzen und Lipiden; wenn wir krank sind, k\u00f6nnen Immunglobuline (Antik\u00f6rper) und antiseptische Enzyme darin enthalten sein, die eine erste Barriere gegen Infektionen bilden.<\/p>\n<p>Die im\u00a0<a href=\"http:\/\/www.fluimucil-erkaeltungshusten.ch\/de\/Faq\/Glossar#s\" target=\"_self\">Schleim<\/a>\u00a0enthaltenen Glykoproteine sind komplexe Proteine, in deren Struktur Kohlenhydrate enthalten sind; die Zusammensetzung dieser Glykoproteine erm\u00f6glicht die Bildung sehr fester molekularer Bindungen, die in der Lage sind, die Fremdpartikel einzufangen; so erkl\u00e4rt sich also die besondere Viskosit\u00e4t der Fl\u00fcssigkeit.<\/p>\n<p>Der\u00a0<a href=\"http:\/\/www.fluimucil-erkaeltungshusten.ch\/de\/Faq\/Glossar#s\" target=\"_self\">Schleim<\/a>\u00a0wird von speziellen Dr\u00fcsen, den sogenannten Schleimdr\u00fcsen abgesondert, welche sich in die Schleimhaut eingebettet entlang der Nasenh\u00f6hle und der Luftr\u00f6hre befinden. Er besitzt eine zweifache prim\u00e4re Hauptfunktion: erstens befeuchtet und bedeckt dieser die empfindlichen epithelialen Membranen der Atemwege, zweitens gestattet die z\u00e4hfl\u00fcssige Konsistenz des\u00a0<a href=\"http:\/\/www.fluimucil-erkaeltungshusten.ch\/de\/Faq\/Glossar#s\" target=\"_self\">Schleims<\/a>, mit der Luft eingeatmete Fremdk\u00f6rper zu blockieren und einzufangen. So wird das Eindringen in die Lunge verhindert und die Partikel k\u00f6nnen \u00fcber die mukozili\u00e4re Clearance nach oben bef\u00f6rdert und durch\u00a0<a href=\"http:\/\/www.fluimucil-erkaeltungshusten.ch\/de\/Faq\/Glossar#h\" target=\"_self\">Husten<\/a>\u00a0und\u00a0<a href=\"http:\/\/www.fluimucil-erkaeltungshusten.ch\/de\/Faq\/Glossar#n\" target=\"_self\">Niesen<\/a>\u00a0ausgestossen werden.<\/p>\n<p>Wenn aufgrund von K\u00e4lte oder Schleimhautreizungen der Entsorgungsmechanismus des\u00a0<a href=\"http:\/\/www.fluimucil-erkaeltungshusten.ch\/de\/Faq\/Glossar#s\" target=\"_self\">Schleims<\/a> ausser Funktion ist, k\u00f6nnen Bakterien oder Viren Infektionen ausl\u00f6sen; der Angriff und aufgrund der darauffolgenden Entz\u00fcndungsreaktion betroffener\u00a0<a href=\"http:\/\/www.fluimucil-erkaeltungshusten.ch\/de\/Faq\/Glossar#s\" target=\"_self\">Schleim<\/a>\u00a0verwandelt sich in\u00a0<a href=\"http:\/\/www.fluimucil-erkaeltungshusten.ch\/de\/Faq\/Glossar#k\" target=\"_self\">Katarrh<\/a>, sammelt sich in den Atemwegen und f\u00fchrt zu ihrer Verstopfung. So entstehen die bekannten Symptome, wie die sogenannte \u201e<a href=\"http:\/\/www.fluimucil-erkaeltungshusten.ch\/de\/Faq\/Glossar#v\" target=\"_self\">verstopfte Nase<\/a>\u201c oder der\u00a0<a href=\"http:\/\/www.fluimucil-erkaeltungshusten.ch\/de\/Faq\/Glossar#e\" target=\"_self\">Erk\u00e4ltungshusten<\/a>, in beiden F\u00e4llen ist eine Verfl\u00fcssigung des\u00a0<a href=\"http:\/\/www.fluimucil-erkaeltungshusten.ch\/de\/Faq\/Glossar#k\" target=\"_self\">Katarrhs<\/a>\u00a0erforderlich, um den Auswurf zu erleichtern.[\/vc_column_text][mk_button dimension=&#8220;flat&#8220; corner_style=&#8220;full_rounded&#8220; size=&#8220;medium&#8220; url=&#8220;\/de\/mehr-erfahren\/weitere-informationen\/&#8220; margin_top=&#8220;30&#8243; margin_right=&#8220;0&#8243; bg_color=&#8220;#00768e&#8220; btn_hover_bg=&#8220;rgba(0,118,142,0.75)&#8220;]Zur\u00fcck[\/mk_button][\/vc_column][vc_column width=&#8220;1\/12&#8243;][\/vc_column][vc_column width=&#8220;1\/4&#8243;][vc_wp_custommenu nav_menu=&#8220;14&#8243;][mk_icon_box icon=&#8220;mk-moon-temperature&#8220; title=&#8220;SYMPTOME UND BESCHWERDEN&#8220; text_size=&#8220;13&#8243; read_more_txt=&#8220;Weiter zum Abschnitt&#8220; read_more_url=&#8220;\/de\/Symptome-und-Beschwerden\/Erkaeltungshusten&#8220; style=&#8220;boxed&#8220; icon_location=&#8220;top&#8220; icon_color=&#8220;#075985&#8243; icon_circle_color=&#8220;&#8220; title_color=&#8220;#075985&#8243; txt_color=&#8220;#00768e&#8220; el_class=&#8220;side-icon-box&#8220;]Weitere Informationen \u00fcber jahreszeitlich bedingte Krankheiten.[\/mk_icon_box][\/vc_column][\/vc_row]\n<\/div>","protected":false},"excerpt":{"rendered":"<p>Obwohl manche dies m\u00f6glicherweise etwas ekelhaft finden, ist der von den Atemwegen produzierte Schleim der Nase&#8230;<\/p>\n","protected":false},"author":2,"featured_media":1018,"parent":1942,"menu_order":0,"comment_status":"closed","ping_status":"closed","template":"","meta":{"_monsterinsights_skip_tracking":false,"_monsterinsights_sitenote_active":false,"_monsterinsights_sitenote_note":"","_monsterinsights_sitenote_category":0,"footnotes":""},"categories":[48],"tags":[],"yst_prominent_words":[],"class_list":["post-1947","page","type-page","status-publish","has-post-thumbnail","hentry","category-approfondimenti-de"],"_links":{"self":[{"href":"https:\/\/www.fluimucil-erkaeltungshusten.ch\/de\/wp-json\/wp\/v2\/pages\/1947","targetHints":{"allow":["GET"]}}],"collection":[{"href":"https:\/\/www.fluimucil-erkaeltungshusten.ch\/de\/wp-json\/wp\/v2\/pages"}],"about":[{"href":"https:\/\/www.fluimucil-erkaeltungshusten.ch\/de\/wp-json\/wp\/v2\/types\/page"}],"author":[{"embeddable":true,"href":"https:\/\/www.fluimucil-erkaeltungshusten.ch\/de\/wp-json\/wp\/v2\/users\/2"}],"replies":[{"embeddable":true,"href":"https:\/\/www.fluimucil-erkaeltungshusten.ch\/de\/wp-json\/wp\/v2\/comments?post=1947"}],"version-history":[{"count":0,"href":"https:\/\/www.fluimucil-erkaeltungshusten.ch\/de\/wp-json\/wp\/v2\/pages\/1947\/revisions"}],"up":[{"embeddable":true,"href":"https:\/\/www.fluimucil-erkaeltungshusten.ch\/de\/wp-json\/wp\/v2\/pages\/1942"}],"wp:featuredmedia":[{"embeddable":true,"href":"https:\/\/www.fluimucil-erkaeltungshusten.ch\/de\/wp-json\/wp\/v2\/media\/1018"}],"wp:attachment":[{"href":"https:\/\/www.fluimucil-erkaeltungshusten.ch\/de\/wp-json\/wp\/v2\/media?parent=1947"}],"wp:term":[{"taxonomy":"category","embeddable":true,"href":"https:\/\/www.fluimucil-erkaeltungshusten.ch\/de\/wp-json\/wp\/v2\/categories?post=1947"},{"taxonomy":"post_tag","embeddable":true,"href":"https:\/\/www.fluimucil-erkaeltungshusten.ch\/de\/wp-json\/wp\/v2\/tags?post=1947"},{"taxonomy":"yst_prominent_words","embeddable":true,"href":"https:\/\/www.fluimucil-erkaeltungshusten.ch\/de\/wp-json\/wp\/v2\/yst_prominent_words?post=1947"}],"curies":[{"name":"wp","href":"https:\/\/api.w.org\/{rel}","templated":true}]}}