{"id":1931,"date":"2017-11-29T11:57:24","date_gmt":"2017-11-29T10:57:24","guid":{"rendered":"https:\/\/www.fluimucil-erkaeltungshusten.ch\/mehr-erfahren\/senioren\/influenza-quando-vaccinarsi\/"},"modified":"2017-12-16T16:19:58","modified_gmt":"2017-12-16T15:19:58","slug":"grippe-wann-sollte-man-sich-impfen-lassen","status":"publish","type":"page","link":"https:\/\/www.fluimucil-erkaeltungshusten.ch\/de\/mehr-erfahren\/senioren\/grippe-wann-sollte-man-sich-impfen-lassen\/","title":{"rendered":"Grippe: Wann sollte man sich impfen lassen?"},"content":{"rendered":"<div class=\"wpb-content-wrapper\">[mk_page_section vertical_align=&#8220;center&#8220; bg_image=&#8220;https:\/\/www.fluimucil-erkaeltungshusten.ch\/wp-content\/uploads\/2017\/11\/teaser_senior.jpg&#8220; bg_position=&#8220;center bottom&#8220; bg_repeat=&#8220;no-repeat&#8220; min_height=&#8220;575&#8243; padding_top=&#8220;120&#8243; padding_bottom=&#8220;0&#8243; sidebar=&#8220;sidebar-1&#8243;][vc_column][\/vc_column][\/mk_page_section][vc_row css=&#8220;.vc_custom_1511795486415{padding-top: 20px !important;padding-left: 10px !important;}&#8220;][vc_column width=&#8220;2\/3&#8243;][mk_fancy_title tag_name=&#8220;span&#8220; color=&#8220;#005982&#8243; size=&#8220;22&#8243; font_weight=&#8220;bold&#8220; letter_spacing=&#8220;1&#8243; font_family=&#8220;none&#8220;]SENIOREN[\/mk_fancy_title][mk_fancy_title tag_name=&#8220;h1&#8243; color=&#8220;#005982&#8243; size=&#8220;20&#8243; line_height=&#8220;125&#8243; font_weight=&#8220;bold&#8220; font_family=&#8220;none&#8220;]Grippe: Wann sollte man sich impfen lassen?[\/mk_fancy_title][vc_single_image source=&#8220;featured_image&#8220; img_size=&#8220;full&#8220;][vc_column_text css=&#8220;.vc_custom_1513241518232{margin-bottom: 0px !important;}&#8220;]In der Schweiz suchen jedes Jahr mehr als hunderttausend Patienten einen Arzt aufgrund einer saisonalen\u00a0<a href=\"http:\/\/www.fluimucil-erkaeltungshusten.ch\/de\/Faq\/Glossar#g\" target=\"_self\">Grippe<\/a>\u00a0auf. Aus dem gleichen Grund werden mehrere tausend Menschen ins Krankenhaus eingeliefert. J\u00e4hrlich werden etwa hundert Todesf\u00e4lle registriert, welche auf eine Grippeerkrankung zur\u00fcckzuf\u00fchren sind.<\/p>\n<p>Im fortgeschrittenen Alter nehmen die Abwehrkr\u00e4fte des\u00a0<a href=\"http:\/\/www.fluimucil-erkaeltungshusten.ch\/de\/Faq\/Glossar#i\" target=\"_self\">Immunsystems<\/a>\u00a0ab und der K\u00f6rper wird anf\u00e4lliger f\u00fcr Infektionen und Krankheiten; dies gilt auch f\u00fcr die jahreszeitlich bedingten Grippesyndrome.<\/p>\n<p>F\u00fcr einige Personengruppen, darunter auch \u00e4ltere Menschen, S\u00e4uglinge und chronisch Kranke, ist die\u00a0<a href=\"http:\/\/www.fluimucil-erkaeltungshusten.ch\/de\/Faq\/Glossar#g\" target=\"_self\">Grippe<\/a>\u00a0nicht immer ganz harmlos, sondern kann zu schweren Komplikationen f\u00fchren; in der Tat werden Menschen mit einem schwachen\u00a0<a href=\"http:\/\/www.fluimucil-erkaeltungshusten.ch\/de\/Faq\/Glossar#i\" target=\"_self\">Immunsystem<\/a>, also Kinder und Personen \u00fcber 65, st\u00e4rker von der\u00a0<a href=\"http:\/\/www.fluimucil-erkaeltungshusten.ch\/de\/Faq\/Glossar#g\" target=\"_self\">Grippe<\/a>\u00a0getroffen und sind somit den Risiken, welche von Komplikationen der Infektion herr\u00fchren, st\u00e4rker ausgesetzt.<\/p>\n<p>Die\u00a0<a href=\"http:\/\/www.fluimucil-erkaeltungshusten.ch\/de\/Faq\/Glossar#g\" target=\"_self\">Impfung<\/a>\u00a0sch\u00fctzt vor der\u00a0<a href=\"http:\/\/www.fluimucil-erkaeltungshusten.ch\/de\/Faq\/Glossar#g\" target=\"_self\">Grippe<\/a>\u00a0und ihren Komplikationen und verhindert die \u00dcbertragung des Grippevirus auf Menschen, mit denen man in engem Kontakt steht. All dies sind gute Gr\u00fcnde, sich impfen zu lassen.<\/p>\n<p>Eine w\u00e4hrend der Grippesaison 2013\/2014 in der Schweiz durchgef\u00fchrte Umfrage zeigte, dass in diesem Zeitraum folgende Gruppen geimpft wurden: 37 Prozent der \u00fcber 65-j\u00e4hrigen, 31 Prozent der Menschen mit chronischen Erkrankungen und 19 Prozent des Pflegepersonals, welches direkte Kontakte mit den Patienten hatte.<\/p>\n<p>Die F\u00f6rderung der\u00a0<a href=\"http:\/\/www.fluimucil-erkaeltungshusten.ch\/de\/Faq\/Glossar#g\">Impfung<\/a>\u00a0spielt eine wichtige Rolle bei der Pr\u00e4ventionsstrategie gegen die\u00a0<a href=\"http:\/\/www.fluimucil-erkaeltungshusten.ch\/de\/Faq\/Glossar#g\" target=\"_self\">Grippe<\/a>. Einerseits geht es darum, Risikogruppen und ihr Umfeld l\u00fcckenlos zu informieren; \u00fcber 65-j\u00e4hrige Menschen und chronisch Kranke sowie der ihnen nahestehende Personenkreis sollten eingehend informiert werden, so dass sie selbst\u00e4ndige Entscheidungen bez\u00fcglich einer\u00a0<a href=\"http:\/\/www.fluimucil-erkaeltungshusten.ch\/de\/Faq\/Glossar#g\" target=\"_self\">Impfung<\/a>\u00a0treffen k\u00f6nnen. Auf der anderen Seite wendet sich die Strategie an das Pflegepersonal, welches in der Lage sein muss, Pr\u00e4ventionsinformationen klar zu \u00fcbermitteln.<\/p>\n<p>F\u00fcr weitere Informationen wenden Sie sich bitte an eine Fachperson.[\/vc_column_text][mk_button dimension=&#8220;flat&#8220; corner_style=&#8220;full_rounded&#8220; size=&#8220;medium&#8220; url=&#8220;\/de\/mehr-erfahren\/senioren\/&#8220; margin_top=&#8220;30&#8243; margin_right=&#8220;0&#8243; bg_color=&#8220;#00768e&#8220; btn_hover_bg=&#8220;rgba(0,118,142,0.75)&#8220;]Zur\u00fcck[\/mk_button][\/vc_column][vc_column width=&#8220;1\/12&#8243;][\/vc_column][vc_column width=&#8220;1\/4&#8243;][vc_wp_custommenu nav_menu=&#8220;14&#8243;][mk_icon_box icon=&#8220;mk-moon-temperature&#8220; title=&#8220;SYMPTOME UND BESCHWERDEN&#8220; text_size=&#8220;13&#8243; read_more_txt=&#8220;Weiter zum Abschnitt&#8220; read_more_url=&#8220;\/de\/Symptome-und-Beschwerden\/Erkaeltungshusten&#8220; style=&#8220;boxed&#8220; icon_location=&#8220;top&#8220; icon_color=&#8220;#075985&#8243; icon_circle_color=&#8220;&#8220; title_color=&#8220;#075985&#8243; txt_color=&#8220;#00768e&#8220; el_class=&#8220;side-icon-box&#8220;]Weitere Informationen \u00fcber jahreszeitlich bedingte Krankheiten.[\/mk_icon_box][\/vc_column][\/vc_row]\n<\/div>","protected":false},"excerpt":{"rendered":"<p>In der Schweiz suchen jedes Jahr mehr als hunderttausend Patienten einen Arzt aufgrund einer saisonalen Grippe&#8230;<\/p>\n","protected":false},"author":2,"featured_media":973,"parent":1926,"menu_order":0,"comment_status":"closed","ping_status":"closed","template":"","meta":{"_monsterinsights_skip_tracking":false,"_monsterinsights_sitenote_active":false,"_monsterinsights_sitenote_note":"","_monsterinsights_sitenote_category":0,"footnotes":""},"categories":[47],"tags":[],"yst_prominent_words":[],"class_list":["post-1931","page","type-page","status-publish","has-post-thumbnail","hentry","category-senior-de"],"_links":{"self":[{"href":"https:\/\/www.fluimucil-erkaeltungshusten.ch\/de\/wp-json\/wp\/v2\/pages\/1931","targetHints":{"allow":["GET"]}}],"collection":[{"href":"https:\/\/www.fluimucil-erkaeltungshusten.ch\/de\/wp-json\/wp\/v2\/pages"}],"about":[{"href":"https:\/\/www.fluimucil-erkaeltungshusten.ch\/de\/wp-json\/wp\/v2\/types\/page"}],"author":[{"embeddable":true,"href":"https:\/\/www.fluimucil-erkaeltungshusten.ch\/de\/wp-json\/wp\/v2\/users\/2"}],"replies":[{"embeddable":true,"href":"https:\/\/www.fluimucil-erkaeltungshusten.ch\/de\/wp-json\/wp\/v2\/comments?post=1931"}],"version-history":[{"count":0,"href":"https:\/\/www.fluimucil-erkaeltungshusten.ch\/de\/wp-json\/wp\/v2\/pages\/1931\/revisions"}],"up":[{"embeddable":true,"href":"https:\/\/www.fluimucil-erkaeltungshusten.ch\/de\/wp-json\/wp\/v2\/pages\/1926"}],"wp:featuredmedia":[{"embeddable":true,"href":"https:\/\/www.fluimucil-erkaeltungshusten.ch\/de\/wp-json\/wp\/v2\/media\/973"}],"wp:attachment":[{"href":"https:\/\/www.fluimucil-erkaeltungshusten.ch\/de\/wp-json\/wp\/v2\/media?parent=1931"}],"wp:term":[{"taxonomy":"category","embeddable":true,"href":"https:\/\/www.fluimucil-erkaeltungshusten.ch\/de\/wp-json\/wp\/v2\/categories?post=1931"},{"taxonomy":"post_tag","embeddable":true,"href":"https:\/\/www.fluimucil-erkaeltungshusten.ch\/de\/wp-json\/wp\/v2\/tags?post=1931"},{"taxonomy":"yst_prominent_words","embeddable":true,"href":"https:\/\/www.fluimucil-erkaeltungshusten.ch\/de\/wp-json\/wp\/v2\/yst_prominent_words?post=1931"}],"curies":[{"name":"wp","href":"https:\/\/api.w.org\/{rel}","templated":true}]}}