{"id":1930,"date":"2017-11-29T13:55:27","date_gmt":"2017-11-29T12:55:27","guid":{"rendered":"https:\/\/www.fluimucil-erkaeltungshusten.ch\/mehr-erfahren\/senioren\/i-benefici-delle-cure-termali-per-i-senior\/"},"modified":"2017-12-16T16:19:58","modified_gmt":"2017-12-16T15:19:58","slug":"die-vorteilhafte-wirkungen-von-thermalkuren-fuer-senioren","status":"publish","type":"page","link":"https:\/\/www.fluimucil-erkaeltungshusten.ch\/de\/mehr-erfahren\/senioren\/die-vorteilhafte-wirkungen-von-thermalkuren-fuer-senioren\/","title":{"rendered":"Die vorteilhafte Wirkungen von Thermalkuren f\u00fcr Senioren"},"content":{"rendered":"<div class=\"wpb-content-wrapper\">[mk_page_section vertical_align=&#8220;center&#8220; bg_image=&#8220;https:\/\/www.fluimucil-erkaeltungshusten.ch\/wp-content\/uploads\/2017\/11\/teaser_senior.jpg&#8220; bg_position=&#8220;center bottom&#8220; bg_repeat=&#8220;no-repeat&#8220; min_height=&#8220;575&#8243; padding_top=&#8220;120&#8243; padding_bottom=&#8220;0&#8243; sidebar=&#8220;sidebar-1&#8243;][vc_column][\/vc_column][\/mk_page_section][vc_row css=&#8220;.vc_custom_1511795486415{padding-top: 20px !important;padding-left: 10px !important;}&#8220;][vc_column width=&#8220;2\/3&#8243;][mk_fancy_title tag_name=&#8220;span&#8220; color=&#8220;#005982&#8243; size=&#8220;22&#8243; font_weight=&#8220;bold&#8220; letter_spacing=&#8220;1&#8243; font_family=&#8220;none&#8220;]SENIOREN[\/mk_fancy_title][mk_fancy_title tag_name=&#8220;h1&#8243; color=&#8220;#005982&#8243; size=&#8220;20&#8243; line_height=&#8220;125&#8243; font_weight=&#8220;bold&#8220; font_family=&#8220;none&#8220;]Die vorteilhafte Wirkungen von Thermalkuren f\u00fcr Senioren[\/mk_fancy_title][vc_single_image source=&#8220;featured_image&#8220; img_size=&#8220;full&#8220;][vc_column_text css=&#8220;.vc_custom_1513241637720{margin-bottom: 0px !important;}&#8220;]Personen, die das Alter von 65 Jahren erreicht und \u00fcberschritten haben, sind besonders anf\u00e4llig f\u00fcr Erkrankungen der Atemwege.<\/p>\n<p>Eine gute Methode zur Vorbeugung gegen diese Erkrankungen und f\u00fcr die Gesundheitserhaltung kann ein Aufenthalt im Thermalbad sein. Dies in Verbindung mit einer ausgewogenen Ern\u00e4hrung, die reich an essentiellen N\u00e4hrstoffen ist sowie einer ausgiebigen k\u00f6rperlichen Aktivit\u00e4t.<\/p>\n<p>Tats\u00e4chlich kann der einfache Aufenthalt in wasserdampfreichen Umgebungen, im warmen Wasser mit vielen Mineralien wie Schwefel, Jod oder Brom, viele Vorteile mit sich bringen: Die Schleimh\u00e4ute der Atemwege werden auf nat\u00fcrliche Weise befeuchtet und angew\u00e4rmt, die Blutzirkulation verbessert sich dank der gef\u00e4sserweiternden Wirkung des warmen Wassers und die Wirksamkeit der K\u00f6rperreaktion auf\u00a0<a href=\"http:\/\/www.fluimucil-erkaeltungshusten.ch\/de\/Faq\/Glossar#e\" target=\"_self\">Entz\u00fcndungen<\/a>\u00a0wird verbessert. Das\u00a0<a href=\"http:\/\/www.fluimucil-erkaeltungshusten.ch\/de\/Faq\/Glossar#i\" target=\"_self\">Immunsystem<\/a>\u00a0kann zudem Vorteile aus der Mineralienzufuhr ziehen, die Thermalkuren garantieren. Thermalb\u00e4der haben auch wohltuende Wirkungen im Falle von Erkrankungen wie\u00a0<a href=\"http:\/\/www.fluimucil-erkaeltungshusten.ch\/de\/Faq\/Glossar#e\" target=\"_self\">Erk\u00e4ltungshusten<\/a>\u00a0oder<a href=\"http:\/\/www.fluimucil-erkaeltungshusten.ch\/de\/Faq\/Glossar#s\" target=\"_self\">\u00a0Schnupfen<\/a>, da der Dampf und die K\u00f6rperhydratation die Verfl\u00fcssigung des\u00a0<a href=\"http:\/\/www.fluimucil-erkaeltungshusten.ch\/de\/Faq\/Glossar#s\" target=\"_self\">Schleims<\/a>\u00a0und seinen Auswurf beg\u00fcnstigen.<\/p>\n<p>Zusammenfassend ausgedr\u00fcckt kann es manchmal schon gen\u00fcgen, sich ein erholsames Wochenende in einer Therme zu g\u00f6nnen, um die jahreszeitlichen Erkrankungen hinter sich zu lassen.[\/vc_column_text][mk_button dimension=&#8220;flat&#8220; corner_style=&#8220;full_rounded&#8220; size=&#8220;medium&#8220; url=&#8220;\/de\/mehr-erfahren\/senioren\/&#8220; margin_top=&#8220;30&#8243; margin_right=&#8220;0&#8243; bg_color=&#8220;#00768e&#8220; btn_hover_bg=&#8220;rgba(0,118,142,0.75)&#8220;]Zur\u00fcck[\/mk_button][\/vc_column][vc_column width=&#8220;1\/12&#8243;][\/vc_column][vc_column width=&#8220;1\/4&#8243;][vc_wp_custommenu nav_menu=&#8220;14&#8243;][mk_icon_box icon=&#8220;mk-moon-temperature&#8220; title=&#8220;SYMPTOME UND BESCHWERDEN&#8220; text_size=&#8220;13&#8243; read_more_txt=&#8220;Weiter zum Abschnitt&#8220; read_more_url=&#8220;\/de\/Symptome-und-Beschwerden\/Erkaeltungshusten&#8220; style=&#8220;boxed&#8220; icon_location=&#8220;top&#8220; icon_color=&#8220;#075985&#8243; icon_circle_color=&#8220;&#8220; title_color=&#8220;#075985&#8243; txt_color=&#8220;#00768e&#8220; el_class=&#8220;side-icon-box&#8220;]Weitere Informationen \u00fcber jahreszeitlich bedingte Krankheiten.[\/mk_icon_box][\/vc_column][\/vc_row]\n<\/div>","protected":false},"excerpt":{"rendered":"<p>Personen, die das Alter von 65 Jahren erreicht und \u00fcberschritten haben, sind besonders anf\u00e4llig f\u00fcr&#8230;<\/p>\n","protected":false},"author":2,"featured_media":977,"parent":1926,"menu_order":0,"comment_status":"closed","ping_status":"closed","template":"","meta":{"_monsterinsights_skip_tracking":false,"_monsterinsights_sitenote_active":false,"_monsterinsights_sitenote_note":"","_monsterinsights_sitenote_category":0,"footnotes":""},"categories":[47],"tags":[],"yst_prominent_words":[],"class_list":["post-1930","page","type-page","status-publish","has-post-thumbnail","hentry","category-senior-de"],"_links":{"self":[{"href":"https:\/\/www.fluimucil-erkaeltungshusten.ch\/de\/wp-json\/wp\/v2\/pages\/1930","targetHints":{"allow":["GET"]}}],"collection":[{"href":"https:\/\/www.fluimucil-erkaeltungshusten.ch\/de\/wp-json\/wp\/v2\/pages"}],"about":[{"href":"https:\/\/www.fluimucil-erkaeltungshusten.ch\/de\/wp-json\/wp\/v2\/types\/page"}],"author":[{"embeddable":true,"href":"https:\/\/www.fluimucil-erkaeltungshusten.ch\/de\/wp-json\/wp\/v2\/users\/2"}],"replies":[{"embeddable":true,"href":"https:\/\/www.fluimucil-erkaeltungshusten.ch\/de\/wp-json\/wp\/v2\/comments?post=1930"}],"version-history":[{"count":0,"href":"https:\/\/www.fluimucil-erkaeltungshusten.ch\/de\/wp-json\/wp\/v2\/pages\/1930\/revisions"}],"up":[{"embeddable":true,"href":"https:\/\/www.fluimucil-erkaeltungshusten.ch\/de\/wp-json\/wp\/v2\/pages\/1926"}],"wp:featuredmedia":[{"embeddable":true,"href":"https:\/\/www.fluimucil-erkaeltungshusten.ch\/de\/wp-json\/wp\/v2\/media\/977"}],"wp:attachment":[{"href":"https:\/\/www.fluimucil-erkaeltungshusten.ch\/de\/wp-json\/wp\/v2\/media?parent=1930"}],"wp:term":[{"taxonomy":"category","embeddable":true,"href":"https:\/\/www.fluimucil-erkaeltungshusten.ch\/de\/wp-json\/wp\/v2\/categories?post=1930"},{"taxonomy":"post_tag","embeddable":true,"href":"https:\/\/www.fluimucil-erkaeltungshusten.ch\/de\/wp-json\/wp\/v2\/tags?post=1930"},{"taxonomy":"yst_prominent_words","embeddable":true,"href":"https:\/\/www.fluimucil-erkaeltungshusten.ch\/de\/wp-json\/wp\/v2\/yst_prominent_words?post=1930"}],"curies":[{"name":"wp","href":"https:\/\/api.w.org\/{rel}","templated":true}]}}