{"id":1929,"date":"2017-11-29T13:58:30","date_gmt":"2017-11-29T12:58:30","guid":{"rendered":"https:\/\/www.fluimucil-erkaeltungshusten.ch\/mehr-erfahren\/senioren\/terza-eta-e-affezioni-respiratorie-come-tutelare-le-vie-aeree\/"},"modified":"2017-12-16T16:19:58","modified_gmt":"2017-12-16T15:19:58","slug":"senioren-und-atemwegserkrankungen-wie-die-atemwege-zu-schuetzen-sind","status":"publish","type":"page","link":"https:\/\/www.fluimucil-erkaeltungshusten.ch\/de\/mehr-erfahren\/senioren\/senioren-und-atemwegserkrankungen-wie-die-atemwege-zu-schuetzen-sind\/","title":{"rendered":"Senioren und Atemwegserkrankungen: Wie die Atemwege zu sch\u00fctzen sind"},"content":{"rendered":"<div class=\"wpb-content-wrapper\">[mk_page_section vertical_align=&#8220;center&#8220; bg_image=&#8220;https:\/\/www.fluimucil-erkaeltungshusten.ch\/wp-content\/uploads\/2017\/11\/teaser_senior.jpg&#8220; bg_position=&#8220;center bottom&#8220; bg_repeat=&#8220;no-repeat&#8220; min_height=&#8220;575&#8243; padding_top=&#8220;120&#8243; padding_bottom=&#8220;0&#8243; sidebar=&#8220;sidebar-1&#8243;][vc_column][\/vc_column][\/mk_page_section][vc_row css=&#8220;.vc_custom_1511795486415{padding-top: 20px !important;padding-left: 10px !important;}&#8220;][vc_column width=&#8220;2\/3&#8243;][mk_fancy_title tag_name=&#8220;span&#8220; color=&#8220;#005982&#8243; size=&#8220;22&#8243; font_weight=&#8220;bold&#8220; letter_spacing=&#8220;1&#8243; font_family=&#8220;none&#8220;]SENIOREN[\/mk_fancy_title][mk_fancy_title tag_name=&#8220;h1&#8243; color=&#8220;#005982&#8243; size=&#8220;20&#8243; line_height=&#8220;125&#8243; font_weight=&#8220;bold&#8220; font_family=&#8220;none&#8220;]Senioren und Atemwegserkrankungen: Wie die Atemwege zu sch\u00fctzen sind[\/mk_fancy_title][vc_single_image source=&#8220;featured_image&#8220; img_size=&#8220;full&#8220;][vc_column_text css=&#8220;.vc_custom_1513241772224{margin-bottom: 0px !important;}&#8220;]Das h\u00f6here Alter bringt einen nat\u00fcrlichen R\u00fcckgang der Funktionsf\u00e4higkeit des gesamten Organismus mit sich. Dies f\u00fchrt zu einer generellen Erh\u00f6hung der Anf\u00e4lligkeit gegen\u00fcber Krankheiten. Im Falle des\u00a0<a href=\"http:\/\/www.fluimucil-erkaeltungshusten.ch\/de\/Faq\/Glossar#a\" target=\"_self\">Atemsystems<\/a>\u00a0bringt dieser nat\u00fcrliche R\u00fcckgang eine Zunahme der Risikofaktoren im Zusammenhang mit saisonalen Erkrankungen und mit Komplikationen wie einer bakteriellen Lungenentz\u00fcndung mit sich.<\/p>\n<p>Beim Schutz der Atemwege und um unangenehme und potenziell gef\u00e4hrliche Situationen zu vermeiden, spielt die Pr\u00e4vention bei der Unterst\u00fctzung der Abwehrmechanismen des\u00a0<a href=\"http:\/\/www.fluimucil-erkaeltungshusten.ch\/de\/Faq\/Glossar#i\" target=\"_self\">Immunsystems<\/a>eine wichtige Rolle. Es folgen einige einfache Empfehlungen,\u00a0 um die eigene Gesundheit zu sch\u00fctzen und die Funktionalit\u00e4t des Immunsystems im Falle von Erkrankungen auch dann zu erhalten, wenn man sich bereits in einem fortgeschrittenen Alter befindet.<\/p>\n<ul>\n<li>Einer leichten und nahrhaften Ern\u00e4hrung, mit\u00a0 frischem Obst und Gem\u00fcse, soll eine vorrangige Stellung einger\u00e4umt werden, da diese eine korrekte Zufuhr an Mineralien und Vitaminen gew\u00e4hrleistet, die ihrerseits f\u00fcr die Unterhaltung des Immunsystems wichtig sind.<\/li>\n<li>Regelm\u00e4ssige, wenn auch nur leichte Bewegung erm\u00f6glicht in jedem Alter, die Gesundheit und die Funktionsf\u00e4higkeit des K\u00f6rpers zu bewahren.<\/li>\n<li>F\u00fcr \u00e4ltere Menschen gilt weiterhin die Empfehlung sich impfen zu lassen.<\/li>\n<li>Eine wahllose Anwendung von Antibiotika ist zu vermeiden. Auf diese sollte nur dann zur\u00fcckgegriffen werden, wenn es der behandelnde Arzt f\u00fcr notwendig erachtet.<\/li>\n<\/ul>\n<p>F\u00fcr weitere Informationen wenden Sie sich bitte an Ihren Arzt.[\/vc_column_text][mk_button dimension=&#8220;flat&#8220; corner_style=&#8220;full_rounded&#8220; size=&#8220;medium&#8220; url=&#8220;\/de\/mehr-erfahren\/senioren\/&#8220; margin_top=&#8220;30&#8243; margin_right=&#8220;0&#8243; bg_color=&#8220;#00768e&#8220; btn_hover_bg=&#8220;rgba(0,118,142,0.75)&#8220;]Zur\u00fcck[\/mk_button][\/vc_column][vc_column width=&#8220;1\/12&#8243;][\/vc_column][vc_column width=&#8220;1\/4&#8243;][vc_wp_custommenu nav_menu=&#8220;14&#8243;][mk_icon_box icon=&#8220;mk-moon-temperature&#8220; title=&#8220;SYMPTOME UND BESCHWERDEN&#8220; text_size=&#8220;13&#8243; read_more_txt=&#8220;Weiter zum Abschnitt&#8220; read_more_url=&#8220;\/de\/Symptome-und-Beschwerden\/Erkaeltungshusten&#8220; style=&#8220;boxed&#8220; icon_location=&#8220;top&#8220; icon_color=&#8220;#075985&#8243; icon_circle_color=&#8220;&#8220; title_color=&#8220;#075985&#8243; txt_color=&#8220;#00768e&#8220; el_class=&#8220;side-icon-box&#8220;]Weitere Informationen \u00fcber jahreszeitlich bedingte Krankheiten.[\/mk_icon_box][\/vc_column][\/vc_row]\n<\/div>","protected":false},"excerpt":{"rendered":"<p>Das h\u00f6here Alter bringt einen nat\u00fcrlichen R\u00fcckgang der Funktionsf\u00e4higkeit des gesamten Organismus&#8230;<\/p>\n","protected":false},"author":2,"featured_media":980,"parent":1926,"menu_order":0,"comment_status":"closed","ping_status":"closed","template":"","meta":{"_monsterinsights_skip_tracking":false,"_monsterinsights_sitenote_active":false,"_monsterinsights_sitenote_note":"","_monsterinsights_sitenote_category":0,"footnotes":""},"categories":[47],"tags":[],"yst_prominent_words":[],"class_list":["post-1929","page","type-page","status-publish","has-post-thumbnail","hentry","category-senior-de"],"_links":{"self":[{"href":"https:\/\/www.fluimucil-erkaeltungshusten.ch\/de\/wp-json\/wp\/v2\/pages\/1929","targetHints":{"allow":["GET"]}}],"collection":[{"href":"https:\/\/www.fluimucil-erkaeltungshusten.ch\/de\/wp-json\/wp\/v2\/pages"}],"about":[{"href":"https:\/\/www.fluimucil-erkaeltungshusten.ch\/de\/wp-json\/wp\/v2\/types\/page"}],"author":[{"embeddable":true,"href":"https:\/\/www.fluimucil-erkaeltungshusten.ch\/de\/wp-json\/wp\/v2\/users\/2"}],"replies":[{"embeddable":true,"href":"https:\/\/www.fluimucil-erkaeltungshusten.ch\/de\/wp-json\/wp\/v2\/comments?post=1929"}],"version-history":[{"count":0,"href":"https:\/\/www.fluimucil-erkaeltungshusten.ch\/de\/wp-json\/wp\/v2\/pages\/1929\/revisions"}],"up":[{"embeddable":true,"href":"https:\/\/www.fluimucil-erkaeltungshusten.ch\/de\/wp-json\/wp\/v2\/pages\/1926"}],"wp:featuredmedia":[{"embeddable":true,"href":"https:\/\/www.fluimucil-erkaeltungshusten.ch\/de\/wp-json\/wp\/v2\/media\/980"}],"wp:attachment":[{"href":"https:\/\/www.fluimucil-erkaeltungshusten.ch\/de\/wp-json\/wp\/v2\/media?parent=1929"}],"wp:term":[{"taxonomy":"category","embeddable":true,"href":"https:\/\/www.fluimucil-erkaeltungshusten.ch\/de\/wp-json\/wp\/v2\/categories?post=1929"},{"taxonomy":"post_tag","embeddable":true,"href":"https:\/\/www.fluimucil-erkaeltungshusten.ch\/de\/wp-json\/wp\/v2\/tags?post=1929"},{"taxonomy":"yst_prominent_words","embeddable":true,"href":"https:\/\/www.fluimucil-erkaeltungshusten.ch\/de\/wp-json\/wp\/v2\/yst_prominent_words?post=1929"}],"curies":[{"name":"wp","href":"https:\/\/api.w.org\/{rel}","templated":true}]}}