{"id":1892,"date":"2017-11-28T17:23:46","date_gmt":"2017-11-28T16:23:46","guid":{"rendered":"https:\/\/www.fluimucil-erkaeltungshusten.ch\/weitere-infos-und-tipps\/video-informativo\/"},"modified":"2018-04-05T11:53:49","modified_gmt":"2018-04-05T09:53:49","slug":"informatives-video","status":"publish","type":"page","link":"https:\/\/www.fluimucil-erkaeltungshusten.ch\/de\/weitere-infos-und-tipps\/informatives-video\/","title":{"rendered":"Informatives Video"},"content":{"rendered":"<div class=\"wpb-content-wrapper\">[mk_page_section vertical_align=&#8220;center&#8220; bg_image=&#8220;https:\/\/www.fluimucil-erkaeltungshusten.ch\/wp-content\/uploads\/2017\/11\/teaser_videotutorial.jpg&#8220; bg_position=&#8220;center bottom&#8220; bg_repeat=&#8220;no-repeat&#8220; min_height=&#8220;575&#8243; padding_top=&#8220;120&#8243; padding_bottom=&#8220;0&#8243; sidebar=&#8220;sidebar-1&#8243;][vc_column][\/vc_column][\/mk_page_section][vc_row css=&#8220;.vc_custom_1511795486415{padding-top: 20px !important;padding-left: 10px !important;}&#8220;][vc_column width=&#8220;2\/3&#8243;][mk_fancy_title tag_name=&#8220;h1&#8243; color=&#8220;#005982&#8243; size=&#8220;22&#8243; font_weight=&#8220;bold&#8220; letter_spacing=&#8220;1&#8243; font_family=&#8220;none&#8220;]INFORMATIVES VIDEO[\/mk_fancy_title][vc_column_text css=&#8220;.vc_custom_1522921899308{margin-bottom: 0px !important;}&#8220;]Wie funktioniert die <a href=\"\/de\/Faq\/Glossar#a\">Atmung<\/a>? Und was passiert, wenn wir an einer Atemwegserkrankung leiden? In diesem Abschnitt k\u00f6nnen Sie verschiedene Informationen \u00fcber das <a href=\"\/de\/Faq\/Glossar#a\">Atemsystem<\/a>, seine Organe und dar\u00fcber, was passiert, wenn wir krank werden, ansehen und entdecken.[\/vc_column_text][mk_fancy_title color=&#8220;#005982&#8243; size=&#8220;16&#8243; font_weight=&#8220;bold&#8220; letter_spacing=&#8220;1&#8243; margin_top=&#8220;30&#8243; margin_bottom=&#8220;0&#8243; font_family=&#8220;none&#8220;]Mukozili\u00e4re Clearance[\/mk_fancy_title][vc_video host=&#8220;self_hosted&#8220; mp4=&#8220;https:\/\/vod.infomaniak.com\/redirect\/amweb_vod\/fluimucil-41758\/mp4-12\/fluimucil_clearancemucociliare.mp4&#8243; poster_image=&#8220;https:\/\/vod.infomaniak.com\/redirect\/amweb_vod\/fluimucil-41758\/mp4-12\/fluimucil_clearancemucociliare.jpg&#8220;][mk_padding_divider size=&#8220;20&#8243;][vc_accordions open_toggle=&#8220;-1&#8243;][vc_accordion_tab title=&#8220;Beschreibung&#8220;][vc_column_text css=&#8220;.vc_custom_1522921961896{margin-bottom: 0px !important;padding-top: 10px !important;padding-right: 10px !important;padding-bottom: 10px !important;padding-left: 10px !important;}&#8220;]<em>Einer der wichtigsten physikalischen Abwehrmechanismen des Atemsystems ist die sogenannte mukozili\u00e4re Clearance. Die Nase und die unteren Atemwege verf\u00fcgen \u00fcber spezielle schleimproduzierenden Dr\u00fcsen. Diese absondern eine z\u00e4he Substanz &#8211; den Schleim -, zusammengesetzt aus Proteinen, komplexen Zuckern oder Polysacchariden und Wasser, dessen Aufgabe es ist, Bakterien und Staub einzufangen.<\/em><br \/>\n<em>Zudem sind die Luftr\u00f6hre und die Bronchien innen mit einer Schicht Flimmerh\u00e4rchen besetzt, welche sich caudo-cranial, also von unten nach oben bewegen. Unter normalen Bedingungen nutzt der Schleim die Bewegung der H\u00e4rchen, um von den Atemwegen zum Rachenraum transportiert zu werden, wo er geschluckt und verdaut wird oder mechanisch durch Husten, Niesen oder das Naseputzen ausgeschieden wird. Wird kalte Luft eingeatmet, bewegen sich Flimmerh\u00e4rchen weniger und der Schleim neigt dementsprechend dazu, sich in der Luftr\u00f6hre und in den Bronchien anzusammeln. Die Ansammlung von Schleim, neben der Verursachung von l\u00e4stigem schleimigem Husten, erm\u00f6glicht den Krankheitserregern, in den Atemwegen zu verbleiben und sich zu vermehren.<\/em><br \/>\n<em>Eingeatmete Viren haben somit mehr M\u00f6glichkeiten, Krankheiten wie die Grippe oder einen ganz gew\u00f6hnlichen Schnupfen zu verursachen; w\u00e4hrend bakterielle Infektionen zu potenziell gef\u00e4hrlichen Komplikationen wie Bronchitis oder Lungenentz\u00fcndung f\u00fchren k\u00f6nnen. Deshalb ist die mukozili\u00e4re Clearance ein nat\u00fcrlicher Prozess, der so gut wie m\u00f6glich gesch\u00fctzt werden muss, um eine ausgezeichnete Gesundheit aufrecht zu erhalten.<\/em>[\/vc_column_text][\/vc_accordion_tab][\/vc_accordions][mk_padding_divider][vc_column_text css=&#8220;.vc_custom_1522921988104{margin-bottom: 0px !important;}&#8220;]Was passiert genau beim Atmen? Entdecken Sie die Funktionsweise des Atemsystems indem Sie der Reise der Luft, von der Einatmung bis zur Ausatmung, folgen.[\/vc_column_text][mk_fancy_title color=&#8220;#005982&#8243; size=&#8220;16&#8243; font_weight=&#8220;bold&#8220; letter_spacing=&#8220;1&#8243; margin_top=&#8220;30&#8243; margin_bottom=&#8220;0&#8243; font_family=&#8220;none&#8220;]Wie funktioniert die Atmung[\/mk_fancy_title][vc_video host=&#8220;self_hosted&#8220; mp4=&#8220;https:\/\/vod.infomaniak.com\/redirect\/amweb_vod\/fluimucil-41758\/mp4-12\/fluimucil_respirazione.mp4&#8243; poster_image=&#8220;https:\/\/vod.infomaniak.com\/redirect\/amweb_vod\/fluimucil-41758\/mp4-12\/fluimucil_respirazione.jpg&#8220;][mk_padding_divider size=&#8220;20&#8243;][vc_accordions open_toggle=&#8220;-1&#8243;][vc_accordion_tab title=&#8220;Beschreibung&#8220;][vc_column_text css=&#8220;.vc_custom_1521650622587{margin-bottom: 0px !important;padding-top: 10px !important;padding-right: 10px !important;padding-bottom: 10px !important;padding-left: 10px !important;}&#8220;]<em>Der Atmungsapparat ist das System, das aus den Organen besteht, welche die Atmung erm\u00f6glichen, beziehungsweise den Austausch von Gas, welcher dem K\u00f6rper erlaubt, Sauerstoff zu absorbieren, welcher f\u00fcr den Zellstoffwechsel n\u00fctzlich und f\u00fcr das Funktionieren des K\u00f6rpers unerl\u00e4sslich ist sowie Kohlendioxid als Abfallstoff der chemischen Prozesse, welche in den Zellen stattfinden, auszustossen.<\/em><br \/>\n<em>Die sauerstoffbeladene Luft tritt durch die Nase in den K\u00f6rper ein und durchquert zwei Kan\u00e4le, den Rachen und den Kehlkopf, und dringt entlang eines grossen Gangs, der Luftr\u00f6hre, weiter in den K\u00f6rper ein. Die Luftr\u00f6hre spaltet sich auf der H\u00f6he des Brustkorbs und \u00f6ffnet sich in die Bronchien.<\/em><br \/>\n<em>Die Bronchien transportieren Sauerstoff in die Lunge, zwei grosse sackf\u00f6rmige Organe, in denen die Luft durch die Bronchiolen, der Ver\u00e4stelung der Bronchien, bis zu den Lungenbl\u00e4schen gelangt.<\/em><br \/>\n<em>Die Lungenbl\u00e4schen absorbieren den in der Luft enthaltenen Sauerstoff und leiten ihn an das Blut weiter, welches den Sauerstoff in alle Zellen des K\u00f6rpers f\u00fchrt.<\/em><br \/>\n<em>Im Gegenzug setzen die Zellen Kohlendioxid frei, das vom K\u00f6rper nicht ben\u00f6tigt wird und vom Blut zur Lunge transportiert wird. Das Kohlendioxid wird in der Gegenrichtung zum Sauerstoff zur Nase und zum Mund gepumpt und aus dem K\u00f6rper ausgestossen.<\/em><\/p>\n<p><em>Die Aufnahme des Sauerstoffes in den K\u00f6rper wird als Einatmung bezeichnet, der Vorgang des Ausstossens des Kohlendioxids wird hingegen Ausatmung genannt.<\/em><br \/>\n<em>Unter normalen Bedingungen atmen wir etwa 15 Mal pro Minute ein und aus.<\/em>[\/vc_column_text][\/vc_accordion_tab][\/vc_accordions][\/vc_column][vc_column width=&#8220;1\/12&#8243;][\/vc_column][vc_column width=&#8220;1\/4&#8243;][vc_wp_custommenu nav_menu=&#8220;11&#8243;][mk_icon_box icon=&#8220;mk-moon-temperature&#8220; title=&#8220;SYMPTOME UND BESCHWERDEN&#8220; text_size=&#8220;13&#8243; read_more_txt=&#8220;Weiter zum Abschnitt&#8220; read_more_url=&#8220;\/de\/Symptome-und-Beschwerden\/Erkaeltungshusten&#8220; style=&#8220;boxed&#8220; icon_location=&#8220;top&#8220; icon_color=&#8220;#075985&#8243; icon_circle_color=&#8220;&#8220; title_color=&#8220;#075985&#8243; txt_color=&#8220;#00768e&#8220; el_class=&#8220;side-icon-box&#8220;]Weitere Informationen \u00fcber jahreszeitlich bedingte Krankheiten.[\/mk_icon_box][mk_icon_box icon=&#8220;mk-icon-lightbulb-o&#8220; title=&#8220;MEHR ERFAHREN&#8220; text_size=&#8220;13&#8243; read_more_txt=&#8220;Weiter zum Abschnitt&#8220; read_more_url=&#8220;\/de\/Mehr-erfahren\/Muetter-und-Kinder&#8220; style=&#8220;boxed&#8220; icon_location=&#8220;top&#8220; icon_color=&#8220;#075985&#8243; icon_circle_color=&#8220;&#8220; title_color=&#8220;#075985&#8243; txt_color=&#8220;#00768e&#8220; el_class=&#8220;side-icon-box&#8220;]Neuigkeiten und n\u00fctzliche Informationen.[\/mk_icon_box][\/vc_column][\/vc_row]\n<\/div>","protected":false},"excerpt":{"rendered":"<p>[mk_page_section vertical_align=&#8220;center&#8220; bg_image=&#8220;https:\/\/www.fluimucil-erkaeltungshusten.ch\/wp-content\/uploads\/2017\/11\/teaser_videotutorial.jpg&#8220; bg_position=&#8220;center bottom&#8220; bg_repeat=&#8220;no-repeat&#8220; min_height=&#8220;575&#8243; padding_top=&#8220;120&#8243; padding_bottom=&#8220;0&#8243; sidebar=&#8220;sidebar-1&#8243;][vc_column][\/vc_column][\/mk_page_section][vc_row css=&#8220;.vc_custom_1511795486415{padding-top: 20px !important;padding-left: 10px !important;}&#8220;][vc_column width=&#8220;2\/3&#8243;][mk_fancy_title tag_name=&#8220;h1&#8243; color=&#8220;#005982&#8243; size=&#8220;22&#8243; font_weight=&#8220;bold&#8220; letter_spacing=&#8220;1&#8243; font_family=&#8220;none&#8220;]INFORMATIVES VIDEO[\/mk_fancy_title][vc_column_text css=&#8220;.vc_custom_1522921899308{margin-bottom: 0px !important;}&#8220;]Wie funktioniert die Atmung? Und was passiert, wenn wir an einer Atemwegserkrankung leiden? In diesem Abschnitt k\u00f6nnen Sie verschiedene Informationen \u00fcber das Atemsystem, seine Organe und dar\u00fcber, was passiert, wenn [&hellip;]<\/p>\n","protected":false},"author":2,"featured_media":0,"parent":1839,"menu_order":0,"comment_status":"closed","ping_status":"closed","template":"","meta":{"_monsterinsights_skip_tracking":false,"_monsterinsights_sitenote_active":false,"_monsterinsights_sitenote_note":"","_monsterinsights_sitenote_category":0,"footnotes":""},"categories":[],"tags":[],"yst_prominent_words":[409,432,616,430,433,614,427,429,419,612,613,615,421,417,185,477,422,418,416,420],"class_list":["post-1892","page","type-page","status-publish","hentry"],"_links":{"self":[{"href":"https:\/\/www.fluimucil-erkaeltungshusten.ch\/de\/wp-json\/wp\/v2\/pages\/1892","targetHints":{"allow":["GET"]}}],"collection":[{"href":"https:\/\/www.fluimucil-erkaeltungshusten.ch\/de\/wp-json\/wp\/v2\/pages"}],"about":[{"href":"https:\/\/www.fluimucil-erkaeltungshusten.ch\/de\/wp-json\/wp\/v2\/types\/page"}],"author":[{"embeddable":true,"href":"https:\/\/www.fluimucil-erkaeltungshusten.ch\/de\/wp-json\/wp\/v2\/users\/2"}],"replies":[{"embeddable":true,"href":"https:\/\/www.fluimucil-erkaeltungshusten.ch\/de\/wp-json\/wp\/v2\/comments?post=1892"}],"version-history":[{"count":0,"href":"https:\/\/www.fluimucil-erkaeltungshusten.ch\/de\/wp-json\/wp\/v2\/pages\/1892\/revisions"}],"up":[{"embeddable":true,"href":"https:\/\/www.fluimucil-erkaeltungshusten.ch\/de\/wp-json\/wp\/v2\/pages\/1839"}],"wp:attachment":[{"href":"https:\/\/www.fluimucil-erkaeltungshusten.ch\/de\/wp-json\/wp\/v2\/media?parent=1892"}],"wp:term":[{"taxonomy":"category","embeddable":true,"href":"https:\/\/www.fluimucil-erkaeltungshusten.ch\/de\/wp-json\/wp\/v2\/categories?post=1892"},{"taxonomy":"post_tag","embeddable":true,"href":"https:\/\/www.fluimucil-erkaeltungshusten.ch\/de\/wp-json\/wp\/v2\/tags?post=1892"},{"taxonomy":"yst_prominent_words","embeddable":true,"href":"https:\/\/www.fluimucil-erkaeltungshusten.ch\/de\/wp-json\/wp\/v2\/yst_prominent_words?post=1892"}],"curies":[{"name":"wp","href":"https:\/\/api.w.org\/{rel}","templated":true}]}}