{"id":1868,"date":"2017-11-28T16:31:54","date_gmt":"2017-11-28T15:31:54","guid":{"rendered":"https:\/\/www.fluimucil-erkaeltungshusten.ch\/weitere-infos-und-tipps\/empfehlungen\/sbalzi-termici-come-e-perche-evitarli-2\/"},"modified":"2017-12-16T16:20:12","modified_gmt":"2017-12-16T15:20:12","slug":"starke-temperaturschwankungen-wie-und-warum-man-sie-vermeiden-sollte","status":"publish","type":"page","link":"https:\/\/www.fluimucil-erkaeltungshusten.ch\/de\/weitere-infos-und-tipps\/empfehlungen\/starke-temperaturschwankungen-wie-und-warum-man-sie-vermeiden-sollte\/","title":{"rendered":"Starke Temperaturschwankungen: wie und warum man sie vermeiden sollte"},"content":{"rendered":"<div class=\"wpb-content-wrapper\">[mk_page_section vertical_align=&#8220;center&#8220; bg_image=&#8220;https:\/\/www.fluimucil-erkaeltungshusten.ch\/wp-content\/uploads\/2017\/11\/teaser_comeprevenire.jpg&#8220; bg_position=&#8220;center bottom&#8220; bg_repeat=&#8220;no-repeat&#8220; min_height=&#8220;575&#8243; padding_top=&#8220;120&#8243; padding_bottom=&#8220;0&#8243; sidebar=&#8220;sidebar-1&#8243;][vc_column][\/vc_column][\/mk_page_section][vc_row css=&#8220;.vc_custom_1511795486415{padding-top: 20px !important;padding-left: 10px !important;}&#8220;][vc_column width=&#8220;2\/3&#8243;][mk_fancy_title tag_name=&#8220;span&#8220; color=&#8220;#005982&#8243; size=&#8220;22&#8243; font_weight=&#8220;bold&#8220; letter_spacing=&#8220;1&#8243; font_family=&#8220;none&#8220;]EMPFEHLUNGEN[\/mk_fancy_title][mk_fancy_title tag_name=&#8220;h1&#8243; color=&#8220;#005982&#8243; size=&#8220;20&#8243; line_height=&#8220;125&#8243; font_weight=&#8220;bold&#8220; font_family=&#8220;none&#8220;]Starke Temperaturschwankungen: wie und warum man sie vermeiden sollte[\/mk_fancy_title][vc_single_image source=&#8220;featured_image&#8220; img_size=&#8220;full&#8220;][vc_column_text css=&#8220;.vc_custom_1513162462510{margin-bottom: 0px !important;}&#8220;]Bei jahreszeitlich bedingten Erkrankungen, von der\u00a0<a href=\"http:\/\/www.fluimucil-erkaeltungshusten.ch\/de\/Faq\/Glossar#g\" target=\"_self\">Grippe<\/a>\u00a0bis hin zur\u00a0<a href=\"http:\/\/www.fluimucil-erkaeltungshusten.ch\/de\/Faq\/Glossar#g\" target=\"_self\">Erk\u00e4ltung<\/a>\u00a0und zum\u00a0<a href=\"http:\/\/www.fluimucil-erkaeltungshusten.ch\/de\/Faq\/Glossar#e\" target=\"_self\">Erk\u00e4ltungshusten<\/a>, r\u00e4t die Volksweisheit dazu, pl\u00f6tzliche und starke Temperaturschwankungen, beziehungsweise zu abrupte Wechsel von der W\u00e4rme in die K\u00e4lte zu vermeiden.<\/p>\n<p>Diese Intuition wird von dem unangenehmen Gef\u00fchl best\u00e4tigt, das wir im Winter haben, wenn wir aus der K\u00e4lte in \u00fcberheizte geschlossene R\u00e4ume kommen. Dies gilt aber auch f\u00fcr das Gegenteil, wenn man im Sommer von hohen Aussentemperaturen in Geb\u00e4ude eintritt, in denen die Temperatur durch die Klimaanlage stark gesenkt werden. In diesen F\u00e4llen steigt in der Tat die H\u00e4ufigkeit von Erkrankungen der Atemwege drastisch an.<\/p>\n<p><strong>Woher kommt das?<\/strong><\/p>\n<p>Die Antwort findet sich in der menschlichen Physiologie: zu den Abwehrmechanismen der Atemwege geh\u00f6ren schleimproduzierende Zellen, die den notwendigen\u00a0<a href=\"http:\/\/www.fluimucil-erkaeltungshusten.ch\/de\/Faq\/Glossar#s\" target=\"_self\">Schleim<\/a>\u00a0absondern, um Viren, Bakterien und\u00a0<a href=\"http:\/\/www.fluimucil-erkaeltungshusten.ch\/de\/Faq\/Glossar#r\" target=\"_self\">Reizstoffe<\/a>\u00a0aufzuhalten sowie Zellen mit Flimmerh\u00e4rchen, die mit ihrer Bewegung helfen, den\u00a0<a href=\"http:\/\/www.fluimucil-erkaeltungshusten.ch\/de\/Faq\/Glossar#s\" target=\"_self\">Schleim<\/a>\u00a0auszuscheiden.<\/p>\n<p><strong>Die\u00a0Flimmerzellen der Atemwege werden stark von der Umgebungstemperatur beeinflusst<\/strong>: wenn diese abrupt abf\u00e4llt, neigt die Bewegung der Flimmerh\u00e4rchen dazu, anzuhalten, wodurch der Schleim angesammelt und Infektionen beg\u00fcnstigt werden, die dann zum Aufreten der Krankheiten f\u00fchren.<\/p>\n<p>Wie kann man diesem Prozess entgegenwirken und Erkrankungen der Atemwege vorbeugen? Die Antwort liegt im gesunden Menschenverstand: Im Winter sollte die Innentemperatur angepasst werden, um Temperaturschocks zu vermeiden; ebenso sollte vermieden werden, klimatisierte R\u00e4ume im Sommer zu sehr abzuk\u00fchlen. Auf jeden Fall sind Vorsichtsmassnahmen sinnvoll, wie sich nach dem Zwiebelschalenprinzip zu kleiden, um so auf Temperaturschwankungen besser reagieren zu k\u00f6nnen, dies hilft dem\u00a0<a href=\"http:\/\/www.fluimucil-erkaeltungshusten.ch\/de\/Faq\/Glossar#a\" target=\"_self\">Atemsystem<\/a>\u00a0nicht \u00fcberfordert zu werden, wodurch das Risiko einer Erkrankung deutlich reduziert wird.[\/vc_column_text][mk_button dimension=&#8220;flat&#8220; corner_style=&#8220;full_rounded&#8220; size=&#8220;medium&#8220; url=&#8220;\/de\/weitere-infos-und-tipps\/empfehlungen\/&#8220; margin_top=&#8220;30&#8243; margin_right=&#8220;0&#8243; bg_color=&#8220;#00768e&#8220; btn_hover_bg=&#8220;rgba(0,118,142,0.75)&#8220;]Zur\u00fcck[\/mk_button][\/vc_column][vc_column width=&#8220;1\/12&#8243;][\/vc_column][vc_column width=&#8220;1\/4&#8243;][vc_wp_custommenu nav_menu=&#8220;11&#8243;][mk_icon_box icon=&#8220;mk-moon-temperature&#8220; title=&#8220;SYMPTOME UND BESCHWERDEN&#8220; text_size=&#8220;13&#8243; read_more_txt=&#8220;Weiter zum Abschnitt&#8220; read_more_url=&#8220;\/de\/Symptome-und-Beschwerden\/Erkaeltungshusten&#8220; style=&#8220;boxed&#8220; icon_location=&#8220;top&#8220; icon_color=&#8220;#075985&#8243; icon_circle_color=&#8220;&#8220; title_color=&#8220;#075985&#8243; txt_color=&#8220;#00768e&#8220; el_class=&#8220;side-icon-box&#8220;]Weitere Informationen \u00fcber jahreszeitlich bedingte Krankheiten.[\/mk_icon_box][mk_icon_box icon=&#8220;mk-icon-lightbulb-o&#8220; title=&#8220;MEHR ERFAHREN&#8220; text_size=&#8220;13&#8243; read_more_txt=&#8220;Weiter zum Abschnitt&#8220; read_more_url=&#8220;\/de\/Mehr-erfahren\/Muetter-und-Kinder&#8220; style=&#8220;boxed&#8220; icon_location=&#8220;top&#8220; icon_color=&#8220;#075985&#8243; icon_circle_color=&#8220;&#8220; title_color=&#8220;#075985&#8243; txt_color=&#8220;#00768e&#8220; el_class=&#8220;side-icon-box&#8220;]Neuigkeiten und n\u00fctzliche Informationen.[\/mk_icon_box][\/vc_column][\/vc_row]\n<\/div>","protected":false},"excerpt":{"rendered":"<p>Bei jahreszeitlich bedingten Erkrankungen, von der Grippe bis hin zur Erk\u00e4ltung und zum Erk\u00e4ltungshusten,&#8230;<\/p>\n","protected":false},"author":2,"featured_media":811,"parent":1852,"menu_order":0,"comment_status":"closed","ping_status":"closed","template":"","meta":{"_monsterinsights_skip_tracking":false,"_monsterinsights_sitenote_active":false,"_monsterinsights_sitenote_note":"","_monsterinsights_sitenote_category":0,"footnotes":""},"categories":[44],"tags":[],"yst_prominent_words":[],"class_list":["post-1868","page","type-page","status-publish","has-post-thumbnail","hentry","category-consigli-de"],"_links":{"self":[{"href":"https:\/\/www.fluimucil-erkaeltungshusten.ch\/de\/wp-json\/wp\/v2\/pages\/1868","targetHints":{"allow":["GET"]}}],"collection":[{"href":"https:\/\/www.fluimucil-erkaeltungshusten.ch\/de\/wp-json\/wp\/v2\/pages"}],"about":[{"href":"https:\/\/www.fluimucil-erkaeltungshusten.ch\/de\/wp-json\/wp\/v2\/types\/page"}],"author":[{"embeddable":true,"href":"https:\/\/www.fluimucil-erkaeltungshusten.ch\/de\/wp-json\/wp\/v2\/users\/2"}],"replies":[{"embeddable":true,"href":"https:\/\/www.fluimucil-erkaeltungshusten.ch\/de\/wp-json\/wp\/v2\/comments?post=1868"}],"version-history":[{"count":0,"href":"https:\/\/www.fluimucil-erkaeltungshusten.ch\/de\/wp-json\/wp\/v2\/pages\/1868\/revisions"}],"up":[{"embeddable":true,"href":"https:\/\/www.fluimucil-erkaeltungshusten.ch\/de\/wp-json\/wp\/v2\/pages\/1852"}],"wp:featuredmedia":[{"embeddable":true,"href":"https:\/\/www.fluimucil-erkaeltungshusten.ch\/de\/wp-json\/wp\/v2\/media\/811"}],"wp:attachment":[{"href":"https:\/\/www.fluimucil-erkaeltungshusten.ch\/de\/wp-json\/wp\/v2\/media?parent=1868"}],"wp:term":[{"taxonomy":"category","embeddable":true,"href":"https:\/\/www.fluimucil-erkaeltungshusten.ch\/de\/wp-json\/wp\/v2\/categories?post=1868"},{"taxonomy":"post_tag","embeddable":true,"href":"https:\/\/www.fluimucil-erkaeltungshusten.ch\/de\/wp-json\/wp\/v2\/tags?post=1868"},{"taxonomy":"yst_prominent_words","embeddable":true,"href":"https:\/\/www.fluimucil-erkaeltungshusten.ch\/de\/wp-json\/wp\/v2\/yst_prominent_words?post=1868"}],"curies":[{"name":"wp","href":"https:\/\/api.w.org\/{rel}","templated":true}]}}