{"id":1867,"date":"2017-11-28T16:35:04","date_gmt":"2017-11-28T15:35:04","guid":{"rendered":"https:\/\/www.fluimucil-erkaeltungshusten.ch\/weitere-infos-und-tipps\/empfehlungen\/i-benefici-dellaria-di-mare-per-le-vie-respiratorie\/"},"modified":"2017-12-16T16:20:10","modified_gmt":"2017-12-16T15:20:10","slug":"die-wohltuende-wirkung-der-meeresluft-auf-die-atemwege","status":"publish","type":"page","link":"https:\/\/www.fluimucil-erkaeltungshusten.ch\/de\/weitere-infos-und-tipps\/empfehlungen\/die-wohltuende-wirkung-der-meeresluft-auf-die-atemwege\/","title":{"rendered":"Die wohltuende Wirkung der Meeresluft auf die Atemwege"},"content":{"rendered":"<div class=\"wpb-content-wrapper\">[mk_page_section vertical_align=&#8220;center&#8220; bg_image=&#8220;https:\/\/www.fluimucil-erkaeltungshusten.ch\/wp-content\/uploads\/2017\/11\/teaser_comeprevenire.jpg&#8220; bg_position=&#8220;center bottom&#8220; bg_repeat=&#8220;no-repeat&#8220; min_height=&#8220;575&#8243; padding_top=&#8220;120&#8243; padding_bottom=&#8220;0&#8243; sidebar=&#8220;sidebar-1&#8243;][vc_column][\/vc_column][\/mk_page_section][vc_row css=&#8220;.vc_custom_1511795486415{padding-top: 20px !important;padding-left: 10px !important;}&#8220;][vc_column width=&#8220;2\/3&#8243;][mk_fancy_title tag_name=&#8220;span&#8220; color=&#8220;#005982&#8243; size=&#8220;22&#8243; font_weight=&#8220;bold&#8220; letter_spacing=&#8220;1&#8243; font_family=&#8220;none&#8220;]EMPFEHLUNGEN[\/mk_fancy_title][mk_fancy_title tag_name=&#8220;h1&#8243; color=&#8220;#005982&#8243; size=&#8220;20&#8243; line_height=&#8220;125&#8243; font_weight=&#8220;bold&#8220; font_family=&#8220;none&#8220;]Die wohltuende Wirkung der Meeresluft auf die Atemwege[\/mk_fancy_title][vc_single_image source=&#8220;featured_image&#8220; img_size=&#8220;full&#8220;][vc_column_text css=&#8220;.vc_custom_1513169640974{margin-bottom: 0px !important;}&#8220;]Es geh\u00f6rt schon fast zum Allgemeinwissen, dass ein Aufenthalt am Meer viele Vorteile mit sich bringt; insbesondere heisst es, dass das in der Luft enthaltene Jod sehr wichtig f\u00fcr die Gesundheit der Atemwege sei.<\/p>\n<p>Diese Erkenntnisse sind die Grundlage der sogenannten Thalassotherapie (aus dem Griechischen Thalassa, \u201cMeer\u201c); eine klimatherapeutische Disziplin, die im neunzehnten Jahrhundert in Frankreich erfunden wurde und der man den heute allgemein verbreiteten Sommerurlaub am Meer verdankt.<\/p>\n<p>Wie viel Wahres hat das Ganze an sich? Es muss hier etwas Klarheit geschaffen werden, aber es scheint, dass eine Spur Wahreit darin liegt.<\/p>\n<p>Der Ferienstimmung eines Aufenthalts am Meer geht im Allgemeinen mit einem Zustand der Entspannung des K\u00f6rpers einher; auch das\u00a0<a href=\"http:\/\/www.fluimucil-erkaeltungshusten.ch\/de\/Faq\/Glossar#a\" target=\"_self\">Atemsystem<\/a>, das dank der Entspannung der\u00a0<a href=\"http:\/\/www.fluimucil-erkaeltungshusten.ch\/de\/Faq\/Glossar#a\" target=\"_self\">Atemmuskulatur<\/a>, welche typischerweise aufgrund der Hektik des Lebens angespannt ist, profitiert davon. Eine tiefere und freiere\u00a0<a href=\"http:\/\/www.fluimucil-erkaeltungshusten.ch\/de\/Faq\/Glossar#a\" target=\"_self\">Atmung<\/a>\u00a0f\u00fchrt zu einer besseren Sauerstoffversorgung.<\/p>\n<p>Im Allgemeinen ist auch die Luftverschmutzung an kleineren Orten, weit ab von grossen St\u00e4dten deutlich geringer, was f\u00fcr viele Urlaubsorte zutrifft; aus diesem Grund gelangen sehr viel weniger potenziell sch\u00e4dliche\u00a0<a href=\"http:\/\/www.fluimucil-erkaeltungshusten.ch\/de\/Faq\/Glossar#r\" target=\"_self\">Reizstoffe<\/a>\u00a0in die Luftwege.<\/p>\n<p>Die Vorz\u00fcge der Meeresluft sind hiermit sicherlich noch nicht ersch\u00f6pft: das Konzept, \u201cSeeluft tut gut, weil sie reich an Jod ist\u201c, ist allerdings nicht ganz korrekt. Dass die Luft in der N\u00e4he der K\u00fcste eine bestimmte Menge an Jod enth\u00e4lt, ist nicht zu leugnen, so wie auch die positiven Wirkungen von Jod auf den menschlichen K\u00f6rper allgemein bekannt sind. Was aber die allgemeine Meinung nicht ber\u00fccksichtigt, ist die Tatsache, dass in der Meeresluft ein echtes Aerosol von Wasserdampf und Salzen enthalten ist (Jod, Natriumchlorid, Brom und Magnesium), welche sich dank der Wirkung der Sonnenstrahlen elektromagnetisch aufladen und vom K\u00f6rper aufgenommen werden. Die Reserven an Mineralien werden integriert, was\u00a0 zur Verbesserung der Gesundheit beitr\u00e4gt.[\/vc_column_text][mk_button dimension=&#8220;flat&#8220; corner_style=&#8220;full_rounded&#8220; size=&#8220;medium&#8220; url=&#8220;\/de\/weitere-infos-und-tipps\/empfehlungen\/&#8220; margin_top=&#8220;30&#8243; margin_right=&#8220;0&#8243; bg_color=&#8220;#00768e&#8220; btn_hover_bg=&#8220;rgba(0,118,142,0.75)&#8220;]Zur\u00fcck[\/mk_button][\/vc_column][vc_column width=&#8220;1\/12&#8243;][\/vc_column][vc_column width=&#8220;1\/4&#8243;][vc_wp_custommenu nav_menu=&#8220;11&#8243;][mk_icon_box icon=&#8220;mk-moon-temperature&#8220; title=&#8220;SYMPTOME UND BESCHWERDEN&#8220; text_size=&#8220;13&#8243; read_more_txt=&#8220;Weiter zum Abschnitt&#8220; read_more_url=&#8220;\/de\/Symptome-und-Beschwerden\/Erkaeltungshusten&#8220; style=&#8220;boxed&#8220; icon_location=&#8220;top&#8220; icon_color=&#8220;#075985&#8243; icon_circle_color=&#8220;&#8220; title_color=&#8220;#075985&#8243; txt_color=&#8220;#00768e&#8220; el_class=&#8220;side-icon-box&#8220;]Weitere Informationen \u00fcber jahreszeitlich bedingte Krankheiten.[\/mk_icon_box][mk_icon_box icon=&#8220;mk-icon-lightbulb-o&#8220; title=&#8220;MEHR ERFAHREN&#8220; text_size=&#8220;13&#8243; read_more_txt=&#8220;Weiter zum Abschnitt&#8220; read_more_url=&#8220;\/de\/Mehr-erfahren\/Muetter-und-Kinder&#8220; style=&#8220;boxed&#8220; icon_location=&#8220;top&#8220; icon_color=&#8220;#075985&#8243; icon_circle_color=&#8220;&#8220; title_color=&#8220;#075985&#8243; txt_color=&#8220;#00768e&#8220; el_class=&#8220;side-icon-box&#8220;]Neuigkeiten und n\u00fctzliche Informationen.[\/mk_icon_box][\/vc_column][\/vc_row]\n<\/div>","protected":false},"excerpt":{"rendered":"<p>Es geh\u00f6rt schon fast zum Allgemeinwissen, dass ein Aufenthalt am Meer viele Vorteile mit sich bringt;&#8230;<\/p>\n","protected":false},"author":2,"featured_media":816,"parent":1852,"menu_order":0,"comment_status":"closed","ping_status":"closed","template":"","meta":{"_monsterinsights_skip_tracking":false,"_monsterinsights_sitenote_active":false,"_monsterinsights_sitenote_note":"","_monsterinsights_sitenote_category":0,"footnotes":""},"categories":[44],"tags":[],"yst_prominent_words":[],"class_list":["post-1867","page","type-page","status-publish","has-post-thumbnail","hentry","category-consigli-de"],"_links":{"self":[{"href":"https:\/\/www.fluimucil-erkaeltungshusten.ch\/de\/wp-json\/wp\/v2\/pages\/1867","targetHints":{"allow":["GET"]}}],"collection":[{"href":"https:\/\/www.fluimucil-erkaeltungshusten.ch\/de\/wp-json\/wp\/v2\/pages"}],"about":[{"href":"https:\/\/www.fluimucil-erkaeltungshusten.ch\/de\/wp-json\/wp\/v2\/types\/page"}],"author":[{"embeddable":true,"href":"https:\/\/www.fluimucil-erkaeltungshusten.ch\/de\/wp-json\/wp\/v2\/users\/2"}],"replies":[{"embeddable":true,"href":"https:\/\/www.fluimucil-erkaeltungshusten.ch\/de\/wp-json\/wp\/v2\/comments?post=1867"}],"version-history":[{"count":0,"href":"https:\/\/www.fluimucil-erkaeltungshusten.ch\/de\/wp-json\/wp\/v2\/pages\/1867\/revisions"}],"up":[{"embeddable":true,"href":"https:\/\/www.fluimucil-erkaeltungshusten.ch\/de\/wp-json\/wp\/v2\/pages\/1852"}],"wp:featuredmedia":[{"embeddable":true,"href":"https:\/\/www.fluimucil-erkaeltungshusten.ch\/de\/wp-json\/wp\/v2\/media\/816"}],"wp:attachment":[{"href":"https:\/\/www.fluimucil-erkaeltungshusten.ch\/de\/wp-json\/wp\/v2\/media?parent=1867"}],"wp:term":[{"taxonomy":"category","embeddable":true,"href":"https:\/\/www.fluimucil-erkaeltungshusten.ch\/de\/wp-json\/wp\/v2\/categories?post=1867"},{"taxonomy":"post_tag","embeddable":true,"href":"https:\/\/www.fluimucil-erkaeltungshusten.ch\/de\/wp-json\/wp\/v2\/tags?post=1867"},{"taxonomy":"yst_prominent_words","embeddable":true,"href":"https:\/\/www.fluimucil-erkaeltungshusten.ch\/de\/wp-json\/wp\/v2\/yst_prominent_words?post=1867"}],"curies":[{"name":"wp","href":"https:\/\/api.w.org\/{rel}","templated":true}]}}