{"id":1864,"date":"2017-11-28T16:52:26","date_gmt":"2017-11-28T15:52:26","guid":{"rendered":"https:\/\/www.fluimucil-erkaeltungshusten.ch\/weitere-infos-und-tipps\/empfehlungen\/che-cose-la-parainfluenza\/"},"modified":"2017-12-16T16:20:12","modified_gmt":"2017-12-16T15:20:12","slug":"was-ist-die-parainfluenza","status":"publish","type":"page","link":"https:\/\/www.fluimucil-erkaeltungshusten.ch\/de\/weitere-infos-und-tipps\/empfehlungen\/was-ist-die-parainfluenza\/","title":{"rendered":"Was ist die Parainfluenza?"},"content":{"rendered":"<div class=\"wpb-content-wrapper\">[mk_page_section vertical_align=&#8220;center&#8220; bg_image=&#8220;https:\/\/www.fluimucil-erkaeltungshusten.ch\/wp-content\/uploads\/2017\/11\/teaser_comeprevenire.jpg&#8220; bg_position=&#8220;center bottom&#8220; bg_repeat=&#8220;no-repeat&#8220; min_height=&#8220;575&#8243; padding_top=&#8220;120&#8243; padding_bottom=&#8220;0&#8243; sidebar=&#8220;sidebar-1&#8243;][vc_column][\/vc_column][\/mk_page_section][vc_row css=&#8220;.vc_custom_1511795486415{padding-top: 20px !important;padding-left: 10px !important;}&#8220;][vc_column width=&#8220;2\/3&#8243;][mk_fancy_title tag_name=&#8220;span&#8220; color=&#8220;#005982&#8243; size=&#8220;22&#8243; font_weight=&#8220;bold&#8220; letter_spacing=&#8220;1&#8243; font_family=&#8220;none&#8220;]EMPFEHLUNGEN[\/mk_fancy_title][mk_fancy_title tag_name=&#8220;h1&#8243; color=&#8220;#005982&#8243; size=&#8220;20&#8243; line_height=&#8220;125&#8243; font_weight=&#8220;bold&#8220; font_family=&#8220;none&#8220;]Was ist die Parainfluenza?[\/mk_fancy_title][vc_single_image source=&#8220;featured_image&#8220; img_size=&#8220;full&#8220;][vc_column_text css=&#8220;.vc_custom_1513236985036{margin-bottom: 0px !important;}&#8220;]Parainfluenza ist ein systemisches Syndrom, welches der gew\u00f6hnlichen\u00a0<a href=\"http:\/\/www.fluimucil-erkaeltungshusten.ch\/de\/Faq\/Glossar#d\" target=\"_self\">Grippe<\/a>\u00a0sehr \u00e4hnelt und deshalb auch oft mit ihr verwechselt wird. Einige genetische Merkmale und die m\u00f6glichen Komplikationen unterscheiden jedoch die beiden Krankheiten.<\/p>\n<p>Lange Zeit wurde davon ausgegangen, dass es sich bei\u00a0<a href=\"http:\/\/www.fluimucil-erkaeltungshusten.ch\/de\/Faq\/Glossar#g\" target=\"_self\">Grippe<\/a>\u00a0und Parainfluenza um die gleiche Krankheit handelt: tats\u00e4chlich sind die Symptome sehr \u00e4hnlich, vom\u00a0<a href=\"http:\/\/www.fluimucil-erkaeltungshusten.ch\/de\/Faq\/Glossar#f\" target=\"_self\">Fieber<\/a>\u00a0\u00fcber das Zittern bis zur\u00a0<a href=\"http:\/\/www.fluimucil-erkaeltungshusten.ch\/de\/Faq\/Glossar#v\" target=\"_self\">verstopften Nase<\/a>. Erst in den letzten Jahrzehnten konnte Klarheit geschaffen werden.<\/p>\n<p>Eine definitive Unterscheidung zwischen den beiden Krankheiten ist in den sp\u00e4ten f\u00fcnfziger Jahren des zwanzigsten Jahrhunderts gelungen. Eine Reihe virologischer Entdeckungen f\u00fchrten dazu, dass die Gruppe der Myxoviren in zwei Familien aufgeteilt werden konnten: die Orthomyxoviren, die f\u00fcr die Formen der eigentlichen\u00a0<a href=\"http:\/\/www.fluimucil-erkaeltungshusten.ch\/de\/Faq\/Glossar#g\" target=\"_self\">Grippe<\/a>\u00a0verantwortlich sind, und die Paramyxoviren (oder menschlichen Parainfluenzaviren), die f\u00fcr die Parainfluenza-Syndrome verantwortlich gemacht werden.<\/p>\n<p>Der Hauptunterschied zwischen\u00a0<a href=\"http:\/\/www.fluimucil-erkaeltungshusten.ch\/de\/Faq\/Glossar#g\" target=\"_self\">Grippe<\/a>\u00a0und Parainfluenza findet sich in den mit bestimmten Komplikationen verbundenen Symptomen. Das menschliche Parainfluenzavirus kann bei Personen mit geschw\u00e4chtem\u00a0<a href=\"http:\/\/www.fluimucil-erkaeltungshusten.ch\/de\/Faq\/Glossar#i\" target=\"_self\">Immunsystem<\/a>, wie Kinder oder \u00e4ltere Menschen, Erkrankungen der unteren Atemwege verursachen. Dazu geh\u00f6ren die Bronchitis oder die Bronchiolitis (<a href=\"http:\/\/www.fluimucil-erkaeltungshusten.ch\/de\/Faq\/Glossar#e\" target=\"_self\">Entz\u00fcndung<\/a>\u00a0der kleinen \u00c4ste des Bronchialbaums) oder auch der sogenannte Krupp bzw. die Laryngotracheobronchitis (eine\u00a0<a href=\"http:\/\/www.fluimucil-erkaeltungshusten.ch\/de\/Faq\/Glossar#e\" target=\"_self\">Entz\u00fcndung\u00a0<\/a>der Atemwege in grossem Ausmass, die sogar zur Krankenhauseinweisungen f\u00fchren kann). Ein weiterer Unterschied liegt in der Jahreszeit resp. im Zeitpunkt der gr\u00f6ssten Verbreitung: w\u00e4hrend sich die\u00a0<a href=\"http:\/\/www.fluimucil-erkaeltungshusten.ch\/de\/Faq\/Glossar#g\" target=\"_self\">Grippe<\/a>\u00a0vor allem im Winter verbreitet, sind Parainfluenzaviren &#8211; je nach Virusstamm &#8211; entweder im Fr\u00fchjahr oder im Herbst besonders h\u00e4ufig.<\/p>\n<p>Die Behandlung der leichteren Parainfluenza-Symptome \u00e4hnelt ganz der\u00a0<a href=\"http:\/\/www.fluimucil-erkaeltungshusten.ch\/de\/Faq\/Glossar#g\" target=\"_self\">Grippe<\/a>-Behandlung, d.h. innerhalb einer Woche kann mit einer Genesung gerechnet werden. Im Gegensatz zur\u00a0<a href=\"http:\/\/www.fluimucil-erkaeltungshusten.ch\/de\/Faq\/Glossar#g\" target=\"_self\">Grippe<\/a>\u00a0gibt es bis heute keine\u00a0<a href=\"http:\/\/www.fluimucil-erkaeltungshusten.ch\/de\/Faq\/Glossar#g\" target=\"_self\">Impfung<\/a>, die Schutz vor der Ansteckung mit dem Parainfluenzavirus bietet. Dennoch ist es m\u00f6glich, durch einfache Hygienemassnahmen die Krankheit vorzubeugen.<\/p>\n<p>Dazu geh\u00f6ren beispielsweise die Reinigung von Oberfl\u00e4chen, mit denen die Viren in Kontakt gekommen sein k\u00f6nnten oder das vor\u00fcbergehende Vermeiden des Kontakts mit Personen, die sich mit dieser Krankheit angesteckt haben.<\/p>\n<p>F\u00fcr weitere Informationen wenden Sie sich bitte an Ihren Arzt.[\/vc_column_text][mk_button dimension=&#8220;flat&#8220; corner_style=&#8220;full_rounded&#8220; size=&#8220;medium&#8220; url=&#8220;\/de\/weitere-infos-und-tipps\/empfehlungen\/&#8220; margin_top=&#8220;30&#8243; margin_right=&#8220;0&#8243; bg_color=&#8220;#00768e&#8220; btn_hover_bg=&#8220;rgba(0,118,142,0.75)&#8220;]Zur\u00fcck[\/mk_button][\/vc_column][vc_column width=&#8220;1\/12&#8243;][\/vc_column][vc_column width=&#8220;1\/4&#8243;][vc_wp_custommenu nav_menu=&#8220;11&#8243;][mk_icon_box icon=&#8220;mk-moon-temperature&#8220; title=&#8220;SYMPTOME UND BESCHWERDEN&#8220; text_size=&#8220;13&#8243; read_more_txt=&#8220;Weiter zum Abschnitt&#8220; read_more_url=&#8220;\/de\/Symptome-und-Beschwerden\/Erkaeltungshusten&#8220; style=&#8220;boxed&#8220; icon_location=&#8220;top&#8220; icon_color=&#8220;#075985&#8243; icon_circle_color=&#8220;&#8220; title_color=&#8220;#075985&#8243; txt_color=&#8220;#00768e&#8220; el_class=&#8220;side-icon-box&#8220;]Weitere Informationen \u00fcber jahreszeitlich bedingte Krankheiten.[\/mk_icon_box][mk_icon_box icon=&#8220;mk-icon-lightbulb-o&#8220; title=&#8220;MEHR ERFAHREN&#8220; text_size=&#8220;13&#8243; read_more_txt=&#8220;Weiter zum Abschnitt&#8220; read_more_url=&#8220;\/de\/Mehr-erfahren\/Muetter-und-Kinder&#8220; style=&#8220;boxed&#8220; icon_location=&#8220;top&#8220; icon_color=&#8220;#075985&#8243; icon_circle_color=&#8220;&#8220; title_color=&#8220;#075985&#8243; txt_color=&#8220;#00768e&#8220; el_class=&#8220;side-icon-box&#8220;]Neuigkeiten und n\u00fctzliche Informationen.[\/mk_icon_box][\/vc_column][\/vc_row]\n<\/div>","protected":false},"excerpt":{"rendered":"<p>Parainfluenza ist ein systemisches Syndrom, welches der gew\u00f6hnlichen Grippe sehr \u00e4hnelt und deshalb auch&#8230;<\/p>\n","protected":false},"author":2,"featured_media":835,"parent":1852,"menu_order":0,"comment_status":"closed","ping_status":"closed","template":"","meta":{"_monsterinsights_skip_tracking":false,"_monsterinsights_sitenote_active":false,"_monsterinsights_sitenote_note":"","_monsterinsights_sitenote_category":0,"footnotes":""},"categories":[44],"tags":[],"yst_prominent_words":[],"class_list":["post-1864","page","type-page","status-publish","has-post-thumbnail","hentry","category-consigli-de"],"_links":{"self":[{"href":"https:\/\/www.fluimucil-erkaeltungshusten.ch\/de\/wp-json\/wp\/v2\/pages\/1864","targetHints":{"allow":["GET"]}}],"collection":[{"href":"https:\/\/www.fluimucil-erkaeltungshusten.ch\/de\/wp-json\/wp\/v2\/pages"}],"about":[{"href":"https:\/\/www.fluimucil-erkaeltungshusten.ch\/de\/wp-json\/wp\/v2\/types\/page"}],"author":[{"embeddable":true,"href":"https:\/\/www.fluimucil-erkaeltungshusten.ch\/de\/wp-json\/wp\/v2\/users\/2"}],"replies":[{"embeddable":true,"href":"https:\/\/www.fluimucil-erkaeltungshusten.ch\/de\/wp-json\/wp\/v2\/comments?post=1864"}],"version-history":[{"count":0,"href":"https:\/\/www.fluimucil-erkaeltungshusten.ch\/de\/wp-json\/wp\/v2\/pages\/1864\/revisions"}],"up":[{"embeddable":true,"href":"https:\/\/www.fluimucil-erkaeltungshusten.ch\/de\/wp-json\/wp\/v2\/pages\/1852"}],"wp:featuredmedia":[{"embeddable":true,"href":"https:\/\/www.fluimucil-erkaeltungshusten.ch\/de\/wp-json\/wp\/v2\/media\/835"}],"wp:attachment":[{"href":"https:\/\/www.fluimucil-erkaeltungshusten.ch\/de\/wp-json\/wp\/v2\/media?parent=1864"}],"wp:term":[{"taxonomy":"category","embeddable":true,"href":"https:\/\/www.fluimucil-erkaeltungshusten.ch\/de\/wp-json\/wp\/v2\/categories?post=1864"},{"taxonomy":"post_tag","embeddable":true,"href":"https:\/\/www.fluimucil-erkaeltungshusten.ch\/de\/wp-json\/wp\/v2\/tags?post=1864"},{"taxonomy":"yst_prominent_words","embeddable":true,"href":"https:\/\/www.fluimucil-erkaeltungshusten.ch\/de\/wp-json\/wp\/v2\/yst_prominent_words?post=1864"}],"curies":[{"name":"wp","href":"https:\/\/api.w.org\/{rel}","templated":true}]}}