{"id":1863,"date":"2017-11-28T16:55:49","date_gmt":"2017-11-28T15:55:49","guid":{"rendered":"https:\/\/www.fluimucil-erkaeltungshusten.ch\/weitere-infos-und-tipps\/empfehlungen\/la-sinusite\/"},"modified":"2017-12-16T16:20:12","modified_gmt":"2017-12-16T15:20:12","slug":"sinusitis","status":"publish","type":"page","link":"https:\/\/www.fluimucil-erkaeltungshusten.ch\/de\/weitere-infos-und-tipps\/empfehlungen\/sinusitis\/","title":{"rendered":"Sinusitis"},"content":{"rendered":"<div class=\"wpb-content-wrapper\">[mk_page_section vertical_align=&#8220;center&#8220; bg_image=&#8220;https:\/\/www.fluimucil-erkaeltungshusten.ch\/wp-content\/uploads\/2017\/11\/teaser_comeprevenire.jpg&#8220; bg_position=&#8220;center bottom&#8220; bg_repeat=&#8220;no-repeat&#8220; min_height=&#8220;575&#8243; padding_top=&#8220;120&#8243; padding_bottom=&#8220;0&#8243; sidebar=&#8220;sidebar-1&#8243;][vc_column][\/vc_column][\/mk_page_section][vc_row css=&#8220;.vc_custom_1511795486415{padding-top: 20px !important;padding-left: 10px !important;}&#8220;][vc_column width=&#8220;2\/3&#8243;][mk_fancy_title tag_name=&#8220;span&#8220; color=&#8220;#005982&#8243; size=&#8220;22&#8243; font_weight=&#8220;bold&#8220; letter_spacing=&#8220;1&#8243; font_family=&#8220;none&#8220;]CONSIGLI[\/mk_fancy_title][mk_fancy_title tag_name=&#8220;h1&#8243; color=&#8220;#005982&#8243; size=&#8220;20&#8243; line_height=&#8220;125&#8243; font_weight=&#8220;bold&#8220; font_family=&#8220;none&#8220;]Sinusitis[\/mk_fancy_title][vc_single_image source=&#8220;featured_image&#8220; img_size=&#8220;full&#8220;][vc_column_text css=&#8220;.vc_custom_1513237185241{margin-bottom: 0px !important;}&#8220;]Der Sch\u00e4del weist im Bereich der Gesichtsknochen die Nasennebenh\u00f6hlen auf. Diese stehen mit den Atemwegen durch eine Reihe von kleinen Kan\u00e4len in Kontakt, die sogenannten Ostien.<\/p>\n<p>Die Nasennebenh\u00f6hlen erf\u00fcllen zahlreiche Funktionen:<\/p>\n<ul>\n<li>Sie reduzieren das Gesamtgewicht des Sch\u00e4dels f\u00fcr ein besseres Gleichgewicht;<\/li>\n<li>Sie dienen als \u201ePufferr\u00e4ume\u201c, um das Gehirn vor frontalen Stosseinwirkungen zu sch\u00fctzen;<\/li>\n<li>Sie verst\u00e4rken die Stimme, funktionieren also wie ein Resonanzk\u00f6rper;<\/li>\n<li>Sie stellen eine thermische Isolierung f\u00fcr die empfindlichsten Bereiche (Augen und Zahnwurzeln des Gesichts) gegen\u00fcber Schwankungen der Aussentemperatur dar;<\/li>\n<li>Sie tragen zur Anfeuchtung und Erw\u00e4rmung der Luft bei, die mit der Einatmung in den K\u00f6rper eingef\u00fchrt wird. Der Mechanismus basiert auf der langsamen Luftzirkulation durch die Ostien.<\/li>\n<\/ul>\n<p>Die Nasennebenh\u00f6hlen werden von einer empfindlichen Schleimhaut ausgekleidet, welche sich aufgrund viraler, bakterieller oder allergischer Einwirkungen entz\u00fcnden und somit Beschwerden verursachen kann: In diesem Fall sprechen wir von einer Sinusitis.<\/p>\n<p>Die typischen Sinusitis-Symptome sind Kopfschmerzen, die im Einflussbereich der entz\u00fcndeten Schleimhaut lokalisiert sind, ein unangenehmes Druckgef\u00fchl im Gesicht, welches sich verst\u00e4rkt, wenn man den Kopf bewegt oder nach unten neigt, eine stark\u00a0<a href=\"http:\/\/www.fluimucil-erkaeltungshusten.ch\/de\/Faq\/Glossar#v\" target=\"_self\">verstopfte Nase<\/a>\u00a0gekennzeichnet durch eine gelb-gr\u00fcnliche\u00a0<a href=\"http:\/\/www.fluimucil-erkaeltungshusten.ch\/de\/Faq\/Glossar#r\" target=\"_self\">Rhinorrhoe<\/a>\u00a0und in einigen F\u00e4llen erh\u00f6hte K\u00f6rpertemperatur. In sehr akuten F\u00e4llen k\u00f6nnen der Geschmacks- und Geruchssinn beeintr\u00e4chtigt sein.<\/p>\n<p>Eine Sinusitis kann in akuten Formen auftreten (Abheilung innerhalb von 2-3 Wochen), sie kann chronisch (die Symptome bestehen \u00fcber lange Zeitr\u00e4ume, auch \u00fcber Monate) oder rezidivierend sein (wenn sich mehr als 3 R\u00fcckf\u00e4lle in einem Jahr ereignen). Die Behandlung der Symptome besteht in der Regel in der Einwirkung auf die Schleimhautanschwellung durch entz\u00fcndungshemmende und\u00a0<a href=\"http:\/\/www.fluimucil-erkaeltungshusten.ch\/de\/Faq\/Glossar#a\" target=\"_self\">abschwellende Mittel<\/a>. Die eventuelle Einnahme von Antibiotika ist nur dann in Betracht zu ziehen, wenn eine bakterielle Infektion durch den Arzt eindeutig festgestellt wurde. In Sinusitis-F\u00e4llen mit fortbestehenden Symptomen ist es wichtig, einen Arzt aufzusuchen.<\/p>\n<p>F\u00fcr weitere Informationen wenden Sie sich bitte an Ihren Arzt.[\/vc_column_text][mk_button dimension=&#8220;flat&#8220; corner_style=&#8220;full_rounded&#8220; size=&#8220;medium&#8220; url=&#8220;\/de\/weitere-infos-und-tipps\/empfehlungen\/&#8220; margin_top=&#8220;30&#8243; margin_right=&#8220;0&#8243; bg_color=&#8220;#00768e&#8220; btn_hover_bg=&#8220;rgba(0,118,142,0.75)&#8220;]Zur\u00fcck[\/mk_button][\/vc_column][vc_column width=&#8220;1\/12&#8243;][\/vc_column][vc_column width=&#8220;1\/4&#8243;][vc_wp_custommenu nav_menu=&#8220;11&#8243;][mk_icon_box icon=&#8220;mk-moon-temperature&#8220; title=&#8220;SYMPTOME UND BESCHWERDEN&#8220; text_size=&#8220;13&#8243; read_more_txt=&#8220;Weiter zum Abschnitt&#8220; read_more_url=&#8220;\/de\/Symptome-und-Beschwerden\/Erkaeltungshusten&#8220; style=&#8220;boxed&#8220; icon_location=&#8220;top&#8220; icon_color=&#8220;#075985&#8243; icon_circle_color=&#8220;&#8220; title_color=&#8220;#075985&#8243; txt_color=&#8220;#00768e&#8220; el_class=&#8220;side-icon-box&#8220;]Weitere Informationen \u00fcber jahreszeitlich bedingte Krankheiten.[\/mk_icon_box][mk_icon_box icon=&#8220;mk-icon-lightbulb-o&#8220; title=&#8220;MEHR ERFAHREN&#8220; text_size=&#8220;13&#8243; read_more_txt=&#8220;Weiter zum Abschnitt&#8220; read_more_url=&#8220;\/de\/Mehr-erfahren\/Muetter-und-Kinder&#8220; style=&#8220;boxed&#8220; icon_location=&#8220;top&#8220; icon_color=&#8220;#075985&#8243; icon_circle_color=&#8220;&#8220; title_color=&#8220;#075985&#8243; txt_color=&#8220;#00768e&#8220; el_class=&#8220;side-icon-box&#8220;]Neuigkeiten und n\u00fctzliche Informationen.[\/mk_icon_box][\/vc_column][\/vc_row]\n<\/div>","protected":false},"excerpt":{"rendered":"<p>Der Sch\u00e4del weist im Bereich der Gesichtsknochen die Nasennebenh\u00f6hlen auf. Diese stehen mit den Atemwegen&#8230;<\/p>\n","protected":false},"author":2,"featured_media":840,"parent":1852,"menu_order":0,"comment_status":"closed","ping_status":"closed","template":"","meta":{"_monsterinsights_skip_tracking":false,"_monsterinsights_sitenote_active":false,"_monsterinsights_sitenote_note":"","_monsterinsights_sitenote_category":0,"footnotes":""},"categories":[44],"tags":[],"yst_prominent_words":[],"class_list":["post-1863","page","type-page","status-publish","has-post-thumbnail","hentry","category-consigli-de"],"_links":{"self":[{"href":"https:\/\/www.fluimucil-erkaeltungshusten.ch\/de\/wp-json\/wp\/v2\/pages\/1863","targetHints":{"allow":["GET"]}}],"collection":[{"href":"https:\/\/www.fluimucil-erkaeltungshusten.ch\/de\/wp-json\/wp\/v2\/pages"}],"about":[{"href":"https:\/\/www.fluimucil-erkaeltungshusten.ch\/de\/wp-json\/wp\/v2\/types\/page"}],"author":[{"embeddable":true,"href":"https:\/\/www.fluimucil-erkaeltungshusten.ch\/de\/wp-json\/wp\/v2\/users\/2"}],"replies":[{"embeddable":true,"href":"https:\/\/www.fluimucil-erkaeltungshusten.ch\/de\/wp-json\/wp\/v2\/comments?post=1863"}],"version-history":[{"count":0,"href":"https:\/\/www.fluimucil-erkaeltungshusten.ch\/de\/wp-json\/wp\/v2\/pages\/1863\/revisions"}],"up":[{"embeddable":true,"href":"https:\/\/www.fluimucil-erkaeltungshusten.ch\/de\/wp-json\/wp\/v2\/pages\/1852"}],"wp:featuredmedia":[{"embeddable":true,"href":"https:\/\/www.fluimucil-erkaeltungshusten.ch\/de\/wp-json\/wp\/v2\/media\/840"}],"wp:attachment":[{"href":"https:\/\/www.fluimucil-erkaeltungshusten.ch\/de\/wp-json\/wp\/v2\/media?parent=1863"}],"wp:term":[{"taxonomy":"category","embeddable":true,"href":"https:\/\/www.fluimucil-erkaeltungshusten.ch\/de\/wp-json\/wp\/v2\/categories?post=1863"},{"taxonomy":"post_tag","embeddable":true,"href":"https:\/\/www.fluimucil-erkaeltungshusten.ch\/de\/wp-json\/wp\/v2\/tags?post=1863"},{"taxonomy":"yst_prominent_words","embeddable":true,"href":"https:\/\/www.fluimucil-erkaeltungshusten.ch\/de\/wp-json\/wp\/v2\/yst_prominent_words?post=1863"}],"curies":[{"name":"wp","href":"https:\/\/api.w.org\/{rel}","templated":true}]}}