{"id":1862,"date":"2017-11-28T16:57:40","date_gmt":"2017-11-28T15:57:40","guid":{"rendered":"https:\/\/www.fluimucil-erkaeltungshusten.ch\/weitere-infos-und-tipps\/empfehlungen\/la-desensibilizzazione-contro-le-allergie-respiratorie\/"},"modified":"2017-12-16T16:20:11","modified_gmt":"2017-12-16T15:20:11","slug":"hyposensibilisierung-bei-atemwegsallergien","status":"publish","type":"page","link":"https:\/\/www.fluimucil-erkaeltungshusten.ch\/de\/weitere-infos-und-tipps\/empfehlungen\/hyposensibilisierung-bei-atemwegsallergien\/","title":{"rendered":"Hyposensibilisierung bei Atemwegsallergien"},"content":{"rendered":"<div class=\"wpb-content-wrapper\">[mk_page_section vertical_align=&#8220;center&#8220; bg_image=&#8220;https:\/\/www.fluimucil-erkaeltungshusten.ch\/wp-content\/uploads\/2017\/11\/teaser_comeprevenire.jpg&#8220; bg_position=&#8220;center bottom&#8220; bg_repeat=&#8220;no-repeat&#8220; min_height=&#8220;575&#8243; padding_top=&#8220;120&#8243; padding_bottom=&#8220;0&#8243; sidebar=&#8220;sidebar-1&#8243;][vc_column][\/vc_column][\/mk_page_section][vc_row css=&#8220;.vc_custom_1511795486415{padding-top: 20px !important;padding-left: 10px !important;}&#8220;][vc_column width=&#8220;2\/3&#8243;][mk_fancy_title tag_name=&#8220;span&#8220; color=&#8220;#005982&#8243; size=&#8220;22&#8243; font_weight=&#8220;bold&#8220; letter_spacing=&#8220;1&#8243; font_family=&#8220;none&#8220;]EMPFEHLUNGEN[\/mk_fancy_title][mk_fancy_title tag_name=&#8220;h1&#8243; color=&#8220;#005982&#8243; size=&#8220;20&#8243; line_height=&#8220;125&#8243; font_weight=&#8220;bold&#8220; font_family=&#8220;none&#8220;]Hyposensibilisierung bei Atemwegsallergien[\/mk_fancy_title][vc_single_image source=&#8220;featured_image&#8220; img_size=&#8220;full&#8220;][vc_column_text css=&#8220;.vc_custom_1513237391712{margin-bottom: 0px !important;}&#8220;]Das Auftreten von Allergien gegen Pollen, Staub und Tierhaare betrifft einen immer gr\u00f6sseren Teil der Bev\u00f6lkerung.<\/p>\n<p>Um die Inzidenz der Atemwegsallergien zu reduzieren, breitet sich in den letzten Jahren zunehmend die Hyposensibilisierung aus (fr\u00fcher Desensibilisierung), ein medizinisches Verfahren, das auf dem gleichen Prinzip der allergischen Reaktion, oder vielmehr auf ihrem genauen Gegenteil beruht.<\/p>\n<p>Allergien sind auf eine \u00dcberreaktion des Immunsystems zur\u00fcckzuf\u00fchren, das in den Partikeln eine Bedrohung erkennt, w\u00e4hrend sie an sich lediglich eine\u00a0<a href=\"http:\/\/www.fluimucil-erkaeltungshusten.ch\/de\/Faq\/Glossar#r\" target=\"_self\">reizausl\u00f6sende<\/a>\u00a0Wirkung haben; diese \u201e\u00fcbertriebene\u201c Verteidigungsmassnahme wird dann von Symptomen wie\u00a0<a href=\"http:\/\/www.fluimucil-erkaeltungshusten.ch\/de\/Faq\/Glossar#n\" target=\"_self\">Nasenfluss<\/a>,\u00a0<a href=\"http:\/\/www.fluimucil-erkaeltungshusten.ch\/de\/Faq\/Glossar#v\" target=\"_self\">verstopfter Nase<\/a>und einer akuten Entz\u00fcndungsreaktion begleitet.<\/p>\n<p>Die Hyposensibilisierung zielt darauf ab, die Reaktion des Immunsystems durch kontrollierte Exposition gegen\u00fcber Allergenen zu steuern. Der allergische Patient nimmt, als Injektion oder sublingual, eine geringe Menge des Allergens zu sich und wiederholt diese Behandlung in regelm\u00e4ssigen Abst\u00e4nden \u00fcber einen Zeitraum von mehreren Monaten oder sogar Jahren. Im Laufe der Zeit wird die Immunantwort auf das Allergen infolge der Hyposensibilisierung schw\u00e4cher und die l\u00e4stigen Symptome treten folglich seltener und mit geringerer Intensit\u00e4t auf.<\/p>\n<p>F\u00fcr weitere Informationen wenden Sie sich bitte an einen Facharzt.[\/vc_column_text][mk_button dimension=&#8220;flat&#8220; corner_style=&#8220;full_rounded&#8220; size=&#8220;medium&#8220; url=&#8220;\/de\/weitere-infos-und-tipps\/empfehlungen\/&#8220; margin_top=&#8220;30&#8243; margin_right=&#8220;0&#8243; bg_color=&#8220;#00768e&#8220; btn_hover_bg=&#8220;rgba(0,118,142,0.75)&#8220;]Zur\u00fcck[\/mk_button][\/vc_column][vc_column width=&#8220;1\/12&#8243;][\/vc_column][vc_column width=&#8220;1\/4&#8243;][vc_wp_custommenu nav_menu=&#8220;11&#8243;][mk_icon_box icon=&#8220;mk-moon-temperature&#8220; title=&#8220;SYMPTOME UND BESCHWERDEN&#8220; text_size=&#8220;13&#8243; read_more_txt=&#8220;Weiter zum Abschnitt&#8220; read_more_url=&#8220;\/de\/Symptome-und-Beschwerden\/Erkaeltungshusten&#8220; style=&#8220;boxed&#8220; icon_location=&#8220;top&#8220; icon_color=&#8220;#075985&#8243; icon_circle_color=&#8220;&#8220; title_color=&#8220;#075985&#8243; txt_color=&#8220;#00768e&#8220; el_class=&#8220;side-icon-box&#8220;]Weitere Informationen \u00fcber jahreszeitlich bedingte Krankheiten.[\/mk_icon_box][mk_icon_box icon=&#8220;mk-icon-lightbulb-o&#8220; title=&#8220;MEHR ERFAHREN&#8220; text_size=&#8220;13&#8243; read_more_txt=&#8220;Weiter zum Abschnitt&#8220; read_more_url=&#8220;\/de\/Mehr-erfahren\/Muetter-und-Kinder&#8220; style=&#8220;boxed&#8220; icon_location=&#8220;top&#8220; icon_color=&#8220;#075985&#8243; icon_circle_color=&#8220;&#8220; title_color=&#8220;#075985&#8243; txt_color=&#8220;#00768e&#8220; el_class=&#8220;side-icon-box&#8220;]Neuigkeiten und n\u00fctzliche Informationen.[\/mk_icon_box][\/vc_column][\/vc_row]\n<\/div>","protected":false},"excerpt":{"rendered":"<p>Das Auftreten von Allergien gegen Pollen, Staub und Tierhaare betrifft einen immer gr\u00f6sseren Teil der&#8230;<\/p>\n","protected":false},"author":2,"featured_media":845,"parent":1852,"menu_order":0,"comment_status":"closed","ping_status":"closed","template":"","meta":{"_monsterinsights_skip_tracking":false,"_monsterinsights_sitenote_active":false,"_monsterinsights_sitenote_note":"","_monsterinsights_sitenote_category":0,"footnotes":""},"categories":[44],"tags":[],"yst_prominent_words":[],"class_list":["post-1862","page","type-page","status-publish","has-post-thumbnail","hentry","category-consigli-de"],"_links":{"self":[{"href":"https:\/\/www.fluimucil-erkaeltungshusten.ch\/de\/wp-json\/wp\/v2\/pages\/1862","targetHints":{"allow":["GET"]}}],"collection":[{"href":"https:\/\/www.fluimucil-erkaeltungshusten.ch\/de\/wp-json\/wp\/v2\/pages"}],"about":[{"href":"https:\/\/www.fluimucil-erkaeltungshusten.ch\/de\/wp-json\/wp\/v2\/types\/page"}],"author":[{"embeddable":true,"href":"https:\/\/www.fluimucil-erkaeltungshusten.ch\/de\/wp-json\/wp\/v2\/users\/2"}],"replies":[{"embeddable":true,"href":"https:\/\/www.fluimucil-erkaeltungshusten.ch\/de\/wp-json\/wp\/v2\/comments?post=1862"}],"version-history":[{"count":0,"href":"https:\/\/www.fluimucil-erkaeltungshusten.ch\/de\/wp-json\/wp\/v2\/pages\/1862\/revisions"}],"up":[{"embeddable":true,"href":"https:\/\/www.fluimucil-erkaeltungshusten.ch\/de\/wp-json\/wp\/v2\/pages\/1852"}],"wp:featuredmedia":[{"embeddable":true,"href":"https:\/\/www.fluimucil-erkaeltungshusten.ch\/de\/wp-json\/wp\/v2\/media\/845"}],"wp:attachment":[{"href":"https:\/\/www.fluimucil-erkaeltungshusten.ch\/de\/wp-json\/wp\/v2\/media?parent=1862"}],"wp:term":[{"taxonomy":"category","embeddable":true,"href":"https:\/\/www.fluimucil-erkaeltungshusten.ch\/de\/wp-json\/wp\/v2\/categories?post=1862"},{"taxonomy":"post_tag","embeddable":true,"href":"https:\/\/www.fluimucil-erkaeltungshusten.ch\/de\/wp-json\/wp\/v2\/tags?post=1862"},{"taxonomy":"yst_prominent_words","embeddable":true,"href":"https:\/\/www.fluimucil-erkaeltungshusten.ch\/de\/wp-json\/wp\/v2\/yst_prominent_words?post=1862"}],"curies":[{"name":"wp","href":"https:\/\/api.w.org\/{rel}","templated":true}]}}