{"id":1860,"date":"2017-11-28T17:03:38","date_gmt":"2017-11-28T16:03:38","guid":{"rendered":"https:\/\/www.fluimucil-erkaeltungshusten.ch\/weitere-infos-und-tipps\/empfehlungen\/coadiuvanti-naturali-per-fluidificare-la-tosse-grassa\/"},"modified":"2017-12-16T16:20:11","modified_gmt":"2017-12-16T15:20:11","slug":"natuerliche-hilfsmittel-zur-verfluessigung-des-erkaeltungshustens","status":"publish","type":"page","link":"https:\/\/www.fluimucil-erkaeltungshusten.ch\/de\/weitere-infos-und-tipps\/empfehlungen\/natuerliche-hilfsmittel-zur-verfluessigung-des-erkaeltungshustens\/","title":{"rendered":"Nat\u00fcrliche Hilfsmittel zur Verfl\u00fcssigung des Erk\u00e4ltungshustens"},"content":{"rendered":"<div class=\"wpb-content-wrapper\">[mk_page_section vertical_align=&#8220;center&#8220; bg_image=&#8220;https:\/\/www.fluimucil-erkaeltungshusten.ch\/wp-content\/uploads\/2017\/11\/teaser_comeprevenire.jpg&#8220; bg_position=&#8220;center bottom&#8220; bg_repeat=&#8220;no-repeat&#8220; min_height=&#8220;575&#8243; padding_top=&#8220;120&#8243; padding_bottom=&#8220;0&#8243; sidebar=&#8220;sidebar-1&#8243;][vc_column][\/vc_column][\/mk_page_section][vc_row css=&#8220;.vc_custom_1511795486415{padding-top: 20px !important;padding-left: 10px !important;}&#8220;][vc_column width=&#8220;2\/3&#8243;][mk_fancy_title tag_name=&#8220;span&#8220; color=&#8220;#005982&#8243; size=&#8220;22&#8243; font_weight=&#8220;bold&#8220; letter_spacing=&#8220;1&#8243; font_family=&#8220;none&#8220;]EMPFEHLUNGEN[\/mk_fancy_title][mk_fancy_title tag_name=&#8220;h1&#8243; color=&#8220;#005982&#8243; size=&#8220;20&#8243; line_height=&#8220;125&#8243; font_weight=&#8220;bold&#8220; font_family=&#8220;none&#8220;]Nat\u00fcrliche Hilfsmittel zur Verfl\u00fcssigung des Erk\u00e4ltungshustens[\/mk_fancy_title][vc_single_image source=&#8220;featured_image&#8220; img_size=&#8220;full&#8220;][vc_column_text css=&#8220;.vc_custom_1513237678214{margin-bottom: 0px !important;}&#8220;]Die Ansammlungen von\u00a0<a href=\"http:\/\/www.fluimucil-erkaeltungshusten.ch\/de\/Faq\/Glossar#s\" target=\"_self\">Schleim<\/a>\u00a0in den Bronchien ist bekanntlich ein sehr verbreitetes und l\u00e4stiges Symptom der saisonalen Atemwegserkrankungen.\u00a0 Verschiedene nat\u00fcrliche Heilmittel k\u00f6nnen zus\u00e4tzlich zu den\u00a0<a href=\"http:\/\/www.fluimucil-erkaeltungshusten.ch\/de\/Faq\/Glossar#s\" target=\"_self\">schleiml\u00f6senden<\/a>\u00a0Medikamenten die konventionelle Medizin bei der Aufgabe der Verfl\u00fcssigung des\u00a0<a href=\"http:\/\/www.fluimucil-erkaeltungshusten.ch\/de\/Faq\/Glossar#k\" target=\"_self\">Katarrhs<\/a>\u00a0unterst\u00fctzen:<\/p>\n<ul>\n<li><strong>Wasserdampf<\/strong>\u00a0\u2013 Inhalationen tragen zur Aufl\u00f6sung des \u00fcbersch\u00fcssigen\u00a0<a href=\"http:\/\/www.fluimucil-erkaeltungshusten.ch\/de\/Faq\/Glossar#s\" target=\"_self\">Schleims<\/a>\u00a0bei, und zwar, einerseits durch die W\u00e4rme des Dampfes, aber auch chemisch, dank der Eigenschaften der eventuell im Wasser gel\u00f6sten und mit dem Wasserdampf inhalierten nat\u00fcrlichen Stoffen;<\/li>\n<li><strong>Balsamische Heilmittel<\/strong>\u00a0\u2013 es gibt zahlreiche Kr\u00e4uter oder aromatische Heilpflanzen, wie Eukalyptus, Anis, Rosmarin usw., deren Eigenschaften die Beschwerden des\u00a0<a href=\"http:\/\/www.fluimucil-erkaeltungshusten.ch\/de\/Faq\/Glossar#e\" target=\"_self\">Erk\u00e4ltungshustens<\/a>\u00a0oder\u00a0<a href=\"http:\/\/www.fluimucil-erkaeltungshusten.ch\/de\/Faq\/Glossar#r\" target=\"_self\">Rhinorrhoe<\/a>\u00a0lindern, die Atemwege wieder freimachen k\u00f6nnen und so den Ausstoss des\u00a0<a href=\"http:\/\/www.fluimucil-erkaeltungshusten.ch\/de\/Faq\/Glossar#s\" target=\"_self\">Schleims<\/a> erleichtern;<\/li>\n<li><strong>Wasser<\/strong>\u00a0\u2013 Wasser ist der nat\u00fcrliche Verd\u00fcnner schlechthin. Eine korrekte und reichliche Hydratation sorgt neben den bekannten Vorteilen f\u00fcr den gesamten K\u00f6rper, insbesondere f\u00fcr eine Ver\u00e4nderung der physikalischen Eigenschaften des\u00a0<a href=\"http:\/\/www.fluimucil-erkaeltungshusten.ch\/de\/Faq\/Glossar#s\" target=\"_self\">Schleims<\/a>,\u00a0<a href=\"http:\/\/www.fluimucil-erkaeltungshusten.ch\/de\/Faq\/Glossar#d\" target=\"_self\">der dadurch<\/a>\u00a0wesentlich fl\u00fcssiger wird und damit leichter ausgestossen werden kann.<\/li>\n<\/ul>\n<p>Man sieht also, wie man mit den richtigen Massnahmen tats\u00e4chlich die Wirkungen der medikament\u00f6sen Therapie unterst\u00fctzen kann.<\/p>\n<p>F\u00fcr weitere Informationen wenden Sie sich bitte an eine Fachperson.[\/vc_column_text][mk_button dimension=&#8220;flat&#8220; corner_style=&#8220;full_rounded&#8220; size=&#8220;medium&#8220; url=&#8220;\/de\/weitere-infos-und-tipps\/empfehlungen\/&#8220; margin_top=&#8220;30&#8243; margin_right=&#8220;0&#8243; bg_color=&#8220;#00768e&#8220; btn_hover_bg=&#8220;rgba(0,118,142,0.75)&#8220;]Zur\u00fcck[\/mk_button][\/vc_column][vc_column width=&#8220;1\/12&#8243;][\/vc_column][vc_column width=&#8220;1\/4&#8243;][vc_wp_custommenu nav_menu=&#8220;11&#8243;][mk_icon_box icon=&#8220;mk-moon-temperature&#8220; title=&#8220;SYMPTOME UND BESCHWERDEN&#8220; text_size=&#8220;13&#8243; read_more_txt=&#8220;Weiter zum Abschnitt&#8220; read_more_url=&#8220;\/de\/Symptome-und-Beschwerden\/Erkaeltungshusten&#8220; style=&#8220;boxed&#8220; icon_location=&#8220;top&#8220; icon_color=&#8220;#075985&#8243; icon_circle_color=&#8220;&#8220; title_color=&#8220;#075985&#8243; txt_color=&#8220;#00768e&#8220; el_class=&#8220;side-icon-box&#8220;]Weitere Informationen \u00fcber jahreszeitlich bedingte Krankheiten.[\/mk_icon_box][mk_icon_box icon=&#8220;mk-icon-lightbulb-o&#8220; title=&#8220;MEHR ERFAHREN&#8220; text_size=&#8220;13&#8243; read_more_txt=&#8220;Weiter zum Abschnitt&#8220; read_more_url=&#8220;\/de\/Mehr-erfahren\/Muetter-und-Kinder&#8220; style=&#8220;boxed&#8220; icon_location=&#8220;top&#8220; icon_color=&#8220;#075985&#8243; icon_circle_color=&#8220;&#8220; title_color=&#8220;#075985&#8243; txt_color=&#8220;#00768e&#8220; el_class=&#8220;side-icon-box&#8220;]Neuigkeiten und n\u00fctzliche Informationen.[\/mk_icon_box][\/vc_column][\/vc_row]\n<\/div>","protected":false},"excerpt":{"rendered":"<p>Die Ansammlungen von Schleim in den Bronchien ist bekanntlich ein sehr verbreitetes und l\u00e4stiges Symptom der&#8230;<\/p>\n","protected":false},"author":2,"featured_media":805,"parent":1852,"menu_order":0,"comment_status":"closed","ping_status":"closed","template":"","meta":{"_monsterinsights_skip_tracking":false,"_monsterinsights_sitenote_active":false,"_monsterinsights_sitenote_note":"","_monsterinsights_sitenote_category":0,"footnotes":""},"categories":[44],"tags":[],"yst_prominent_words":[],"class_list":["post-1860","page","type-page","status-publish","has-post-thumbnail","hentry","category-consigli-de"],"_links":{"self":[{"href":"https:\/\/www.fluimucil-erkaeltungshusten.ch\/de\/wp-json\/wp\/v2\/pages\/1860","targetHints":{"allow":["GET"]}}],"collection":[{"href":"https:\/\/www.fluimucil-erkaeltungshusten.ch\/de\/wp-json\/wp\/v2\/pages"}],"about":[{"href":"https:\/\/www.fluimucil-erkaeltungshusten.ch\/de\/wp-json\/wp\/v2\/types\/page"}],"author":[{"embeddable":true,"href":"https:\/\/www.fluimucil-erkaeltungshusten.ch\/de\/wp-json\/wp\/v2\/users\/2"}],"replies":[{"embeddable":true,"href":"https:\/\/www.fluimucil-erkaeltungshusten.ch\/de\/wp-json\/wp\/v2\/comments?post=1860"}],"version-history":[{"count":0,"href":"https:\/\/www.fluimucil-erkaeltungshusten.ch\/de\/wp-json\/wp\/v2\/pages\/1860\/revisions"}],"up":[{"embeddable":true,"href":"https:\/\/www.fluimucil-erkaeltungshusten.ch\/de\/wp-json\/wp\/v2\/pages\/1852"}],"wp:featuredmedia":[{"embeddable":true,"href":"https:\/\/www.fluimucil-erkaeltungshusten.ch\/de\/wp-json\/wp\/v2\/media\/805"}],"wp:attachment":[{"href":"https:\/\/www.fluimucil-erkaeltungshusten.ch\/de\/wp-json\/wp\/v2\/media?parent=1860"}],"wp:term":[{"taxonomy":"category","embeddable":true,"href":"https:\/\/www.fluimucil-erkaeltungshusten.ch\/de\/wp-json\/wp\/v2\/categories?post=1860"},{"taxonomy":"post_tag","embeddable":true,"href":"https:\/\/www.fluimucil-erkaeltungshusten.ch\/de\/wp-json\/wp\/v2\/tags?post=1860"},{"taxonomy":"yst_prominent_words","embeddable":true,"href":"https:\/\/www.fluimucil-erkaeltungshusten.ch\/de\/wp-json\/wp\/v2\/yst_prominent_words?post=1860"}],"curies":[{"name":"wp","href":"https:\/\/api.w.org\/{rel}","templated":true}]}}