{"id":1859,"date":"2017-11-28T17:05:07","date_gmt":"2017-11-28T16:05:07","guid":{"rendered":"https:\/\/www.fluimucil-erkaeltungshusten.ch\/weitere-infos-und-tipps\/empfehlungen\/come-curare-linfluenza-col-riposo\/"},"modified":"2017-12-16T16:20:09","modified_gmt":"2017-12-16T15:20:09","slug":"behandlung-der-grippe-mit-viel-schlaf-und-ruhe","status":"publish","type":"page","link":"https:\/\/www.fluimucil-erkaeltungshusten.ch\/de\/weitere-infos-und-tipps\/empfehlungen\/behandlung-der-grippe-mit-viel-schlaf-und-ruhe\/","title":{"rendered":"Behandlung der Grippe mit viel Schlaf und Ruhe"},"content":{"rendered":"<div class=\"wpb-content-wrapper\">[mk_page_section vertical_align=&#8220;center&#8220; bg_image=&#8220;https:\/\/www.fluimucil-erkaeltungshusten.ch\/wp-content\/uploads\/2017\/11\/teaser_comeprevenire.jpg&#8220; bg_position=&#8220;center bottom&#8220; bg_repeat=&#8220;no-repeat&#8220; min_height=&#8220;575&#8243; padding_top=&#8220;120&#8243; padding_bottom=&#8220;0&#8243; sidebar=&#8220;sidebar-1&#8243;][vc_column][\/vc_column][\/mk_page_section][vc_row css=&#8220;.vc_custom_1511795486415{padding-top: 20px !important;padding-left: 10px !important;}&#8220;][vc_column width=&#8220;2\/3&#8243;][mk_fancy_title tag_name=&#8220;span&#8220; color=&#8220;#005982&#8243; size=&#8220;22&#8243; font_weight=&#8220;bold&#8220; letter_spacing=&#8220;1&#8243; font_family=&#8220;none&#8220;]EMPFEHLUNGEN[\/mk_fancy_title][mk_fancy_title tag_name=&#8220;h1&#8243; color=&#8220;#005982&#8243; size=&#8220;20&#8243; line_height=&#8220;125&#8243; font_weight=&#8220;bold&#8220; font_family=&#8220;none&#8220;]Behandlung der Grippe mit viel Schlaf und Ruhe[\/mk_fancy_title][vc_single_image source=&#8220;featured_image&#8220; img_size=&#8220;full&#8220;][vc_column_text css=&#8220;.vc_custom_1513238649951{margin-bottom: 0px !important;}&#8220;]Wenn man aufgrund einer Erkrankung wie der\u00a0<a href=\"http:\/\/www.fluimucil-erkaeltungshusten.ch\/de\/Faq\/Glossar#g\" target=\"_self\">Grippe<\/a>\u00a0geschw\u00e4cht ist, w\u00e4re absolute Ruhe w\u00e4hrend ein paar Tage und Pflege eine ideale Voraussetzung f\u00fcr eine schnelle und vollst\u00e4ndige Genesung; allerdings ist es g\u00e4ngige Praxis, dies zu vermeiden, um besser mit den hektischen Rhythmen der heutigen Zeit mitzuhalten.<\/p>\n<p>Dies ist eine verst\u00e4ndliche Entscheidung, die mit der Tatsache zusammenh\u00e4ngt, dass das Leben in der Gesellschaft keine Auszeiten zul\u00e4sst. Aus medizinischer Sicht jedoch gibt es nichts Verkehrteres, wenn man vermeiden will, dass die unangenehmen Begleiterscheinungen der Erkrankung \u00fcber l\u00e4ngere Zeit verschleppt werden.<\/p>\n<p>Ausreichende Ruhe ist bei allen Krankheiten eine Grundvoraussetzung f\u00fcr einen erfolgreichen Heilprozess. Die Reaktion des Immunsystems erfordert, wie jeder andere Prozess in unserem K\u00f6rper, einen erheblichen Energieaufwand; f\u00fcr die vollst\u00e4ndige Erholung von einer Erkrankung wird daher notwendigerweise ein Teil unserer Energie- und Stoffwechselreserven\u00a0 f\u00fcr den Kampf gegen die\u00a0<a href=\"http:\/\/www.fluimucil-erkaeltungshusten.ch\/de\/Faq\/Glossar#k\" target=\"_self\">Krankheitserreger<\/a>\u00a0abgezogen. Um zu vermeiden, dass dieser Prozess dementsprechend zu einer \u00dcberbelastung des K\u00f6rpers mit daraus folgender Schw\u00e4chung des\u00a0<a href=\"http:\/\/www.fluimucil-erkaeltungshusten.ch\/de\/Faq\/Glossar#i\" target=\"_self\">Immunsystems<\/a>\u00a0f\u00fchrt, die ihrerseits die Wahrscheinlichkeit eines R\u00fcckfalls oder die Entstehung anderer Krankheiten beg\u00fcnstigt, w\u00e4re es in dieser Situation weise, alle Anstrengungen auf ein Minimum zu reduzieren und abzuwarten, bis eine Besserung eingetreten ist.<\/p>\n<p>Neuere Forschungen best\u00e4tigen diese Ansicht: Laut einer Studie der Universit\u00e4t von Washington produziert das Gehirn w\u00e4hrend des Schlafes ein Protein, das durch sein Einwirken auf den Schlaf-wach-Zyklus eine Rolle bei der Aktivierung der physiologischen Entz\u00fcndungsprozesse spielt und zum typischen Ersch\u00f6pfungszustand bei Grippe f\u00fchrt, zugleich aber eine St\u00e4rkung der k\u00f6rpereigenen Abwehrkr\u00e4fte gew\u00e4hrleistet.<\/p>\n<p>Die Genesung von Krankheiten wie der\u00a0<a href=\"http:\/\/www.fluimucil-erkaeltungshusten.ch\/de\/Faq\/Glossar#g\" target=\"_self\">Grippe<\/a>\u00a0erfordert also eine gewisse Zeit des Verzichts auf Aktivit\u00e4t, um eine bessere Immunantwort zu erm\u00f6glichen. Die moderne Forschung best\u00e4tigt hiermit den gesunden Menschenverstand: Ruhe ist die beste \u201eMedizin\u201c f\u00fcr eine baldige Genesung, und es ist besser, eine kurze Auszeit einzulegen und danach wieder voll einsatzf\u00e4hig zu sein, statt einfach weiterzumachen und daf\u00fcr \u201emit halber Kraft\u201c zu laufen.[\/vc_column_text][mk_button dimension=&#8220;flat&#8220; corner_style=&#8220;full_rounded&#8220; size=&#8220;medium&#8220; url=&#8220;\/de\/weitere-infos-und-tipps\/empfehlungen\/&#8220; margin_top=&#8220;30&#8243; margin_right=&#8220;0&#8243; bg_color=&#8220;#00768e&#8220; btn_hover_bg=&#8220;rgba(0,118,142,0.75)&#8220;]Zur\u00fcck[\/mk_button][\/vc_column][vc_column width=&#8220;1\/12&#8243;][\/vc_column][vc_column width=&#8220;1\/4&#8243;][vc_wp_custommenu nav_menu=&#8220;11&#8243;][mk_icon_box icon=&#8220;mk-moon-temperature&#8220; title=&#8220;SYMPTOME UND BESCHWERDEN&#8220; text_size=&#8220;13&#8243; read_more_txt=&#8220;Weiter zum Abschnitt&#8220; read_more_url=&#8220;\/de\/Symptome-und-Beschwerden\/Erkaeltungshusten&#8220; style=&#8220;boxed&#8220; icon_location=&#8220;top&#8220; icon_color=&#8220;#075985&#8243; icon_circle_color=&#8220;&#8220; title_color=&#8220;#075985&#8243; txt_color=&#8220;#00768e&#8220; el_class=&#8220;side-icon-box&#8220;]Weitere Informationen \u00fcber jahreszeitlich bedingte Krankheiten.[\/mk_icon_box][mk_icon_box icon=&#8220;mk-icon-lightbulb-o&#8220; title=&#8220;MEHR ERFAHREN&#8220; text_size=&#8220;13&#8243; read_more_txt=&#8220;Weiter zum Abschnitt&#8220; read_more_url=&#8220;\/de\/Mehr-erfahren\/Muetter-und-Kinder&#8220; style=&#8220;boxed&#8220; icon_location=&#8220;top&#8220; icon_color=&#8220;#075985&#8243; icon_circle_color=&#8220;&#8220; title_color=&#8220;#075985&#8243; txt_color=&#8220;#00768e&#8220; el_class=&#8220;side-icon-box&#8220;]Neuigkeiten und n\u00fctzliche Informationen.[\/mk_icon_box][\/vc_column][\/vc_row]\n<\/div>","protected":false},"excerpt":{"rendered":"<p>Wenn man aufgrund einer Erkrankung wie der Grippe geschw\u00e4cht ist, w\u00e4re absolute Ruhe w\u00e4hrend ein paar&#8230;<\/p>\n","protected":false},"author":2,"featured_media":789,"parent":1852,"menu_order":0,"comment_status":"closed","ping_status":"closed","template":"","meta":{"_monsterinsights_skip_tracking":false,"_monsterinsights_sitenote_active":false,"_monsterinsights_sitenote_note":"","_monsterinsights_sitenote_category":0,"footnotes":""},"categories":[44],"tags":[],"yst_prominent_words":[],"class_list":["post-1859","page","type-page","status-publish","has-post-thumbnail","hentry","category-consigli-de"],"_links":{"self":[{"href":"https:\/\/www.fluimucil-erkaeltungshusten.ch\/de\/wp-json\/wp\/v2\/pages\/1859","targetHints":{"allow":["GET"]}}],"collection":[{"href":"https:\/\/www.fluimucil-erkaeltungshusten.ch\/de\/wp-json\/wp\/v2\/pages"}],"about":[{"href":"https:\/\/www.fluimucil-erkaeltungshusten.ch\/de\/wp-json\/wp\/v2\/types\/page"}],"author":[{"embeddable":true,"href":"https:\/\/www.fluimucil-erkaeltungshusten.ch\/de\/wp-json\/wp\/v2\/users\/2"}],"replies":[{"embeddable":true,"href":"https:\/\/www.fluimucil-erkaeltungshusten.ch\/de\/wp-json\/wp\/v2\/comments?post=1859"}],"version-history":[{"count":0,"href":"https:\/\/www.fluimucil-erkaeltungshusten.ch\/de\/wp-json\/wp\/v2\/pages\/1859\/revisions"}],"up":[{"embeddable":true,"href":"https:\/\/www.fluimucil-erkaeltungshusten.ch\/de\/wp-json\/wp\/v2\/pages\/1852"}],"wp:featuredmedia":[{"embeddable":true,"href":"https:\/\/www.fluimucil-erkaeltungshusten.ch\/de\/wp-json\/wp\/v2\/media\/789"}],"wp:attachment":[{"href":"https:\/\/www.fluimucil-erkaeltungshusten.ch\/de\/wp-json\/wp\/v2\/media?parent=1859"}],"wp:term":[{"taxonomy":"category","embeddable":true,"href":"https:\/\/www.fluimucil-erkaeltungshusten.ch\/de\/wp-json\/wp\/v2\/categories?post=1859"},{"taxonomy":"post_tag","embeddable":true,"href":"https:\/\/www.fluimucil-erkaeltungshusten.ch\/de\/wp-json\/wp\/v2\/tags?post=1859"},{"taxonomy":"yst_prominent_words","embeddable":true,"href":"https:\/\/www.fluimucil-erkaeltungshusten.ch\/de\/wp-json\/wp\/v2\/yst_prominent_words?post=1859"}],"curies":[{"name":"wp","href":"https:\/\/api.w.org\/{rel}","templated":true}]}}