{"id":1847,"date":"2017-12-07T11:02:37","date_gmt":"2017-12-07T10:02:37","guid":{"rendered":"https:\/\/www.fluimucil-erkaeltungshusten.ch\/weitere-infos-und-tipps\/atemwege\/weitere-informationen-zum-atmungsapparat\/i-meccanismi-fisici-di-difesa-dellapparato-respiratorio\/"},"modified":"2017-12-16T16:20:09","modified_gmt":"2017-12-16T15:20:09","slug":"die-koerperlichen-abwehrmechanismen-der-atemwege","status":"publish","type":"page","link":"https:\/\/www.fluimucil-erkaeltungshusten.ch\/de\/weitere-infos-und-tipps\/atemwege\/weitere-informationen-zum-atmungsapparat\/die-koerperlichen-abwehrmechanismen-der-atemwege\/","title":{"rendered":"Die k\u00f6rperlichen Abwehrmechanismen der Atemwege"},"content":{"rendered":"<div class=\"wpb-content-wrapper\">[mk_page_section vertical_align=&#8220;center&#8220; bg_image=&#8220;https:\/\/www.fluimucil-erkaeltungshusten.ch\/wp-content\/uploads\/2017\/11\/teaser_comeprevenire.jpg&#8220; bg_position=&#8220;center bottom&#8220; bg_repeat=&#8220;no-repeat&#8220; min_height=&#8220;575&#8243; padding_top=&#8220;120&#8243; padding_bottom=&#8220;0&#8243; sidebar=&#8220;sidebar-1&#8243;][vc_column][\/vc_column][\/mk_page_section][vc_row css=&#8220;.vc_custom_1511795486415{padding-top: 20px !important;padding-left: 10px !important;}&#8220;][vc_column width=&#8220;2\/3&#8243;][mk_fancy_title tag_name=&#8220;span&#8220; color=&#8220;#005982&#8243; size=&#8220;22&#8243; font_weight=&#8220;bold&#8220; letter_spacing=&#8220;1&#8243; font_family=&#8220;none&#8220;]WEITERE INFORMATIONEN ZUM ATMUNGSAPPARAT[\/mk_fancy_title][mk_fancy_title tag_name=&#8220;h1&#8243; color=&#8220;#005982&#8243; size=&#8220;20&#8243; line_height=&#8220;125&#8243; font_weight=&#8220;bold&#8220; font_family=&#8220;none&#8220;]Die k\u00f6rperlichen Abwehrmechanismen der Atemwege[\/mk_fancy_title][vc_single_image source=&#8220;featured_image&#8220; img_size=&#8220;full&#8220;][vc_column_text css=&#8220;.vc_custom_1513161931025{margin-bottom: 0px !important;}&#8220;]Bei jedem Einatmen gelangt Luft in unseren K\u00f6rper. Allerdings gelangt nicht nur Luft in unser\u00a0<a href=\"http:\/\/www.fluimucil-erkaeltungshusten.ch\/de\/Faq\/Glossar#a\" target=\"_self\">Atemsystem<\/a>: In die Lungen gelangen auch Bl\u00fctenstaub, Asche, Staub, Schimmelpilzsporen, organische Partikel, Viren und Bakterien &#8211; alles potenziell gef\u00e4hrliche Organismen f\u00fcr die Gesundheit der Atemwege.<\/p>\n<p>Um diesen Risiken entgegenzuwirken, hat das\u00a0<a href=\"http:\/\/www.fluimucil-erkaeltungshusten.ch\/de\/Faq\/Glossar#a\" target=\"_self\">Atemsystem<\/a>\u00a0mehrere Verteidigungsmodalit\u00e4ten entwickelt, sowohl mechanischer Art, als auch auf immunologischer Ebene.<\/p>\n<p>Das\u00a0<a href=\"http:\/\/www.fluimucil-erkaeltungshusten.ch\/de\/Faq\/Glossar#a\" target=\"_self\">Atemsystem<\/a>\u00a0wird gesch\u00fctzt durch:<\/p>\n<ul>\n<li><strong>Nasenhaare<\/strong>;<\/li>\n<li><a href=\"http:\/\/www.fluimucil-erkaeltungshusten.ch\/de\/Faq\/Glossar#m\" target=\"_self\">Mukozili\u00e4re Clearance<\/a>;<\/li>\n<li><a href=\"http:\/\/www.fluimucil-erkaeltungshusten.ch\/de\/Faq\/Glossar#h\" target=\"_self\">Husten<\/a>\u00a0und\u00a0<a href=\"http:\/\/www.fluimucil-erkaeltungshusten.ch\/de\/Faq\/Glossar#n\" target=\"_self\">Niesen<\/a>.<\/li>\n<\/ul>\n<p>Die\u00a0<strong>Nasenhaare<\/strong>\u00a0sind der erste Schutzfilter unseres K\u00f6rpers gegen gef\u00e4hrliche Partikel, die wir einatmen:\u00a0denn durch die Nase einatmend, werden\u00a0<strong>die meisten sch\u00e4dlichen Partikel von den H\u00e4rchen in den Nasenh\u00f6hlen abgefangen<\/strong>. Neben dieser wichtigen Funktion, helfen sie die Luft, welche in die unteren Atemwege gef\u00fchrt wird, aufzuw\u00e4rmen zu befeuchten.<\/p>\n<p>Die\u00a0<a href=\"http:\/\/www.fluimucil-erkaeltungshusten.ch\/de\/Faq\/Glossar#m\" target=\"_self\">mukozili\u00e4re Clearance<\/a>\u00a0ist ein Komplex von Abwehrmechanismen, der den gesamten Atemtrakt vom Kehlkopf bis in die Bronchien \u00fcberzieht. Die Innenw\u00e4nde dieser Organe sind in der Tat mit einem dickfl\u00fcssigen\u00a0<a href=\"http:\/\/www.fluimucil-erkaeltungshusten.ch\/de\/Faq\/Glossar#s\" target=\"_self\">Schleim<\/a>\u00a0bedeckt, der von dazu bestimmten Dr\u00fcsen ausgeschieden wird. In diesem\u00a0<a href=\"http:\/\/www.fluimucil-erkaeltungshusten.ch\/de\/Faq\/Glossar#s\" target=\"_self\">Schleim<\/a>\u00a0werden die feinen Teilchen eingefangen, die der Kontrolle der Nasenhaare entgangen sind. Diese Schleimschicht mit den darin festsitzenden Schadstoffen wird durch Bewegung der darunter positionierten Flimmerh\u00e4rchen in Richtung der oberen Atemwegen bef\u00f6rdert, wo der\u00a0<a href=\"http:\/\/www.fluimucil-erkaeltungshusten.ch\/de\/Faq\/Glossar#s\" target=\"_self\">Schleim<\/a>\u00a0dann (durch die Nase und den Mund) ausgeschieden wird.; wenn wir uns die Nase putzen, helfen wir also unserem\u00a0<a href=\"http:\/\/www.fluimucil-erkaeltungshusten.ch\/de\/Faq\/Glossar#a\" target=\"_self\">Atemsystem<\/a>, die \u201cungebetenen G\u00e4ste\u201c loszuwerden, die potenziell sch\u00e4dlich f\u00fcr unsere Gesundheit sind.<\/p>\n<p><a href=\"http:\/\/www.fluimucil-erkaeltungshusten.ch\/de\/Faq\/Glossar#h\" target=\"_self\">Husten<\/a>\u00a0und\u00a0<a href=\"http:\/\/www.fluimucil-erkaeltungshusten.ch\/de\/Faq\/Glossar#n\" target=\"_self\">Niesen<\/a>\u00a0sind sozusagen Notfallmechanismen, die in Aktion treten, wenn Partikel in den K\u00f6rper eingedringen, die zu gross sind, um durch die\u00a0<a href=\"http:\/\/www.fluimucil-erkaeltungshusten.ch\/de\/Faq\/Glossar#m\" target=\"_self\">mukozili\u00e4re Clearance<\/a>\u00a0entsorgt zu werden oder wenn sich aufgrund von Infektionen oder anderen Erkrankungen ein \u00dcberschuss an\u00a0<a href=\"http:\/\/www.fluimucil-erkaeltungshusten.ch\/de\/Faq\/Glossar#s\" target=\"_self\">Schleim<\/a>\u00a0bildet, der bei einem Verbleib im K\u00f6rper infiziert werden und so zu einer Verschlimmerung der Situation f\u00fchren k\u00f6nnte. In solchen F\u00e4llen reagiert der K\u00f6rper durch die Stimulation bestimmter Nerven-Rezeptoren, indem er mit grosser Geschwindigkeit (kann 300 km\/h \u00fcberschreiten) ein grosses Luftvolumen ausst\u00f6sst und mit ihm den Fremdk\u00f6rper, der diese Reaktion hervorgerufen hat.[\/vc_column_text][mk_button dimension=&#8220;flat&#8220; corner_style=&#8220;full_rounded&#8220; size=&#8220;medium&#8220; url=&#8220;\/de\/weitere-infos-und-tipps\/atemwege\/weitere-informationen-zum-atmungsapparat\/&#8220; margin_top=&#8220;30&#8243; margin_right=&#8220;0&#8243; bg_color=&#8220;#00768e&#8220; btn_hover_bg=&#8220;rgba(0,118,142,0.75)&#8220;]Zur\u00fcck[\/mk_button][\/vc_column][vc_column width=&#8220;1\/12&#8243;][\/vc_column][vc_column width=&#8220;1\/4&#8243;][vc_wp_custommenu nav_menu=&#8220;11&#8243;][mk_icon_box icon=&#8220;mk-moon-temperature&#8220; title=&#8220;SYMPTOME UND BESCHWERDEN&#8220; text_size=&#8220;13&#8243; read_more_txt=&#8220;Weiter zum Abschnitt&#8220; read_more_url=&#8220;\/de\/Symptome-und-Beschwerden\/Erkaeltungshusten&#8220; style=&#8220;boxed&#8220; icon_location=&#8220;top&#8220; icon_color=&#8220;#075985&#8243; icon_circle_color=&#8220;&#8220; title_color=&#8220;#075985&#8243; txt_color=&#8220;#00768e&#8220; el_class=&#8220;side-icon-box&#8220;]Weitere Informationen \u00fcber jahreszeitlich bedingte Krankheiten.[\/mk_icon_box][mk_icon_box icon=&#8220;mk-icon-lightbulb-o&#8220; title=&#8220;MEHR ERFAHREN&#8220; text_size=&#8220;13&#8243; read_more_txt=&#8220;Weiter zum Abschnitt&#8220; read_more_url=&#8220;\/de\/Mehr-erfahren\/Muetter-und-Kinder&#8220; style=&#8220;boxed&#8220; icon_location=&#8220;top&#8220; icon_color=&#8220;#075985&#8243; icon_circle_color=&#8220;&#8220; title_color=&#8220;#075985&#8243; txt_color=&#8220;#00768e&#8220; el_class=&#8220;side-icon-box&#8220;]Neuigkeiten und n\u00fctzliche Informationen.[\/mk_icon_box][\/vc_column][\/vc_row]\n<\/div>","protected":false},"excerpt":{"rendered":"<p>Bei jedem Einatmen gelangt Luft in unseren K\u00f6rper. Allerdings gelangt nicht nur Luft in unser  Atemsystem:&#8230;<\/p>\n","protected":false},"author":2,"featured_media":1501,"parent":1844,"menu_order":0,"comment_status":"closed","ping_status":"closed","template":"","meta":{"_monsterinsights_skip_tracking":false,"_monsterinsights_sitenote_active":false,"_monsterinsights_sitenote_note":"","_monsterinsights_sitenote_category":0,"footnotes":""},"categories":[42],"tags":[],"yst_prominent_words":[],"class_list":["post-1847","page","type-page","status-publish","has-post-thumbnail","hentry","category-approfondimenti-apparato-respiratorio-de"],"_links":{"self":[{"href":"https:\/\/www.fluimucil-erkaeltungshusten.ch\/de\/wp-json\/wp\/v2\/pages\/1847","targetHints":{"allow":["GET"]}}],"collection":[{"href":"https:\/\/www.fluimucil-erkaeltungshusten.ch\/de\/wp-json\/wp\/v2\/pages"}],"about":[{"href":"https:\/\/www.fluimucil-erkaeltungshusten.ch\/de\/wp-json\/wp\/v2\/types\/page"}],"author":[{"embeddable":true,"href":"https:\/\/www.fluimucil-erkaeltungshusten.ch\/de\/wp-json\/wp\/v2\/users\/2"}],"replies":[{"embeddable":true,"href":"https:\/\/www.fluimucil-erkaeltungshusten.ch\/de\/wp-json\/wp\/v2\/comments?post=1847"}],"version-history":[{"count":0,"href":"https:\/\/www.fluimucil-erkaeltungshusten.ch\/de\/wp-json\/wp\/v2\/pages\/1847\/revisions"}],"up":[{"embeddable":true,"href":"https:\/\/www.fluimucil-erkaeltungshusten.ch\/de\/wp-json\/wp\/v2\/pages\/1844"}],"wp:featuredmedia":[{"embeddable":true,"href":"https:\/\/www.fluimucil-erkaeltungshusten.ch\/de\/wp-json\/wp\/v2\/media\/1501"}],"wp:attachment":[{"href":"https:\/\/www.fluimucil-erkaeltungshusten.ch\/de\/wp-json\/wp\/v2\/media?parent=1847"}],"wp:term":[{"taxonomy":"category","embeddable":true,"href":"https:\/\/www.fluimucil-erkaeltungshusten.ch\/de\/wp-json\/wp\/v2\/categories?post=1847"},{"taxonomy":"post_tag","embeddable":true,"href":"https:\/\/www.fluimucil-erkaeltungshusten.ch\/de\/wp-json\/wp\/v2\/tags?post=1847"},{"taxonomy":"yst_prominent_words","embeddable":true,"href":"https:\/\/www.fluimucil-erkaeltungshusten.ch\/de\/wp-json\/wp\/v2\/yst_prominent_words?post=1847"}],"curies":[{"name":"wp","href":"https:\/\/api.w.org\/{rel}","templated":true}]}}