{"id":1838,"date":"2017-11-28T10:45:55","date_gmt":"2017-11-28T09:45:55","guid":{"rendered":"https:\/\/www.fluimucil-erkaeltungshusten.ch\/lapparato-respiratorio\/"},"modified":"2018-01-29T15:12:13","modified_gmt":"2018-01-29T14:12:13","slug":"atemwege","status":"publish","type":"page","link":"https:\/\/www.fluimucil-erkaeltungshusten.ch\/de\/weitere-infos-und-tipps\/atemwege\/","title":{"rendered":"Atemwege"},"content":{"rendered":"<div class=\"wpb-content-wrapper\">[mk_page_section vertical_align=&#8220;center&#8220; bg_image=&#8220;https:\/\/www.fluimucil-erkaeltungshusten.ch\/wp-content\/uploads\/2017\/11\/teaser_apparatorespiratorio.jpg&#8220; bg_position=&#8220;center bottom&#8220; bg_repeat=&#8220;no-repeat&#8220; min_height=&#8220;575&#8243; padding_top=&#8220;120&#8243; padding_bottom=&#8220;0&#8243; sidebar=&#8220;sidebar-1&#8243;][vc_column][\/vc_column][\/mk_page_section][vc_row css=&#8220;.vc_custom_1511795486415{padding-top: 20px !important;padding-left: 10px !important;}&#8220;][vc_column width=&#8220;1\/2&#8243;][mk_fancy_title tag_name=&#8220;h1&#8243; color=&#8220;#005982&#8243; size=&#8220;22&#8243; font_weight=&#8220;bold&#8220; letter_spacing=&#8220;1&#8243; font_family=&#8220;none&#8220;]ATEMWEGE[\/mk_fancy_title][vc_column_text css=&#8220;.vc_custom_1513161336750{margin-bottom: 0px !important;}&#8220;]Der Atemapparat ist das System, welches aus all den Organen besteht, welche die\u00a0<a href=\"http:\/\/www.fluimucil-erkaeltungshusten.ch\/de\/Faq\/Glossar#a\" target=\"_self\">Atmung<\/a>, beziehungsweise den Austausch von Gasen zwischen Atemluft und Blut erm\u00f6glichen, wodurch der K\u00f6rper Sauerstoff aufnehmen und Kohlendioxid ausscheiden kann (Abfallprodukt des menschlichen Stoffwechsels).<\/p>\n<p>Beim Menschen setzt sich der Atemapparat wie folgt zusammen:[\/vc_column_text][mk_padding_divider size=&#8220;30&#8243;][vc_accordions action_style=&#8220;toggle-action&#8220; container_bg_color=&#8220;&#8220; responsive=&#8220;false&#8220;][vc_accordion_tab title=&#8220;Die oberen Atemwege&#8220;][vc_column_text css=&#8220;.vc_custom_1513161376881{margin-bottom: 0px !important;}&#8220;]\n<ul>\n<li><strong>Die \u00c4ussere Nase und Mundh\u00f6hle<\/strong>, von wo aus die Umgebungsluft in den K\u00f6rper gelangt;<\/li>\n<li><strong>Die Nasenh\u00f6hlen und Nasennebenh\u00f6hlen<\/strong>, wo die Luft durch die Flimmerh\u00e4rchen und den\u00a0<a href=\"http:\/\/www.fluimucil-erkaeltungshusten.ch\/de\/Faq\/Glossar#s\" target=\"_self\">Schleim<\/a>, die Staub und\u00a0<a href=\"http:\/\/www.fluimucil-erkaeltungshusten.ch\/de\/Faq\/Glossar#r\" target=\"_self\">Reizstoffe<\/a>\u00a0einfangen, erw\u00e4rmt, befeuchtet und gereinigt wird. Hier befinden sich auch unsere Geruchsorgane;<\/li>\n<li>Der\u00a0<strong>Rachen<\/strong>, eine gemeinsame R\u00f6hre der Atem- und Verdaungsweg, durch welche Nahrung, Fl\u00fcssigkeiten und Luft in den K\u00f6rper gelangen. Um zu vermeiden, dass Nahrung und Wasser in die Lunge gelangen, verschliesst der Kehldeckel w\u00e4hrend des Schluckvorgangs den Durchgang zu den unteren Atemwegen;<\/li>\n<\/ul>\n[\/vc_column_text][\/vc_accordion_tab][vc_accordion_tab title=&#8220;Die unteren Atemwege&#8220;][vc_column_text css=&#8220;.vc_custom_1513161436927{margin-bottom: 0px !important;}&#8220;]\n<ul>\n<li>Der\u00a0<strong>Kehlkopf<\/strong>\u00a0ist eine R\u00f6hre, die ausschliesslich der Luftpassage zur Lunge dient. Im Kehlkopf befinden sich die Stimmb\u00e4nder, die durch ihr Schwingen dem Menschen erlauben, T\u00f6ne und W\u00f6rter zu erzeugen;<\/li>\n<li>Die\u00a0<strong>Luftr\u00f6hre<\/strong>\u00a0ist die R\u00f6hre, welche die Luft in die Lungen leitet. Die darin festsitzenden Flimmerh\u00e4rchen, halten\u00a0 eventuelle\u00a0<a class=\"actived\" href=\"http:\/\/www.fluimucil-erkaeltungshusten.ch\/de\/Faq\/Glossar#r\" target=\"_self\">Reizstoffe<\/a>\u00a0zur\u00fcck und transportieren den\u00a0<a class=\"actived\" href=\"http:\/\/www.fluimucil-erkaeltungshusten.ch\/de\/Faq\/Glossar#s\" target=\"_self\">Schleim<\/a>\u00a0aus den Bronchien zu den oberen Atemwegen;<\/li>\n<li>Die\u00a0<strong>Bronchien<\/strong>, die beiden R\u00f6hren ergeben sich aus der Gabelung der Luftr\u00f6hre, durch welche die Luft in die Lunge str\u00f6mt;<\/li>\n<\/ul>\n[\/vc_column_text][\/vc_accordion_tab][vc_accordion_tab title=&#8220;Das Lungensystem&#8220;][vc_column_text css=&#8220;.vc_custom_1513161474599{margin-bottom: 0px !important;}&#8220;]\n<ul>\n<li>Die\u00a0<strong>Bronchiolen<\/strong>\u00a0sind weitere Verzweigungen der Bronchien, durch welche die Luft zu den Lungenbl\u00e4schen bef\u00f6rdert wird;<\/li>\n<li>Die\u00a0<strong>Alveolen<\/strong>\u00a0oder Lungenbl\u00e4schen sind kleine, von Kapillaren durchblutete Sph\u00e4ren, in welchen der Sauerstoff-Kohlendioxid-Austausch zwischen Luft und Blut stattfindet;<\/li>\n<li>Die\u00a0<strong>Lunge<\/strong>\u00a0besteht aus zwei Fl\u00fcgeln, die sich in mehrere Lappen unterteilen, welche die Alveolen oder Lungenbl\u00e4schen enthalten und durch die Wirkung der\u00a0<a class=\"actived\" href=\"http:\/\/www.fluimucil-erkaeltungshusten.ch\/de\/Faq\/Glossar#a\" target=\"_self\">Atemmuskulatur<\/a>\u00a0sowie durch ihre Volumenver\u00e4nderungen das Ansaugen der Luft erm\u00f6glichen;<\/li>\n<li>Die\u00a0<strong>Pleura<\/strong>\u00a0oder Rippenfell, ist eine ser\u00f6se, doppelte Haut, welche die beiden Lungenfl\u00fcgel \u00fcberziehen und sch\u00fctzen, indem sie an den Brustkorb gebunden werden. Zwischen den beiden H\u00e4uten befindet sich eine Fl\u00fcssigkeit, welche sch\u00fctzend wirkt und die Ausdehnung der Lungen erlaubt.<\/li>\n<\/ul>\n[\/vc_column_text][\/vc_accordion_tab][vc_accordion_tab title=&#8220;Atemmuskulatur&#8220;][vc_column_text css=&#8220;.vc_custom_1513161494913{margin-bottom: 0px !important;}&#8220;]Mit ihrer Aktion erm\u00f6glichen sie die Bewegungen des Brustkorbes und die anschliessende Erh\u00f6hung des Lungenvolumens, was das Einatmen beg\u00fcnstigt. Das Zwerchfell ist der\u00a0 wichtigste Muskel\u00a0 der\u00a0<a class=\"actived\" href=\"http:\/\/www.fluimucil-erkaeltungshusten.ch\/de\/Faq\/Glossar#a\" target=\"_self\">Atemmuskulatur<\/a>.\u00a0 Das Zwerchfell trennt die Lunge vom Verdauungsapparat und erlaubt so die Kontrolle des Luftstroms (diese Funktion ist auch f\u00fcr das Sprechen wichtig).[\/vc_column_text][\/vc_accordion_tab][\/vc_accordions][mk_button dimension=&#8220;flat&#8220; corner_style=&#8220;full_rounded&#8220; size=&#8220;medium&#8220; url=&#8220;\/de\/weitere-infos-und-tipps\/atemwege\/weitere-informationen-zum-atmungsapparat&#8220; align=&#8220;none&#8220; margin_top=&#8220;30&#8243; margin_right=&#8220;0&#8243; el_class=&#8220;newline-button&#8220; bg_color=&#8220;#00768e&#8220; btn_hover_bg=&#8220;rgba(0,118,142,0.75)&#8220;]Mehr zu diesem Thema[\/mk_button][\/vc_column][vc_column width=&#8220;1\/4&#8243;][mk_padding_divider size=&#8220;300&#8243; visibility=&#8220;hidden-sm&#8220;][vc_single_image image=&#8220;1842&#8243; img_size=&#8220;full&#8220;][\/vc_column][vc_column width=&#8220;1\/4&#8243;][vc_wp_custommenu nav_menu=&#8220;11&#8243;][mk_icon_box icon=&#8220;mk-moon-temperature&#8220; title=&#8220;SYMPTOME UND BESCHWERDEN&#8220; text_size=&#8220;13&#8243; read_more_txt=&#8220;Weiter zum Abschnitt&#8220; read_more_url=&#8220;\/de\/Symptome-und-Beschwerden\/Erkaeltungshusten&#8220; style=&#8220;boxed&#8220; icon_location=&#8220;top&#8220; icon_color=&#8220;#075985&#8243; icon_circle_color=&#8220;&#8220; title_color=&#8220;#075985&#8243; txt_color=&#8220;#00768e&#8220; el_class=&#8220;side-icon-box&#8220;]Weitere Informationen \u00fcber jahreszeitlich bedingte Krankheiten.[\/mk_icon_box][mk_icon_box icon=&#8220;mk-icon-lightbulb-o&#8220; title=&#8220;MEHR ERFAHREN&#8220; text_size=&#8220;13&#8243; read_more_txt=&#8220;Weiter zum Abschnitt&#8220; read_more_url=&#8220;\/de\/Mehr-erfahren\/Muetter-und-Kinder&#8220; style=&#8220;boxed&#8220; icon_location=&#8220;top&#8220; icon_color=&#8220;#075985&#8243; icon_circle_color=&#8220;&#8220; title_color=&#8220;#075985&#8243; txt_color=&#8220;#00768e&#8220; el_class=&#8220;side-icon-box&#8220;]Neuigkeiten und n\u00fctzliche Informationen.[\/mk_icon_box][\/vc_column][\/vc_row]\n<\/div>","protected":false},"excerpt":{"rendered":"<p>[mk_page_section vertical_align=&#8220;center&#8220; bg_image=&#8220;https:\/\/www.fluimucil-erkaeltungshusten.ch\/wp-content\/uploads\/2017\/11\/teaser_apparatorespiratorio.jpg&#8220; bg_position=&#8220;center bottom&#8220; bg_repeat=&#8220;no-repeat&#8220; min_height=&#8220;575&#8243; padding_top=&#8220;120&#8243; padding_bottom=&#8220;0&#8243; sidebar=&#8220;sidebar-1&#8243;][vc_column][\/vc_column][\/mk_page_section][vc_row css=&#8220;.vc_custom_1511795486415{padding-top: 20px !important;padding-left: 10px !important;}&#8220;][vc_column width=&#8220;1\/2&#8243;][mk_fancy_title tag_name=&#8220;h1&#8243; color=&#8220;#005982&#8243; size=&#8220;22&#8243; font_weight=&#8220;bold&#8220; letter_spacing=&#8220;1&#8243; font_family=&#8220;none&#8220;]ATEMWEGE[\/mk_fancy_title][vc_column_text css=&#8220;.vc_custom_1513161336750{margin-bottom: 0px !important;}&#8220;]Der Atemapparat ist das System, welches aus all den Organen besteht, welche die\u00a0Atmung, beziehungsweise den Austausch von Gasen zwischen Atemluft und Blut erm\u00f6glichen, wodurch der K\u00f6rper Sauerstoff aufnehmen und Kohlendioxid ausscheiden [&hellip;]<\/p>\n","protected":false},"author":2,"featured_media":0,"parent":1839,"menu_order":0,"comment_status":"closed","ping_status":"closed","template":"","meta":{"_monsterinsights_skip_tracking":false,"_monsterinsights_sitenote_active":false,"_monsterinsights_sitenote_note":"","_monsterinsights_sitenote_category":0,"footnotes":""},"categories":[],"tags":[],"yst_prominent_words":[178,412,409,411,177,172,181,176,180,410,182,179,173,413,184,408,175,174,171,183],"class_list":["post-1838","page","type-page","status-publish","hentry"],"_links":{"self":[{"href":"https:\/\/www.fluimucil-erkaeltungshusten.ch\/de\/wp-json\/wp\/v2\/pages\/1838","targetHints":{"allow":["GET"]}}],"collection":[{"href":"https:\/\/www.fluimucil-erkaeltungshusten.ch\/de\/wp-json\/wp\/v2\/pages"}],"about":[{"href":"https:\/\/www.fluimucil-erkaeltungshusten.ch\/de\/wp-json\/wp\/v2\/types\/page"}],"author":[{"embeddable":true,"href":"https:\/\/www.fluimucil-erkaeltungshusten.ch\/de\/wp-json\/wp\/v2\/users\/2"}],"replies":[{"embeddable":true,"href":"https:\/\/www.fluimucil-erkaeltungshusten.ch\/de\/wp-json\/wp\/v2\/comments?post=1838"}],"version-history":[{"count":0,"href":"https:\/\/www.fluimucil-erkaeltungshusten.ch\/de\/wp-json\/wp\/v2\/pages\/1838\/revisions"}],"up":[{"embeddable":true,"href":"https:\/\/www.fluimucil-erkaeltungshusten.ch\/de\/wp-json\/wp\/v2\/pages\/1839"}],"wp:attachment":[{"href":"https:\/\/www.fluimucil-erkaeltungshusten.ch\/de\/wp-json\/wp\/v2\/media?parent=1838"}],"wp:term":[{"taxonomy":"category","embeddable":true,"href":"https:\/\/www.fluimucil-erkaeltungshusten.ch\/de\/wp-json\/wp\/v2\/categories?post=1838"},{"taxonomy":"post_tag","embeddable":true,"href":"https:\/\/www.fluimucil-erkaeltungshusten.ch\/de\/wp-json\/wp\/v2\/tags?post=1838"},{"taxonomy":"yst_prominent_words","embeddable":true,"href":"https:\/\/www.fluimucil-erkaeltungshusten.ch\/de\/wp-json\/wp\/v2\/yst_prominent_words?post=1838"}],"curies":[{"name":"wp","href":"https:\/\/api.w.org\/{rel}","templated":true}]}}