{"id":1830,"date":"2017-11-27T16:50:37","date_gmt":"2017-11-27T15:50:37","guid":{"rendered":"https:\/\/www.fluimucil-erkaeltungshusten.ch\/symptome-und-beschwerden\/influenza-e-raffreddore\/"},"modified":"2018-01-03T14:14:33","modified_gmt":"2018-01-03T13:14:33","slug":"grippe-und-erkaeltung","status":"publish","type":"page","link":"https:\/\/www.fluimucil-erkaeltungshusten.ch\/de\/symptome-und-beschwerden\/grippe-und-erkaeltung\/","title":{"rendered":"Grippe und Erk\u00e4ltung"},"content":{"rendered":"<div class=\"wpb-content-wrapper\">[mk_page_section vertical_align=&#8220;center&#8220; bg_image=&#8220;https:\/\/www.fluimucil-erkaeltungshusten.ch\/wp-content\/uploads\/2017\/11\/teaser_influenza.jpg&#8220; bg_position=&#8220;center bottom&#8220; bg_repeat=&#8220;no-repeat&#8220; min_height=&#8220;575&#8243; padding_top=&#8220;120&#8243; padding_bottom=&#8220;0&#8243; sidebar=&#8220;sidebar-1&#8243;][vc_column][\/vc_column][\/mk_page_section][vc_row css=&#8220;.vc_custom_1511795486415{padding-top: 20px !important;padding-left: 10px !important;}&#8220;][vc_column width=&#8220;2\/3&#8243;][mk_fancy_title tag_name=&#8220;h1&#8243; color=&#8220;#005982&#8243; size=&#8220;22&#8243; font_weight=&#8220;bold&#8220; letter_spacing=&#8220;1&#8243; font_family=&#8220;none&#8220;]GRIPPE UND ERK\u00c4LTUNG[\/mk_fancy_title][vc_column_text css=&#8220;.vc_custom_1513161017355{margin-bottom: 0px !important;}&#8220;]Jedes Jahr erkranken Millionen von Menschen rund um die Welt an\u00a0<a href=\"http:\/\/www.fluimucil-erkaeltungshusten.ch\/de\/Faq\/Glossar#g\" target=\"_self\">Grippe<\/a>, einer Viruserkrankung, die den Menschen bereits seit mehr als 2000 Jahren bekannt ist, deren \u00dcbertragungsart und Behandlung allerdings erst seit den letzten 200 Jahren untersucht werden.[\/vc_column_text][mk_padding_divider size=&#8220;30&#8243;][vc_accordions action_style=&#8220;toggle-action&#8220; container_bg_color=&#8220;&#8220; responsive=&#8220;false&#8220;][vc_accordion_tab title=&#8220;Die Symptome&#8220;][vc_single_image image=&#8220;1836&#8243; img_size=&#8220;full&#8220; el_class=&#8220;compact&#8220;][\/vc_accordion_tab][vc_accordion_tab title=&#8220;Die Ursachen&#8220;][vc_column_text css=&#8220;.vc_custom_1513161064427{margin-bottom: 0px !important;}&#8220;]Die\u00a0<a class=\"actived\" href=\"http:\/\/www.fluimucil-erkaeltungshusten.ch\/de\/Faq\/Glossar#g\" target=\"_self\">Grippe<\/a>\u00a0ist eine systematische Infektion verschiedener K\u00f6rpersysteme (haupts\u00e4chlich der\u00a0<a class=\"actived\" href=\"http:\/\/www.fluimucil-erkaeltungshusten.ch\/de\/Faq\/Glossar#a\" target=\"_self\">Atemwege<\/a>, auch wenn in einigen F\u00e4llen der Magen-Darmtrakt und der Bewegungsapparat betroffen sein k\u00f6nnen). Diese Infektion ist auf die Wirkung einer Virenfamilie der sogenannten\u00a0<em>Influenza-Viren<\/em>zur\u00fcckzuf\u00fchren, die aus mehreren, st\u00e4ndig mutierenden Viren besteht.<\/p>\n<p>Die\u00a0<a class=\"actived\" href=\"http:\/\/www.fluimucil-erkaeltungshusten.ch\/de\/Faq\/Glossar#g\" target=\"_self\">Grippe<\/a>\u00a0wird neben anderen Symptomen auch h\u00e4ufig von\u00a0<a class=\"actived\" href=\"http:\/\/www.fluimucil-erkaeltungshusten.ch\/de\/Faq\/Glossar#f\" target=\"_self\">Fieber<\/a>\u00a0begleitet, wobei es sich um eine Reaktion unseres<a class=\"actived\" href=\"http:\/\/www.fluimucil-erkaeltungshusten.ch\/de\/Faq\/Glossar#i\" target=\"_self\">\u00a0Immunsystems<\/a>\u00a0auf das Auftreten einer viralen oder bakteriellen Infektion handelt. Das Gehirn sendet einen Impuls aus, welcher zur Erh\u00f6hung der K\u00f6rpertemperatur f\u00fchrt (der Normalwert f\u00fcr den Menschen liegt bei 37 \u00b0C), das\u00a0<a class=\"actived\" href=\"http:\/\/www.fluimucil-erkaeltungshusten.ch\/de\/Faq\/Glossar#f\" target=\"_self\">Fieber<\/a>\u00a0dient der Neutralisierung der Keime und regt die Produktion der weissen Blutk\u00f6rperchen an, welche die\u00a0<a class=\"actived\" href=\"http:\/\/www.fluimucil-erkaeltungshusten.ch\/de\/Faq\/Glossar#k\" target=\"_self\">Krankheitserreger<\/a>\u00a0bek\u00e4mpfen.<\/p>\n<p>Dieser Selbstschutzmechanismus hat jedoch auch seine Nebenwirkungen, die sich in den typischen Beschwerden und Schmerzen \u00e4ussern, jedesmal wenn wir\u00a0<a class=\"actived\" href=\"http:\/\/www.fluimucil-erkaeltungshusten.ch\/de\/Faq\/Glossar#f\" target=\"_self\">Fieber<\/a>\u00a0haben.[\/vc_column_text][\/vc_accordion_tab][vc_accordion_tab title=&#8220;Die Behandlung&#8220;][vc_column_text css=&#8220;.vc_custom_1513161083948{margin-bottom: 0px !important;}&#8220;]Unter normalen Bedingungen gestattet die korrekte Behandlung der Symptome einen normalen Verlauf der Krankheit innerhalb etwa einer Woche; in der Regel besteht die Notwendigkeit, die K\u00f6rpertemperatur auf ein akzeptables Mass zu senken, die Gelenkschmerzen und die Kopfschmerzen sowie die Verstopfung der Atemwege und das Schw\u00e4chegef\u00fchl zu lindern.<\/p>\n<p>Im Handel gibt es Grippemittel, welche verschiedene Wirkstoffe enthalten, wie z. B. Fluimucil Grippe Day &amp; Night auf Basis von\u00a0<a class=\"actived\" href=\"http:\/\/www.fluimucil-erkaeltungshusten.ch\/de\/Faq\/Glossar#p\" target=\"_self\">Paracetamol<\/a>, Pseudoephedrinhydrochlorid, Chlorphenaminmaleat und\u00a0<a class=\"actived\" href=\"http:\/\/www.fluimucil-erkaeltungshusten.ch\/de\/Faq\/Glossar#a\" target=\"_self\">Acetylcystein<\/a>.<\/p>\n<p><a class=\"actived\" href=\"http:\/\/www.fluimucil-erkaeltungshusten.ch\/de\/Faq\/Glossar#p\" target=\"_self\">Paracetamol<\/a>\u00a0zum Beispiel behandelt die Symptome durch die Senkung der K\u00f6rpertemperatur. Dar\u00fcber hinaus besitzt es eine schmerzstillende Wirkung, die sich wohltuend auf die Kopfschmerzen und die Schmerzen in Knochen und Muskeln auswirkt.<\/p>\n<p>Pseudoephedrinhydrochlorid hilft hingegen, die entz\u00fcndete Nasenschleimhaut abzuschwellen und tr\u00e4gt so dazu bei, die vorteilhaften Bedingungen f\u00fcr die Vermehrung von Viren und Bakterien zu beseitigen.<\/p>\n<p>Chlorphenaminmaleat besitzt eine leicht hustenstillende Wirkung, w\u00e4hrend\u00a0<a class=\"actived\" href=\"http:\/\/www.fluimucil-erkaeltungshusten.ch\/de\/Faq\/Glossar#a\" target=\"_self\">Acetylcystein<\/a>\u00a0mit seiner\u00a0<a class=\"actived\" href=\"http:\/\/www.fluimucil-erkaeltungshusten.ch\/de\/Faq\/Glossar#m\">schleiml\u00f6senden<\/a>\u00a0Wirkung die Proteinbindungen des\u00a0<a class=\"actived\" href=\"http:\/\/www.fluimucil-erkaeltungshusten.ch\/de\/Faq\/Glossar#s\" target=\"_self\">Schleims<\/a>\u00a0aufbricht und damit die Befreiung der Atemwege vereinfacht.<\/p>\n<p>F\u00fcr weitere Informationen lesen Sie die Packungsbeilage und wenden Sie sich bitte an eine Fachperson.<\/p>\n<p>Einige nat\u00fcrliche Heilmittel k\u00f6nnen zur Linderung der\u00a0<a class=\"actived\" href=\"http:\/\/www.fluimucil-erkaeltungshusten.ch\/de\/Faq\/Glossar#g\" target=\"_self\">Grippe<\/a>-Symptome beitragen; das Trinken von Ingwer-Aufg\u00fcssen etwa, \u00e4therische Eukalyptus und Thymian \u00d6le, Honig, Kamille oder Weisstanne, leicht verdauliche Lebensmittel wie H\u00fchnerbr\u00fche, aber auch\u00a0 kalte Wickel an Kopf und Hals schenken dem Patienten Linderung und senken das Hiztegef\u00fchl. Dar\u00fcber hinaus wird f\u00fcr einen komplikationsfreien Verlauf und eine vollst\u00e4ndige und rasche Genesung viel Ruhe und Schlaf sowie reichliche Fl\u00fcssigkeitszufuhr empfohlen, um die durch das Schwitzen verlorenen K\u00f6rperfl\u00fcssigkeiten zu ersetzen.[\/vc_column_text][\/vc_accordion_tab][\/vc_accordions][\/vc_column][vc_column width=&#8220;1\/12&#8243;][\/vc_column][vc_column width=&#8220;3\/12&#8243;][vc_wp_custommenu nav_menu=&#8220;10&#8243;][mk_icon_box icon=&#8220;mk-moon-shocked&#8220; title=&#8220;RISIKOFAKTOREN&#8220; text_size=&#8220;13&#8243; style=&#8220;boxed&#8220; icon_location=&#8220;top&#8220; icon_color=&#8220;#075985&#8243; icon_circle_color=&#8220;&#8220; title_color=&#8220;#075985&#8243; txt_color=&#8220;#00768e&#8220; el_class=&#8220;side-icon-box&#8220;]\n<ul>\n<li>Enger Kontakt mit infizierten Personen<\/li>\n<li>\u00dcberf\u00fcllte und schlecht bel\u00fcftete Umgebungen<\/li>\n<li>Stress<\/li>\n<li>Eingeschr\u00e4nkte Abwehrkr\u00e4fte<\/li>\n<\/ul>\n[\/mk_icon_box][mk_icon_box icon=&#8220;mk-icon-medkit&#8220; title=&#8220;N\u00dcTZLICHE TIPPS F\u00dcR DIE BEHANDLUNG&#8220; text_size=&#8220;13&#8243; style=&#8220;boxed&#8220; icon_location=&#8220;top&#8220; icon_color=&#8220;#075985&#8243; icon_circle_color=&#8220;&#8220; title_color=&#8220;#075985&#8243; txt_color=&#8220;#00768e&#8220; el_class=&#8220;side-icon-box&#8220;]<strong>Behandlung der Symptome\u00a0<\/strong>zur Linderung der Beschwerden<\/p>\n<p><strong>Senkung<\/strong>\u00a0der K\u00f6rpertemperatur<\/p>\n<p>Den K\u00f6rper mit reichlich\u00a0<strong>Fl\u00fcssigkeit<\/strong>\u00a0versorgen[\/mk_icon_box][\/vc_column][\/vc_row]\n<\/div>","protected":false},"excerpt":{"rendered":"<p>[mk_page_section vertical_align=&#8220;center&#8220; bg_image=&#8220;https:\/\/www.fluimucil-erkaeltungshusten.ch\/wp-content\/uploads\/2017\/11\/teaser_influenza.jpg&#8220; bg_position=&#8220;center bottom&#8220; bg_repeat=&#8220;no-repeat&#8220; min_height=&#8220;575&#8243; padding_top=&#8220;120&#8243; padding_bottom=&#8220;0&#8243; sidebar=&#8220;sidebar-1&#8243;][vc_column][\/vc_column][\/mk_page_section][vc_row css=&#8220;.vc_custom_1511795486415{padding-top: 20px !important;padding-left: 10px !important;}&#8220;][vc_column width=&#8220;2\/3&#8243;][mk_fancy_title tag_name=&#8220;h1&#8243; color=&#8220;#005982&#8243; size=&#8220;22&#8243; font_weight=&#8220;bold&#8220; letter_spacing=&#8220;1&#8243; font_family=&#8220;none&#8220;]GRIPPE UND ERK\u00c4LTUNG[\/mk_fancy_title][vc_column_text css=&#8220;.vc_custom_1513161017355{margin-bottom: 0px !important;}&#8220;]Jedes Jahr erkranken Millionen von Menschen rund um die Welt an\u00a0Grippe, einer Viruserkrankung, die den Menschen bereits seit mehr als 2000 Jahren bekannt ist, deren \u00dcbertragungsart und Behandlung allerdings [&hellip;]<\/p>\n","protected":false},"author":2,"featured_media":0,"parent":1820,"menu_order":0,"comment_status":"closed","ping_status":"closed","template":"","meta":{"_monsterinsights_skip_tracking":false,"_monsterinsights_sitenote_active":false,"_monsterinsights_sitenote_note":"","_monsterinsights_sitenote_category":0,"footnotes":""},"categories":[],"tags":[],"yst_prominent_words":[],"class_list":["post-1830","page","type-page","status-publish","hentry"],"_links":{"self":[{"href":"https:\/\/www.fluimucil-erkaeltungshusten.ch\/de\/wp-json\/wp\/v2\/pages\/1830","targetHints":{"allow":["GET"]}}],"collection":[{"href":"https:\/\/www.fluimucil-erkaeltungshusten.ch\/de\/wp-json\/wp\/v2\/pages"}],"about":[{"href":"https:\/\/www.fluimucil-erkaeltungshusten.ch\/de\/wp-json\/wp\/v2\/types\/page"}],"author":[{"embeddable":true,"href":"https:\/\/www.fluimucil-erkaeltungshusten.ch\/de\/wp-json\/wp\/v2\/users\/2"}],"replies":[{"embeddable":true,"href":"https:\/\/www.fluimucil-erkaeltungshusten.ch\/de\/wp-json\/wp\/v2\/comments?post=1830"}],"version-history":[{"count":0,"href":"https:\/\/www.fluimucil-erkaeltungshusten.ch\/de\/wp-json\/wp\/v2\/pages\/1830\/revisions"}],"up":[{"embeddable":true,"href":"https:\/\/www.fluimucil-erkaeltungshusten.ch\/de\/wp-json\/wp\/v2\/pages\/1820"}],"wp:attachment":[{"href":"https:\/\/www.fluimucil-erkaeltungshusten.ch\/de\/wp-json\/wp\/v2\/media?parent=1830"}],"wp:term":[{"taxonomy":"category","embeddable":true,"href":"https:\/\/www.fluimucil-erkaeltungshusten.ch\/de\/wp-json\/wp\/v2\/categories?post=1830"},{"taxonomy":"post_tag","embeddable":true,"href":"https:\/\/www.fluimucil-erkaeltungshusten.ch\/de\/wp-json\/wp\/v2\/tags?post=1830"},{"taxonomy":"yst_prominent_words","embeddable":true,"href":"https:\/\/www.fluimucil-erkaeltungshusten.ch\/de\/wp-json\/wp\/v2\/yst_prominent_words?post=1830"}],"curies":[{"name":"wp","href":"https:\/\/api.w.org\/{rel}","templated":true}]}}