{"id":1817,"date":"2017-11-27T15:46:08","date_gmt":"2017-11-27T14:46:08","guid":{"rendered":"https:\/\/www.fluimucil-erkaeltungshusten.ch\/tosse-grassa\/"},"modified":"2018-01-03T14:12:52","modified_gmt":"2018-01-03T13:12:52","slug":"erkaeltungshusten","status":"publish","type":"page","link":"https:\/\/www.fluimucil-erkaeltungshusten.ch\/de\/symptome-und-beschwerden\/erkaeltungshusten\/","title":{"rendered":"Erk\u00e4ltungshusten"},"content":{"rendered":"<div class=\"wpb-content-wrapper\">[mk_page_section vertical_align=&#8220;center&#8220; bg_image=&#8220;https:\/\/www.fluimucil-erkaeltungshusten.ch\/wp-content\/uploads\/2017\/11\/teaser_tossegrassa.jpg&#8220; bg_position=&#8220;center bottom&#8220; bg_repeat=&#8220;no-repeat&#8220; min_height=&#8220;575&#8243; padding_top=&#8220;120&#8243; padding_bottom=&#8220;0&#8243; sidebar=&#8220;sidebar-1&#8243;][vc_column][\/vc_column][\/mk_page_section][vc_row css=&#8220;.vc_custom_1511795486415{padding-top: 20px !important;padding-left: 10px !important;}&#8220;][vc_column width=&#8220;2\/3&#8243;][mk_fancy_title tag_name=&#8220;h1&#8243; color=&#8220;#005982&#8243; size=&#8220;22&#8243; font_weight=&#8220;bold&#8220; letter_spacing=&#8220;1&#8243; font_family=&#8220;none&#8220;]ERK\u00c4LTUNGSHUSTEN[\/mk_fancy_title][vc_column_text css=&#8220;.vc_custom_1513160377098{margin-bottom: 0px !important;}&#8220;]Obwohl der\u00a0<a href=\"http:\/\/www.fluimucil-erkaeltungshusten.ch\/de\/Faq\/Glossar#h\" target=\"_self\">Husten<\/a>\u00a0als l\u00e4stiges Symptom empfunden wird, ist er eigentlich eine grosse Hilfe f\u00fcr den K\u00f6rper. In Wahrheit handelt es sich um einen echten Selbstverteidigungsmechanismus, mit welchem\u00a0 der K\u00f6rper versucht,\u00a0<a href=\"http:\/\/www.fluimucil-erkaeltungshusten.ch\/de\/Faq\/Glossar#r\" target=\"_self\">Reizstoffe<\/a> oder Infektionserreger aus den Atemwegen auszustossen, die im\u00a0<a href=\"http:\/\/www.fluimucil-erkaeltungshusten.ch\/de\/Faq\/Glossar#s\" target=\"_self\">Schleim<\/a>, einer dickfl\u00fcssigen Absonderung der Atmungsorgane, festsitzen.[\/vc_column_text][mk_padding_divider size=&#8220;30&#8243;][vc_row_inner][vc_column_inner width=&#8220;1\/4&#8243;][\/vc_column_inner][vc_column_inner width=&#8220;1\/2&#8243;][vc_column_text align=&#8220;center&#8220; css=&#8220;.vc_custom_1513956735048{margin-bottom: 0px !important;}&#8220;]<strong>H\u00f6ren Sie mal den Erk\u00e4ltungshusten<\/strong>[\/vc_column_text][mk_audio mp3_file=&#8220;https:\/\/www.fluimucil-erkaeltungshusten.ch\/wp-content\/uploads\/2017\/11\/tosse_grassa.mp3&#8243; player_background=&#8220;#007f91&#8243; el_class=&#8220;fluimucil-audio&#8220;][\/vc_column_inner][vc_column_inner width=&#8220;1\/4&#8243;][\/vc_column_inner][\/vc_row_inner][mk_padding_divider size=&#8220;30&#8243;][vc_accordions action_style=&#8220;toggle-action&#8220; container_bg_color=&#8220;&#8220; responsive=&#8220;false&#8220;][vc_accordion_tab title=&#8220;Die Symptome&#8220;][vc_single_image image=&#8220;1819&#8243; img_size=&#8220;full&#8220; el_class=&#8220;compact&#8220;][\/vc_accordion_tab][vc_accordion_tab title=&#8220;Die Ursachen&#8220;][vc_column_text css=&#8220;.vc_custom_1513160458641{margin-bottom: 0px !important;}&#8220;]Wenn sich die Atemwege entz\u00fcnden, aufgrund von Infektionen oder andere \u00e4usserliche Erreger (wie z.B. Zigarettenrauch), wird eine gr\u00f6ssere Menge\u00a0<a class=\"actived\" href=\"http:\/\/www.fluimucil-erkaeltungshusten.ch\/de\/Faq\/Glossar#s\" target=\"_self\">Schleim<\/a>\u00a0als Reaktion auf die\u00a0<a class=\"actived\" href=\"http:\/\/www.fluimucil-erkaeltungshusten.ch\/de\/Faq\/Glossar#e\" target=\"_self\">Entz\u00fcndung<\/a>\u00a0produziert. Diese \u00dcberproduktion verunm\u00f6glicht einen normalen Abbau des\u00a0<a class=\"actived\" href=\"http:\/\/www.fluimucil-erkaeltungshusten.ch\/de\/Faq\/Glossar#s\" target=\"_self\">Schleims<\/a>; der K\u00f6rper greift nun\u00a0 auf den\u00a0<a class=\"actived\" href=\"http:\/\/www.fluimucil-erkaeltungshusten.ch\/de\/Faq\/Glossar#h\" target=\"_self\">Husten<\/a>\u00a0zur\u00fcck, in diesem Fall handelt es sich um den produktiven oder\u00a0<a class=\"actived\" href=\"http:\/\/www.fluimucil-erkaeltungshusten.ch\/de\/Faq\/Glossar#e\" target=\"_self\">Erk\u00e4ltungshusten<\/a>. Dieser Mechanismus erleichtert den\u00a0<a class=\"actived\" href=\"http:\/\/www.fluimucil-erkaeltungshusten.ch\/de\/Faq\/Glossar#a\" target=\"_self\">Auswurf<\/a>\u00a0des \u00fcbersch\u00fcssigen\u00a0<a class=\"actived\" href=\"http:\/\/www.fluimucil-erkaeltungshusten.ch\/de\/Faq\/Glossar#s\" target=\"_self\">Schleims<\/a>\u00a0und der Schadstoffe, wodurch die Atemwege wieder befreit werden. Sobald der gesamte \u00fcbersch\u00fcssige\u00a0<a class=\"actived\" href=\"http:\/\/www.fluimucil-erkaeltungshusten.ch\/de\/Faq\/Glossar#s\" target=\"_self\">Schleim<\/a>\u00a0abgehustet ist, klingt der\u00a0<a class=\"actived\" href=\"http:\/\/www.fluimucil-erkaeltungshusten.ch\/de\/Faq\/Glossar#e\" target=\"_self\">Erk\u00e4ltungshusten<\/a>\u00a0ab.[\/vc_column_text][\/vc_accordion_tab][vc_accordion_tab title=&#8220;Die Behandlung&#8220;][vc_column_text css=&#8220;.vc_custom_1513160482009{margin-bottom: 0px !important;}&#8220;]Um den, durch\u00a0<a class=\"actived\" href=\"http:\/\/www.fluimucil-erkaeltungshusten.ch\/de\/Faq\/Glossar#g\" target=\"_self\">Erk\u00e4ltungen<\/a>\u00a0oder\u00a0<a class=\"actived\" href=\"http:\/\/www.fluimucil-erkaeltungshusten.ch\/de\/Faq\/Glossar#g\" target=\"_self\">grippale Erkrankungen<\/a>\u00a0hervorgerufenen\u00a0<a class=\"actived\" href=\"http:\/\/www.fluimucil-erkaeltungshusten.ch\/de\/Faq\/Glossar#g\" target=\"_self\">Erk\u00e4ltungshusten<\/a>\u00a0zu behandeln, muss der\u00a0<a class=\"actived\" href=\"http:\/\/www.fluimucil-erkaeltungshusten.ch\/de\/Faq\/Glossar#a\" target=\"_self\">Auswurf<\/a>\u00a0erleichtert und das Abklingen der Symptome abgewartet werden. Bei einer Infektion der Atemwege ist der produzierte\u00a0<a class=\"actived\" href=\"http:\/\/www.fluimucil-erkaeltungshusten.ch\/de\/Faq\/Glossar#s\" target=\"_self\">Schleim<\/a>\u00a0besonders dickfl\u00fcssig. Aus diesem Grund ist es wichtig, dass er verfl\u00fcssigt wird.<\/p>\n<p>Und genau hierzu dienen\u00a0<a class=\"actived\" href=\"http:\/\/www.fluimucil-erkaeltungshusten.ch\/de\/Faq\/Glossar#s\" target=\"_self\">schleiml\u00f6sende<\/a>\u00a0Wirkstoffe, wie das\u00a0<a class=\"actived\" href=\"http:\/\/www.fluimucil-erkaeltungshusten.ch\/de\/Faq\/Glossar#a\" target=\"_self\">Acetylcystein<\/a>, die den\u00a0<a class=\"actived\" href=\"http:\/\/www.fluimucil-erkaeltungshusten.ch\/de\/Faq\/Glossar#k\" target=\"_self\">Katarrh<\/a>\u00a0verfl\u00fcssigen und so das Risiko einer Verstopfung der Atemwege vermeiden und deren Befreiung\u00a0 erleichtern.<\/p>\n<p>F\u00fcr weitere Informationen lesen Sie die Packungsbeilage und wenden Sie sich bitte an eine Fachperson.<\/p>\n<p>Zus\u00e4tzlich k\u00f6nnen einige traditionelle Mittel, wie z.B. Honig oder reichliches Trinken von Wasser bei der Bek\u00e4mpfung von Begleitsymptomen wie Halsbrennen hilfreich sein, eine typische Folge h\u00e4ufigen\u00a0<a class=\"actived\" href=\"http:\/\/www.fluimucil-erkaeltungshusten.ch\/de\/Faq\/Glossar#h\" target=\"_self\">Hustens<\/a>.[\/vc_column_text][\/vc_accordion_tab][\/vc_accordions][\/vc_column][vc_column width=&#8220;1\/12&#8243;][\/vc_column][vc_column width=&#8220;3\/12&#8243;][vc_wp_custommenu nav_menu=&#8220;10&#8243;][mk_icon_box icon=&#8220;mk-moon-shocked&#8220; title=&#8220;RISIKOFAKTOREN&#8220; text_size=&#8220;13&#8243; style=&#8220;boxed&#8220; icon_location=&#8220;top&#8220; icon_color=&#8220;#075985&#8243; icon_circle_color=&#8220;&#8220; title_color=&#8220;#075985&#8243; txt_color=&#8220;#00768e&#8220; el_class=&#8220;side-icon-box&#8220;]\n<ul>\n<li>Rauchen<\/li>\n<li>Temperaturschwankungen<\/li>\n<li>\u00dcberf\u00fcllte Lokale (Infektionen breiten sich hier rasch aus)<\/li>\n<\/ul>\n[\/mk_icon_box][mk_icon_box icon=&#8220;mk-icon-medkit&#8220; title=&#8220;N\u00dcTZLICHE TIPPS F\u00dcR DIE BEHANDLUNG&#8220; text_size=&#8220;13&#8243; style=&#8220;boxed&#8220; icon_location=&#8220;top&#8220; icon_color=&#8220;#075985&#8243; icon_circle_color=&#8220;&#8220; title_color=&#8220;#075985&#8243; txt_color=&#8220;#00768e&#8220; el_class=&#8220;side-icon-box&#8220;]<strong>Den Hustenreflex<\/strong>\u00a0nicht unterdr\u00fccken.<\/p>\n<p><strong>Den Schleim verfl\u00fcssigen\u00a0<\/strong>f\u00fcr einen schnelleren Auswurf.[\/mk_icon_box][\/vc_column][\/vc_row]\n<\/div>","protected":false},"excerpt":{"rendered":"<p>[mk_page_section vertical_align=&#8220;center&#8220; bg_image=&#8220;https:\/\/www.fluimucil-erkaeltungshusten.ch\/wp-content\/uploads\/2017\/11\/teaser_tossegrassa.jpg&#8220; bg_position=&#8220;center bottom&#8220; bg_repeat=&#8220;no-repeat&#8220; min_height=&#8220;575&#8243; padding_top=&#8220;120&#8243; padding_bottom=&#8220;0&#8243; sidebar=&#8220;sidebar-1&#8243;][vc_column][\/vc_column][\/mk_page_section][vc_row css=&#8220;.vc_custom_1511795486415{padding-top: 20px !important;padding-left: 10px !important;}&#8220;][vc_column width=&#8220;2\/3&#8243;][mk_fancy_title tag_name=&#8220;h1&#8243; color=&#8220;#005982&#8243; size=&#8220;22&#8243; font_weight=&#8220;bold&#8220; letter_spacing=&#8220;1&#8243; font_family=&#8220;none&#8220;]ERK\u00c4LTUNGSHUSTEN[\/mk_fancy_title][vc_column_text css=&#8220;.vc_custom_1513160377098{margin-bottom: 0px !important;}&#8220;]Obwohl der\u00a0Husten\u00a0als l\u00e4stiges Symptom empfunden wird, ist er eigentlich eine grosse Hilfe f\u00fcr den K\u00f6rper. In Wahrheit handelt es sich um einen echten Selbstverteidigungsmechanismus, mit welchem\u00a0 der K\u00f6rper versucht,\u00a0Reizstoffe oder Infektionserreger [&hellip;]<\/p>\n","protected":false},"author":2,"featured_media":0,"parent":1820,"menu_order":0,"comment_status":"closed","ping_status":"closed","template":"","meta":{"_monsterinsights_skip_tracking":false,"_monsterinsights_sitenote_active":false,"_monsterinsights_sitenote_note":"","_monsterinsights_sitenote_category":0,"footnotes":""},"categories":[],"tags":[],"yst_prominent_words":[118,195,198,113,197,209,205,200,193,201,194,192,206,202,204,203,199,116,120,196],"class_list":["post-1817","page","type-page","status-publish","hentry"],"_links":{"self":[{"href":"https:\/\/www.fluimucil-erkaeltungshusten.ch\/de\/wp-json\/wp\/v2\/pages\/1817","targetHints":{"allow":["GET"]}}],"collection":[{"href":"https:\/\/www.fluimucil-erkaeltungshusten.ch\/de\/wp-json\/wp\/v2\/pages"}],"about":[{"href":"https:\/\/www.fluimucil-erkaeltungshusten.ch\/de\/wp-json\/wp\/v2\/types\/page"}],"author":[{"embeddable":true,"href":"https:\/\/www.fluimucil-erkaeltungshusten.ch\/de\/wp-json\/wp\/v2\/users\/2"}],"replies":[{"embeddable":true,"href":"https:\/\/www.fluimucil-erkaeltungshusten.ch\/de\/wp-json\/wp\/v2\/comments?post=1817"}],"version-history":[{"count":0,"href":"https:\/\/www.fluimucil-erkaeltungshusten.ch\/de\/wp-json\/wp\/v2\/pages\/1817\/revisions"}],"up":[{"embeddable":true,"href":"https:\/\/www.fluimucil-erkaeltungshusten.ch\/de\/wp-json\/wp\/v2\/pages\/1820"}],"wp:attachment":[{"href":"https:\/\/www.fluimucil-erkaeltungshusten.ch\/de\/wp-json\/wp\/v2\/media?parent=1817"}],"wp:term":[{"taxonomy":"category","embeddable":true,"href":"https:\/\/www.fluimucil-erkaeltungshusten.ch\/de\/wp-json\/wp\/v2\/categories?post=1817"},{"taxonomy":"post_tag","embeddable":true,"href":"https:\/\/www.fluimucil-erkaeltungshusten.ch\/de\/wp-json\/wp\/v2\/tags?post=1817"},{"taxonomy":"yst_prominent_words","embeddable":true,"href":"https:\/\/www.fluimucil-erkaeltungshusten.ch\/de\/wp-json\/wp\/v2\/yst_prominent_words?post=1817"}],"curies":[{"name":"wp","href":"https:\/\/api.w.org\/{rel}","templated":true}]}}